{"id":93244,"date":"2021-11-25T17:00:14","date_gmt":"2021-11-25T23:00:14","guid":{"rendered":"https:\/\/www.wellogi.com\/cursos\/?post_type=product&#038;p=93244"},"modified":"2024-11-27T16:04:27","modified_gmt":"2024-11-27T22:04:27","slug":"compra-por-curso-pieds-wellogi","status":"publish","type":"product","link":"https:\/\/www.wellogi.com\/cursos\/product\/compra-por-curso-pieds-wellogi\/","title":{"rendered":"Compra por Curso PIEDs &#8211; Wellogi"},"content":{"rendered":"<h2 style=\"text-align: center;\"><span style=\"color: #0000ff;\">Compra por Curso PIEDs &#8211; Wellogi.<\/span><\/h2>\n<p style=\"text-align: center;\">Compra por Curso PIEDs &#8211; Wellogi. Elige y compra el acceso ilimitado de por vida de cualquiera de nuestros Cursos sobre PIED\u00b4s:<\/p>\n<p style=\"text-align: center;\">40. Bioqu\u00edmica y desarrollo de los Esteroides Anab\u00f3licos Androg\u00e9nicos.<\/p>\n<p style=\"text-align: center;\">41. Fisiolog\u00eda de los Esteroides Anab\u00f3licos Androg\u00e9nicos.<\/p>\n<p style=\"text-align: center;\">42. Endocrinolog\u00eda de los Esteroides Anab\u00f3licos Androg\u00e9nicos.<\/p>\n<p style=\"text-align: center;\">43. Usos cl\u00ednicos de los Esteroides Anab\u00f3licos Androg\u00e9nicos.<\/p>\n<p style=\"text-align: center;\">44. Efectos Secundarios Adversos de los Esteroides Anab\u00f3licos Androg\u00e9nicos.<\/p>\n<p style=\"text-align: center;\">45. Ex\u00e1menes de Laboratorio y Gu\u00eda para la Reducci\u00f3n del Da\u00f1o.<\/p>\n<p style=\"text-align: center;\">46. \u00c9tica, Legalidad y Normatividad de los Esteroides Anab\u00f3licos Androg\u00e9nicos.<\/p>\n<p style=\"text-align: center;\">47. Mercado Clandestino de los Esteroides Anab\u00f3licos Androg\u00e9nicos.<\/p>\n<p style=\"text-align: center;\">48. Ciclos de los Esteroides Anab\u00f3licos Androg\u00e9nicos.<\/p>\n<p style=\"text-align: center;\">49. Terapia Post Ciclo y Protocolo de Inyecci\u00f3n.<\/p>\n<p style=\"text-align: center;\">50. Perfiles pr\u00e1cticos de los Esteroides Anab\u00f3licos Androg\u00e9nicos.<\/p>\n<p style=\"text-align: center;\">51. Perfiles pr\u00e1cticos de los complementos a las Ayudas Ergog\u00e9nicas Farmacol\u00f3gicas (PIED\u00b4s).<\/p>\n<p style=\"text-align: center;\">52. Perfiles pr\u00e1cticos de los acompa\u00f1amientos a las Ayudas Ergog\u00e9nicas Farmacol\u00f3gicas (PIED\u00b4s). Incluye Ejemplo de Protocolo de PIEDs para Hombres Competidores. + Ejemplo de Protocolo de PIEDs para Hombres Recreativos. + Ejemplo de Protocolo de PIEDs para Mujeres Competidoras y Recreativas.<\/p>\n<p>&nbsp;<\/p>\n<p><strong>Caracter\u00edsticas:<\/strong><\/p>\n<ul>\n<li>Pago \u00fanico.<\/li>\n<li>Acceso ilimitado de por vida al Curso comprado.<\/li>\n<li>Diapositivas e Ebook para descarga de la Informaci\u00f3n del Curso.<\/li>\n<li>Todos los <strong>Cursos<\/strong>\u00a0est\u00e1n\u00a0<a href=\"https:\/\/www.wellogi.com\/cursos\/avales-y-alianzas\/\"><strong>Avalados Acad\u00e9micamente<\/strong> <strong>y Andragogicamente<\/strong><\/a> por:\n<ul>\n<li><a href=\"https:\/\/ingenieriaeducativa.mx\/\">Instituto de Estudios Superiores de Ingenier\u00eda Educativa<\/a>, avalado por la\u00a0<em>Secretaria de Educaci\u00f3n P\u00fablica<\/em>\u00a0(<a href=\"https:\/\/www.gob.mx\/sep\"><span style=\"color: #0000ff;\"><strong>SEP<\/strong><\/span><\/a>).<\/li>\n<li>Federaci\u00f3n Mexicana de Nutrici\u00f3n Deportiva A.C. (<a href=\"https:\/\/www.fmnd.org.mx\/\"><span style=\"color: #0000ff;\"><strong>FMND<\/strong><\/span><\/a>).<\/li>\n<li>Colegio Nacional de Nutrici\u00f3n y Ciencias Aplicadas al Deporte A.C.\u00a0(<a href=\"https:\/\/www.facebook.com\/groups\/2225413084239691\/user\/100066450856359\/\"><span style=\"color: #0000ff;\"><strong>CNNCAD<\/strong><\/span><\/a>).<\/li>\n<li>Federaci\u00f3n Mexicana de Medicina Deportiva A.C.\u00a0(<a href=\"https:\/\/femmede.com.mx\/\"><span style=\"color: #0000ff;\"><strong>FEMMEDE<\/strong><\/span><\/a>).<\/li>\n<li>Colegio de Nutri\u00f3logos de Jalisco A.C.\u00a0(<a href=\"http:\/\/nutriologosdejalisco.org.mx\/\"><span style=\"color: #0000ff;\"><strong>CNJ<\/strong><\/span><\/a>).<\/li>\n<li>Confederaci\u00f3n Deportiva Mexicana A.C.\u00a0(<a href=\"https:\/\/www.codeme.com.mx\/\"><span style=\"color: #0000ff;\"><strong>CODEME<\/strong><\/span><\/a>).<\/li>\n<li>Sociedad Internacional de Nutri\u00f3logos en M\u00e9xico A.C.\u00a0(<a href=\"https:\/\/socinum.org\/\"><span style=\"color: #0000ff;\"><strong>SOCINUM<\/strong><\/span><\/a>),\u00a0acreditada ante la\u00a0<em>Secretaria de Trabajo y Previsi\u00f3n Social<\/em>\u00a0(<a href=\"https:\/\/www.gob.mx\/stps\"><span style=\"color: #0000ff;\"><strong>STPS<\/strong><\/span><\/a>).<\/li>\n<li>Dinamical Business and Science Society S.A.S.\u00a0(<a href=\"https:\/\/dbss.pro\/\"><span style=\"color: #0000ff;\"><strong>DBSS International<\/strong><\/span><\/a>).<\/li>\n<li>Secretaria de Educaci\u00f3n Publica (<a href=\"https:\/\/www.gob.mx\/sep\"><span style=\"color: #0000ff;\"><strong>SEP<\/strong><\/span><\/a>) y Consejo Nacional de Normalizaci\u00f3n y Certificaci\u00f3n de Competencias Laborales (<a href=\"https:\/\/conocer.gob.mx\/\"><span style=\"color: #0000ff;\"><strong>CONOCER<\/strong><\/span><\/a>) en el EC0366, EC0336 y EC0050.<\/li>\n<\/ul>\n<\/li>\n<\/ul>\n<ul>\n<li>Al finalizar cualquier curso se te otorgar\u00e1 una Constancia de Finalizaci\u00f3n.<\/li>\n<\/ul>\n<p align=\"center\"><strong>\u2013\u00a0 Tarjeta de Cr\u00e9dito y D\u00e9bito (Visa, Master Card y American Express).<\/strong><\/p>\n<p align=\"center\"><strong>-Efectivo (OXXO Pay, 7 Eleven, Circle K, Extra, Soriana, Calimax, BBVA, Citibanamex y Santander).<\/strong><\/p>\n<p align=\"center\"><strong>\u2013 Fondos en PayPal y Mercado Pago.<\/strong><\/p>\n<p align=\"center\"><strong>\u2013 3, 6, 9 y 12 Meses Sin Intereses (con bancos mexicanos) y Pago hasta 12 cuotas sin tarjeta con cr\u00e9dito\u00a0en Mercado Pago.<\/strong><\/p>\n<p align=\"center\"><strong>\u2013 Transferencia\u00a0interbancaria (SPEI).<\/strong><\/p>\n<p>&nbsp;<\/p>\n<p style=\"text-align: center;\">*La compra del curso te da acceso al mismo en la Plataforma, no se pueden descargar los cursos.<\/p>\n<p style=\"text-align: center;\">*NO incluye: <strong>Certtificaciones<\/strong>, <strong>Mentor\u00edas Privadas<\/strong>,\u00a0<strong>Carta de Recomendaci\u00f3n<\/strong>,\u00a0<strong>FIMS 2022<\/strong>, ni la Acreditaci\u00f3n al\u00a0<strong>Diplomado en Nutrici\u00f3n, Entrenamiento y Ciencias Aplicadas a la Recomposici\u00f3n Corporal<\/strong>. Mismos que si vienen Incluidos en la<a href=\"https:\/\/www.wellogi.com\/cursos\/product-category\/cursos\/?orderby=date\">\u00a0Suscripci\u00f3n a Wellogi Academy<\/a>.<\/p>\n<p style=\"text-align: center;\">*NO incluye los\u00a0<a href=\"https:\/\/www.wellogi.com\/cursos\/product\/inscripcion-dbss\/\">Cursos de DBSS<\/a>, que se venden por separado.<\/p>\n<p style=\"text-align: center;\"><span style=\"color: #000000;\">\u00a1Mas de 2,000 profesionales conf\u00edan y se actualizan en la \u00fanica acad\u00e9mica especializada en ciencias del ejercicio!<\/span><\/p>\n<p style=\"text-align: center;\">\u00a1M\u00e1s de 5,000 Constancias de Finalizaci\u00f3n con nuestros 8 Avales Acad\u00e9micos entregadas a los alumnos!<\/p>\n<p style=\"text-align: center;\">\u00a1M\u00e1s de 200 Certificados con nuestros 8 Avales Acad\u00e9micos entregados a los alumnos!<\/p>\n<p style=\"text-align: center;\">\u00a1M\u00e1s de 100 colegas forman parte de nuestro Directorio oficial como profesionales debidamente Certificados, Avalados y Capacitados!<\/p>\n<p style=\"text-align: center;\"><span style=\"color: #000000;\">\u00a1M\u00e1s de 45,000 profesionales aprenden en las RRSS de la comunidad!<\/span><\/p>\n<p style=\"text-align: center;\"><a href=\"https:\/\/www.facebook.com\/WellogiApp\">Facebook<\/a><\/p>\n<p style=\"text-align: center;\"><a href=\"https:\/\/www.instagram.com\/Wellogi_app\/\">Instagram<\/a><\/p>\n<p style=\"text-align: center;\"><a href=\"https:\/\/www.youtube.com\/channel\/UC4JiqN4IHp_SKLOVwZb4Isw\">Youtube<\/a><\/p>\n<p style=\"text-align: center;\"><a href=\"https:\/\/www.tiktok.com\/@wellogi?lang=es\">Tiktok<\/a><\/p>\n<p style=\"text-align: center;\">Premiamos tu Disciplina en tu estudio con nuestros <span style=\"color: #0000ff;\"><strong>Points <\/strong><span style=\"color: #000000;\">que ganas por cada Lecci\u00f3n que estudies, por estudiar todos los d\u00edas y por preguntar tus dudas. Estos los podr\u00e1s canjear por dinero en tus pr\u00f3ximas compras en <strong>Wellogi Academy<\/strong>. Tambien puedes ganar <strong>Wellogi-Points<\/strong> entre mas gastes en <strong>Wellogi Academy<\/strong>, lo cual te servir\u00e1 para canjearlos tambien por descuentos en tus pr\u00f3ximas compras.<\/span><\/span><\/p>\n<p style=\"text-align: center;\"><strong>GARANTIA DE CALIDAD ACADEMICA Y ANDRAGOGICA:<\/strong><\/p>\n<p style=\"text-align: center;\"><strong>Informaci\u00f3n acad\u00e9mica tanto b\u00e1sica para poblaci\u00f3n general como tambi\u00e9n especializada superior al grado de licenciatura, cualquier persona puede aprender, desde externos a la profesi\u00f3n hasta profesionistas especializados. Lo puedes corroborar por ti mismo(a) en la 1er Lecci\u00f3n GRATIS que tenemos en la mayor\u00eda de nuestros Cursos.\u00a0\u00a0<\/strong><\/p>\n<p style=\"text-align: center;\"><strong>GARANTIA DE CONFIANZA Y SEGURIDAD:<\/strong><\/p>\n<p style=\"text-align: center;\">Tenemos nuestro\u00a0<a href=\"https:\/\/www.wellogi.com\/cursos\/codigo-de-etica\/\"><strong>C\u00f3digo de \u00c9tica<\/strong><\/a>\u00a0y el\u00a0<a href=\"https:\/\/www.wellogi.com\/cursos\/contrato-de-adhesion-profeco\/\"><strong>Contrato de Adhesi\u00f3n<\/strong><\/a>\u00a0registrado ante la\u00a0<a href=\"https:\/\/distintivodigital.profeco.gob.mx\/index.php\"><strong>Procuradur\u00eda Federal del Consumidor (PROFECO)<\/strong><\/a>\u00a0para asegurarte condiciones\u00a0<strong>Justas<\/strong>\u00a0y\u00a0<strong>Claras<\/strong>\u00a0en nuestras relaciones comerciales de nuestros servicios digitales acad\u00e9micos y productos digitales y\/o f\u00edsicos.<\/p>\n<p style=\"text-align: center;\">Tambien tenemos\u00a0<a href=\"https:\/\/www.wellogi.com\/cursos\/refund_returns\/\"><strong>Terminos y Condiciones<\/strong><\/a>\u00a0y nuestra\u00a0<a href=\"https:\/\/www.wellogi.com\/cursos\/politica-de-privacidad\/\"><strong>Politica de Privacidad<\/strong><\/a>\u00a0registrados ante la misma agencia de protecci\u00f3n al cliente y consumidor, que aseguran la\u00a0<strong>Legitimidad<\/strong>\u00a0y\u00a0<strong>Seguridad\u00a0<\/strong>del proyecto y empresa.<\/p>\n<p style=\"text-align: center;\">Esto nos ha otorgado el \u201c<a href=\"https:\/\/www.wellogi.com\/cursos\/distintivo-digital-profeco\/\"><strong>Distintivo Digital<\/strong><\/a>\u201d que se le otorga solamente a las empresas que se han ganado la\u00a0<strong>Confianza<\/strong>\u00a0de los consumidores y el\u00a0<strong>Respeto<\/strong>\u00a0de la\u00a0<strong><a href=\"https:\/\/www.gob.mx\/profeco\/articulos\/proceso-y-requisitos-de-quejas-y-denuncias\">PROFECO.\u00a0<\/a><\/strong><\/p>\n<p>Si se desea, se puede emitir <b>Factura<\/b> de las compras, solo enviar la <strong>Constancia de Situaci\u00f3n Fiscal<\/strong> y el <strong>Comprobante de Pago<\/strong> al email; <strong>contacto@wellogi.com<\/strong><\/p>\n","protected":false},"excerpt":{"rendered":"<p>Compra por Curso PIEDs &#8211; Wellogi. Elige y compra el acceso ilimitado de por vida de cualquiera de nuestros 13 Cursos sobre PIED\u00b4s.<\/p>\n<p>Caracter\u00edsticas:<\/p>\n<ul>\n<li>Pago \u00fanico.<\/li>\n<li>Acceso ilimitado de por vida al Curso comprado.<\/li>\n<li>Diapositivas para descarga de la Infomaci\u00f3n del Curso.<\/li>\n<li>Todos los Cursos est\u00e1n Avalados Acad\u00e9micamente.<\/li>\n<\/ul>\n<ul>\n<li>Al finalizar cualquier curso se te orotgar\u00e1 una Constancia de Finalizaci\u00f3n.<\/li>\n<\/ul>\n","protected":false},"featured_media":93449,"comment_status":"open","ping_status":"closed","template":"","meta":[],"product_brand":[],"product_cat":[52,1704],"product_tag":[],"class_list":{"0":"post-93244","1":"product","2":"type-product","3":"status-publish","4":"has-post-thumbnail","6":"product_cat-cursos","7":"product_cat-cursos-pago-unico","8":"post","10":"first","11":"instock","12":"sale","13":"shipping-taxable","14":"purchasable","15":"product-type-variable"},"yoast_head":"<!-- This site is optimized with the Yoast SEO plugin v27.4 - https:\/\/yoast.com\/product\/yoast-seo-wordpress\/ -->\n<title>Compra por Curso PIEDs - Wellogi - Wellogi Academy<\/title>\n<meta name=\"description\" content=\"Compra por Curso PIEDs - Wellogi. Elige y compra entre los 13 Cursos PIEDs de Wellogi Academy. Accede de manera ilimitada y obt\u00e9n una Constancia.\" \/>\n<meta name=\"robots\" content=\"index, follow, max-snippet:-1, max-image-preview:large, max-video-preview:-1\" \/>\n<link rel=\"canonical\" href=\"https:\/\/www.wellogi.com\/cursos\/product\/compra-por-curso-pieds-wellogi\/\" \/>\n<meta property=\"og:locale\" content=\"es_MX\" \/>\n<meta property=\"og:type\" content=\"article\" \/>\n<meta property=\"og:title\" content=\"Compra por Curso PIEDs - Wellogi - Wellogi Academy\" \/>\n<meta property=\"og:description\" content=\"Compra por Curso PIEDs - Wellogi. Elige y compra entre los 13 Cursos PIEDs de Wellogi Academy. Accede de manera ilimitada y obt\u00e9n una Constancia.\" \/>\n<meta property=\"og:url\" content=\"https:\/\/www.wellogi.com\/cursos\/product\/compra-por-curso-pieds-wellogi\/\" \/>\n<meta property=\"og:site_name\" content=\"Wellogi Academy\" \/>\n<meta property=\"article:publisher\" content=\"https:\/\/www.facebook.com\/WellogiApp\" \/>\n<meta property=\"article:modified_time\" content=\"2024-11-27T22:04:27+00:00\" \/>\n<meta property=\"og:image\" content=\"https:\/\/www.wellogi.com\/cursos\/wp-content\/uploads\/2023\/04\/Compra-por-curso7.jpg\" \/>\n\t<meta property=\"og:image:width\" content=\"1080\" \/>\n\t<meta property=\"og:image:height\" content=\"1080\" \/>\n\t<meta property=\"og:image:type\" content=\"image\/jpeg\" \/>\n<meta name=\"twitter:card\" content=\"summary_large_image\" \/>\n<meta name=\"twitter:site\" content=\"@Wellogi_App\" \/>\n<script type=\"application\/ld+json\" class=\"yoast-schema-graph\">{\"@context\":\"https:\\\/\\\/schema.org\",\"@graph\":[{\"@type\":[\"WebPage\",\"ItemPage\"],\"@id\":\"https:\\\/\\\/www.wellogi.com\\\/cursos\\\/product\\\/compra-por-curso-pieds-wellogi\\\/\",\"url\":\"https:\\\/\\\/www.wellogi.com\\\/cursos\\\/product\\\/compra-por-curso-pieds-wellogi\\\/\",\"name\":\"Compra por Curso PIEDs - Wellogi - Wellogi Academy\",\"isPartOf\":{\"@id\":\"https:\\\/\\\/www.wellogi.com\\\/cursos\\\/#website\"},\"primaryImageOfPage\":{\"@id\":\"https:\\\/\\\/www.wellogi.com\\\/cursos\\\/product\\\/compra-por-curso-pieds-wellogi\\\/#primaryimage\"},\"image\":{\"@id\":\"https:\\\/\\\/www.wellogi.com\\\/cursos\\\/product\\\/compra-por-curso-pieds-wellogi\\\/#primaryimage\"},\"thumbnailUrl\":\"https:\\\/\\\/www.wellogi.com\\\/cursos\\\/wp-content\\\/uploads\\\/2023\\\/04\\\/Compra-por-curso7.jpg\",\"datePublished\":\"2021-11-25T23:00:14+00:00\",\"dateModified\":\"2024-11-27T22:04:27+00:00\",\"description\":\"Compra por Curso PIEDs - Wellogi. Elige y compra entre los 13 Cursos PIEDs de Wellogi Academy. Accede de manera ilimitada y obt\u00e9n una Constancia.\",\"breadcrumb\":{\"@id\":\"https:\\\/\\\/www.wellogi.com\\\/cursos\\\/product\\\/compra-por-curso-pieds-wellogi\\\/#breadcrumb\"},\"inLanguage\":\"es\",\"potentialAction\":[{\"@type\":\"ReadAction\",\"target\":[\"https:\\\/\\\/www.wellogi.com\\\/cursos\\\/product\\\/compra-por-curso-pieds-wellogi\\\/\"]}]},{\"@type\":\"ImageObject\",\"inLanguage\":\"es\",\"@id\":\"https:\\\/\\\/www.wellogi.com\\\/cursos\\\/product\\\/compra-por-curso-pieds-wellogi\\\/#primaryimage\",\"url\":\"https:\\\/\\\/www.wellogi.com\\\/cursos\\\/wp-content\\\/uploads\\\/2023\\\/04\\\/Compra-por-curso7.jpg\",\"contentUrl\":\"https:\\\/\\\/www.wellogi.com\\\/cursos\\\/wp-content\\\/uploads\\\/2023\\\/04\\\/Compra-por-curso7.jpg\",\"width\":1080,\"height\":1080,\"caption\":\"Compra por Curso PIEDs - Wellogi\"},{\"@type\":\"BreadcrumbList\",\"@id\":\"https:\\\/\\\/www.wellogi.com\\\/cursos\\\/product\\\/compra-por-curso-pieds-wellogi\\\/#breadcrumb\",\"itemListElement\":[{\"@type\":\"ListItem\",\"position\":1,\"name\":\"Inicio\",\"item\":\"https:\\\/\\\/www.wellogi.com\\\/cursos\\\/\"},{\"@type\":\"ListItem\",\"position\":2,\"name\":\"Productos\",\"item\":\"https:\\\/\\\/www.wellogi.com\\\/cursos\\\/productos__trashed\\\/\"},{\"@type\":\"ListItem\",\"position\":3,\"name\":\"Compra por Curso PIEDs &#8211; Wellogi\"}]},{\"@type\":\"WebSite\",\"@id\":\"https:\\\/\\\/www.wellogi.com\\\/cursos\\\/#website\",\"url\":\"https:\\\/\\\/www.wellogi.com\\\/cursos\\\/\",\"name\":\"Wellogi Academy\",\"description\":\"Plataforma de capacitaci\u00f3n acad\u00e9mica continua as\u00edncrona.\",\"publisher\":{\"@id\":\"https:\\\/\\\/www.wellogi.com\\\/cursos\\\/#organization\"},\"potentialAction\":[{\"@type\":\"SearchAction\",\"target\":{\"@type\":\"EntryPoint\",\"urlTemplate\":\"https:\\\/\\\/www.wellogi.com\\\/cursos\\\/?s={search_term_string}\"},\"query-input\":{\"@type\":\"PropertyValueSpecification\",\"valueRequired\":true,\"valueName\":\"search_term_string\"}}],\"inLanguage\":\"es\"},{\"@type\":\"Organization\",\"@id\":\"https:\\\/\\\/www.wellogi.com\\\/cursos\\\/#organization\",\"name\":\"Wellogi Academy\",\"url\":\"https:\\\/\\\/www.wellogi.com\\\/cursos\\\/\",\"logo\":{\"@type\":\"ImageObject\",\"inLanguage\":\"es\",\"@id\":\"https:\\\/\\\/www.wellogi.com\\\/cursos\\\/#\\\/schema\\\/logo\\\/image\\\/\",\"url\":\"https:\\\/\\\/www.wellogi.com\\\/cursos\\\/wp-content\\\/uploads\\\/2021\\\/11\\\/Logo-y-Slogan-transparente-final-.png\",\"contentUrl\":\"https:\\\/\\\/www.wellogi.com\\\/cursos\\\/wp-content\\\/uploads\\\/2021\\\/11\\\/Logo-y-Slogan-transparente-final-.png\",\"width\":5042,\"height\":4883,\"caption\":\"Wellogi Academy\"},\"image\":{\"@id\":\"https:\\\/\\\/www.wellogi.com\\\/cursos\\\/#\\\/schema\\\/logo\\\/image\\\/\"},\"sameAs\":[\"https:\\\/\\\/www.facebook.com\\\/WellogiApp\",\"https:\\\/\\\/x.com\\\/Wellogi_App\",\"https:\\\/\\\/www.instagram.com\\\/wellogi_app\\\/\",\"https:\\\/\\\/www.linkedin.com\\\/in\\\/luis-gomez-wellogi\\\/\",\"https:\\\/\\\/www.youtube.com\\\/c\\\/Wellogi\\\/videos\"]}]}<\/script>\n<!-- \/ Yoast SEO plugin. -->","yoast_head_json":{"title":"Compra por Curso PIEDs - Wellogi - Wellogi Academy","description":"Compra por Curso PIEDs - Wellogi. Elige y compra entre los 13 Cursos PIEDs de Wellogi Academy. Accede de manera ilimitada y obt\u00e9n una Constancia.","robots":{"index":"index","follow":"follow","max-snippet":"max-snippet:-1","max-image-preview":"max-image-preview:large","max-video-preview":"max-video-preview:-1"},"canonical":"https:\/\/www.wellogi.com\/cursos\/product\/compra-por-curso-pieds-wellogi\/","og_locale":"es_MX","og_type":"article","og_title":"Compra por Curso PIEDs - Wellogi - Wellogi Academy","og_description":"Compra por Curso PIEDs - Wellogi. Elige y compra entre los 13 Cursos PIEDs de Wellogi Academy. Accede de manera ilimitada y obt\u00e9n una Constancia.","og_url":"https:\/\/www.wellogi.com\/cursos\/product\/compra-por-curso-pieds-wellogi\/","og_site_name":"Wellogi Academy","article_publisher":"https:\/\/www.facebook.com\/WellogiApp","article_modified_time":"2024-11-27T22:04:27+00:00","og_image":[{"width":1080,"height":1080,"url":"https:\/\/www.wellogi.com\/cursos\/wp-content\/uploads\/2023\/04\/Compra-por-curso7.jpg","type":"image\/jpeg"}],"twitter_card":"summary_large_image","twitter_site":"@Wellogi_App","schema":{"@context":"https:\/\/schema.org","@graph":[{"@type":["WebPage","ItemPage"],"@id":"https:\/\/www.wellogi.com\/cursos\/product\/compra-por-curso-pieds-wellogi\/","url":"https:\/\/www.wellogi.com\/cursos\/product\/compra-por-curso-pieds-wellogi\/","name":"Compra por Curso PIEDs - Wellogi - Wellogi Academy","isPartOf":{"@id":"https:\/\/www.wellogi.com\/cursos\/#website"},"primaryImageOfPage":{"@id":"https:\/\/www.wellogi.com\/cursos\/product\/compra-por-curso-pieds-wellogi\/#primaryimage"},"image":{"@id":"https:\/\/www.wellogi.com\/cursos\/product\/compra-por-curso-pieds-wellogi\/#primaryimage"},"thumbnailUrl":"https:\/\/www.wellogi.com\/cursos\/wp-content\/uploads\/2023\/04\/Compra-por-curso7.jpg","datePublished":"2021-11-25T23:00:14+00:00","dateModified":"2024-11-27T22:04:27+00:00","description":"Compra por Curso PIEDs - Wellogi. Elige y compra entre los 13 Cursos PIEDs de Wellogi Academy. Accede de manera ilimitada y obt\u00e9n una Constancia.","breadcrumb":{"@id":"https:\/\/www.wellogi.com\/cursos\/product\/compra-por-curso-pieds-wellogi\/#breadcrumb"},"inLanguage":"es","potentialAction":[{"@type":"ReadAction","target":["https:\/\/www.wellogi.com\/cursos\/product\/compra-por-curso-pieds-wellogi\/"]}]},{"@type":"ImageObject","inLanguage":"es","@id":"https:\/\/www.wellogi.com\/cursos\/product\/compra-por-curso-pieds-wellogi\/#primaryimage","url":"https:\/\/www.wellogi.com\/cursos\/wp-content\/uploads\/2023\/04\/Compra-por-curso7.jpg","contentUrl":"https:\/\/www.wellogi.com\/cursos\/wp-content\/uploads\/2023\/04\/Compra-por-curso7.jpg","width":1080,"height":1080,"caption":"Compra por Curso PIEDs - Wellogi"},{"@type":"BreadcrumbList","@id":"https:\/\/www.wellogi.com\/cursos\/product\/compra-por-curso-pieds-wellogi\/#breadcrumb","itemListElement":[{"@type":"ListItem","position":1,"name":"Inicio","item":"https:\/\/www.wellogi.com\/cursos\/"},{"@type":"ListItem","position":2,"name":"Productos","item":"https:\/\/www.wellogi.com\/cursos\/productos__trashed\/"},{"@type":"ListItem","position":3,"name":"Compra por Curso PIEDs &#8211; Wellogi"}]},{"@type":"WebSite","@id":"https:\/\/www.wellogi.com\/cursos\/#website","url":"https:\/\/www.wellogi.com\/cursos\/","name":"Wellogi Academy","description":"Plataforma de capacitaci\u00f3n acad\u00e9mica continua as\u00edncrona.","publisher":{"@id":"https:\/\/www.wellogi.com\/cursos\/#organization"},"potentialAction":[{"@type":"SearchAction","target":{"@type":"EntryPoint","urlTemplate":"https:\/\/www.wellogi.com\/cursos\/?s={search_term_string}"},"query-input":{"@type":"PropertyValueSpecification","valueRequired":true,"valueName":"search_term_string"}}],"inLanguage":"es"},{"@type":"Organization","@id":"https:\/\/www.wellogi.com\/cursos\/#organization","name":"Wellogi Academy","url":"https:\/\/www.wellogi.com\/cursos\/","logo":{"@type":"ImageObject","inLanguage":"es","@id":"https:\/\/www.wellogi.com\/cursos\/#\/schema\/logo\/image\/","url":"https:\/\/www.wellogi.com\/cursos\/wp-content\/uploads\/2021\/11\/Logo-y-Slogan-transparente-final-.png","contentUrl":"https:\/\/www.wellogi.com\/cursos\/wp-content\/uploads\/2021\/11\/Logo-y-Slogan-transparente-final-.png","width":5042,"height":4883,"caption":"Wellogi Academy"},"image":{"@id":"https:\/\/www.wellogi.com\/cursos\/#\/schema\/logo\/image\/"},"sameAs":["https:\/\/www.facebook.com\/WellogiApp","https:\/\/x.com\/Wellogi_App","https:\/\/www.instagram.com\/wellogi_app\/","https:\/\/www.linkedin.com\/in\/luis-gomez-wellogi\/","https:\/\/www.youtube.com\/c\/Wellogi\/videos"]}]}},"_links":{"self":[{"href":"https:\/\/www.wellogi.com\/cursos\/wp-json\/wp\/v2\/product\/93244","targetHints":{"allow":["GET"]}}],"collection":[{"href":"https:\/\/www.wellogi.com\/cursos\/wp-json\/wp\/v2\/product"}],"about":[{"href":"https:\/\/www.wellogi.com\/cursos\/wp-json\/wp\/v2\/types\/product"}],"replies":[{"embeddable":true,"href":"https:\/\/www.wellogi.com\/cursos\/wp-json\/wp\/v2\/comments?post=93244"}],"wp:featuredmedia":[{"embeddable":true,"href":"https:\/\/www.wellogi.com\/cursos\/wp-json\/wp\/v2\/media\/93449"}],"wp:attachment":[{"href":"https:\/\/www.wellogi.com\/cursos\/wp-json\/wp\/v2\/media?parent=93244"}],"wp:term":[{"taxonomy":"product_brand","embeddable":true,"href":"https:\/\/www.wellogi.com\/cursos\/wp-json\/wp\/v2\/product_brand?post=93244"},{"taxonomy":"product_cat","embeddable":true,"href":"https:\/\/www.wellogi.com\/cursos\/wp-json\/wp\/v2\/product_cat?post=93244"},{"taxonomy":"product_tag","embeddable":true,"href":"https:\/\/www.wellogi.com\/cursos\/wp-json\/wp\/v2\/product_tag?post=93244"}],"curies":[{"name":"wp","href":"https:\/\/api.w.org\/{rel}","templated":true}]}}