{"id":93007,"date":"2021-11-26T16:44:27","date_gmt":"2021-11-26T22:44:27","guid":{"rendered":"https:\/\/www.wellogi.com\/cursos\/?post_type=product&#038;p=93007"},"modified":"2026-04-29T09:28:32","modified_gmt":"2026-04-29T15:28:32","slug":"acceso-certificacion-individual-wellogi","status":"publish","type":"product","link":"https:\/\/www.wellogi.com\/cursos\/product\/acceso-certificacion-individual-wellogi\/","title":{"rendered":"Acceso Certificaci\u00f3n Individual &#8211; Wellogi"},"content":{"rendered":"<h2 style=\"text-align: center;\"><span style=\"color: #000080;\"><strong>Acceso Certificaci\u00f3n Individual &#8211; Wellogi Academy.<\/strong><\/span><\/h2>\n<p>&nbsp;<\/p>\n<p style=\"text-align: center;\">Acceso Certificaci\u00f3n Individual &#8211; Wellogi. Elige y compra el acceso ilimitado de por vida de cualquiera de nuestras Certificaciones:<\/p>\n<ul>\n<li style=\"text-align: center;\"><a href=\"https:\/\/www.wellogi.com\/cursos\/curso\/certificacion-en-evaluacion-del-estado-de-salud-y-composicion-corporal\/\">Certificaci\u00f3n en Evaluaci\u00f3n del Estado de Salud y Composici\u00f3n Corporal. (12 Horas y 27 Min.)<\/a><\/li>\n<li style=\"text-align: center;\"><a href=\"https:\/\/www.wellogi.com\/cursos\/curso\/certificacion-en-nutricion-aplicada-a-la-recomposicion-corporal\/\">Certificaci\u00f3n en Nutrici\u00f3n aplicada a la Recomposici\u00f3n Corporal. (13 Horas y 15 Min.)<\/a><\/li>\n<li style=\"text-align: center;\"><a href=\"https:\/\/www.wellogi.com\/cursos\/curso\/certificacion-en-dietetica-aplicada-a-la-recomposicion-corporal\/\">Certificaci\u00f3n en Diet\u00e9tica aplicada a la Recomposici\u00f3n Corporal. (19 Horas y 52 Min.)<\/a><\/li>\n<li style=\"text-align: center;\"><a href=\"https:\/\/www.wellogi.com\/cursos\/curso\/certificacion-en-suplementacion-aplicada-a-la-recomposicion-corporal\/\">Certificaci\u00f3n en Suplementaci\u00f3n aplicada a la Recomposici\u00f3n Corporal. (11 Horas y 23 Min.)<\/a><\/li>\n<li style=\"text-align: center;\"><a href=\"https:\/\/www.wellogi.com\/cursos\/curso\/certificacion-en-entrenamiento-aplicado-a-la-recomposicion-corporal\/\">Certificaci\u00f3n en Entrenamiento aplicado a la Recomposici\u00f3n Corporal. (27 horas y 24 Min.)<\/a><\/li>\n<li style=\"text-align: center;\"><a href=\"https:\/\/www.wellogi.com\/cursos\/curso\/certificacion-en-ciencias-aplicadas-al-fitness\/\">Certificaci\u00f3n en Ciencias aplicadas al Fitness. (8 Horas y 48 Min.)<\/a><\/li>\n<li style=\"text-align: center;\"><a href=\"https:\/\/www.wellogi.com\/cursos\/curso\/certificacion-en-ciencias-de-las-pieds\/\">Certificaci\u00f3n en Ciencias de las PIED\u00b4s. (27 horas y 24 min)<\/a><\/li>\n<\/ul>\n<p>&nbsp;<\/p>\n<p style=\"text-align: center;\"><strong>Caracter\u00edsticas:<\/strong><\/p>\n<ul style=\"text-align: center;\">\n<li>Pago \u00fanico.<\/li>\n<li>Acceso ilimitado de por vida a los Cursos correspondientes de la Certificaci\u00f3n comprada.<\/li>\n<li>Entrar\u00e1s a la Base de Datos de Profesionales de Wellogi Certificados que servir\u00e1 para posibles Trabajos y Reclutamientos con nuestros Avales y Alianzas; As\u00ed como Novedades y Beneficios.<\/li>\n<li>De Manera Opcional puedes Elegir aparecer en el\u00a0<strong><a href=\"https:\/\/www.wellogi.com\/cursos\/directorios-oficiales\/\">Directorio de Alumnos Certificados<\/a>\u00a0<\/strong>de <span style=\"color: #000080;\">Wellogi Academy<\/span>, Donde tus Pacientes y Asesorados podr\u00e1n ver tus Certificaciones. As\u00ed como se podr\u00e1n Comunicar\u00a0<strong>nuevos Pacientes Interesados<\/strong>.<\/li>\n<li>Tanto la <strong>Certificaci\u00f3n<\/strong>, como los <strong>Cursos<\/strong> est\u00e1n <strong>Avalados Acad\u00e9micamente y Andragogicamente\u00a0<\/strong> por \u21d3:\n<ul>\n<li><a href=\"https:\/\/ingenieriaeducativa.mx\/\">Instituto de Estudios Superiores de Ingenier\u00eda Educativa<\/a>, <span style=\"color: #000000;\">avalado por la <em>Secretaria de Educaci\u00f3n P\u00fablica<\/em><\/span> (<span style=\"color: #0000ff;\"><a style=\"color: #0000ff;\" href=\"https:\/\/www.gob.mx\/sep\"><strong>SEP<\/strong><\/a><\/span>).<\/li>\n<li><span style=\"color: #000000;\">Federaci\u00f3n Mexicana de Nutrici\u00f3n Deportiva A.C.<\/span> (<a href=\"https:\/\/www.fmnd.org.mx\/\"><strong><span style=\"color: #0000ff;\">FMND<\/span><\/strong><\/a>).<\/li>\n<li><span style=\"color: #000000;\">Colegio Nacional de Nutrici\u00f3n y Ciencias Aplicadas al Deporte A.C.<\/span> (<span style=\"color: #0000ff;\"><a style=\"color: #0000ff;\" href=\"https:\/\/www.facebook.com\/Colegio-Nacional-de-Nutrici%C3%B3n-y-Ciencias-Aplicadas-al-Deporte-AC-166713894931\"><strong>CNNCAD<\/strong><\/a>)<\/span>.<\/li>\n<li><span style=\"color: #000000;\">Federaci\u00f3n Mexicana de Medicina Deportiva A.C.<\/span> (<a href=\"https:\/\/www.femmede.com.mx\/\"><strong>FEMMEDE<\/strong><\/a>).<\/li>\n<li><span style=\"color: #000000;\">Colegio de Nutri\u00f3logos de Jalisco A.C. <\/span><a href=\"http:\/\/nutriologosdejalisco.org.mx\/\"><span style=\"color: #000000;\">(<span style=\"color: #0000ff;\"><strong>CNJ<\/strong><\/span>)<\/span><\/a><\/li>\n<li><span style=\"color: #000000;\">Confederaci\u00f3n Deportiva Mexicana A.C.<\/span> (<a href=\"http:\/\/www.codeme.com.mx\/\"><strong>COMUDE<\/strong><\/a>).<\/li>\n<li><span style=\"color: #000000;\">Sociedad Internacional de Nutri\u00f3logos en M\u00e9xico<\/span> (<a href=\"https:\/\/socinum.org\/\"><strong>SOCINUM<\/strong><\/a>), <span style=\"color: #000000;\">acreditado ante la <em>Secretaria de Trabajo y Previsi\u00f3n Social<\/em> <\/span>(<a href=\"https:\/\/www.gob.mx\/stps\"><strong>STPS<\/strong><\/a>).<\/li>\n<li><span style=\"color: #000000;\">Dinamical Business and Science Society S.A.S.<\/span> (<span style=\"color: #0000ff;\"><a style=\"color: #0000ff;\" href=\"https:\/\/dbss.pro\/\"><strong>DBSS Internationa<\/strong>l<\/a><\/span>).<\/li>\n<li><span style=\"color: #000000;\">Secretaria de Educaci\u00f3n Publica<\/span> (<a href=\"https:\/\/www.gob.mx\/sep\"><span style=\"color: #0000ff;\"><strong>SEP<\/strong><\/span><\/a>) <span style=\"color: #000000;\">y Consejo Nacional de Normalizaci\u00f3n y Certificaci\u00f3n de Competencias Laborales<\/span> (<a href=\"https:\/\/conocer.gob.mx\/\"><span style=\"color: #0000ff;\"><strong>CONOCER<\/strong><\/span><\/a>) <span style=\"color: #000000;\">en el EC0366, EC0336 y EC0050.<\/span><\/li>\n<\/ul>\n<\/li>\n<\/ul>\n<p style=\"text-align: center;\">Al finalizar Todos los Cursos, y trabajos, se te otorgar\u00e1 el Certificado Correspondiente.<\/p>\n<p style=\"text-align: center;\" align=\"center\"><strong><span style=\"color: navy;\">&#8211;\u00a0 Tarjeta de Cr\u00e9dito y D\u00e9bito (Visa, Master Card y American Express).<\/span><\/strong><\/p>\n<p style=\"text-align: center;\" align=\"center\"><strong><span style=\"color: navy;\">-Efectivo (OXXO Pay, 7 Eleven, Circle K, Extra, Soriana, Calimax, BBVA, Citibanamex y Santander).<\/span><\/strong><\/p>\n<p style=\"text-align: center;\" align=\"center\"><strong><span style=\"color: navy;\">&#8211; Fondos en PayPal y Mercado Pago.<\/span><\/strong><\/p>\n<p style=\"text-align: center;\" align=\"center\"><strong><span style=\"color: navy;\">&#8211; 3, 6, 9 y 12 Meses Sin Intereses (con bancos mexicanos) y Pago hasta 12 cuotas sin tarjeta con cr\u00e9dito\u00a0en Mercado Pago.<\/span><\/strong><\/p>\n<p style=\"text-align: center;\" align=\"center\"><strong><span style=\"color: navy;\">&#8211; Transferencia\u00a0interbancaria (SPEI).<\/span><\/strong><\/p>\n<p>&nbsp;<\/p>\n<p style=\"text-align: center;\">*La compra de la Certificaci\u00f3n incluye los Cursos, Ex\u00e1menes, Trabajos Finales, Plantillas en Excel, Diapositivas e Ebooks que le correspondan a la Certificaci\u00f3n.<\/p>\n<p style=\"text-align: center;\">*NO incluye: <strong>Mentor\u00edas Privadas<\/strong>, <strong>Carta de Recomendaci\u00f3n<\/strong>, <strong>FIMS 2022<\/strong>, ni la Acreditaci\u00f3n al <strong>Diplomado en Nutrici\u00f3n, Entrenamiento y Ciencias Aplicadas a la Recomposici\u00f3n Corporal<\/strong>. Mismos que si vienen Incluidos en la<a href=\"https:\/\/www.wellogi.com\/cursos\/product-category\/cursos\/?orderby=date\"> Suscripci\u00f3n a Wellogi Academy<\/a>.<\/p>\n<p style=\"text-align: center;\">*NO incluye los <a href=\"https:\/\/www.wellogi.com\/cursos\/product\/inscripcion-dbss\/\">Cursos de DBSS<\/a> <a href=\"https:\/\/www.wellogi.com\/cursos\/curso\/certificacion-en-entrenamiento-nutricion-y-psicologia-aplicada-a-corredores\/\">ni de INAD<\/a> que se venden por separado.<\/p>\n<p>&nbsp;<\/p>\n<p style=\"text-align: center;\"><span style=\"color: #000000;\">\u00a1Mas de 2,000 profesionales conf\u00edan y se actualizan en la \u00fanica acad\u00e9mica especializada en ciencias del ejercicio!<\/span><\/p>\n<p style=\"text-align: center;\">\u00a1M\u00e1s de 5,000 Constancias de Finalizaci\u00f3n con nuestros 8 Avales Acad\u00e9micos entregadas a los alumnos!<\/p>\n<p style=\"text-align: center;\">\u00a1M\u00e1s de 200 Certificados con nuestros 8 Avales Acad\u00e9micos entregados a los alumnos!<\/p>\n<p style=\"text-align: center;\">\u00a1M\u00e1s de 100 colegas forman parte de nuestro Directorio oficial como profesionales debidamente Certificados, Avalados y Capacitados!<\/p>\n<p style=\"text-align: center;\"><span style=\"color: #000000;\">\u00a1M\u00e1s de 45,000 profesionales aprenden en las RRSS de la comunidad!<\/span><\/p>\n<p style=\"text-align: center;\"><a href=\"https:\/\/www.facebook.com\/WellogiApp\">Facebook<\/a><\/p>\n<p style=\"text-align: center;\"><a href=\"https:\/\/www.instagram.com\/Wellogi_app\/\">Instagram<\/a><\/p>\n<p style=\"text-align: center;\"><a href=\"https:\/\/www.youtube.com\/channel\/UC4JiqN4IHp_SKLOVwZb4Isw\">Youtube<\/a><\/p>\n<p style=\"text-align: center;\"><a href=\"https:\/\/www.tiktok.com\/@wellogi?lang=es\">Tiktok<\/a><\/p>\n<p style=\"text-align: center;\">Premiamos tu Disciplina en tu estudio con nuestros <span style=\"color: #0000ff;\"><strong>Points <\/strong><span style=\"color: #000000;\">que ganas por cada Lecci\u00f3n que estudies, por estudiar todos los d\u00edas y por preguntar tus dudas. Estos los podr\u00e1s canjear por dinero en tus pr\u00f3ximas compras en <strong>Wellogi Academy<\/strong>. Tambien puedes ganar <strong>Wellogi-Points<\/strong> entre mas gastes en <strong>Wellogi Academy<\/strong>, lo cual te servir\u00e1 para canjearlos tambien por descuentos en tus pr\u00f3ximas compras.<\/span><\/span><\/p>\n<p style=\"text-align: center;\"><strong>GARANTIA DE CALIDAD ACADEMICA Y ANDRAGOGICA: <\/strong><\/p>\n<p style=\"text-align: center;\"><strong>Informaci\u00f3n acad\u00e9mica tanto b\u00e1sica para poblaci\u00f3n general como tambi\u00e9n especializada superior al grado de licenciatura, cualquier persona puede aprender, desde externos a la profesi\u00f3n hasta profesionistas especializados. Lo puedes corroborar por ti mismo(a) en la 1er Lecci\u00f3n GRATIS que tenemos en la mayor\u00eda de nuestros Cursos.\u00a0\u00a0<\/strong><\/p>\n<p style=\"text-align: center;\"><strong>GARANTIA DE CONFIANZA Y SEGURIDAD:<\/strong><\/p>\n<p style=\"text-align: center;\">Tenemos nuestro\u00a0<a href=\"https:\/\/www.wellogi.com\/cursos\/codigo-de-etica\/\"><strong>C\u00f3digo de \u00c9tica<\/strong><\/a>\u00a0y el\u00a0<a href=\"https:\/\/www.wellogi.com\/cursos\/contrato-de-adhesion-profeco\/\"><strong>Contrato de Adhesi\u00f3n<\/strong><\/a>\u00a0registrado ante la\u00a0<a href=\"https:\/\/distintivodigital.profeco.gob.mx\/index.php\"><strong>Procuradur\u00eda Federal del Consumidor (PROFECO)<\/strong><\/a> para asegurarte condiciones\u00a0<strong>Justas<\/strong>\u00a0y\u00a0<strong>Claras<\/strong> en nuestras relaciones comerciales de nuestros servicios digitales acad\u00e9micos y productos digitales y\/o f\u00edsicos.<\/p>\n<p style=\"text-align: center;\">Tambien tenemos\u00a0<a href=\"https:\/\/www.wellogi.com\/cursos\/refund_returns\/\"><strong>Terminos y Condiciones<\/strong><\/a>\u00a0y nuestra\u00a0<a href=\"https:\/\/www.wellogi.com\/cursos\/politica-de-privacidad\/\"><strong>Politica de Privacidad<\/strong><\/a>\u00a0registrados ante la misma agencia de protecci\u00f3n al cliente y consumidor, que aseguran la\u00a0<strong>Legitimidad<\/strong>\u00a0y\u00a0<strong>Seguridad\u00a0<\/strong>del proyecto y empresa.<\/p>\n<p style=\"text-align: center;\">Esto nos ha otorgado el \u201c<a href=\"https:\/\/www.wellogi.com\/cursos\/distintivo-digital-profeco\/\"><strong>Distintivo Digital<\/strong><\/a>\u201d que se le otorga solamente a las empresas que se han ganado la\u00a0<strong>Confianza<\/strong>\u00a0de los consumidores y el\u00a0<strong>Respeto<\/strong>\u00a0de la\u00a0<strong><a href=\"https:\/\/www.gob.mx\/profeco\/articulos\/proceso-y-requisitos-de-quejas-y-denuncias\">PROFECO.\u00a0<\/a><\/strong><\/p>\n<p>Si se desea, se puede emitir <b>Factura<\/b> de las compras, solo enviar la <strong>Constancia de Situaci\u00f3n Fiscal<\/strong> y el <strong>Comprobante de Pago<\/strong> al email; <strong>contacto@wellogi.com<\/strong><\/p>\n","protected":false},"excerpt":{"rendered":"<p style=\"text-align: center;\">La compra con Pago \u00danico de la <strong>Certificaci\u00f3n<\/strong> incluye los <strong>Cursos <\/strong>(y sus <em>Diapositivas<\/em>), <strong>Ex\u00e1menes<\/strong>, <strong>Trabajos Finales <\/strong>correspondientes a la Certificaci\u00f3n adquirida.<\/p>\n","protected":false},"featured_media":93021,"comment_status":"open","ping_status":"closed","template":"","meta":[],"product_brand":[],"product_cat":[1700,52],"product_tag":[],"class_list":{"0":"post-93007","1":"product","2":"type-product","3":"status-publish","4":"has-post-thumbnail","6":"product_cat-certificaciones","7":"product_cat-cursos","8":"post","10":"first","11":"instock","12":"sale","13":"shipping-taxable","14":"purchasable","15":"product-type-variable"},"yoast_head":"<!-- This site is optimized with the Yoast SEO plugin v27.5 - https:\/\/yoast.com\/product\/yoast-seo-wordpress\/ -->\n<title>Acceso Certificaci\u00f3n Individual - Wellogi - Wellogi Academy<\/title>\n<meta name=\"description\" content=\"Acceso Certificaci\u00f3n Individual - Wellogi. Elige y compra el acceso ilimitado de cualquiera de nuestras Certificaciones. Pago \u00fanico.\" \/>\n<meta name=\"robots\" content=\"index, follow, max-snippet:-1, max-image-preview:large, max-video-preview:-1\" \/>\n<link rel=\"canonical\" href=\"https:\/\/www.wellogi.com\/cursos\/product\/acceso-certificacion-individual-wellogi\/\" \/>\n<meta property=\"og:locale\" content=\"es_MX\" \/>\n<meta property=\"og:type\" content=\"article\" \/>\n<meta property=\"og:title\" content=\"Acceso Certificaci\u00f3n Individual - Wellogi - Wellogi Academy\" \/>\n<meta property=\"og:description\" content=\"Acceso Certificaci\u00f3n Individual - Wellogi. Elige y compra el acceso ilimitado de cualquiera de nuestras Certificaciones. Pago \u00fanico.\" \/>\n<meta property=\"og:url\" content=\"https:\/\/www.wellogi.com\/cursos\/product\/acceso-certificacion-individual-wellogi\/\" \/>\n<meta property=\"og:site_name\" content=\"Wellogi Academy\" \/>\n<meta property=\"article:publisher\" content=\"https:\/\/www.facebook.com\/WellogiApp\" \/>\n<meta property=\"article:modified_time\" content=\"2026-04-29T15:28:32+00:00\" \/>\n<meta property=\"og:image\" content=\"https:\/\/www.wellogi.com\/cursos\/wp-content\/uploads\/2023\/04\/Compra-certificacion.jpg\" \/>\n\t<meta property=\"og:image:width\" content=\"1080\" \/>\n\t<meta property=\"og:image:height\" content=\"1080\" \/>\n\t<meta property=\"og:image:type\" content=\"image\/jpeg\" \/>\n<meta name=\"twitter:card\" content=\"summary_large_image\" \/>\n<meta name=\"twitter:site\" content=\"@Wellogi_App\" \/>\n<script type=\"application\/ld+json\" class=\"yoast-schema-graph\">{\"@context\":\"https:\\\/\\\/schema.org\",\"@graph\":[{\"@type\":[\"WebPage\",\"ItemPage\"],\"@id\":\"https:\\\/\\\/www.wellogi.com\\\/cursos\\\/product\\\/acceso-certificacion-individual-wellogi\\\/\",\"url\":\"https:\\\/\\\/www.wellogi.com\\\/cursos\\\/product\\\/acceso-certificacion-individual-wellogi\\\/\",\"name\":\"Acceso Certificaci\u00f3n Individual - Wellogi - Wellogi Academy\",\"isPartOf\":{\"@id\":\"https:\\\/\\\/www.wellogi.com\\\/cursos\\\/#website\"},\"primaryImageOfPage\":{\"@id\":\"https:\\\/\\\/www.wellogi.com\\\/cursos\\\/product\\\/acceso-certificacion-individual-wellogi\\\/#primaryimage\"},\"image\":{\"@id\":\"https:\\\/\\\/www.wellogi.com\\\/cursos\\\/product\\\/acceso-certificacion-individual-wellogi\\\/#primaryimage\"},\"thumbnailUrl\":\"https:\\\/\\\/www.wellogi.com\\\/cursos\\\/wp-content\\\/uploads\\\/2023\\\/04\\\/Compra-certificacion.jpg\",\"datePublished\":\"2021-11-26T22:44:27+00:00\",\"dateModified\":\"2026-04-29T15:28:32+00:00\",\"description\":\"Acceso Certificaci\u00f3n Individual - Wellogi. Elige y compra el acceso ilimitado de cualquiera de nuestras Certificaciones. Pago \u00fanico.\",\"breadcrumb\":{\"@id\":\"https:\\\/\\\/www.wellogi.com\\\/cursos\\\/product\\\/acceso-certificacion-individual-wellogi\\\/#breadcrumb\"},\"inLanguage\":\"es\",\"potentialAction\":[{\"@type\":\"ReadAction\",\"target\":[\"https:\\\/\\\/www.wellogi.com\\\/cursos\\\/product\\\/acceso-certificacion-individual-wellogi\\\/\"]}]},{\"@type\":\"ImageObject\",\"inLanguage\":\"es\",\"@id\":\"https:\\\/\\\/www.wellogi.com\\\/cursos\\\/product\\\/acceso-certificacion-individual-wellogi\\\/#primaryimage\",\"url\":\"https:\\\/\\\/www.wellogi.com\\\/cursos\\\/wp-content\\\/uploads\\\/2023\\\/04\\\/Compra-certificacion.jpg\",\"contentUrl\":\"https:\\\/\\\/www.wellogi.com\\\/cursos\\\/wp-content\\\/uploads\\\/2023\\\/04\\\/Compra-certificacion.jpg\",\"width\":1080,\"height\":1080,\"caption\":\"Acceso Certificaci\u00f3n Individual - Wellogi\"},{\"@type\":\"BreadcrumbList\",\"@id\":\"https:\\\/\\\/www.wellogi.com\\\/cursos\\\/product\\\/acceso-certificacion-individual-wellogi\\\/#breadcrumb\",\"itemListElement\":[{\"@type\":\"ListItem\",\"position\":1,\"name\":\"Inicio\",\"item\":\"https:\\\/\\\/www.wellogi.com\\\/cursos\\\/\"},{\"@type\":\"ListItem\",\"position\":2,\"name\":\"Productos\",\"item\":\"https:\\\/\\\/www.wellogi.com\\\/cursos\\\/productos__trashed\\\/\"},{\"@type\":\"ListItem\",\"position\":3,\"name\":\"Acceso Certificaci\u00f3n Individual &#8211; Wellogi\"}]},{\"@type\":\"WebSite\",\"@id\":\"https:\\\/\\\/www.wellogi.com\\\/cursos\\\/#website\",\"url\":\"https:\\\/\\\/www.wellogi.com\\\/cursos\\\/\",\"name\":\"Wellogi Academy\",\"description\":\"Plataforma de capacitaci\u00f3n acad\u00e9mica continua as\u00edncrona.\",\"publisher\":{\"@id\":\"https:\\\/\\\/www.wellogi.com\\\/cursos\\\/#organization\"},\"potentialAction\":[{\"@type\":\"SearchAction\",\"target\":{\"@type\":\"EntryPoint\",\"urlTemplate\":\"https:\\\/\\\/www.wellogi.com\\\/cursos\\\/?s={search_term_string}\"},\"query-input\":{\"@type\":\"PropertyValueSpecification\",\"valueRequired\":true,\"valueName\":\"search_term_string\"}}],\"inLanguage\":\"es\"},{\"@type\":\"Organization\",\"@id\":\"https:\\\/\\\/www.wellogi.com\\\/cursos\\\/#organization\",\"name\":\"Wellogi Academy\",\"url\":\"https:\\\/\\\/www.wellogi.com\\\/cursos\\\/\",\"logo\":{\"@type\":\"ImageObject\",\"inLanguage\":\"es\",\"@id\":\"https:\\\/\\\/www.wellogi.com\\\/cursos\\\/#\\\/schema\\\/logo\\\/image\\\/\",\"url\":\"https:\\\/\\\/www.wellogi.com\\\/cursos\\\/wp-content\\\/uploads\\\/2021\\\/11\\\/Logo-y-Slogan-transparente-final-.png\",\"contentUrl\":\"https:\\\/\\\/www.wellogi.com\\\/cursos\\\/wp-content\\\/uploads\\\/2021\\\/11\\\/Logo-y-Slogan-transparente-final-.png\",\"width\":5042,\"height\":4883,\"caption\":\"Wellogi Academy\"},\"image\":{\"@id\":\"https:\\\/\\\/www.wellogi.com\\\/cursos\\\/#\\\/schema\\\/logo\\\/image\\\/\"},\"sameAs\":[\"https:\\\/\\\/www.facebook.com\\\/WellogiApp\",\"https:\\\/\\\/x.com\\\/Wellogi_App\",\"https:\\\/\\\/www.instagram.com\\\/wellogi_app\\\/\",\"https:\\\/\\\/www.linkedin.com\\\/in\\\/luis-gomez-wellogi\\\/\",\"https:\\\/\\\/www.youtube.com\\\/c\\\/Wellogi\\\/videos\"]}]}<\/script>\n<!-- \/ Yoast SEO plugin. -->","yoast_head_json":{"title":"Acceso Certificaci\u00f3n Individual - Wellogi - Wellogi Academy","description":"Acceso Certificaci\u00f3n Individual - Wellogi. Elige y compra el acceso ilimitado de cualquiera de nuestras Certificaciones. Pago \u00fanico.","robots":{"index":"index","follow":"follow","max-snippet":"max-snippet:-1","max-image-preview":"max-image-preview:large","max-video-preview":"max-video-preview:-1"},"canonical":"https:\/\/www.wellogi.com\/cursos\/product\/acceso-certificacion-individual-wellogi\/","og_locale":"es_MX","og_type":"article","og_title":"Acceso Certificaci\u00f3n Individual - Wellogi - Wellogi Academy","og_description":"Acceso Certificaci\u00f3n Individual - Wellogi. Elige y compra el acceso ilimitado de cualquiera de nuestras Certificaciones. Pago \u00fanico.","og_url":"https:\/\/www.wellogi.com\/cursos\/product\/acceso-certificacion-individual-wellogi\/","og_site_name":"Wellogi Academy","article_publisher":"https:\/\/www.facebook.com\/WellogiApp","article_modified_time":"2026-04-29T15:28:32+00:00","og_image":[{"width":1080,"height":1080,"url":"https:\/\/www.wellogi.com\/cursos\/wp-content\/uploads\/2023\/04\/Compra-certificacion.jpg","type":"image\/jpeg"}],"twitter_card":"summary_large_image","twitter_site":"@Wellogi_App","schema":{"@context":"https:\/\/schema.org","@graph":[{"@type":["WebPage","ItemPage"],"@id":"https:\/\/www.wellogi.com\/cursos\/product\/acceso-certificacion-individual-wellogi\/","url":"https:\/\/www.wellogi.com\/cursos\/product\/acceso-certificacion-individual-wellogi\/","name":"Acceso Certificaci\u00f3n Individual - Wellogi - Wellogi Academy","isPartOf":{"@id":"https:\/\/www.wellogi.com\/cursos\/#website"},"primaryImageOfPage":{"@id":"https:\/\/www.wellogi.com\/cursos\/product\/acceso-certificacion-individual-wellogi\/#primaryimage"},"image":{"@id":"https:\/\/www.wellogi.com\/cursos\/product\/acceso-certificacion-individual-wellogi\/#primaryimage"},"thumbnailUrl":"https:\/\/www.wellogi.com\/cursos\/wp-content\/uploads\/2023\/04\/Compra-certificacion.jpg","datePublished":"2021-11-26T22:44:27+00:00","dateModified":"2026-04-29T15:28:32+00:00","description":"Acceso Certificaci\u00f3n Individual - Wellogi. Elige y compra el acceso ilimitado de cualquiera de nuestras Certificaciones. Pago \u00fanico.","breadcrumb":{"@id":"https:\/\/www.wellogi.com\/cursos\/product\/acceso-certificacion-individual-wellogi\/#breadcrumb"},"inLanguage":"es","potentialAction":[{"@type":"ReadAction","target":["https:\/\/www.wellogi.com\/cursos\/product\/acceso-certificacion-individual-wellogi\/"]}]},{"@type":"ImageObject","inLanguage":"es","@id":"https:\/\/www.wellogi.com\/cursos\/product\/acceso-certificacion-individual-wellogi\/#primaryimage","url":"https:\/\/www.wellogi.com\/cursos\/wp-content\/uploads\/2023\/04\/Compra-certificacion.jpg","contentUrl":"https:\/\/www.wellogi.com\/cursos\/wp-content\/uploads\/2023\/04\/Compra-certificacion.jpg","width":1080,"height":1080,"caption":"Acceso Certificaci\u00f3n Individual - Wellogi"},{"@type":"BreadcrumbList","@id":"https:\/\/www.wellogi.com\/cursos\/product\/acceso-certificacion-individual-wellogi\/#breadcrumb","itemListElement":[{"@type":"ListItem","position":1,"name":"Inicio","item":"https:\/\/www.wellogi.com\/cursos\/"},{"@type":"ListItem","position":2,"name":"Productos","item":"https:\/\/www.wellogi.com\/cursos\/productos__trashed\/"},{"@type":"ListItem","position":3,"name":"Acceso Certificaci\u00f3n Individual &#8211; Wellogi"}]},{"@type":"WebSite","@id":"https:\/\/www.wellogi.com\/cursos\/#website","url":"https:\/\/www.wellogi.com\/cursos\/","name":"Wellogi Academy","description":"Plataforma de capacitaci\u00f3n acad\u00e9mica continua as\u00edncrona.","publisher":{"@id":"https:\/\/www.wellogi.com\/cursos\/#organization"},"potentialAction":[{"@type":"SearchAction","target":{"@type":"EntryPoint","urlTemplate":"https:\/\/www.wellogi.com\/cursos\/?s={search_term_string}"},"query-input":{"@type":"PropertyValueSpecification","valueRequired":true,"valueName":"search_term_string"}}],"inLanguage":"es"},{"@type":"Organization","@id":"https:\/\/www.wellogi.com\/cursos\/#organization","name":"Wellogi Academy","url":"https:\/\/www.wellogi.com\/cursos\/","logo":{"@type":"ImageObject","inLanguage":"es","@id":"https:\/\/www.wellogi.com\/cursos\/#\/schema\/logo\/image\/","url":"https:\/\/www.wellogi.com\/cursos\/wp-content\/uploads\/2021\/11\/Logo-y-Slogan-transparente-final-.png","contentUrl":"https:\/\/www.wellogi.com\/cursos\/wp-content\/uploads\/2021\/11\/Logo-y-Slogan-transparente-final-.png","width":5042,"height":4883,"caption":"Wellogi Academy"},"image":{"@id":"https:\/\/www.wellogi.com\/cursos\/#\/schema\/logo\/image\/"},"sameAs":["https:\/\/www.facebook.com\/WellogiApp","https:\/\/x.com\/Wellogi_App","https:\/\/www.instagram.com\/wellogi_app\/","https:\/\/www.linkedin.com\/in\/luis-gomez-wellogi\/","https:\/\/www.youtube.com\/c\/Wellogi\/videos"]}]}},"_links":{"self":[{"href":"https:\/\/www.wellogi.com\/cursos\/wp-json\/wp\/v2\/product\/93007","targetHints":{"allow":["GET"]}}],"collection":[{"href":"https:\/\/www.wellogi.com\/cursos\/wp-json\/wp\/v2\/product"}],"about":[{"href":"https:\/\/www.wellogi.com\/cursos\/wp-json\/wp\/v2\/types\/product"}],"replies":[{"embeddable":true,"href":"https:\/\/www.wellogi.com\/cursos\/wp-json\/wp\/v2\/comments?post=93007"}],"wp:featuredmedia":[{"embeddable":true,"href":"https:\/\/www.wellogi.com\/cursos\/wp-json\/wp\/v2\/media\/93021"}],"wp:attachment":[{"href":"https:\/\/www.wellogi.com\/cursos\/wp-json\/wp\/v2\/media?parent=93007"}],"wp:term":[{"taxonomy":"product_brand","embeddable":true,"href":"https:\/\/www.wellogi.com\/cursos\/wp-json\/wp\/v2\/product_brand?post=93007"},{"taxonomy":"product_cat","embeddable":true,"href":"https:\/\/www.wellogi.com\/cursos\/wp-json\/wp\/v2\/product_cat?post=93007"},{"taxonomy":"product_tag","embeddable":true,"href":"https:\/\/www.wellogi.com\/cursos\/wp-json\/wp\/v2\/product_tag?post=93007"}],"curies":[{"name":"wp","href":"https:\/\/api.w.org\/{rel}","templated":true}]}}