{"id":114619,"date":"2025-08-10T20:16:06","date_gmt":"2025-08-11T02:16:06","guid":{"rendered":"https:\/\/www.wellogi.com\/cursos\/?post_type=product&#038;p=114619"},"modified":"2025-08-26T17:39:13","modified_gmt":"2025-08-26T23:39:13","slug":"farmacologia-deportiva","status":"publish","type":"product","link":"https:\/\/www.wellogi.com\/cursos\/product\/farmacologia-deportiva\/","title":{"rendered":"Farmacolog\u00eda Deportiva"},"content":{"rendered":"<h1 style=\"text-align: center;\"><span style=\"color: #000080;\"><strong>Farmacolog\u00eda Deportiva.<\/strong><\/span><\/h1>\n<p style=\"text-align: center;\"><span style=\"color: #000000;\">Versiones Disponibles:<\/span><\/p>\n<p style=\"text-align: center;\"><span style=\"color: #000000;\">&#8211; Microsoft Excel (NO compatible con Mac ni con iOS).\u00a0<\/span><\/p>\n<h2 style=\"text-align: center;\"><strong><span style=\"color: #0000ff;\">Funcionalidades de la plantilla:<\/span><\/strong><\/h2>\n<ol>\n<li style=\"text-align: center;\"><span style=\"color: #000000;\">Esteroides Anab\u00f3licos Androg\u00e9nicos (Testosterona, Nandrolona, Metandrostenolona, Estanozolol, Oxymetolona, Fluoxymesterona, Oxandrolona, Metenolona, Mesterolona, Boldenona y Trembolona) con sus caracter\u00edsticas detalladas (Ester asociado, Vida media, \u00cdndice androg\u00e9nico, \u00cdndice anab\u00f3lico,\u00a0 Actividad estrog\u00e9nica, Recomendaciones estrog\u00e9nicas, Actividad progest\u00e1gena, Recomendaciones progest\u00e1genas, Presentaciones comercial, Hepatotoxicidad, Beneficios, Riesgos, Dosis m\u00ednimas en ambos sexos, Dosis m\u00e1ximas en ambos sexos, Frecuencia de uso en ambos sexos).<\/span><\/li>\n<li style=\"text-align: center;\"><span style=\"color: #000000;\">Moduladores Selectivos del Receptor de Estr\u00f3genos (SERM) e Inhibidores de la Aromatasa (Clomifeno, Tamoxifeno, Anaztrozol, Letrozol, Exemestane) con sus caracter\u00edsticas detalladas (Dosis m\u00ednima, Dosis m\u00e1xima, Frecuencia de uso, Tiempo de uso).<\/span><\/li>\n<li style=\"text-align: center;\"><span style=\"color: #000000;\">Simpaticomimeticos y Tiroidales (Fentermina, Salbutamol, Clembuterol, Efedrina, Sibutramina, Ketotifeno, Liotironina y Levotiroxina) con sus caracter\u00edsticas detalladas (Dosis m\u00ednima, Dosis m\u00e1xima, Frecuencia de uso, Tiempo de uso, Funci\u00f3n).<\/span><\/li>\n<li style=\"text-align: center;\"><span style=\"color: #000000;\">Diur\u00e9ticos (Espironolactona, Hidroclorotiazida y Furosemida) con sus caracter\u00edsticas detalladas (Dosis m\u00ednima, Dosis m\u00e1xima, Frecuencia de uso, Tiempo de uso y Tipo).<\/span><\/li>\n<li style=\"text-align: center;\"><span style=\"color: #000000;\">Polip\u00e9ptidos (Hormona de crecimiento, Factor de crecimiento insul\u00ednico tipo 1, Insulina) con sus caracter\u00edsticas detalladas (Dosis m\u00ednima, Dosis m\u00e1xima, Frecuencia de uso, Tiempo de uso, Biodisponibilidad, Vida media, Concentraci\u00f3n basal, Cuidados y almacenamientos).<\/span><\/li>\n<li style=\"text-align: center;\"><span style=\"color: #000000;\">Compuestos anexos (Finasteride, Dutasteride, Isotretinoina, Cabergolina, Bromocriptina) con sus caracter\u00edsticas (Dosis m\u00ednima, Dosis m\u00e1xima, Frecuencia de uso, Tiempo de uso, Funci\u00f3n).<\/span><\/li>\n<li style=\"text-align: center;\"><span style=\"color: #000000;\">Planificaci\u00f3n del Ciclo (Gramaje semanal usado, Presentaci\u00f3n comercial del producto usado, Mililitros semanales necesarios, Viales o Cajas necesarios para todo el ciclo, Costo unitario por cada vial o caja, Costo total del ciclo).<\/span><\/li>\n<li style=\"text-align: center;\"><span style=\"color: #000000;\">Archivo exportable en PDF para el usuario con la planificaci\u00f3n semanal del ciclo, la Terapia Post Ciclo (PCT) y recomendaciones generales.<\/span><\/li>\n<\/ol>\n<p style=\"text-align: center;\"><span style=\"color: #000000;\">Creador de la plantilla: Luis Alberto G\u00f3mez Mart\u00edn. Licenciado en Nutrici\u00f3n por la Universidad de Guadalajara (UDG) con C\u00e9dula Profesional Federal: 11084284 y Cedula Profesional de Jalisco: PEJ368344<\/span><\/p>\n<p>&nbsp;<\/p>\n<p style=\"text-align: center;\">Conoce nuestros<a href=\"https:\/\/www.wellogi.com\/cursos\/courses\/?course-orderby=newness\"><strong> Cursos Disponibles<\/strong><\/a>, Nuestras <a href=\"https:\/\/www.wellogi.com\/cursos\/categoria-del-curso\/certificacion\/\"><strong>Certificaciones Disponibles,<\/strong><\/a><strong> y <a href=\"https:\/\/www.wellogi.com\/cursos\/curso\/diplomado-en-nutricion-entrenamiento-y-ciencias-aplicadas-a-la-recomposicion-corporal\/\">el Diplomado <\/a><\/strong><\/p>\n<p>&nbsp;<\/p>\n<p style=\"text-align: center;\"><span style=\"color: #000000;\">\u00a1M\u00e1s de 2,000 profesionales conf\u00edan y se actualizan en la \u00fanica acad\u00e9mica especializada en ciencias del ejercicio!<\/span><\/p>\n<p style=\"text-align: center;\"><span style=\"color: #000000;\">\u00a1M\u00e1s de 5,000 Constancias de Finalizaci\u00f3n con nuestros 8 Avales Acad\u00e9micos entregadas a los alumnos!<\/span><\/p>\n<p style=\"text-align: center;\"><span style=\"color: #000000;\">\u00a1M\u00e1s de 200 Certificados con nuestros 8 Avales Acad\u00e9micos entregados a los alumnos!<\/span><\/p>\n<p style=\"text-align: center;\"><span style=\"color: #000000;\">\u00a1M\u00e1s de 100 colegas forman parte de nuestro Directorio oficial como profesionales debidamente Certificados, Avalados y Capacitados!<\/span><\/p>\n<p style=\"text-align: center;\"><span style=\"color: #000000;\">\u00a1M\u00e1s de 45,000 profesionales aprenden en las RRSS de la comunidad!<\/span><\/p>\n<p style=\"text-align: center;\"><a href=\"https:\/\/www.facebook.com\/WellogiApp\">Facebook<\/a><\/p>\n<p style=\"text-align: center;\"><a href=\"https:\/\/www.instagram.com\/Wellogi_app\/\">Instagram<\/a><\/p>\n<p style=\"text-align: center;\"><a href=\"https:\/\/www.youtube.com\/channel\/UC4JiqN4IHp_SKLOVwZb4Isw\">Youtube<\/a><\/p>\n<p style=\"text-align: center;\"><a href=\"https:\/\/www.tiktok.com\/@wellogi?lang=es\">Tiktok<\/a><\/p>\n<p>&nbsp;<\/p>\n<p style=\"text-align: center;\" align=\"center\"><strong><span style=\"color: navy;\">&#8211;\u00a0 Tarjeta de Cr\u00e9dito y D\u00e9bito (Visa, Master Card y American Express).<\/span><\/strong><\/p>\n<p style=\"text-align: center;\" align=\"center\"><strong><span style=\"color: navy;\">-Efectivo (OXXO Pay, 7 Eleven, Circle K, Extra, Soriana, Calimax, BBVA, Citibanamex y Santander).<\/span><\/strong><\/p>\n<p style=\"text-align: center;\" align=\"center\"><strong><span style=\"color: navy;\">&#8211; Fondos en PayPal y Mercado Pago.<\/span><\/strong><\/p>\n<p style=\"text-align: center;\" align=\"center\"><strong><span style=\"color: navy;\">&#8211; 3, 6, 9 y 12 Meses Sin Intereses (con bancos mexicanos) y Pago hasta 12 cuotas sin tarjeta con cr\u00e9dito\u00a0en Mercado Pago.<\/span><\/strong><\/p>\n<p style=\"text-align: center;\" align=\"center\"><strong><span style=\"color: navy;\">&#8211; Transferencia\u00a0interbancaria (SPEI).<\/span><\/strong><\/p>\n<p>&nbsp;<\/p>\n<p style=\"text-align: center;\"><strong>GARANT\u00cdA DE CONFIANZA Y SEGURIDAD:<\/strong><\/p>\n<p style=\"text-align: center;\">Tenemos nuestro\u00a0<a href=\"https:\/\/www.wellogi.com\/cursos\/codigo-de-etica\/\"><strong>C\u00f3digo de \u00c9tica<\/strong><\/a>\u00a0y el\u00a0<a href=\"https:\/\/www.wellogi.com\/cursos\/contrato-de-adhesion-profeco\/\"><strong>Contrato de Adhesi\u00f3n<\/strong><\/a>\u00a0registrado ante la\u00a0<a href=\"https:\/\/distintivodigital.profeco.gob.mx\/index.php\"><strong>Procuradur\u00eda Federal del Consumidor (PROFECO)<\/strong><\/a> para asegurarte condiciones\u00a0<strong>Justas<\/strong>\u00a0y\u00a0<strong>Claras<\/strong> en nuestras relaciones comerciales de nuestros servicios digitales acad\u00e9micos y productos digitales y\/o f\u00edsicos.<\/p>\n<p style=\"text-align: center;\">Tambi\u00e9n tenemos <a href=\"https:\/\/www.wellogi.com\/cursos\/refund_returns\/\"><strong>T\u00e9rminos y Condiciones<\/strong><\/a>\u00a0y nuestra\u00a0<a href=\"https:\/\/www.wellogi.com\/cursos\/politica-de-privacidad\/\"><strong>Pol\u00edtica de Privacidad<\/strong><\/a> registrada ante la misma agencia de protecci\u00f3n al cliente y consumidor, que aseguran la <strong>Legitimidad<\/strong>\u00a0y\u00a0<strong>Seguridad\u00a0<\/strong>del proyecto y empresa.<\/p>\n<p style=\"text-align: center;\">Esto nos ha otorgado el \u201c<a href=\"https:\/\/www.wellogi.com\/cursos\/distintivo-digital-profeco\/\"><strong>Distintivo Digital<\/strong><\/a>\u201d que se le otorga solamente a las empresas que se han ganado la\u00a0<strong>Confianza<\/strong>\u00a0de los consumidores y el\u00a0<strong>Respeto<\/strong>\u00a0de la\u00a0<strong><a href=\"https:\/\/www.gob.mx\/profeco\/articulos\/proceso-y-requisitos-de-quejas-y-denuncias\">PROFECO.\u00a0<\/a><\/strong><\/p>\n<p><span style=\"color: #000000;\">Si se desea, se puede emitir <b>Factura<\/b> de las compras, solo enviar la <strong>Constancia de Situaci\u00f3n Fiscal<\/strong> y el <strong>Comprobante de Pago<\/strong> al email; <strong>contacto@wellogi.com<\/strong><\/span><\/p>\n","protected":false},"excerpt":{"rendered":"<h1 style=\"text-align: center;\"><span style=\"color: #000080;\"><strong>Farmacolog\u00eda Deportiva.<\/strong><\/span><\/h1>\n<p style=\"text-align: center;\"><span style=\"color: #000000;\">Versiones Disponibles:<\/span><\/p>\n<p style=\"text-align: center;\"><span style=\"color: #000000;\">&#8211; Microsoft Excel (NO compatible con Mac ni con iOS).\u00a0<\/span><\/p>\n<h2 style=\"text-align: center;\"><strong><span style=\"color: #0000ff;\">Funcionalidades de la plantilla:<\/span><\/strong><\/h2>\n<ol>\n<li style=\"text-align: center;\"><span style=\"color: #000000;\">Esteroides Anab\u00f3licos Androg\u00e9nicos (Testosterona, Nandrolona, Metandrostenolona, Estanozolol, Oxymetolona, Fluoxymesterona, Oxandrolona, Metenolona, Mesterolona, Boldenona y Trembolona) con sus caracter\u00edsticas detalladas (Ester asociado, Vida media, \u00cdndice androg\u00e9nico, \u00cdndice anab\u00f3lico,\u00a0 Actividad estrog\u00e9nica, Recomendaciones estrog\u00e9nicas, Actividad progest\u00e1gena, Recomendaciones progest\u00e1genas, Presentaciones comercial, Hepatotoxicidad, Beneficios, Riesgos, Dosis m\u00ednimas en ambos sexos, Dosis m\u00e1ximas en ambos sexos, Frecuencia de uso en ambos sexos).<\/span><\/li>\n<li style=\"text-align: center;\"><span style=\"color: #000000;\">Moduladores Selectivos del Receptor de Estr\u00f3genos (SERM) e Inhibidores de la Aromatasa (Clomifeno, Tamoxifeno, Anaztrozol, Letrozol, Exemestane) con sus caracter\u00edsticas detalladas (Dosis m\u00ednima, Dosis m\u00e1xima, Frecuencia de uso, Tiempo de uso).<\/span><\/li>\n<li style=\"text-align: center;\"><span style=\"color: #000000;\">Simpaticomimeticos y Tiroidales (Fentermina, Salbutamol, Clembuterol, Efedrina, Sibutramina, Ketotifeno, Liotironina y Levotiroxina) con sus caracter\u00edsticas detalladas (Dosis m\u00ednima, Dosis m\u00e1xima, Frecuencia de uso, Tiempo de uso, Funci\u00f3n).<\/span><\/li>\n<li style=\"text-align: center;\"><span style=\"color: #000000;\">Diur\u00e9ticos (Espironolactona, Hidroclorotiazida y Furosemida) con sus caracter\u00edsticas detalladas (Dosis m\u00ednima, Dosis m\u00e1xima, Frecuencia de uso, Tiempo de uso y Tipo).<\/span><\/li>\n<li style=\"text-align: center;\"><span style=\"color: #000000;\">Polip\u00e9ptidos (Hormona de crecimiento, Factor de crecimiento insul\u00ednico tipo 1, Insulina) con sus caracter\u00edsticas detalladas (Dosis m\u00ednima, Dosis m\u00e1xima, Frecuencia de uso, Tiempo de uso, Biodisponibilidad, Vida media, Concentraci\u00f3n basal, Cuidados y almacenamientos).<\/span><\/li>\n<li style=\"text-align: center;\"><span style=\"color: #000000;\">Compuestos anexos (Finasteride, Dutasteride, Isotretinoina, Cabergolina, Bromocriptina) con sus caracter\u00edsticas (Dosis m\u00ednima, Dosis m\u00e1xima, Frecuencia de uso, Tiempo de uso, Funci\u00f3n).<\/span><\/li>\n<li style=\"text-align: center;\"><span style=\"color: #000000;\">Planificaci\u00f3n del Ciclo (Gramaje semanal usado, Presentaci\u00f3n comercial del producto usado, Mililitros semanales necesarios, Viales o Cajas necesarios para todo el ciclo, Costo unitario por cada vial o caja, Costo total del ciclo).<\/span><\/li>\n<li style=\"text-align: center;\"><span style=\"color: #000000;\">Archivo exportable en PDF para el usuario con la planificaci\u00f3n semanal del ciclo, la Terapia Post Ciclo (PCT) y recomendaciones generales.<\/span><\/li>\n<\/ol>\n<p><span style=\"color: #000000;\">Creador de la plantilla: Luis Alberto G\u00f3mez Mart\u00edn. Licenciado en Nutrici\u00f3n por la Universidad de Guadalajara (UDG) con C\u00e9dula Profesional Federal: 11084284 y Cedula Profesional de Jalisco: PEJ368344<\/span><\/p>\n","protected":false},"featured_media":114620,"comment_status":"open","ping_status":"closed","template":"","meta":[],"product_brand":[],"product_cat":[2303],"product_tag":[50],"class_list":{"0":"post-114619","1":"product","2":"type-product","3":"status-publish","4":"has-post-thumbnail","6":"product_cat-plantillas","7":"product_tag-fitness","8":"post","10":"first","11":"instock","12":"sale","13":"downloadable","14":"virtual","15":"purchasable","16":"product-type-simple"},"yoast_head":"<!-- This site is optimized with the Yoast SEO plugin v27.4 - https:\/\/yoast.com\/product\/yoast-seo-wordpress\/ -->\n<title>Farmacolog\u00eda Deportiva - Wellogi Academy<\/title>\n<meta name=\"description\" content=\"Plataforma de capacitaci\u00f3n acad\u00e9mica continua as\u00edncrona especializada en Nutricion, Entrenamiento, Recomposici\u00f3n Corporal, Fitness y Wellness.\" \/>\n<meta name=\"robots\" content=\"index, follow, max-snippet:-1, max-image-preview:large, max-video-preview:-1\" \/>\n<link rel=\"canonical\" href=\"https:\/\/www.wellogi.com\/cursos\/product\/farmacologia-deportiva\/\" \/>\n<meta property=\"og:locale\" content=\"es_MX\" \/>\n<meta property=\"og:type\" content=\"article\" \/>\n<meta property=\"og:title\" content=\"Farmacolog\u00eda Deportiva - Wellogi Academy\" \/>\n<meta property=\"og:description\" content=\"Plataforma de capacitaci\u00f3n acad\u00e9mica continua as\u00edncrona especializada en Nutricion, Entrenamiento, Recomposici\u00f3n Corporal, Fitness y Wellness.\" \/>\n<meta property=\"og:url\" content=\"https:\/\/www.wellogi.com\/cursos\/product\/farmacologia-deportiva\/\" \/>\n<meta property=\"og:site_name\" content=\"Wellogi Academy\" \/>\n<meta property=\"article:publisher\" content=\"https:\/\/www.facebook.com\/WellogiApp\" \/>\n<meta property=\"article:modified_time\" content=\"2025-08-26T23:39:13+00:00\" \/>\n<meta property=\"og:image\" content=\"https:\/\/www.wellogi.com\/cursos\/wp-content\/uploads\/2025\/08\/Farmacologia-Deportiva.png\" \/>\n\t<meta property=\"og:image:width\" content=\"940\" \/>\n\t<meta property=\"og:image:height\" content=\"788\" \/>\n\t<meta property=\"og:image:type\" content=\"image\/png\" \/>\n<meta name=\"twitter:card\" content=\"summary_large_image\" \/>\n<meta name=\"twitter:site\" content=\"@Wellogi_App\" \/>\n<script type=\"application\/ld+json\" class=\"yoast-schema-graph\">{\"@context\":\"https:\\\/\\\/schema.org\",\"@graph\":[{\"@type\":[\"WebPage\",\"ItemPage\"],\"@id\":\"https:\\\/\\\/www.wellogi.com\\\/cursos\\\/product\\\/farmacologia-deportiva\\\/\",\"url\":\"https:\\\/\\\/www.wellogi.com\\\/cursos\\\/product\\\/farmacologia-deportiva\\\/\",\"name\":\"Farmacolog\u00eda Deportiva - Wellogi Academy\",\"isPartOf\":{\"@id\":\"https:\\\/\\\/www.wellogi.com\\\/cursos\\\/#website\"},\"primaryImageOfPage\":{\"@id\":\"https:\\\/\\\/www.wellogi.com\\\/cursos\\\/product\\\/farmacologia-deportiva\\\/#primaryimage\"},\"image\":{\"@id\":\"https:\\\/\\\/www.wellogi.com\\\/cursos\\\/product\\\/farmacologia-deportiva\\\/#primaryimage\"},\"thumbnailUrl\":\"https:\\\/\\\/www.wellogi.com\\\/cursos\\\/wp-content\\\/uploads\\\/2025\\\/08\\\/Farmacologia-Deportiva.png\",\"datePublished\":\"2025-08-11T02:16:06+00:00\",\"dateModified\":\"2025-08-26T23:39:13+00:00\",\"description\":\"Plataforma de capacitaci\u00f3n acad\u00e9mica continua as\u00edncrona especializada en Nutricion, Entrenamiento, Recomposici\u00f3n Corporal, Fitness y Wellness.\",\"breadcrumb\":{\"@id\":\"https:\\\/\\\/www.wellogi.com\\\/cursos\\\/product\\\/farmacologia-deportiva\\\/#breadcrumb\"},\"inLanguage\":\"es\",\"potentialAction\":[{\"@type\":\"ReadAction\",\"target\":[\"https:\\\/\\\/www.wellogi.com\\\/cursos\\\/product\\\/farmacologia-deportiva\\\/\"]}]},{\"@type\":\"ImageObject\",\"inLanguage\":\"es\",\"@id\":\"https:\\\/\\\/www.wellogi.com\\\/cursos\\\/product\\\/farmacologia-deportiva\\\/#primaryimage\",\"url\":\"https:\\\/\\\/www.wellogi.com\\\/cursos\\\/wp-content\\\/uploads\\\/2025\\\/08\\\/Farmacologia-Deportiva.png\",\"contentUrl\":\"https:\\\/\\\/www.wellogi.com\\\/cursos\\\/wp-content\\\/uploads\\\/2025\\\/08\\\/Farmacologia-Deportiva.png\",\"width\":940,\"height\":788,\"caption\":\"Farmacolog\u00eda Deportiva\"},{\"@type\":\"BreadcrumbList\",\"@id\":\"https:\\\/\\\/www.wellogi.com\\\/cursos\\\/product\\\/farmacologia-deportiva\\\/#breadcrumb\",\"itemListElement\":[{\"@type\":\"ListItem\",\"position\":1,\"name\":\"Inicio\",\"item\":\"https:\\\/\\\/www.wellogi.com\\\/cursos\\\/\"},{\"@type\":\"ListItem\",\"position\":2,\"name\":\"Productos\",\"item\":\"https:\\\/\\\/www.wellogi.com\\\/cursos\\\/productos__trashed\\\/\"},{\"@type\":\"ListItem\",\"position\":3,\"name\":\"Farmacolog\u00eda Deportiva\"}]},{\"@type\":\"WebSite\",\"@id\":\"https:\\\/\\\/www.wellogi.com\\\/cursos\\\/#website\",\"url\":\"https:\\\/\\\/www.wellogi.com\\\/cursos\\\/\",\"name\":\"Wellogi Academy\",\"description\":\"Plataforma de capacitaci\u00f3n acad\u00e9mica continua as\u00edncrona.\",\"publisher\":{\"@id\":\"https:\\\/\\\/www.wellogi.com\\\/cursos\\\/#organization\"},\"potentialAction\":[{\"@type\":\"SearchAction\",\"target\":{\"@type\":\"EntryPoint\",\"urlTemplate\":\"https:\\\/\\\/www.wellogi.com\\\/cursos\\\/?s={search_term_string}\"},\"query-input\":{\"@type\":\"PropertyValueSpecification\",\"valueRequired\":true,\"valueName\":\"search_term_string\"}}],\"inLanguage\":\"es\"},{\"@type\":\"Organization\",\"@id\":\"https:\\\/\\\/www.wellogi.com\\\/cursos\\\/#organization\",\"name\":\"Wellogi Academy\",\"url\":\"https:\\\/\\\/www.wellogi.com\\\/cursos\\\/\",\"logo\":{\"@type\":\"ImageObject\",\"inLanguage\":\"es\",\"@id\":\"https:\\\/\\\/www.wellogi.com\\\/cursos\\\/#\\\/schema\\\/logo\\\/image\\\/\",\"url\":\"https:\\\/\\\/www.wellogi.com\\\/cursos\\\/wp-content\\\/uploads\\\/2021\\\/11\\\/Logo-y-Slogan-transparente-final-.png\",\"contentUrl\":\"https:\\\/\\\/www.wellogi.com\\\/cursos\\\/wp-content\\\/uploads\\\/2021\\\/11\\\/Logo-y-Slogan-transparente-final-.png\",\"width\":5042,\"height\":4883,\"caption\":\"Wellogi Academy\"},\"image\":{\"@id\":\"https:\\\/\\\/www.wellogi.com\\\/cursos\\\/#\\\/schema\\\/logo\\\/image\\\/\"},\"sameAs\":[\"https:\\\/\\\/www.facebook.com\\\/WellogiApp\",\"https:\\\/\\\/x.com\\\/Wellogi_App\",\"https:\\\/\\\/www.instagram.com\\\/wellogi_app\\\/\",\"https:\\\/\\\/www.linkedin.com\\\/in\\\/luis-gomez-wellogi\\\/\",\"https:\\\/\\\/www.youtube.com\\\/c\\\/Wellogi\\\/videos\"]}]}<\/script>\n<!-- \/ Yoast SEO plugin. -->","yoast_head_json":{"title":"Farmacolog\u00eda Deportiva - Wellogi Academy","description":"Plataforma de capacitaci\u00f3n acad\u00e9mica continua as\u00edncrona especializada en Nutricion, Entrenamiento, Recomposici\u00f3n Corporal, Fitness y Wellness.","robots":{"index":"index","follow":"follow","max-snippet":"max-snippet:-1","max-image-preview":"max-image-preview:large","max-video-preview":"max-video-preview:-1"},"canonical":"https:\/\/www.wellogi.com\/cursos\/product\/farmacologia-deportiva\/","og_locale":"es_MX","og_type":"article","og_title":"Farmacolog\u00eda Deportiva - Wellogi Academy","og_description":"Plataforma de capacitaci\u00f3n acad\u00e9mica continua as\u00edncrona especializada en Nutricion, Entrenamiento, Recomposici\u00f3n Corporal, Fitness y Wellness.","og_url":"https:\/\/www.wellogi.com\/cursos\/product\/farmacologia-deportiva\/","og_site_name":"Wellogi Academy","article_publisher":"https:\/\/www.facebook.com\/WellogiApp","article_modified_time":"2025-08-26T23:39:13+00:00","og_image":[{"width":940,"height":788,"url":"https:\/\/www.wellogi.com\/cursos\/wp-content\/uploads\/2025\/08\/Farmacologia-Deportiva.png","type":"image\/png"}],"twitter_card":"summary_large_image","twitter_site":"@Wellogi_App","schema":{"@context":"https:\/\/schema.org","@graph":[{"@type":["WebPage","ItemPage"],"@id":"https:\/\/www.wellogi.com\/cursos\/product\/farmacologia-deportiva\/","url":"https:\/\/www.wellogi.com\/cursos\/product\/farmacologia-deportiva\/","name":"Farmacolog\u00eda Deportiva - Wellogi Academy","isPartOf":{"@id":"https:\/\/www.wellogi.com\/cursos\/#website"},"primaryImageOfPage":{"@id":"https:\/\/www.wellogi.com\/cursos\/product\/farmacologia-deportiva\/#primaryimage"},"image":{"@id":"https:\/\/www.wellogi.com\/cursos\/product\/farmacologia-deportiva\/#primaryimage"},"thumbnailUrl":"https:\/\/www.wellogi.com\/cursos\/wp-content\/uploads\/2025\/08\/Farmacologia-Deportiva.png","datePublished":"2025-08-11T02:16:06+00:00","dateModified":"2025-08-26T23:39:13+00:00","description":"Plataforma de capacitaci\u00f3n acad\u00e9mica continua as\u00edncrona especializada en Nutricion, Entrenamiento, Recomposici\u00f3n Corporal, Fitness y Wellness.","breadcrumb":{"@id":"https:\/\/www.wellogi.com\/cursos\/product\/farmacologia-deportiva\/#breadcrumb"},"inLanguage":"es","potentialAction":[{"@type":"ReadAction","target":["https:\/\/www.wellogi.com\/cursos\/product\/farmacologia-deportiva\/"]}]},{"@type":"ImageObject","inLanguage":"es","@id":"https:\/\/www.wellogi.com\/cursos\/product\/farmacologia-deportiva\/#primaryimage","url":"https:\/\/www.wellogi.com\/cursos\/wp-content\/uploads\/2025\/08\/Farmacologia-Deportiva.png","contentUrl":"https:\/\/www.wellogi.com\/cursos\/wp-content\/uploads\/2025\/08\/Farmacologia-Deportiva.png","width":940,"height":788,"caption":"Farmacolog\u00eda Deportiva"},{"@type":"BreadcrumbList","@id":"https:\/\/www.wellogi.com\/cursos\/product\/farmacologia-deportiva\/#breadcrumb","itemListElement":[{"@type":"ListItem","position":1,"name":"Inicio","item":"https:\/\/www.wellogi.com\/cursos\/"},{"@type":"ListItem","position":2,"name":"Productos","item":"https:\/\/www.wellogi.com\/cursos\/productos__trashed\/"},{"@type":"ListItem","position":3,"name":"Farmacolog\u00eda Deportiva"}]},{"@type":"WebSite","@id":"https:\/\/www.wellogi.com\/cursos\/#website","url":"https:\/\/www.wellogi.com\/cursos\/","name":"Wellogi Academy","description":"Plataforma de capacitaci\u00f3n acad\u00e9mica continua as\u00edncrona.","publisher":{"@id":"https:\/\/www.wellogi.com\/cursos\/#organization"},"potentialAction":[{"@type":"SearchAction","target":{"@type":"EntryPoint","urlTemplate":"https:\/\/www.wellogi.com\/cursos\/?s={search_term_string}"},"query-input":{"@type":"PropertyValueSpecification","valueRequired":true,"valueName":"search_term_string"}}],"inLanguage":"es"},{"@type":"Organization","@id":"https:\/\/www.wellogi.com\/cursos\/#organization","name":"Wellogi Academy","url":"https:\/\/www.wellogi.com\/cursos\/","logo":{"@type":"ImageObject","inLanguage":"es","@id":"https:\/\/www.wellogi.com\/cursos\/#\/schema\/logo\/image\/","url":"https:\/\/www.wellogi.com\/cursos\/wp-content\/uploads\/2021\/11\/Logo-y-Slogan-transparente-final-.png","contentUrl":"https:\/\/www.wellogi.com\/cursos\/wp-content\/uploads\/2021\/11\/Logo-y-Slogan-transparente-final-.png","width":5042,"height":4883,"caption":"Wellogi Academy"},"image":{"@id":"https:\/\/www.wellogi.com\/cursos\/#\/schema\/logo\/image\/"},"sameAs":["https:\/\/www.facebook.com\/WellogiApp","https:\/\/x.com\/Wellogi_App","https:\/\/www.instagram.com\/wellogi_app\/","https:\/\/www.linkedin.com\/in\/luis-gomez-wellogi\/","https:\/\/www.youtube.com\/c\/Wellogi\/videos"]}]}},"_links":{"self":[{"href":"https:\/\/www.wellogi.com\/cursos\/wp-json\/wp\/v2\/product\/114619","targetHints":{"allow":["GET"]}}],"collection":[{"href":"https:\/\/www.wellogi.com\/cursos\/wp-json\/wp\/v2\/product"}],"about":[{"href":"https:\/\/www.wellogi.com\/cursos\/wp-json\/wp\/v2\/types\/product"}],"replies":[{"embeddable":true,"href":"https:\/\/www.wellogi.com\/cursos\/wp-json\/wp\/v2\/comments?post=114619"}],"wp:featuredmedia":[{"embeddable":true,"href":"https:\/\/www.wellogi.com\/cursos\/wp-json\/wp\/v2\/media\/114620"}],"wp:attachment":[{"href":"https:\/\/www.wellogi.com\/cursos\/wp-json\/wp\/v2\/media?parent=114619"}],"wp:term":[{"taxonomy":"product_brand","embeddable":true,"href":"https:\/\/www.wellogi.com\/cursos\/wp-json\/wp\/v2\/product_brand?post=114619"},{"taxonomy":"product_cat","embeddable":true,"href":"https:\/\/www.wellogi.com\/cursos\/wp-json\/wp\/v2\/product_cat?post=114619"},{"taxonomy":"product_tag","embeddable":true,"href":"https:\/\/www.wellogi.com\/cursos\/wp-json\/wp\/v2\/product_tag?post=114619"}],"curies":[{"name":"wp","href":"https:\/\/api.w.org\/{rel}","templated":true}]}}