{"id":114588,"date":"2025-08-10T17:57:58","date_gmt":"2025-08-10T23:57:58","guid":{"rendered":"https:\/\/www.wellogi.com\/cursos\/?post_type=product&#038;p=114588"},"modified":"2025-08-26T17:41:09","modified_gmt":"2025-08-26T23:41:09","slug":"plantilla-dietetica-antropometrica","status":"publish","type":"product","link":"https:\/\/www.wellogi.com\/cursos\/product\/plantilla-dietetica-antropometrica\/","title":{"rendered":"Calculo Diet\u00e9tico y Antropom\u00e9trico"},"content":{"rendered":"<h1 style=\"text-align: center;\"><span style=\"color: #000080;\"><strong>Formato para el Calculo Diet\u00e9tico y Antropometr\u00eda.<\/strong><\/span><\/h1>\n<p style=\"text-align: center;\"><span style=\"color: #000000;\">Versiones Disponibles:<\/span><\/p>\n<p style=\"text-align: center;\"><span style=\"color: #000000;\">&#8211; Microsoft Excel (NO compatible con Mac ni con iOS).\u00a0<\/span><\/p>\n<h2 style=\"text-align: center;\"><strong><span style=\"color: #0000ff;\">Funcionalidades de la plantilla:<\/span><\/strong><\/h2>\n<p style=\"text-align: center;\"><span style=\"color: #000000;\">1. Calculo del Gasto Energ\u00e9tico en Reposo (GER) con las formulas de Mifflin-St.Jeor y Cunnigham.<\/span><\/p>\n<p style=\"text-align: center;\"><span style=\"color: #000000;\">2. Calculo de la Actividad F\u00edsica No Ejercicio (NEAT) por Factor de Actividad.<\/span><\/p>\n<p style=\"text-align: center;\"><span style=\"color: #000000;\">3. Calculo automatizado del Efecto Termog\u00e9nico de los Alimentos (ETA).<\/span><\/p>\n<p style=\"text-align: center;\"><span style=\"color: #000000;\">4. Calculo del Gasto de la Actividad F\u00edsica para Fitness y Fisicoculturismo con la formula de Henselmans.<\/span><\/p>\n<p style=\"text-align: center;\"><span style=\"color: #000000;\">5. Calculo del Gasto de la Actividad F\u00edsica para deportes en general con la formula de Puls\u00f3metria.\u00a0<\/span><\/p>\n<p style=\"text-align: center;\"><span style=\"color: #000000;\">6. Ajuste diet\u00e9tico a Super\u00e1vit o D\u00e9ficit por porcentaje del Gasto Energ\u00e9tico Total (GET).<\/span><\/p>\n<p style=\"text-align: center;\"><span style=\"color: #000000;\">7. Rangos de gramaje relativo al peso (g\/kg\/d\u00eda) de Macronutrientes seg\u00fan objetivos personales.\u00a0<\/span><\/p>\n<p style=\"text-align: center;\"><span style=\"color: #000000;\">8. Cuadro dietosint\u00e9tico basado en el Sistema Mexicano de Alimentos Equivalentes (SMAE).\u00a0<\/span><\/p>\n<p style=\"text-align: center;\"><span style=\"color: #000000;\">9. Distribuci\u00f3n de Equivalencias del SMAE en 6 tiempos de comida.\u00a0<\/span><\/p>\n<p style=\"text-align: center;\"><span style=\"color: #000000;\">10. Contabilizaci\u00f3n autom\u00e1tica absoluta de kcal y Macronutrientes por cada tiempo de comida.\u00a0<\/span><\/p>\n<p style=\"text-align: center;\"><span style=\"color: #000000;\">11. Contabilizaci\u00f3n autom\u00e1tica de gramos relativos (g\/kg\/d\u00eda) al peso de kcal y Macronutrientes.\u00a0<\/span><\/p>\n<p style=\"text-align: center;\"><span style=\"color: #000000;\">12. Pesta\u00f1a para documento para el pacientes exportable en PDF con sus equivalencias diet\u00e9ticas.\u00a0<\/span><\/p>\n<p style=\"text-align: center;\"><span style=\"color: #000000;\">13. Captura de datos Cineantropometricos para el Perfil Restringido ISAK Nivel 1.<\/span><\/p>\n<p style=\"text-align: center;\"><span style=\"color: #000000;\">14. Calculo autom\u00e1tico de Masa Muscular en kilogramos y en porcentaje relativo al total con formula de Lee.\u00a0<\/span><\/p>\n<p style=\"text-align: center;\"><span style=\"color: #000000;\">15. Calculo autom\u00e1tico de Grasa Corporal en kilogramos y en porcentaje relativo al total con formula de Carter.\u00a0<\/span><\/p>\n<p style=\"text-align: center;\"><span style=\"color: #000000;\">16. Calculo autom\u00e1tico de Masa Muscular y Grasa Corporal en kilogramos y porcentaje relativo al total con formula de Duremberg.\u00a0<\/span><\/p>\n<p style=\"text-align: center;\"><span style=\"color: #000000;\">Creador de la plantilla: Luis Alberto G\u00f3mez Mart\u00edn. Licenciado en Nutrici\u00f3n por la Universidad de Guadalajara (UDG) con C\u00e9dula Profesional Federal: 11084284 y Cedula Profesional de Jalisco: PEJ368344<\/span><\/p>\n<p>&nbsp;<\/p>\n<p style=\"text-align: center;\">Conoce nuestros<a href=\"https:\/\/www.wellogi.com\/cursos\/courses\/?course-orderby=newness\"><strong> Cursos Disponibles<\/strong><\/a>, Nuestras <a href=\"https:\/\/www.wellogi.com\/cursos\/categoria-del-curso\/certificacion\/\"><strong>Certificaciones Disponibles,<\/strong><\/a><strong> y <a href=\"https:\/\/www.wellogi.com\/cursos\/curso\/diplomado-en-nutricion-entrenamiento-y-ciencias-aplicadas-a-la-recomposicion-corporal\/\">el Diplomado <\/a><\/strong><\/p>\n<p>&nbsp;<\/p>\n<p style=\"text-align: center;\"><span style=\"color: #000000;\">\u00a1M\u00e1s de 2,000 profesionales conf\u00edan y se actualizan en la \u00fanica acad\u00e9mica especializada en ciencias del ejercicio!<\/span><\/p>\n<p style=\"text-align: center;\"><span style=\"color: #000000;\">\u00a1M\u00e1s de 5,000 Constancias de Finalizaci\u00f3n con nuestros 8 Avales Acad\u00e9micos entregadas a los alumnos!<\/span><\/p>\n<p style=\"text-align: center;\"><span style=\"color: #000000;\">\u00a1M\u00e1s de 200 Certificados con nuestros 8 Avales Acad\u00e9micos entregados a los alumnos!<\/span><\/p>\n<p style=\"text-align: center;\"><span style=\"color: #000000;\">\u00a1M\u00e1s de 100 colegas forman parte de nuestro Directorio oficial como profesionales debidamente Certificados, Avalados y Capacitados!<\/span><\/p>\n<p style=\"text-align: center;\"><span style=\"color: #000000;\">\u00a1M\u00e1s de 45,000 profesionales aprenden en las RRSS de la comunidad!<\/span><\/p>\n<p style=\"text-align: center;\"><a href=\"https:\/\/www.facebook.com\/WellogiApp\">Facebook<\/a><\/p>\n<p style=\"text-align: center;\"><a href=\"https:\/\/www.instagram.com\/Wellogi_app\/\">Instagram<\/a><\/p>\n<p style=\"text-align: center;\"><a href=\"https:\/\/www.youtube.com\/channel\/UC4JiqN4IHp_SKLOVwZb4Isw\">Youtube<\/a><\/p>\n<p style=\"text-align: center;\"><a href=\"https:\/\/www.tiktok.com\/@wellogi?lang=es\">Tiktok<\/a><\/p>\n<p>&nbsp;<\/p>\n<p style=\"text-align: center;\" align=\"center\"><strong><span style=\"color: navy;\">&#8211;\u00a0 Tarjeta de Cr\u00e9dito y D\u00e9bito (Visa, Master Card y American Express).<\/span><\/strong><\/p>\n<p style=\"text-align: center;\" align=\"center\"><strong><span style=\"color: navy;\">-Efectivo (OXXO Pay, 7 Eleven, Circle K, Extra, Soriana, Calimax, BBVA, Citibanamex y Santander).<\/span><\/strong><\/p>\n<p style=\"text-align: center;\" align=\"center\"><strong><span style=\"color: navy;\">&#8211; Fondos en PayPal y Mercado Pago.<\/span><\/strong><\/p>\n<p style=\"text-align: center;\" align=\"center\"><strong><span style=\"color: navy;\">&#8211; 3, 6, 9 y 12 Meses Sin Intereses (con bancos mexicanos) y Pago hasta 12 cuotas sin tarjeta con cr\u00e9dito\u00a0en Mercado Pago.<\/span><\/strong><\/p>\n<p style=\"text-align: center;\" align=\"center\"><strong><span style=\"color: navy;\">&#8211; Transferencia\u00a0interbancaria (SPEI).<\/span><\/strong><\/p>\n<p>&nbsp;<\/p>\n<p style=\"text-align: center;\"><strong>GARANT\u00cdA DE CONFIANZA Y SEGURIDAD:<\/strong><\/p>\n<p style=\"text-align: center;\">Tenemos nuestro\u00a0<a href=\"https:\/\/www.wellogi.com\/cursos\/codigo-de-etica\/\"><strong>C\u00f3digo de \u00c9tica<\/strong><\/a>\u00a0y el\u00a0<a href=\"https:\/\/www.wellogi.com\/cursos\/contrato-de-adhesion-profeco\/\"><strong>Contrato de Adhesi\u00f3n<\/strong><\/a>\u00a0registrado ante la\u00a0<a href=\"https:\/\/distintivodigital.profeco.gob.mx\/index.php\"><strong>Procuradur\u00eda Federal del Consumidor (PROFECO)<\/strong><\/a> para asegurarte condiciones\u00a0<strong>Justas<\/strong>\u00a0y\u00a0<strong>Claras<\/strong> en nuestras relaciones comerciales de nuestros servicios digitales acad\u00e9micos y productos digitales y\/o f\u00edsicos.<\/p>\n<p style=\"text-align: center;\">Tambi\u00e9n tenemos <a href=\"https:\/\/www.wellogi.com\/cursos\/refund_returns\/\"><strong>T\u00e9rminos y Condiciones<\/strong><\/a>\u00a0y nuestra\u00a0<a href=\"https:\/\/www.wellogi.com\/cursos\/politica-de-privacidad\/\"><strong>Pol\u00edtica de Privacidad<\/strong><\/a> registrada ante la misma agencia de protecci\u00f3n al cliente y consumidor, que aseguran la <strong>Legitimidad<\/strong>\u00a0y\u00a0<strong>Seguridad\u00a0<\/strong>del proyecto y empresa.<\/p>\n<p style=\"text-align: center;\">Esto nos ha otorgado el \u201c<a href=\"https:\/\/www.wellogi.com\/cursos\/distintivo-digital-profeco\/\"><strong>Distintivo Digital<\/strong><\/a>\u201d que se le otorga solamente a las empresas que se han ganado la\u00a0<strong>Confianza<\/strong>\u00a0de los consumidores y el\u00a0<strong>Respeto<\/strong>\u00a0de la\u00a0<strong><a href=\"https:\/\/www.gob.mx\/profeco\/articulos\/proceso-y-requisitos-de-quejas-y-denuncias\">PROFECO.\u00a0<\/a><\/strong><\/p>\n<p><span style=\"color: #000000;\">Si se desea, se puede emitir <b>Factura<\/b> de las compras, solo enviar la <strong>Constancia de Situaci\u00f3n Fiscal<\/strong> y el <strong>Comprobante de Pago<\/strong> al email; <strong>contacto@wellogi.com<\/strong><\/span><\/p>\n","protected":false},"excerpt":{"rendered":"<h1 style=\"text-align: center;\"><span style=\"color: #000080;\"><strong>Formato para el Calculo Diet\u00e9tico y Antropometr\u00eda.<\/strong><\/span><\/h1>\n<p style=\"text-align: center;\"><span style=\"color: #000000;\">Versiones Disponibles:<\/span><\/p>\n<p style=\"text-align: center;\"><span style=\"color: #000000;\">&#8211; Microsoft Excel (NO compatible con Mac ni con iOS).\u00a0<\/span><\/p>\n<h2 style=\"text-align: center;\"><strong><span style=\"color: #0000ff;\">Funcionalidades de la plantilla:<\/span><\/strong><\/h2>\n<p style=\"text-align: center;\"><span style=\"color: #000000;\">1. Calculo del Gasto Energ\u00e9tico en Reposo (GER) con las formulas de Mifflin-St.Jeor y Cunnigham.<\/span><\/p>\n<p style=\"text-align: center;\"><span style=\"color: #000000;\">2. Calculo de la Actividad F\u00edsica No Ejercicio (NEAT) por Factor de Actividad.<\/span><\/p>\n<p style=\"text-align: center;\"><span style=\"color: #000000;\">3. Calculo automatizado del Efecto Termog\u00e9nico de los Alimentos (ETA).<\/span><\/p>\n<p style=\"text-align: center;\"><span style=\"color: #000000;\">4. Calculo del Gasto de la Actividad F\u00edsica para Fitness y Fisicoculturismo con la formula de Henselmans.<\/span><\/p>\n<p style=\"text-align: center;\"><span style=\"color: #000000;\">5. Calculo del Gasto de la Actividad F\u00edsica para deportes en general con la formula de Puls\u00f3metria.\u00a0<\/span><\/p>\n<p style=\"text-align: center;\"><span style=\"color: #000000;\">6. Ajuste diet\u00e9tico a Super\u00e1vit o D\u00e9ficit por porcentaje del Gasto Energ\u00e9tico Total (GET).<\/span><\/p>\n<p style=\"text-align: center;\"><span style=\"color: #000000;\">7. Rangos de gramaje relativo al peso (g\/kg\/d\u00eda) de Macronutrientes seg\u00fan objetivos personales.\u00a0<\/span><\/p>\n<p style=\"text-align: center;\"><span style=\"color: #000000;\">8. Cuadro dietosint\u00e9tico basado en el Sistema Mexicano de Alimentos Equivalentes (SMAE).\u00a0<\/span><\/p>\n<p style=\"text-align: center;\"><span style=\"color: #000000;\">9. Distribuci\u00f3n de Equivalencias del SMAE en 6 tiempos de comida.\u00a0<\/span><\/p>\n<p style=\"text-align: center;\"><span style=\"color: #000000;\">10. Contabilizaci\u00f3n autom\u00e1tica absoluta de kcal y Macronutrientes por cada tiempo de comida.\u00a0<\/span><\/p>\n<p style=\"text-align: center;\"><span style=\"color: #000000;\">11. Contabilizaci\u00f3n autom\u00e1tica de gramos relativos (g\/kg\/d\u00eda) al peso de kcal y Macronutrientes.\u00a0<\/span><\/p>\n<p style=\"text-align: center;\"><span style=\"color: #000000;\">12. Pesta\u00f1a para documento para el pacientes exportable en PDF con sus equivalencias diet\u00e9ticas.\u00a0<\/span><\/p>\n<p style=\"text-align: center;\"><span style=\"color: #000000;\">13. Captura de datos Cineantropometricos para el Perfil Restringido ISAK Nivel 1.<\/span><\/p>\n<p style=\"text-align: center;\"><span style=\"color: #000000;\">14. Calculo autom\u00e1tico de Masa Muscular en kilogramos y en porcentaje relativo al total con formula de Lee.\u00a0<\/span><\/p>\n<p style=\"text-align: center;\"><span style=\"color: #000000;\">15. Calculo autom\u00e1tico de Grasa Corporal en kilogramos y en porcentaje relativo al total con formula de Carter.\u00a0<\/span><\/p>\n<p style=\"text-align: center;\"><span style=\"color: #000000;\">16. Calculo autom\u00e1tico de Masa Muscular y Grasa Corporal en kilogramos y porcentaje relativo al total con formula de Duremberg.\u00a0<\/span><\/p>\n<p><span style=\"color: #000000;\">Creador de la plantilla: Luis Alberto G\u00f3mez Mart\u00edn. Licenciado en Nutrici\u00f3n por la Universidad de Guadalajara (UDG) con C\u00e9dula Profesional Federal: 11084284 y Cedula Profesional de Jalisco: PEJ368344<\/span><\/p>\n","protected":false},"featured_media":114605,"comment_status":"open","ping_status":"closed","template":"","meta":[],"product_brand":[],"product_cat":[2303],"product_tag":[27,23,48,24],"class_list":{"0":"post-114588","1":"product","2":"type-product","3":"status-publish","4":"has-post-thumbnail","6":"product_cat-plantillas","7":"product_tag-antropometria","8":"product_tag-dietas","9":"product_tag-nutricion","10":"product_tag-nutriciondeportiva","11":"post","13":"first","14":"instock","15":"sale","16":"downloadable","17":"virtual","18":"purchasable","19":"product-type-simple"},"yoast_head":"<!-- This site is optimized with the Yoast SEO plugin v27.4 - https:\/\/yoast.com\/product\/yoast-seo-wordpress\/ -->\n<title>Calculo Diet\u00e9tico y Antropom\u00e9trico - Wellogi Academy<\/title>\n<meta name=\"description\" content=\"Plataforma de capacitaci\u00f3n acad\u00e9mica continua as\u00edncrona especializada en Nutricion, Entrenamiento, Recomposici\u00f3n Corporal, Fitness y Wellness.\" \/>\n<meta name=\"robots\" content=\"index, follow, max-snippet:-1, max-image-preview:large, max-video-preview:-1\" \/>\n<link rel=\"canonical\" href=\"https:\/\/www.wellogi.com\/cursos\/product\/plantilla-dietetica-antropometrica\/\" \/>\n<meta property=\"og:locale\" content=\"es_MX\" \/>\n<meta property=\"og:type\" content=\"article\" \/>\n<meta property=\"og:title\" content=\"Calculo Diet\u00e9tico y Antropom\u00e9trico - Wellogi Academy\" \/>\n<meta property=\"og:description\" content=\"Plataforma de capacitaci\u00f3n acad\u00e9mica continua as\u00edncrona especializada en Nutricion, Entrenamiento, Recomposici\u00f3n Corporal, Fitness y Wellness.\" \/>\n<meta property=\"og:url\" content=\"https:\/\/www.wellogi.com\/cursos\/product\/plantilla-dietetica-antropometrica\/\" \/>\n<meta property=\"og:site_name\" content=\"Wellogi Academy\" \/>\n<meta property=\"article:publisher\" content=\"https:\/\/www.facebook.com\/WellogiApp\" \/>\n<meta property=\"article:modified_time\" content=\"2025-08-26T23:41:09+00:00\" \/>\n<meta property=\"og:image\" content=\"https:\/\/www.wellogi.com\/cursos\/wp-content\/uploads\/2025\/08\/Formato-para-el-Calculo-Dietetico-y-Antropometrico.png\" \/>\n\t<meta property=\"og:image:width\" content=\"940\" \/>\n\t<meta property=\"og:image:height\" content=\"788\" \/>\n\t<meta property=\"og:image:type\" content=\"image\/png\" \/>\n<meta name=\"twitter:card\" content=\"summary_large_image\" \/>\n<meta name=\"twitter:site\" content=\"@Wellogi_App\" \/>\n<script type=\"application\/ld+json\" class=\"yoast-schema-graph\">{\"@context\":\"https:\\\/\\\/schema.org\",\"@graph\":[{\"@type\":[\"WebPage\",\"ItemPage\"],\"@id\":\"https:\\\/\\\/www.wellogi.com\\\/cursos\\\/product\\\/plantilla-dietetica-antropometrica\\\/\",\"url\":\"https:\\\/\\\/www.wellogi.com\\\/cursos\\\/product\\\/plantilla-dietetica-antropometrica\\\/\",\"name\":\"Calculo Diet\u00e9tico y Antropom\u00e9trico - Wellogi Academy\",\"isPartOf\":{\"@id\":\"https:\\\/\\\/www.wellogi.com\\\/cursos\\\/#website\"},\"primaryImageOfPage\":{\"@id\":\"https:\\\/\\\/www.wellogi.com\\\/cursos\\\/product\\\/plantilla-dietetica-antropometrica\\\/#primaryimage\"},\"image\":{\"@id\":\"https:\\\/\\\/www.wellogi.com\\\/cursos\\\/product\\\/plantilla-dietetica-antropometrica\\\/#primaryimage\"},\"thumbnailUrl\":\"https:\\\/\\\/www.wellogi.com\\\/cursos\\\/wp-content\\\/uploads\\\/2025\\\/08\\\/Formato-para-el-Calculo-Dietetico-y-Antropometrico.png\",\"datePublished\":\"2025-08-10T23:57:58+00:00\",\"dateModified\":\"2025-08-26T23:41:09+00:00\",\"description\":\"Plataforma de capacitaci\u00f3n acad\u00e9mica continua as\u00edncrona especializada en Nutricion, Entrenamiento, Recomposici\u00f3n Corporal, Fitness y Wellness.\",\"breadcrumb\":{\"@id\":\"https:\\\/\\\/www.wellogi.com\\\/cursos\\\/product\\\/plantilla-dietetica-antropometrica\\\/#breadcrumb\"},\"inLanguage\":\"es\",\"potentialAction\":[{\"@type\":\"ReadAction\",\"target\":[\"https:\\\/\\\/www.wellogi.com\\\/cursos\\\/product\\\/plantilla-dietetica-antropometrica\\\/\"]}]},{\"@type\":\"ImageObject\",\"inLanguage\":\"es\",\"@id\":\"https:\\\/\\\/www.wellogi.com\\\/cursos\\\/product\\\/plantilla-dietetica-antropometrica\\\/#primaryimage\",\"url\":\"https:\\\/\\\/www.wellogi.com\\\/cursos\\\/wp-content\\\/uploads\\\/2025\\\/08\\\/Formato-para-el-Calculo-Dietetico-y-Antropometrico.png\",\"contentUrl\":\"https:\\\/\\\/www.wellogi.com\\\/cursos\\\/wp-content\\\/uploads\\\/2025\\\/08\\\/Formato-para-el-Calculo-Dietetico-y-Antropometrico.png\",\"width\":940,\"height\":788,\"caption\":\"Formato para el Calculo Diet\u00e9tico y Antropom\u00e9trico\"},{\"@type\":\"BreadcrumbList\",\"@id\":\"https:\\\/\\\/www.wellogi.com\\\/cursos\\\/product\\\/plantilla-dietetica-antropometrica\\\/#breadcrumb\",\"itemListElement\":[{\"@type\":\"ListItem\",\"position\":1,\"name\":\"Inicio\",\"item\":\"https:\\\/\\\/www.wellogi.com\\\/cursos\\\/\"},{\"@type\":\"ListItem\",\"position\":2,\"name\":\"Productos\",\"item\":\"https:\\\/\\\/www.wellogi.com\\\/cursos\\\/productos__trashed\\\/\"},{\"@type\":\"ListItem\",\"position\":3,\"name\":\"Calculo Diet\u00e9tico y Antropom\u00e9trico\"}]},{\"@type\":\"WebSite\",\"@id\":\"https:\\\/\\\/www.wellogi.com\\\/cursos\\\/#website\",\"url\":\"https:\\\/\\\/www.wellogi.com\\\/cursos\\\/\",\"name\":\"Wellogi Academy\",\"description\":\"Plataforma de capacitaci\u00f3n acad\u00e9mica continua as\u00edncrona.\",\"publisher\":{\"@id\":\"https:\\\/\\\/www.wellogi.com\\\/cursos\\\/#organization\"},\"potentialAction\":[{\"@type\":\"SearchAction\",\"target\":{\"@type\":\"EntryPoint\",\"urlTemplate\":\"https:\\\/\\\/www.wellogi.com\\\/cursos\\\/?s={search_term_string}\"},\"query-input\":{\"@type\":\"PropertyValueSpecification\",\"valueRequired\":true,\"valueName\":\"search_term_string\"}}],\"inLanguage\":\"es\"},{\"@type\":\"Organization\",\"@id\":\"https:\\\/\\\/www.wellogi.com\\\/cursos\\\/#organization\",\"name\":\"Wellogi Academy\",\"url\":\"https:\\\/\\\/www.wellogi.com\\\/cursos\\\/\",\"logo\":{\"@type\":\"ImageObject\",\"inLanguage\":\"es\",\"@id\":\"https:\\\/\\\/www.wellogi.com\\\/cursos\\\/#\\\/schema\\\/logo\\\/image\\\/\",\"url\":\"https:\\\/\\\/www.wellogi.com\\\/cursos\\\/wp-content\\\/uploads\\\/2021\\\/11\\\/Logo-y-Slogan-transparente-final-.png\",\"contentUrl\":\"https:\\\/\\\/www.wellogi.com\\\/cursos\\\/wp-content\\\/uploads\\\/2021\\\/11\\\/Logo-y-Slogan-transparente-final-.png\",\"width\":5042,\"height\":4883,\"caption\":\"Wellogi Academy\"},\"image\":{\"@id\":\"https:\\\/\\\/www.wellogi.com\\\/cursos\\\/#\\\/schema\\\/logo\\\/image\\\/\"},\"sameAs\":[\"https:\\\/\\\/www.facebook.com\\\/WellogiApp\",\"https:\\\/\\\/x.com\\\/Wellogi_App\",\"https:\\\/\\\/www.instagram.com\\\/wellogi_app\\\/\",\"https:\\\/\\\/www.linkedin.com\\\/in\\\/luis-gomez-wellogi\\\/\",\"https:\\\/\\\/www.youtube.com\\\/c\\\/Wellogi\\\/videos\"]}]}<\/script>\n<!-- \/ Yoast SEO plugin. -->","yoast_head_json":{"title":"Calculo Diet\u00e9tico y Antropom\u00e9trico - Wellogi Academy","description":"Plataforma de capacitaci\u00f3n acad\u00e9mica continua as\u00edncrona especializada en Nutricion, Entrenamiento, Recomposici\u00f3n Corporal, Fitness y Wellness.","robots":{"index":"index","follow":"follow","max-snippet":"max-snippet:-1","max-image-preview":"max-image-preview:large","max-video-preview":"max-video-preview:-1"},"canonical":"https:\/\/www.wellogi.com\/cursos\/product\/plantilla-dietetica-antropometrica\/","og_locale":"es_MX","og_type":"article","og_title":"Calculo Diet\u00e9tico y Antropom\u00e9trico - Wellogi Academy","og_description":"Plataforma de capacitaci\u00f3n acad\u00e9mica continua as\u00edncrona especializada en Nutricion, Entrenamiento, Recomposici\u00f3n Corporal, Fitness y Wellness.","og_url":"https:\/\/www.wellogi.com\/cursos\/product\/plantilla-dietetica-antropometrica\/","og_site_name":"Wellogi Academy","article_publisher":"https:\/\/www.facebook.com\/WellogiApp","article_modified_time":"2025-08-26T23:41:09+00:00","og_image":[{"width":940,"height":788,"url":"https:\/\/www.wellogi.com\/cursos\/wp-content\/uploads\/2025\/08\/Formato-para-el-Calculo-Dietetico-y-Antropometrico.png","type":"image\/png"}],"twitter_card":"summary_large_image","twitter_site":"@Wellogi_App","schema":{"@context":"https:\/\/schema.org","@graph":[{"@type":["WebPage","ItemPage"],"@id":"https:\/\/www.wellogi.com\/cursos\/product\/plantilla-dietetica-antropometrica\/","url":"https:\/\/www.wellogi.com\/cursos\/product\/plantilla-dietetica-antropometrica\/","name":"Calculo Diet\u00e9tico y Antropom\u00e9trico - Wellogi Academy","isPartOf":{"@id":"https:\/\/www.wellogi.com\/cursos\/#website"},"primaryImageOfPage":{"@id":"https:\/\/www.wellogi.com\/cursos\/product\/plantilla-dietetica-antropometrica\/#primaryimage"},"image":{"@id":"https:\/\/www.wellogi.com\/cursos\/product\/plantilla-dietetica-antropometrica\/#primaryimage"},"thumbnailUrl":"https:\/\/www.wellogi.com\/cursos\/wp-content\/uploads\/2025\/08\/Formato-para-el-Calculo-Dietetico-y-Antropometrico.png","datePublished":"2025-08-10T23:57:58+00:00","dateModified":"2025-08-26T23:41:09+00:00","description":"Plataforma de capacitaci\u00f3n acad\u00e9mica continua as\u00edncrona especializada en Nutricion, Entrenamiento, Recomposici\u00f3n Corporal, Fitness y Wellness.","breadcrumb":{"@id":"https:\/\/www.wellogi.com\/cursos\/product\/plantilla-dietetica-antropometrica\/#breadcrumb"},"inLanguage":"es","potentialAction":[{"@type":"ReadAction","target":["https:\/\/www.wellogi.com\/cursos\/product\/plantilla-dietetica-antropometrica\/"]}]},{"@type":"ImageObject","inLanguage":"es","@id":"https:\/\/www.wellogi.com\/cursos\/product\/plantilla-dietetica-antropometrica\/#primaryimage","url":"https:\/\/www.wellogi.com\/cursos\/wp-content\/uploads\/2025\/08\/Formato-para-el-Calculo-Dietetico-y-Antropometrico.png","contentUrl":"https:\/\/www.wellogi.com\/cursos\/wp-content\/uploads\/2025\/08\/Formato-para-el-Calculo-Dietetico-y-Antropometrico.png","width":940,"height":788,"caption":"Formato para el Calculo Diet\u00e9tico y Antropom\u00e9trico"},{"@type":"BreadcrumbList","@id":"https:\/\/www.wellogi.com\/cursos\/product\/plantilla-dietetica-antropometrica\/#breadcrumb","itemListElement":[{"@type":"ListItem","position":1,"name":"Inicio","item":"https:\/\/www.wellogi.com\/cursos\/"},{"@type":"ListItem","position":2,"name":"Productos","item":"https:\/\/www.wellogi.com\/cursos\/productos__trashed\/"},{"@type":"ListItem","position":3,"name":"Calculo Diet\u00e9tico y Antropom\u00e9trico"}]},{"@type":"WebSite","@id":"https:\/\/www.wellogi.com\/cursos\/#website","url":"https:\/\/www.wellogi.com\/cursos\/","name":"Wellogi Academy","description":"Plataforma de capacitaci\u00f3n acad\u00e9mica continua as\u00edncrona.","publisher":{"@id":"https:\/\/www.wellogi.com\/cursos\/#organization"},"potentialAction":[{"@type":"SearchAction","target":{"@type":"EntryPoint","urlTemplate":"https:\/\/www.wellogi.com\/cursos\/?s={search_term_string}"},"query-input":{"@type":"PropertyValueSpecification","valueRequired":true,"valueName":"search_term_string"}}],"inLanguage":"es"},{"@type":"Organization","@id":"https:\/\/www.wellogi.com\/cursos\/#organization","name":"Wellogi Academy","url":"https:\/\/www.wellogi.com\/cursos\/","logo":{"@type":"ImageObject","inLanguage":"es","@id":"https:\/\/www.wellogi.com\/cursos\/#\/schema\/logo\/image\/","url":"https:\/\/www.wellogi.com\/cursos\/wp-content\/uploads\/2021\/11\/Logo-y-Slogan-transparente-final-.png","contentUrl":"https:\/\/www.wellogi.com\/cursos\/wp-content\/uploads\/2021\/11\/Logo-y-Slogan-transparente-final-.png","width":5042,"height":4883,"caption":"Wellogi Academy"},"image":{"@id":"https:\/\/www.wellogi.com\/cursos\/#\/schema\/logo\/image\/"},"sameAs":["https:\/\/www.facebook.com\/WellogiApp","https:\/\/x.com\/Wellogi_App","https:\/\/www.instagram.com\/wellogi_app\/","https:\/\/www.linkedin.com\/in\/luis-gomez-wellogi\/","https:\/\/www.youtube.com\/c\/Wellogi\/videos"]}]}},"_links":{"self":[{"href":"https:\/\/www.wellogi.com\/cursos\/wp-json\/wp\/v2\/product\/114588","targetHints":{"allow":["GET"]}}],"collection":[{"href":"https:\/\/www.wellogi.com\/cursos\/wp-json\/wp\/v2\/product"}],"about":[{"href":"https:\/\/www.wellogi.com\/cursos\/wp-json\/wp\/v2\/types\/product"}],"replies":[{"embeddable":true,"href":"https:\/\/www.wellogi.com\/cursos\/wp-json\/wp\/v2\/comments?post=114588"}],"wp:featuredmedia":[{"embeddable":true,"href":"https:\/\/www.wellogi.com\/cursos\/wp-json\/wp\/v2\/media\/114605"}],"wp:attachment":[{"href":"https:\/\/www.wellogi.com\/cursos\/wp-json\/wp\/v2\/media?parent=114588"}],"wp:term":[{"taxonomy":"product_brand","embeddable":true,"href":"https:\/\/www.wellogi.com\/cursos\/wp-json\/wp\/v2\/product_brand?post=114588"},{"taxonomy":"product_cat","embeddable":true,"href":"https:\/\/www.wellogi.com\/cursos\/wp-json\/wp\/v2\/product_cat?post=114588"},{"taxonomy":"product_tag","embeddable":true,"href":"https:\/\/www.wellogi.com\/cursos\/wp-json\/wp\/v2\/product_tag?post=114588"}],"curies":[{"name":"wp","href":"https:\/\/api.w.org\/{rel}","templated":true}]}}