{"id":108077,"date":"2024-01-02T20:17:31","date_gmt":"2024-01-03T02:17:31","guid":{"rendered":"https:\/\/www.wellogi.com\/cursos\/?post_type=product&#038;p=108077"},"modified":"2025-06-09T20:03:55","modified_gmt":"2025-06-10T02:03:55","slug":"consulta-profesional","status":"publish","type":"product","link":"https:\/\/www.wellogi.com\/cursos\/product\/consulta-profesional\/","title":{"rendered":"Consultas Profesionales. Luis G\u00f3mez"},"content":{"rendered":"<h2 style=\"text-align: center;\"><span style=\"color: #000000;\"><strong>Consulta Profesional con L.N. Luis Alberto G\u00f3mez Mart\u00edn E.P.<\/strong><\/span><\/h2>\n<ul>\n<li style=\"text-align: center;\">Planes de Alimentaci\u00f3n y Entrenamiento aplicados a la Recomposici\u00f3n Corporal.<\/li>\n<li style=\"text-align: center;\">Planes de trabajo para Atletas de Fisicoculturismo.<\/li>\n<li style=\"text-align: center;\">Evaluaci\u00f3n Antropom\u00e9trica y registro de medidas.<\/li>\n<li style=\"text-align: center;\">Educaci\u00f3n nutricional acorde a los objetivos.<\/li>\n<li style=\"text-align: center;\">Suplementaci\u00f3n incluida en los Planes de Alimentaci\u00f3n.<\/li>\n<\/ul>\n<p style=\"text-align: center;\"><strong><span style=\"color: #000080;\">Sesiones digitales de 1 hora cada vez.\u00a0<\/span><\/strong><\/p>\n<p style=\"text-align: center;\"><span style=\"color: #000000;\"><strong>Curriculum Vitae de L.N. Luis Alberto G\u00f3mez Mart\u00edn E.P.<\/strong><\/span><\/p>\n<p style=\"text-align: center;\"><a href=\"https:\/\/www.wellogi.com\/cursos\/wp-content\/uploads\/2023\/11\/CV.-Luis-Alberto-Gomez-Martin.-Wellogi-29-11-2023.pdf\">CV. Luis Alberto Gomez Martin. Wellogi<\/a><\/p>\n<p style=\"text-align: center;\"><span style=\"color: #000000;\">Contrato de Servicios Profesionales de L.N. Luis Alberto G\u00f3mez Mart\u00edn E.P.<\/span><\/p>\n<p style=\"text-align: center;\"><a href=\"https:\/\/www.wellogi.com\/cursos\/wp-content\/uploads\/2023\/09\/Contrato-de-Servicios-Profesionales.-Wellogi.pdf\">Contrato de Servicios Profesionales. Wellogi<\/a><\/p>\n<h3 style=\"text-align: center;\"><span style=\"color: #000080;\">GARANT\u00cdA DE CONFIANZA Y SEGURIDAD:<\/span><\/h3>\n<p style=\"text-align: center;\">Tenemos nuestro\u00a0<a href=\"https:\/\/www.wellogi.com\/cursos\/codigo-de-etica\/\"><strong>C\u00f3digo de \u00c9tica<\/strong><\/a>\u00a0y el\u00a0<a href=\"https:\/\/www.wellogi.com\/cursos\/contrato-de-adhesion-profeco\/\"><strong>Contrato de Adhesi\u00f3n<\/strong><\/a>\u00a0registrado ante la\u00a0<a href=\"https:\/\/distintivodigital.profeco.gob.mx\/index.php\"><strong>Procuradur\u00eda Federal del Consumidor (PROFECO)<\/strong><\/a> para asegurarte condiciones\u00a0<strong>Justas<\/strong>\u00a0y\u00a0<strong>Claras<\/strong> en nuestras relaciones comerciales de nuestros servicios digitales acad\u00e9micos y productos digitales y\/o f\u00edsicos.<\/p>\n<p style=\"text-align: center;\">Tambi\u00e9n tenemos <a href=\"https:\/\/www.wellogi.com\/cursos\/refund_returns\/\"><strong>T\u00e9rminos y Condiciones<\/strong><\/a>\u00a0y nuestra\u00a0<a href=\"https:\/\/www.wellogi.com\/cursos\/politica-de-privacidad\/\"><strong>Pol\u00edtica de Privacidad<\/strong><\/a> registrada ante la misma agencia de protecci\u00f3n al cliente y consumidor, que aseguran la <strong>Legitimidad<\/strong>\u00a0y\u00a0<strong>Seguridad\u00a0<\/strong>del proyecto y empresa.<\/p>\n<p style=\"text-align: center;\">Esto nos ha otorgado el \u201c<a href=\"https:\/\/www.wellogi.com\/cursos\/distintivo-digital-profeco\/\"><strong>Distintivo Digital<\/strong><\/a>\u201d que se le otorga solamente a las empresas que se han ganado la\u00a0<strong>Confianza<\/strong>\u00a0de los consumidores y el\u00a0<strong>Respeto<\/strong>\u00a0de la\u00a0<strong><a href=\"https:\/\/www.gob.mx\/profeco\/articulos\/proceso-y-requisitos-de-quejas-y-denuncias\">PROFECO.\u00a0<\/a><\/strong><\/p>\n<p style=\"text-align: center;\"><strong><span style=\"color: #ff0000;\">NOTA: Al finalizar tu compra, recibir\u00e1s un email con las instrucciones para que te contactes directamente al WhatsApp personal del L.N. Luis Alberto G\u00f3mez Mart\u00edn E.P.\u00a0<\/span><\/strong><\/p>\n<p>Si se desea, se puede emitir <b>Factura<\/b> de las compras, solo enviar la <strong>Constancia de Situaci\u00f3n Fiscal<\/strong> y el <strong>Comprobante de Pago<\/strong> al email; <strong>contacto@wellogi.com<\/strong><\/p>\n","protected":false},"excerpt":{"rendered":"<h2 style=\"text-align: center;\"><span style=\"color: #000000;\"><strong>Consulta Profesional con L.N. Luis Alberto G\u00f3mez Mart\u00edn E.P.<\/strong><\/span><\/h2>\n<ul>\n<li style=\"text-align: center;\">Planes de Alimentaci\u00f3n y Entrenamiento aplicados a la Recomposici\u00f3n Corporal.<\/li>\n<li style=\"text-align: center;\">Planes de trabajo para Atletas de Fisicoculturismo.<\/li>\n<li style=\"text-align: center;\">Evaluaci\u00f3n Antropom\u00e9trica y registro de medidas.<\/li>\n<li style=\"text-align: center;\">Educaci\u00f3n nutricional acorde a los objetivos.<\/li>\n<li style=\"text-align: center;\">Suplementaci\u00f3n incluida en los Planes de Alimentaci\u00f3n.<\/li>\n<\/ul>\n<p style=\"text-align: center;\"><strong><span style=\"color: #000080;\">Sesiones digitales de 1 hora cada vez.\u00a0<\/span><\/strong><\/p>\n","protected":false},"featured_media":104506,"comment_status":"open","ping_status":"closed","template":"","meta":[],"product_brand":[],"product_cat":[16],"product_tag":[1983],"class_list":{"0":"post-108077","1":"product","2":"type-product","3":"status-publish","4":"has-post-thumbnail","6":"product_cat-consultas","7":"product_tag-consultas","8":"post","10":"first","11":"instock","12":"sale","13":"shipping-taxable","14":"purchasable","15":"product-type-variable"},"yoast_head":"<!-- This site is optimized with the Yoast SEO plugin v27.4 - https:\/\/yoast.com\/product\/yoast-seo-wordpress\/ -->\n<title>Consultas Profesionales. Luis G\u00f3mez - Wellogi Academy<\/title>\n<meta name=\"description\" content=\"Plataforma de capacitaci\u00f3n acad\u00e9mica continua as\u00edncrona especializada en Nutricion, Entrenamiento, Recomposici\u00f3n Corporal, Fitness y Wellness.\" \/>\n<meta name=\"robots\" content=\"index, follow, max-snippet:-1, max-image-preview:large, max-video-preview:-1\" \/>\n<link rel=\"canonical\" href=\"https:\/\/www.wellogi.com\/cursos\/product\/consulta-profesional\/\" \/>\n<meta property=\"og:locale\" content=\"es_MX\" \/>\n<meta property=\"og:type\" content=\"article\" \/>\n<meta property=\"og:title\" content=\"Consultas Profesionales. Luis G\u00f3mez - Wellogi Academy\" \/>\n<meta property=\"og:description\" content=\"Plataforma de capacitaci\u00f3n acad\u00e9mica continua as\u00edncrona especializada en Nutricion, Entrenamiento, Recomposici\u00f3n Corporal, Fitness y Wellness.\" \/>\n<meta property=\"og:url\" content=\"https:\/\/www.wellogi.com\/cursos\/product\/consulta-profesional\/\" \/>\n<meta property=\"og:site_name\" content=\"Wellogi Academy\" \/>\n<meta property=\"article:publisher\" content=\"https:\/\/www.facebook.com\/WellogiApp\" \/>\n<meta property=\"article:modified_time\" content=\"2025-06-10T02:03:55+00:00\" \/>\n<meta property=\"og:image\" content=\"https:\/\/www.wellogi.com\/cursos\/wp-content\/uploads\/2023\/09\/Promociones-Post-para-Facebook-Horizontal-1000-x-1000-px.png\" \/>\n\t<meta property=\"og:image:width\" content=\"1000\" \/>\n\t<meta property=\"og:image:height\" content=\"1000\" \/>\n\t<meta property=\"og:image:type\" content=\"image\/png\" \/>\n<meta name=\"twitter:card\" content=\"summary_large_image\" \/>\n<meta name=\"twitter:site\" content=\"@Wellogi_App\" \/>\n<script type=\"application\/ld+json\" class=\"yoast-schema-graph\">{\"@context\":\"https:\\\/\\\/schema.org\",\"@graph\":[{\"@type\":[\"WebPage\",\"ItemPage\"],\"@id\":\"https:\\\/\\\/www.wellogi.com\\\/cursos\\\/product\\\/consulta-profesional\\\/\",\"url\":\"https:\\\/\\\/www.wellogi.com\\\/cursos\\\/product\\\/consulta-profesional\\\/\",\"name\":\"Consultas Profesionales. Luis G\u00f3mez - Wellogi Academy\",\"isPartOf\":{\"@id\":\"https:\\\/\\\/www.wellogi.com\\\/cursos\\\/#website\"},\"primaryImageOfPage\":{\"@id\":\"https:\\\/\\\/www.wellogi.com\\\/cursos\\\/product\\\/consulta-profesional\\\/#primaryimage\"},\"image\":{\"@id\":\"https:\\\/\\\/www.wellogi.com\\\/cursos\\\/product\\\/consulta-profesional\\\/#primaryimage\"},\"thumbnailUrl\":\"https:\\\/\\\/www.wellogi.com\\\/cursos\\\/wp-content\\\/uploads\\\/2023\\\/09\\\/Promociones-Post-para-Facebook-Horizontal-1000-x-1000-px.png\",\"datePublished\":\"2024-01-03T02:17:31+00:00\",\"dateModified\":\"2025-06-10T02:03:55+00:00\",\"description\":\"Plataforma de capacitaci\u00f3n acad\u00e9mica continua as\u00edncrona especializada en Nutricion, Entrenamiento, Recomposici\u00f3n Corporal, Fitness y Wellness.\",\"breadcrumb\":{\"@id\":\"https:\\\/\\\/www.wellogi.com\\\/cursos\\\/product\\\/consulta-profesional\\\/#breadcrumb\"},\"inLanguage\":\"es\",\"potentialAction\":[{\"@type\":\"ReadAction\",\"target\":[\"https:\\\/\\\/www.wellogi.com\\\/cursos\\\/product\\\/consulta-profesional\\\/\"]}]},{\"@type\":\"ImageObject\",\"inLanguage\":\"es\",\"@id\":\"https:\\\/\\\/www.wellogi.com\\\/cursos\\\/product\\\/consulta-profesional\\\/#primaryimage\",\"url\":\"https:\\\/\\\/www.wellogi.com\\\/cursos\\\/wp-content\\\/uploads\\\/2023\\\/09\\\/Promociones-Post-para-Facebook-Horizontal-1000-x-1000-px.png\",\"contentUrl\":\"https:\\\/\\\/www.wellogi.com\\\/cursos\\\/wp-content\\\/uploads\\\/2023\\\/09\\\/Promociones-Post-para-Facebook-Horizontal-1000-x-1000-px.png\",\"width\":1000,\"height\":1000,\"caption\":\"Consulta en Nutrici\u00f3n y Entrenamiento\"},{\"@type\":\"BreadcrumbList\",\"@id\":\"https:\\\/\\\/www.wellogi.com\\\/cursos\\\/product\\\/consulta-profesional\\\/#breadcrumb\",\"itemListElement\":[{\"@type\":\"ListItem\",\"position\":1,\"name\":\"Inicio\",\"item\":\"https:\\\/\\\/www.wellogi.com\\\/cursos\\\/\"},{\"@type\":\"ListItem\",\"position\":2,\"name\":\"Productos\",\"item\":\"https:\\\/\\\/www.wellogi.com\\\/cursos\\\/productos__trashed\\\/\"},{\"@type\":\"ListItem\",\"position\":3,\"name\":\"Consultas Profesionales. Luis G\u00f3mez\"}]},{\"@type\":\"WebSite\",\"@id\":\"https:\\\/\\\/www.wellogi.com\\\/cursos\\\/#website\",\"url\":\"https:\\\/\\\/www.wellogi.com\\\/cursos\\\/\",\"name\":\"Wellogi Academy\",\"description\":\"Plataforma de capacitaci\u00f3n acad\u00e9mica continua as\u00edncrona.\",\"publisher\":{\"@id\":\"https:\\\/\\\/www.wellogi.com\\\/cursos\\\/#organization\"},\"potentialAction\":[{\"@type\":\"SearchAction\",\"target\":{\"@type\":\"EntryPoint\",\"urlTemplate\":\"https:\\\/\\\/www.wellogi.com\\\/cursos\\\/?s={search_term_string}\"},\"query-input\":{\"@type\":\"PropertyValueSpecification\",\"valueRequired\":true,\"valueName\":\"search_term_string\"}}],\"inLanguage\":\"es\"},{\"@type\":\"Organization\",\"@id\":\"https:\\\/\\\/www.wellogi.com\\\/cursos\\\/#organization\",\"name\":\"Wellogi Academy\",\"url\":\"https:\\\/\\\/www.wellogi.com\\\/cursos\\\/\",\"logo\":{\"@type\":\"ImageObject\",\"inLanguage\":\"es\",\"@id\":\"https:\\\/\\\/www.wellogi.com\\\/cursos\\\/#\\\/schema\\\/logo\\\/image\\\/\",\"url\":\"https:\\\/\\\/www.wellogi.com\\\/cursos\\\/wp-content\\\/uploads\\\/2021\\\/11\\\/Logo-y-Slogan-transparente-final-.png\",\"contentUrl\":\"https:\\\/\\\/www.wellogi.com\\\/cursos\\\/wp-content\\\/uploads\\\/2021\\\/11\\\/Logo-y-Slogan-transparente-final-.png\",\"width\":5042,\"height\":4883,\"caption\":\"Wellogi Academy\"},\"image\":{\"@id\":\"https:\\\/\\\/www.wellogi.com\\\/cursos\\\/#\\\/schema\\\/logo\\\/image\\\/\"},\"sameAs\":[\"https:\\\/\\\/www.facebook.com\\\/WellogiApp\",\"https:\\\/\\\/x.com\\\/Wellogi_App\",\"https:\\\/\\\/www.instagram.com\\\/wellogi_app\\\/\",\"https:\\\/\\\/www.linkedin.com\\\/in\\\/luis-gomez-wellogi\\\/\",\"https:\\\/\\\/www.youtube.com\\\/c\\\/Wellogi\\\/videos\"]}]}<\/script>\n<!-- \/ Yoast SEO plugin. -->","yoast_head_json":{"title":"Consultas Profesionales. Luis G\u00f3mez - Wellogi Academy","description":"Plataforma de capacitaci\u00f3n acad\u00e9mica continua as\u00edncrona especializada en Nutricion, Entrenamiento, Recomposici\u00f3n Corporal, Fitness y Wellness.","robots":{"index":"index","follow":"follow","max-snippet":"max-snippet:-1","max-image-preview":"max-image-preview:large","max-video-preview":"max-video-preview:-1"},"canonical":"https:\/\/www.wellogi.com\/cursos\/product\/consulta-profesional\/","og_locale":"es_MX","og_type":"article","og_title":"Consultas Profesionales. Luis G\u00f3mez - Wellogi Academy","og_description":"Plataforma de capacitaci\u00f3n acad\u00e9mica continua as\u00edncrona especializada en Nutricion, Entrenamiento, Recomposici\u00f3n Corporal, Fitness y Wellness.","og_url":"https:\/\/www.wellogi.com\/cursos\/product\/consulta-profesional\/","og_site_name":"Wellogi Academy","article_publisher":"https:\/\/www.facebook.com\/WellogiApp","article_modified_time":"2025-06-10T02:03:55+00:00","og_image":[{"width":1000,"height":1000,"url":"https:\/\/www.wellogi.com\/cursos\/wp-content\/uploads\/2023\/09\/Promociones-Post-para-Facebook-Horizontal-1000-x-1000-px.png","type":"image\/png"}],"twitter_card":"summary_large_image","twitter_site":"@Wellogi_App","schema":{"@context":"https:\/\/schema.org","@graph":[{"@type":["WebPage","ItemPage"],"@id":"https:\/\/www.wellogi.com\/cursos\/product\/consulta-profesional\/","url":"https:\/\/www.wellogi.com\/cursos\/product\/consulta-profesional\/","name":"Consultas Profesionales. Luis G\u00f3mez - Wellogi Academy","isPartOf":{"@id":"https:\/\/www.wellogi.com\/cursos\/#website"},"primaryImageOfPage":{"@id":"https:\/\/www.wellogi.com\/cursos\/product\/consulta-profesional\/#primaryimage"},"image":{"@id":"https:\/\/www.wellogi.com\/cursos\/product\/consulta-profesional\/#primaryimage"},"thumbnailUrl":"https:\/\/www.wellogi.com\/cursos\/wp-content\/uploads\/2023\/09\/Promociones-Post-para-Facebook-Horizontal-1000-x-1000-px.png","datePublished":"2024-01-03T02:17:31+00:00","dateModified":"2025-06-10T02:03:55+00:00","description":"Plataforma de capacitaci\u00f3n acad\u00e9mica continua as\u00edncrona especializada en Nutricion, Entrenamiento, Recomposici\u00f3n Corporal, Fitness y Wellness.","breadcrumb":{"@id":"https:\/\/www.wellogi.com\/cursos\/product\/consulta-profesional\/#breadcrumb"},"inLanguage":"es","potentialAction":[{"@type":"ReadAction","target":["https:\/\/www.wellogi.com\/cursos\/product\/consulta-profesional\/"]}]},{"@type":"ImageObject","inLanguage":"es","@id":"https:\/\/www.wellogi.com\/cursos\/product\/consulta-profesional\/#primaryimage","url":"https:\/\/www.wellogi.com\/cursos\/wp-content\/uploads\/2023\/09\/Promociones-Post-para-Facebook-Horizontal-1000-x-1000-px.png","contentUrl":"https:\/\/www.wellogi.com\/cursos\/wp-content\/uploads\/2023\/09\/Promociones-Post-para-Facebook-Horizontal-1000-x-1000-px.png","width":1000,"height":1000,"caption":"Consulta en Nutrici\u00f3n y Entrenamiento"},{"@type":"BreadcrumbList","@id":"https:\/\/www.wellogi.com\/cursos\/product\/consulta-profesional\/#breadcrumb","itemListElement":[{"@type":"ListItem","position":1,"name":"Inicio","item":"https:\/\/www.wellogi.com\/cursos\/"},{"@type":"ListItem","position":2,"name":"Productos","item":"https:\/\/www.wellogi.com\/cursos\/productos__trashed\/"},{"@type":"ListItem","position":3,"name":"Consultas Profesionales. Luis G\u00f3mez"}]},{"@type":"WebSite","@id":"https:\/\/www.wellogi.com\/cursos\/#website","url":"https:\/\/www.wellogi.com\/cursos\/","name":"Wellogi Academy","description":"Plataforma de capacitaci\u00f3n acad\u00e9mica continua as\u00edncrona.","publisher":{"@id":"https:\/\/www.wellogi.com\/cursos\/#organization"},"potentialAction":[{"@type":"SearchAction","target":{"@type":"EntryPoint","urlTemplate":"https:\/\/www.wellogi.com\/cursos\/?s={search_term_string}"},"query-input":{"@type":"PropertyValueSpecification","valueRequired":true,"valueName":"search_term_string"}}],"inLanguage":"es"},{"@type":"Organization","@id":"https:\/\/www.wellogi.com\/cursos\/#organization","name":"Wellogi Academy","url":"https:\/\/www.wellogi.com\/cursos\/","logo":{"@type":"ImageObject","inLanguage":"es","@id":"https:\/\/www.wellogi.com\/cursos\/#\/schema\/logo\/image\/","url":"https:\/\/www.wellogi.com\/cursos\/wp-content\/uploads\/2021\/11\/Logo-y-Slogan-transparente-final-.png","contentUrl":"https:\/\/www.wellogi.com\/cursos\/wp-content\/uploads\/2021\/11\/Logo-y-Slogan-transparente-final-.png","width":5042,"height":4883,"caption":"Wellogi Academy"},"image":{"@id":"https:\/\/www.wellogi.com\/cursos\/#\/schema\/logo\/image\/"},"sameAs":["https:\/\/www.facebook.com\/WellogiApp","https:\/\/x.com\/Wellogi_App","https:\/\/www.instagram.com\/wellogi_app\/","https:\/\/www.linkedin.com\/in\/luis-gomez-wellogi\/","https:\/\/www.youtube.com\/c\/Wellogi\/videos"]}]}},"_links":{"self":[{"href":"https:\/\/www.wellogi.com\/cursos\/wp-json\/wp\/v2\/product\/108077","targetHints":{"allow":["GET"]}}],"collection":[{"href":"https:\/\/www.wellogi.com\/cursos\/wp-json\/wp\/v2\/product"}],"about":[{"href":"https:\/\/www.wellogi.com\/cursos\/wp-json\/wp\/v2\/types\/product"}],"replies":[{"embeddable":true,"href":"https:\/\/www.wellogi.com\/cursos\/wp-json\/wp\/v2\/comments?post=108077"}],"wp:featuredmedia":[{"embeddable":true,"href":"https:\/\/www.wellogi.com\/cursos\/wp-json\/wp\/v2\/media\/104506"}],"wp:attachment":[{"href":"https:\/\/www.wellogi.com\/cursos\/wp-json\/wp\/v2\/media?parent=108077"}],"wp:term":[{"taxonomy":"product_brand","embeddable":true,"href":"https:\/\/www.wellogi.com\/cursos\/wp-json\/wp\/v2\/product_brand?post=108077"},{"taxonomy":"product_cat","embeddable":true,"href":"https:\/\/www.wellogi.com\/cursos\/wp-json\/wp\/v2\/product_cat?post=108077"},{"taxonomy":"product_tag","embeddable":true,"href":"https:\/\/www.wellogi.com\/cursos\/wp-json\/wp\/v2\/product_tag?post=108077"}],"curies":[{"name":"wp","href":"https:\/\/api.w.org\/{rel}","templated":true}]}}