{"id":92812,"date":"2023-04-08T18:41:19","date_gmt":"2023-04-09T00:41:19","guid":{"rendered":"https:\/\/www.wellogi.com\/cursos\/?page_id=92812"},"modified":"2026-02-04T08:12:07","modified_gmt":"2026-02-04T14:12:07","slug":"directorio-certificacion-suplementacion-recomposicion-corporal","status":"publish","type":"page","link":"https:\/\/www.wellogi.com\/cursos\/directorio-certificacion-suplementacion-recomposicion-corporal\/","title":{"rendered":"Directorio de Profesionales Certificados en Suplementaci\u00f3n aplicada a la Recomposici\u00f3n Corporal."},"content":{"rendered":"\n<p class=\"has-text-align-center\">Los siguientes Alumnos de <strong>Wellogi Academy<\/strong>, terminaron debidamente y con <strong>Calificaci\u00f3n Sobresaliente<\/strong> cada uno de los <strong>Ex\u00e1menes<\/strong> de la Correspondiente a esta <strong>Certificaci\u00f3n<\/strong> y entregaron <strong>Trabajos Finales<\/strong> que demuestran la correcta aplicaci\u00f3n de los conocimientos en la practica profesional. Por lo que <strong>Wellogi Academy Avala que los siguientes alumnos<\/strong> tienen las <strong>Competencias Laborales<\/strong> indicadas en esta Certificaci\u00f3n. <\/p>\n\n\n\n<p class=\"has-text-align-center\">*Wellogi Academy queda totalmente deslindado del trabajo de los Profesionales.<\/p>\n\n\n\n<figure class=\"wp-block-embed is-type-video is-provider-vimeo wp-block-embed-vimeo wp-embed-aspect-16-9 wp-has-aspect-ratio\"><div class=\"wp-block-embed__wrapper\">\n<iframe src=\"https:\/\/player.vimeo.com\/video\/802284443?dnt=1&amp;app_id=122963\" width=\"605\" height=\"340\" frameborder=\"0\" allow=\"autoplay; fullscreen; picture-in-picture; clipboard-write; encrypted-media; web-share\" referrerpolicy=\"strict-origin-when-cross-origin\"><\/iframe>\n<\/div><\/figure>\n\n\n\n<p class=\"has-text-align-center\"><strong>Rogelio Morales Hern\u00e1ndez<\/strong> de la ciudad de <strong>Teziutlan, Puebla<\/strong>. Cont\u00e1ctalo en <strong>rogermorales52@gmail.com<\/strong><\/p>\n\n\n\n<p class=\"has-text-align-center\"><strong>Ver\u00f3nica D\u00edaz Urbi\u00f1a<\/strong> de la ciudad de <strong>Tlaxcala, Tlaxcala.<\/strong> Cont\u00e1ctala en <strong>verytuss_du@hotmail.com<\/strong> <\/p>\n\n\n\n<p class=\"has-text-align-center\"><strong>Oscar Ivan Leon Barraza<\/strong> de la ciudad de <strong>Los Mochis, Sinaloa.<\/strong>&nbsp;Cont\u00e1ctalo en <strong>nutricion@oscarleon.com.mx<\/strong><\/p>\n\n\n\n<p class=\"has-text-align-center\"><strong>Sergio Medina Salazar<\/strong> de la ciudad de <strong>Le\u00f3n, Guanajuato<\/strong>. Cont\u00e1ctalo en <strong>sergiomedsalazar@gmail.com <\/strong><\/p>\n\n\n\n<p class=\"has-text-align-center\"><strong><strong>Yasser Mart\u00ednez Gonz\u00e1lez<\/strong>&nbsp;<\/strong> de la ciudad de <strong>Toluca, Estado de M\u00e9xico<\/strong>. Cont\u00e1ctala en <strong>yasser9601@a-honorato0289 <\/strong><\/p>\n\n\n\n<p class=\"has-text-align-center\"><strong>Juan Becerra <strong>L\u00f3pez<\/strong><\/strong> de la ciudad de <strong>Guadalajara, Jalisco<\/strong>. Cont\u00e1ctalo en <strong>mpn.suplementacion@gmail.com<\/strong><\/p>\n\n\n\n<p class=\"has-text-align-center\"><strong>Rogelio Morales Hern\u00e1ndez<\/strong> de la ciudad de <strong>Teziutl\u00e1n, Puebla.<\/strong> Cont\u00e1ctalo en <strong>rogermorales52@gmail.com <\/strong><\/p>\n\n\n\n<p class=\"has-text-align-center\"><strong>Ra\u00fal Vargas Zalazar<\/strong> de la ciudad de <strong><strong>Dallas, Texas<\/strong><\/strong>. Cont\u00e1ctalo en <strong>pro.enhanced.nutrition@gmail.com<\/strong><\/p>\n\n\n\n<p class=\"has-text-align-center\"><strong>Diego Iv\u00e1n Caro Valdespino<\/strong> de la ciudad de<strong> Mineral de la Reforma, Hidalgo<\/strong>. Cont\u00e1ctalo en <strong>verdaderoscampeones.asesorias@gmail.com<\/strong><\/p>\n\n\n\n<p class=\"has-text-align-center\"><strong>Daniel Tonathiu Guerrero Ramirez<\/strong> de <strong>Nezahualcoyotl, Estado de M\u00e9xico<\/strong>. Cont\u00e1ctalo en <strong>coachsixdaniel@gmail.com<\/strong><\/p>\n\n\n\n<p class=\"has-text-align-center\"><strong>Hilario Gardu\u00f1o Ram\u00edrez<\/strong>&nbsp;de la ciudad de&nbsp;<strong>Cuautitlan Izcalli, Estado de Mexico.<\/strong>&nbsp;Cont\u00e1ctalo en&nbsp;<strong>gardunolalo4@gmail.com<\/strong><\/p>\n\n\n\n<p class=\"has-text-align-center\"><strong>Edgar David Gonz\u00e1lez Hern\u00e1ndez<\/strong> de la <strong>Ciudad de M\u00e9xico (CDMX)<\/strong>. Cont\u00e1ctalo en <strong>nut_david@yahoo.com<\/strong><\/p>\n\n\n\n<p class=\"has-text-align-center\"><strong>Erik Santiago Noriega Bandala<\/strong> de la <strong>Ciudad de M\u00e9xico (CDMX)<\/strong>. Cont\u00e1ctalo en <strong>eriksantiago.esnb@gmail.com<\/strong><\/p>\n\n\n\n<p class=\"has-text-align-center\"><strong>Karla Guadalupe Lopez Cervantes<\/strong> de la ciudad de <strong>Guadalajara, Jalisco<\/strong>. Cont\u00e1ctala en <strong>karlalopez.c98@gmail.com<\/strong><\/p>\n\n\n\n<p class=\"has-text-align-center\"><strong>Pedro Isaias Cruz Salvador<\/strong> de la ciudad de <strong>Calkin\u00ed, Campeche.<\/strong> Cont\u00e1ctalo en <strong>pc1582582@icloud.com<\/strong><\/p>\n\n\n\n<p class=\"has-text-align-center\"><strong>Valeria Alarc\u00f3n Hern\u00e1ndez<\/strong> de la ciudad de <strong>Aguascalientes, Aguascalientes<\/strong>. Cont\u00e1ctala en <strong>vaalhz96@outlook.com<\/strong><\/p>\n\n\n\n<p class=\"has-text-align-center\"><strong>Fredy Hern\u00e1ndez Mart\u00ednez<\/strong> de la ciudad de <strong>Juchit\u00e1n de Zaragoza<\/strong>. Cont\u00e1ctalo en <strong>eduardo.fredy11@gmail.com <\/strong><\/p>\n\n\n\n<p class=\"has-text-align-center\"><strong>Luis Adri\u00e1n Salas<\/strong> de la ciudad de <strong>Puebla, Puebla<\/strong>. Cont\u00e1ctalo en <strong>luisadriansalas4@gmail.com<\/strong><\/p>\n\n\n\n<p class=\"has-text-align-center\"><strong>Onecimo Ventura Javier<\/strong> de la ciudad de <strong>Villahermosa, Tabasc<\/strong>o. Cont\u00e1ctalo en <strong>nechoventura@gmail.com<\/strong><\/p>\n\n\n\n<p class=\"has-text-align-center\"><strong>Jes\u00fas Alfredo Chavez Duran<\/strong> de la ciudad de <strong>Canc\u00fan, Quintana Roo<\/strong>. Cont\u00e1ctalo en <strong>jalfred1990@gmail.com <\/strong><\/p>\n\n\n\n<p class=\"has-text-align-center\"><strong>Luis Diego Rojas Longoria <\/strong>de la ciudad de <strong>L\u00e9on, Guanajuato<\/strong>. Cont\u00e1ctalo en<strong> diego.longoria14@gmail.com<\/strong><\/p>\n\n\n\n<p class=\"has-text-align-center\"><strong>Jos\u00e9 Luis Reyes Vargas<\/strong> de la ciudad de <strong>Huixquilucan,<\/strong> <strong>Estado de M\u00e9xico<\/strong>. Cont\u00e1ctalo en <strong>consul_asoc@hotmail.com<\/strong><\/p>\n\n\n\n<p class=\"has-text-align-center\"><strong>Mishell Irais Olvera Montalvo<\/strong> de la ciudad de <strong>Tezoyuca, Estado de M\u00e9xico.<\/strong> Cont\u00e1ctala en <strong>mishellomfitness@gmail.com<\/strong><\/p>\n\n\n\n<p class=\"has-text-align-center\"><strong>Yilmar Esa\u00fa Ch\u00e1vez Guerrero<\/strong> de la ciudad de  <strong>Le\u00f3n, Guanajuato<\/strong>. Cont\u00e1ctalo en <strong>chavez.yilmar@gmail.com<\/strong><\/p>\n\n\n\n<p class=\"has-text-align-center\"><strong>Manuel Alejandro Ordaz Vel\u00e1zquez<\/strong> de la ciudad de <strong>Navolato, Sinaloa<\/strong>. Cont\u00e1ctalo en<strong> manuel_ordaz31@hotmail.com<\/strong> <\/p>\n\n\n\n<p class=\"has-text-align-center\"><strong>Omar P\u00e9rez Cuna<\/strong> de la <strong>CDMX<\/strong>. Cont\u00e1ctalo en<strong> omar.cuna@gmail.com<\/strong><\/p>\n\n\n\n<p class=\"has-text-align-center\"><strong>Oscar Dom\u00ednguez L\u00f3pez<\/strong> de la ciudad de <strong>Villahermosa, Tabasco<\/strong>. Cont\u00e1ctalo en <strong>oscarlopezdyr@gmail.com<\/strong><\/p>\n\n\n\n<p class=\"has-text-align-center\"><strong>Jorge Cervantes Guti\u00e9rrez<\/strong> de la <strong>CDMX<\/strong>. Cont\u00e1ctalo en <strong>a01334129@gmail.com<\/strong><\/p>\n\n\n\n<figure class=\"wp-block-image aligncenter size-large\"><img fetchpriority=\"high\" decoding=\"async\" width=\"1024\" height=\"724\" src=\"https:\/\/www.wellogi.com\/cursos\/wp-content\/uploads\/2024\/11\/Certificado-en-Suplementacion-aplicada-a-la-Recomposicion-Corporal.-Wellogi-Academy-1024x724.png\" alt=\"Certificado en Suplementaci\u00f3n aplicada a la Recomposici\u00f3n Corporal. Wellogi Academy\" class=\"wp-image-113527\" srcset=\"https:\/\/www.wellogi.com\/cursos\/wp-content\/uploads\/2024\/11\/Certificado-en-Suplementacion-aplicada-a-la-Recomposicion-Corporal.-Wellogi-Academy-1024x724.png 1024w, https:\/\/www.wellogi.com\/cursos\/wp-content\/uploads\/2024\/11\/Certificado-en-Suplementacion-aplicada-a-la-Recomposicion-Corporal.-Wellogi-Academy-300x212.png 300w, https:\/\/www.wellogi.com\/cursos\/wp-content\/uploads\/2024\/11\/Certificado-en-Suplementacion-aplicada-a-la-Recomposicion-Corporal.-Wellogi-Academy-768x543.png 768w, https:\/\/www.wellogi.com\/cursos\/wp-content\/uploads\/2024\/11\/Certificado-en-Suplementacion-aplicada-a-la-Recomposicion-Corporal.-Wellogi-Academy-200x141.png 200w, https:\/\/www.wellogi.com\/cursos\/wp-content\/uploads\/2024\/11\/Certificado-en-Suplementacion-aplicada-a-la-Recomposicion-Corporal.-Wellogi-Academy-400x283.png 400w, https:\/\/www.wellogi.com\/cursos\/wp-content\/uploads\/2024\/11\/Certificado-en-Suplementacion-aplicada-a-la-Recomposicion-Corporal.-Wellogi-Academy-100x71.png 100w, https:\/\/www.wellogi.com\/cursos\/wp-content\/uploads\/2024\/11\/Certificado-en-Suplementacion-aplicada-a-la-Recomposicion-Corporal.-Wellogi-Academy-1536x1086.png 1536w, https:\/\/www.wellogi.com\/cursos\/wp-content\/uploads\/2024\/11\/Certificado-en-Suplementacion-aplicada-a-la-Recomposicion-Corporal.-Wellogi-Academy-150x106.png 150w, https:\/\/www.wellogi.com\/cursos\/wp-content\/uploads\/2024\/11\/Certificado-en-Suplementacion-aplicada-a-la-Recomposicion-Corporal.-Wellogi-Academy-450x318.png 450w, https:\/\/www.wellogi.com\/cursos\/wp-content\/uploads\/2024\/11\/Certificado-en-Suplementacion-aplicada-a-la-Recomposicion-Corporal.-Wellogi-Academy-600x424.png 600w, https:\/\/www.wellogi.com\/cursos\/wp-content\/uploads\/2024\/11\/Certificado-en-Suplementacion-aplicada-a-la-Recomposicion-Corporal.-Wellogi-Academy-900x636.png 900w, https:\/\/www.wellogi.com\/cursos\/wp-content\/uploads\/2024\/11\/Certificado-en-Suplementacion-aplicada-a-la-Recomposicion-Corporal.-Wellogi-Academy.png 2000w\" sizes=\"(max-width: 1024px) 100vw, 1024px\" \/><figcaption class=\"wp-element-caption\">Certificado en Suplementaci\u00f3n aplicada a la Recomposici\u00f3n Corporal. Wellogi Academy<\/figcaption><\/figure>\n\n\n\n<figure class=\"wp-block-image aligncenter size-large\"><a href=\"https:\/\/www.wellogi.com\/cursos\/curso\/certificacion-en-suplementacion-aplicada-a-la-recomposicion-corporal\/\"><img decoding=\"async\" src=\"https:\/\/www.wellogi.com\/cursos\/wp-content\/uploads\/2023\/04\/4.-Certificacion-en-Suplementacion-aplicada-a-la-Recomposicion-Corporal.-Wellogi-Academy-381x1024.jpg\" alt=\"\" class=\"wp-image-92833\"\/><\/a><\/figure>\n\n\n\n<p class=\"has-text-align-center\">Consulta&nbsp;<a href=\"https:\/\/www.wellogi.com\/cursos\/courses\/?course-orderby=newness\">Nuestros cursos aqu\u00ed<\/a><\/p>\n\n\n\n<p class=\"has-text-align-center\">Consulta&nbsp;<a href=\"https:\/\/www.wellogi.com\/cursos\/categoria-del-curso\/certificacion\/\">Nuestras Certificaciones aqu\u00ed<\/a><\/p>\n\n\n\n<p class=\"has-text-align-center\">Consulta&nbsp;<a href=\"https:\/\/linktr.ee\/Wellogi\" target=\"_blank\" rel=\"noreferrer noopener\">Nuestras Redes sociales<\/a><\/p>\n\n\n\n<figure class=\"wp-block-image aligncenter size-full\"><img decoding=\"async\" width=\"712\" height=\"720\" src=\"https:\/\/www.wellogi.com\/cursos\/wp-content\/uploads\/2023\/05\/Directorio-Oficial-de-Profesionales-Certificados.-Wellogi-Academy.jpg\" alt=\"Directorio Oficial de Profesionales Certificados. Wellogi Academy\" class=\"wp-image-95910\" srcset=\"https:\/\/www.wellogi.com\/cursos\/wp-content\/uploads\/2023\/05\/Directorio-Oficial-de-Profesionales-Certificados.-Wellogi-Academy.jpg 712w, https:\/\/www.wellogi.com\/cursos\/wp-content\/uploads\/2023\/05\/Directorio-Oficial-de-Profesionales-Certificados.-Wellogi-Academy-100x100.jpg 100w, https:\/\/www.wellogi.com\/cursos\/wp-content\/uploads\/2023\/05\/Directorio-Oficial-de-Profesionales-Certificados.-Wellogi-Academy-600x607.jpg 600w\" sizes=\"(max-width: 712px) 100vw, 712px\" \/><figcaption class=\"wp-element-caption\">Directorio Oficial de Profesionales Certificados. Wellogi Academy<\/figcaption><\/figure>\n\n\n\n<h2 class=\"wp-block-heading has-text-align-center\">Obtiene tu <a href=\"https:\/\/www.wellogi.com\/cursos\/badge-suplementacion\/\" target=\"_blank\" rel=\"noreferrer noopener\">Medalla Oficial<\/a> al terminar la Certificaci\u00f3n en Suplementaci\u00f3n aplicada a la Recomposici\u00f3n Corporal.<\/h2>\n","protected":false},"excerpt":{"rendered":"<p>Los siguientes Alumnos de Wellogi Academy, terminaron debidamente y con Calificaci\u00f3n Sobresaliente cada uno de los Ex\u00e1menes de la Correspondiente a esta Certificaci\u00f3n y entregaron Trabajos Finales que demuestran la correcta aplicaci\u00f3n de los conocimientos en la practica profesional. Por &hellip;<\/p>\n<p class=\"read-more\"> <a class=\"more-link\" href=\"https:\/\/www.wellogi.com\/cursos\/directorio-certificacion-suplementacion-recomposicion-corporal\/\"> <span class=\"screen-reader-text\">Directorio de Profesionales Certificados en Suplementaci\u00f3n aplicada a la Recomposici\u00f3n Corporal.<\/span> Leer m\u00e1s \u00bb<\/a><\/p>\n","protected":false},"author":2,"featured_media":0,"parent":0,"menu_order":0,"comment_status":"closed","ping_status":"closed","template":"","meta":{"footnotes":""},"class_list":["post-92812","page","type-page","status-publish","hentry"],"yoast_head":"<!-- This site is optimized with the Yoast SEO plugin v27.4 - https:\/\/yoast.com\/product\/yoast-seo-wordpress\/ -->\n<title>Directorio de Profesionales Certificados en Suplementaci\u00f3n aplicada a la Recomposici\u00f3n Corporal. - Wellogi Academy<\/title>\n<meta name=\"description\" content=\"Plataforma de capacitaci\u00f3n acad\u00e9mica continua as\u00edncrona especializada en Nutricion, Entrenamiento, Recomposici\u00f3n Corporal, Fitness y Wellness.\" \/>\n<meta name=\"robots\" content=\"index, follow, max-snippet:-1, max-image-preview:large, max-video-preview:-1\" \/>\n<link rel=\"canonical\" href=\"https:\/\/www.wellogi.com\/cursos\/directorio-certificacion-suplementacion-recomposicion-corporal\/\" \/>\n<meta property=\"og:locale\" content=\"es_MX\" \/>\n<meta property=\"og:type\" content=\"article\" \/>\n<meta property=\"og:title\" content=\"Directorio de Profesionales Certificados en Suplementaci\u00f3n aplicada a la Recomposici\u00f3n Corporal. - Wellogi Academy\" \/>\n<meta property=\"og:description\" content=\"Plataforma de capacitaci\u00f3n acad\u00e9mica continua as\u00edncrona especializada en Nutricion, Entrenamiento, Recomposici\u00f3n Corporal, Fitness y Wellness.\" \/>\n<meta property=\"og:url\" content=\"https:\/\/www.wellogi.com\/cursos\/directorio-certificacion-suplementacion-recomposicion-corporal\/\" \/>\n<meta property=\"og:site_name\" content=\"Wellogi Academy\" \/>\n<meta property=\"article:publisher\" content=\"https:\/\/www.facebook.com\/WellogiApp\" \/>\n<meta property=\"article:modified_time\" content=\"2026-02-04T14:12:07+00:00\" \/>\n<meta property=\"og:image\" content=\"https:\/\/www.wellogi.com\/cursos\/wp-content\/uploads\/2024\/11\/Certificado-en-Suplementacion-aplicada-a-la-Recomposicion-Corporal.-Wellogi-Academy.png\" \/>\n\t<meta property=\"og:image:width\" content=\"2000\" \/>\n\t<meta property=\"og:image:height\" content=\"1414\" \/>\n\t<meta property=\"og:image:type\" content=\"image\/png\" \/>\n<meta name=\"twitter:card\" content=\"summary_large_image\" \/>\n<meta name=\"twitter:site\" content=\"@Wellogi_App\" \/>\n<script type=\"application\/ld+json\" class=\"yoast-schema-graph\">{\"@context\":\"https:\\\/\\\/schema.org\",\"@graph\":[{\"@type\":\"WebPage\",\"@id\":\"https:\\\/\\\/www.wellogi.com\\\/cursos\\\/directorio-certificacion-suplementacion-recomposicion-corporal\\\/\",\"url\":\"https:\\\/\\\/www.wellogi.com\\\/cursos\\\/directorio-certificacion-suplementacion-recomposicion-corporal\\\/\",\"name\":\"Directorio de Profesionales Certificados en Suplementaci\u00f3n aplicada a la Recomposici\u00f3n Corporal. - Wellogi Academy\",\"isPartOf\":{\"@id\":\"https:\\\/\\\/www.wellogi.com\\\/cursos\\\/#website\"},\"primaryImageOfPage\":{\"@id\":\"https:\\\/\\\/www.wellogi.com\\\/cursos\\\/directorio-certificacion-suplementacion-recomposicion-corporal\\\/#primaryimage\"},\"image\":{\"@id\":\"https:\\\/\\\/www.wellogi.com\\\/cursos\\\/directorio-certificacion-suplementacion-recomposicion-corporal\\\/#primaryimage\"},\"thumbnailUrl\":\"https:\\\/\\\/www.wellogi.com\\\/cursos\\\/wp-content\\\/uploads\\\/2024\\\/11\\\/Certificado-en-Suplementacion-aplicada-a-la-Recomposicion-Corporal.-Wellogi-Academy-1024x724.png\",\"datePublished\":\"2023-04-09T00:41:19+00:00\",\"dateModified\":\"2026-02-04T14:12:07+00:00\",\"description\":\"Plataforma de capacitaci\u00f3n acad\u00e9mica continua as\u00edncrona especializada en Nutricion, Entrenamiento, Recomposici\u00f3n Corporal, Fitness y Wellness.\",\"breadcrumb\":{\"@id\":\"https:\\\/\\\/www.wellogi.com\\\/cursos\\\/directorio-certificacion-suplementacion-recomposicion-corporal\\\/#breadcrumb\"},\"inLanguage\":\"es\",\"potentialAction\":[{\"@type\":\"ReadAction\",\"target\":[\"https:\\\/\\\/www.wellogi.com\\\/cursos\\\/directorio-certificacion-suplementacion-recomposicion-corporal\\\/\"]}]},{\"@type\":\"ImageObject\",\"inLanguage\":\"es\",\"@id\":\"https:\\\/\\\/www.wellogi.com\\\/cursos\\\/directorio-certificacion-suplementacion-recomposicion-corporal\\\/#primaryimage\",\"url\":\"https:\\\/\\\/www.wellogi.com\\\/cursos\\\/wp-content\\\/uploads\\\/2024\\\/11\\\/Certificado-en-Suplementacion-aplicada-a-la-Recomposicion-Corporal.-Wellogi-Academy.png\",\"contentUrl\":\"https:\\\/\\\/www.wellogi.com\\\/cursos\\\/wp-content\\\/uploads\\\/2024\\\/11\\\/Certificado-en-Suplementacion-aplicada-a-la-Recomposicion-Corporal.-Wellogi-Academy.png\",\"width\":2000,\"height\":1414,\"caption\":\"Certificado en Suplementaci\u00f3n aplicada a la Recomposici\u00f3n Corporal. Wellogi Academy\"},{\"@type\":\"BreadcrumbList\",\"@id\":\"https:\\\/\\\/www.wellogi.com\\\/cursos\\\/directorio-certificacion-suplementacion-recomposicion-corporal\\\/#breadcrumb\",\"itemListElement\":[{\"@type\":\"ListItem\",\"position\":1,\"name\":\"Inicio\",\"item\":\"https:\\\/\\\/www.wellogi.com\\\/cursos\\\/\"},{\"@type\":\"ListItem\",\"position\":2,\"name\":\"Directorio de Profesionales Certificados en Suplementaci\u00f3n aplicada a la Recomposici\u00f3n Corporal.\"}]},{\"@type\":\"WebSite\",\"@id\":\"https:\\\/\\\/www.wellogi.com\\\/cursos\\\/#website\",\"url\":\"https:\\\/\\\/www.wellogi.com\\\/cursos\\\/\",\"name\":\"Wellogi Academy\",\"description\":\"Plataforma de capacitaci\u00f3n acad\u00e9mica continua as\u00edncrona.\",\"publisher\":{\"@id\":\"https:\\\/\\\/www.wellogi.com\\\/cursos\\\/#organization\"},\"potentialAction\":[{\"@type\":\"SearchAction\",\"target\":{\"@type\":\"EntryPoint\",\"urlTemplate\":\"https:\\\/\\\/www.wellogi.com\\\/cursos\\\/?s={search_term_string}\"},\"query-input\":{\"@type\":\"PropertyValueSpecification\",\"valueRequired\":true,\"valueName\":\"search_term_string\"}}],\"inLanguage\":\"es\"},{\"@type\":\"Organization\",\"@id\":\"https:\\\/\\\/www.wellogi.com\\\/cursos\\\/#organization\",\"name\":\"Wellogi Academy\",\"url\":\"https:\\\/\\\/www.wellogi.com\\\/cursos\\\/\",\"logo\":{\"@type\":\"ImageObject\",\"inLanguage\":\"es\",\"@id\":\"https:\\\/\\\/www.wellogi.com\\\/cursos\\\/#\\\/schema\\\/logo\\\/image\\\/\",\"url\":\"https:\\\/\\\/www.wellogi.com\\\/cursos\\\/wp-content\\\/uploads\\\/2021\\\/11\\\/Logo-y-Slogan-transparente-final-.png\",\"contentUrl\":\"https:\\\/\\\/www.wellogi.com\\\/cursos\\\/wp-content\\\/uploads\\\/2021\\\/11\\\/Logo-y-Slogan-transparente-final-.png\",\"width\":5042,\"height\":4883,\"caption\":\"Wellogi Academy\"},\"image\":{\"@id\":\"https:\\\/\\\/www.wellogi.com\\\/cursos\\\/#\\\/schema\\\/logo\\\/image\\\/\"},\"sameAs\":[\"https:\\\/\\\/www.facebook.com\\\/WellogiApp\",\"https:\\\/\\\/x.com\\\/Wellogi_App\",\"https:\\\/\\\/www.instagram.com\\\/wellogi_app\\\/\",\"https:\\\/\\\/www.linkedin.com\\\/in\\\/luis-gomez-wellogi\\\/\",\"https:\\\/\\\/www.youtube.com\\\/c\\\/Wellogi\\\/videos\"]}]}<\/script>\n<!-- \/ Yoast SEO plugin. -->","yoast_head_json":{"title":"Directorio de Profesionales Certificados en Suplementaci\u00f3n aplicada a la Recomposici\u00f3n Corporal. - Wellogi Academy","description":"Plataforma de capacitaci\u00f3n acad\u00e9mica continua as\u00edncrona especializada en Nutricion, Entrenamiento, Recomposici\u00f3n Corporal, Fitness y Wellness.","robots":{"index":"index","follow":"follow","max-snippet":"max-snippet:-1","max-image-preview":"max-image-preview:large","max-video-preview":"max-video-preview:-1"},"canonical":"https:\/\/www.wellogi.com\/cursos\/directorio-certificacion-suplementacion-recomposicion-corporal\/","og_locale":"es_MX","og_type":"article","og_title":"Directorio de Profesionales Certificados en Suplementaci\u00f3n aplicada a la Recomposici\u00f3n Corporal. - Wellogi Academy","og_description":"Plataforma de capacitaci\u00f3n acad\u00e9mica continua as\u00edncrona especializada en Nutricion, Entrenamiento, Recomposici\u00f3n Corporal, Fitness y Wellness.","og_url":"https:\/\/www.wellogi.com\/cursos\/directorio-certificacion-suplementacion-recomposicion-corporal\/","og_site_name":"Wellogi Academy","article_publisher":"https:\/\/www.facebook.com\/WellogiApp","article_modified_time":"2026-02-04T14:12:07+00:00","og_image":[{"width":2000,"height":1414,"url":"https:\/\/www.wellogi.com\/cursos\/wp-content\/uploads\/2024\/11\/Certificado-en-Suplementacion-aplicada-a-la-Recomposicion-Corporal.-Wellogi-Academy.png","type":"image\/png"}],"twitter_card":"summary_large_image","twitter_site":"@Wellogi_App","schema":{"@context":"https:\/\/schema.org","@graph":[{"@type":"WebPage","@id":"https:\/\/www.wellogi.com\/cursos\/directorio-certificacion-suplementacion-recomposicion-corporal\/","url":"https:\/\/www.wellogi.com\/cursos\/directorio-certificacion-suplementacion-recomposicion-corporal\/","name":"Directorio de Profesionales Certificados en Suplementaci\u00f3n aplicada a la Recomposici\u00f3n Corporal. - Wellogi Academy","isPartOf":{"@id":"https:\/\/www.wellogi.com\/cursos\/#website"},"primaryImageOfPage":{"@id":"https:\/\/www.wellogi.com\/cursos\/directorio-certificacion-suplementacion-recomposicion-corporal\/#primaryimage"},"image":{"@id":"https:\/\/www.wellogi.com\/cursos\/directorio-certificacion-suplementacion-recomposicion-corporal\/#primaryimage"},"thumbnailUrl":"https:\/\/www.wellogi.com\/cursos\/wp-content\/uploads\/2024\/11\/Certificado-en-Suplementacion-aplicada-a-la-Recomposicion-Corporal.-Wellogi-Academy-1024x724.png","datePublished":"2023-04-09T00:41:19+00:00","dateModified":"2026-02-04T14:12:07+00:00","description":"Plataforma de capacitaci\u00f3n acad\u00e9mica continua as\u00edncrona especializada en Nutricion, Entrenamiento, Recomposici\u00f3n Corporal, Fitness y Wellness.","breadcrumb":{"@id":"https:\/\/www.wellogi.com\/cursos\/directorio-certificacion-suplementacion-recomposicion-corporal\/#breadcrumb"},"inLanguage":"es","potentialAction":[{"@type":"ReadAction","target":["https:\/\/www.wellogi.com\/cursos\/directorio-certificacion-suplementacion-recomposicion-corporal\/"]}]},{"@type":"ImageObject","inLanguage":"es","@id":"https:\/\/www.wellogi.com\/cursos\/directorio-certificacion-suplementacion-recomposicion-corporal\/#primaryimage","url":"https:\/\/www.wellogi.com\/cursos\/wp-content\/uploads\/2024\/11\/Certificado-en-Suplementacion-aplicada-a-la-Recomposicion-Corporal.-Wellogi-Academy.png","contentUrl":"https:\/\/www.wellogi.com\/cursos\/wp-content\/uploads\/2024\/11\/Certificado-en-Suplementacion-aplicada-a-la-Recomposicion-Corporal.-Wellogi-Academy.png","width":2000,"height":1414,"caption":"Certificado en Suplementaci\u00f3n aplicada a la Recomposici\u00f3n Corporal. Wellogi Academy"},{"@type":"BreadcrumbList","@id":"https:\/\/www.wellogi.com\/cursos\/directorio-certificacion-suplementacion-recomposicion-corporal\/#breadcrumb","itemListElement":[{"@type":"ListItem","position":1,"name":"Inicio","item":"https:\/\/www.wellogi.com\/cursos\/"},{"@type":"ListItem","position":2,"name":"Directorio de Profesionales Certificados en Suplementaci\u00f3n aplicada a la Recomposici\u00f3n Corporal."}]},{"@type":"WebSite","@id":"https:\/\/www.wellogi.com\/cursos\/#website","url":"https:\/\/www.wellogi.com\/cursos\/","name":"Wellogi Academy","description":"Plataforma de capacitaci\u00f3n acad\u00e9mica continua as\u00edncrona.","publisher":{"@id":"https:\/\/www.wellogi.com\/cursos\/#organization"},"potentialAction":[{"@type":"SearchAction","target":{"@type":"EntryPoint","urlTemplate":"https:\/\/www.wellogi.com\/cursos\/?s={search_term_string}"},"query-input":{"@type":"PropertyValueSpecification","valueRequired":true,"valueName":"search_term_string"}}],"inLanguage":"es"},{"@type":"Organization","@id":"https:\/\/www.wellogi.com\/cursos\/#organization","name":"Wellogi Academy","url":"https:\/\/www.wellogi.com\/cursos\/","logo":{"@type":"ImageObject","inLanguage":"es","@id":"https:\/\/www.wellogi.com\/cursos\/#\/schema\/logo\/image\/","url":"https:\/\/www.wellogi.com\/cursos\/wp-content\/uploads\/2021\/11\/Logo-y-Slogan-transparente-final-.png","contentUrl":"https:\/\/www.wellogi.com\/cursos\/wp-content\/uploads\/2021\/11\/Logo-y-Slogan-transparente-final-.png","width":5042,"height":4883,"caption":"Wellogi Academy"},"image":{"@id":"https:\/\/www.wellogi.com\/cursos\/#\/schema\/logo\/image\/"},"sameAs":["https:\/\/www.facebook.com\/WellogiApp","https:\/\/x.com\/Wellogi_App","https:\/\/www.instagram.com\/wellogi_app\/","https:\/\/www.linkedin.com\/in\/luis-gomez-wellogi\/","https:\/\/www.youtube.com\/c\/Wellogi\/videos"]}]}},"_links":{"self":[{"href":"https:\/\/www.wellogi.com\/cursos\/wp-json\/wp\/v2\/pages\/92812","targetHints":{"allow":["GET"]}}],"collection":[{"href":"https:\/\/www.wellogi.com\/cursos\/wp-json\/wp\/v2\/pages"}],"about":[{"href":"https:\/\/www.wellogi.com\/cursos\/wp-json\/wp\/v2\/types\/page"}],"author":[{"embeddable":true,"href":"https:\/\/www.wellogi.com\/cursos\/wp-json\/wp\/v2\/users\/2"}],"replies":[{"embeddable":true,"href":"https:\/\/www.wellogi.com\/cursos\/wp-json\/wp\/v2\/comments?post=92812"}],"version-history":[{"count":30,"href":"https:\/\/www.wellogi.com\/cursos\/wp-json\/wp\/v2\/pages\/92812\/revisions"}],"predecessor-version":[{"id":115827,"href":"https:\/\/www.wellogi.com\/cursos\/wp-json\/wp\/v2\/pages\/92812\/revisions\/115827"}],"wp:attachment":[{"href":"https:\/\/www.wellogi.com\/cursos\/wp-json\/wp\/v2\/media?parent=92812"}],"curies":[{"name":"wp","href":"https:\/\/api.w.org\/{rel}","templated":true}]}}