{"id":90749,"date":"2023-03-14T17:55:08","date_gmt":"2023-03-14T23:55:08","guid":{"rendered":"https:\/\/www.wellogi.com\/cursos\/?page_id=90749"},"modified":"2026-02-06T10:46:44","modified_gmt":"2026-02-06T16:46:44","slug":"sobre-nosotros","status":"publish","type":"page","link":"https:\/\/www.wellogi.com\/cursos\/sobre-nosotros\/","title":{"rendered":"Sobre Nosotros"},"content":{"rendered":"\n<h3 class=\"wp-block-heading has-large-font-size\" id=\"h-que-es-wellogi\"><strong>\u00bfQu\u00e9 es Wellogi?<\/strong><\/h3>\n\n\n\n<p>Estudio y ciencia a trav\u00e9s de la tecnolog\u00eda del bienestar de la comunidad.<\/p>\n\n\n\n<figure class=\"wp-block-image aligncenter size-full is-resized\"><img fetchpriority=\"high\" decoding=\"async\" width=\"910\" height=\"445\" src=\"https:\/\/www.wellogi.com\/cursos\/wp-content\/uploads\/2023\/03\/004_Intermitente-svg.png\" alt=\"\" class=\"wp-image-90750\" style=\"width:649px;height:317px\" srcset=\"https:\/\/www.wellogi.com\/cursos\/wp-content\/uploads\/2023\/03\/004_Intermitente-svg.png 910w, https:\/\/www.wellogi.com\/cursos\/wp-content\/uploads\/2023\/03\/004_Intermitente-svg-600x293.png 600w, https:\/\/www.wellogi.com\/cursos\/wp-content\/uploads\/2023\/03\/004_Intermitente-svg-300x147.png 300w, https:\/\/www.wellogi.com\/cursos\/wp-content\/uploads\/2023\/03\/004_Intermitente-svg-768x376.png 768w, https:\/\/www.wellogi.com\/cursos\/wp-content\/uploads\/2023\/03\/004_Intermitente-svg-200x98.png 200w, https:\/\/www.wellogi.com\/cursos\/wp-content\/uploads\/2023\/03\/004_Intermitente-svg-400x196.png 400w, https:\/\/www.wellogi.com\/cursos\/wp-content\/uploads\/2023\/03\/004_Intermitente-svg-100x49.png 100w, https:\/\/www.wellogi.com\/cursos\/wp-content\/uploads\/2023\/03\/004_Intermitente-svg-150x73.png 150w, https:\/\/www.wellogi.com\/cursos\/wp-content\/uploads\/2023\/03\/004_Intermitente-svg-450x220.png 450w, https:\/\/www.wellogi.com\/cursos\/wp-content\/uploads\/2023\/03\/004_Intermitente-svg-900x440.png 900w\" sizes=\"(max-width: 910px) 100vw, 910px\" \/><\/figure>\n\n\n\n<p class=\"has-large-font-size\"><strong>Misi\u00f3n<\/strong><\/p>\n\n\n\n<p>Democratizar el acceso a herramientas digitales generando valor agregado en el ecosistema Fitness y Wellnes a trav\u00e9s de la tecnolog\u00eda.<\/p>\n\n\n\n<p class=\"has-large-font-size\"><strong>Visi\u00f3n<\/strong><\/p>\n\n\n\n<p>Integrar el ecosistema Fitness y Wellnes en torno al valor agregado entre los 3 actores principales, Pacientes, Profesionales y Empresas.<\/p>\n\n\n\n<p class=\"has-large-font-size\"><strong>Valores<\/strong><\/p>\n\n\n\n<p>Profesionalismo, Confianza, Seguridad, Trabajo en equipo, Visi\u00f3n a largo plazo, Responsabilidad, Congruencia, \u00c9tica laboral, Calidad, Personalizaci\u00f3n Especializaci\u00f3n, Excelencia, Innovaci\u00f3n, Creatividad, Honestidad.<\/p>\n\n\n\n<p><\/p>\n\n\n\n<p style=\"font-size:18px\"><strong>Wellogi<\/strong>&nbsp;es un equipo de profesionales en distintas \u00e1res, enfocados en escuchar las necesidades de la comunidad Fitness y Wellness para desarrollar soluciones digitales y tecnol\u00f3gicas que les generen valor agregado en su pr\u00e1ctica diaria, tanto para quien asesora profesionalmente como para sus asesorados.<\/p>\n\n\n\n<p>El problema que queremos solucionar es la carencia de la digitalizaci\u00f3n en los servicios profesionales en salud, nutrici\u00f3n y entrenamiento, asi como el acompa\u00f1amiento y seguimiento de estos ante sus respectivos pacientes y asesorados en el d\u00eda a d\u00eda, brind\u00e1ndoles herramientas pr\u00e1cticas y de gran usabilidad mejorando de esta manera los resultados obtenidos con los asesorados.<\/p>\n\n\n\n<p>Para obtener m\u00e1s Informaci\u00f3n, sigue los Siguientes Botones<\/p>\n\n\n\n<div class=\"wp-block-buttons is-layout-flex wp-block-buttons-is-layout-flex\">\n<div class=\"wp-block-button is-style-fill\"><a class=\"wp-block-button__link has-button-color-background-color has-background wp-element-button\" href=\"https:\/\/www.wellogi.com\/cursohttps:\/\/www.wellogi.com\/cursos\/distintivo-digital-profeco\/s\/maestros\/\" target=\"_blank\" rel=\"noreferrer noopener\">Distintivo Digital. PROFECO<\/a><\/div>\n<\/div>\n\n\n\n<p><\/p>\n\n\n\n<div class=\"wp-block-buttons is-layout-flex wp-block-buttons-is-layout-flex\">\n<div class=\"wp-block-button is-style-fill\"><a class=\"wp-block-button__link has-button-color-background-color has-background wp-element-button\" href=\"https:\/\/www.wellogi.com\/cursos\/avales-y-alianzas\/\" target=\"_blank\" rel=\"noreferrer noopener\">Avales y Alianzas<\/a><\/div>\n<\/div>\n\n\n\n<p><\/p>\n\n\n\n<div class=\"wp-block-buttons is-layout-flex wp-block-buttons-is-layout-flex\">\n<div class=\"wp-block-button is-style-fill\"><a class=\"wp-block-button__link has-button-color-background-color has-background wp-element-button\" href=\"https:\/\/www.wellogi.com\/cursos\/politica-de-privacidad\/\" target=\"_blank\" rel=\"noreferrer noopener\">Pol\u00edtica de Privacidad<\/a><\/div>\n<\/div>\n\n\n\n<p><\/p>\n\n\n\n<div class=\"wp-block-buttons is-layout-flex wp-block-buttons-is-layout-flex\">\n<div class=\"wp-block-button is-style-fill\"><a class=\"wp-block-button__link has-button-color-background-color has-background wp-element-button\" href=\"https:\/\/www.wellogi.com\/cursos\/refund_returns\/\" target=\"_blank\" rel=\"noreferrer noopener\">T\u00e9rminos y Condiciones<\/a><\/div>\n<\/div>\n\n\n\n<p><\/p>\n\n\n\n<div class=\"wp-block-buttons is-layout-flex wp-block-buttons-is-layout-flex\">\n<div class=\"wp-block-button is-style-fill\"><a class=\"wp-block-button__link has-button-color-background-color has-background wp-element-button\" href=\"https:\/\/www.wellogi.com\/cursos\/refund_returns\/\" target=\"_blank\" rel=\"noreferrer noopener\">C\u00f3digo de \u00c9tica. PROFECO<\/a><\/div>\n<\/div>\n\n\n\n<p><\/p>\n\n\n\n<div class=\"wp-block-buttons is-layout-flex wp-block-buttons-is-layout-flex\">\n<div class=\"wp-block-button is-style-fill\"><a class=\"wp-block-button__link has-button-color-background-color has-background wp-element-button\" href=\"https:\/\/www.wellogi.com\/cursos\/contrato-de-adhesion-profeco\/\" target=\"_blank\" rel=\"noreferrer noopener\">Contrato de Adhesi\u00f3n. PROFECO<\/a><\/div>\n<\/div>\n\n\n\n<p><\/p>\n\n\n\n<div class=\"wp-block-buttons is-layout-flex wp-block-buttons-is-layout-flex\">\n<div class=\"wp-block-button is-style-fill\"><a class=\"wp-block-button__link has-button-color-background-color has-background wp-element-button\" href=\"https:\/\/www.wellogi.com\/cursos\/preguntas-frecuentes\/\">Preguntas Frecuentes<\/a><\/div>\n<\/div>\n\n\n\n<p><\/p>\n\n\n\n<div class=\"wp-block-buttons is-layout-flex wp-block-buttons-is-layout-flex\">\n<div class=\"wp-block-button is-style-fill\"><a class=\"wp-block-button__link has-button-color-background-color has-background wp-element-button\" href=\"https:\/\/www.wellogi.com\/cursos\/propiedad-intelectual\/\" target=\"_blank\" rel=\"noreferrer noopener\">Propiedad Intelectual  (IMPI e INDAUTOR)<\/a><\/div>\n<\/div>\n\n\n\n<p><\/p>\n\n\n\n<p><strong>Legalidad y Normatividad.<\/strong><\/p>\n\n\n\n<p><strong>Raz\u00f3n Social (en M\u00e9xico):<\/strong>&nbsp;FitWellTech<\/p>\n\n\n\n<p><strong>R\u00e9gimen de Capital (en M\u00e9xico):<\/strong>&nbsp;Sociedad An\u00f3nima Promotora de Inversi\u00f3n de Capital Variable.<\/p>\n\n\n\n<p><strong>Registro Federal de Contribuyente (en M\u00e9xico):<\/strong>&nbsp;FIL191210SQ5<\/p>\n\n\n\n<p><strong>Escritura de Acta Constitutiva Notariada (en M\u00e9xico):<\/strong>&nbsp;32,164<\/p>\n\n\n\n<p><strong>Direcci\u00f3n Fiscal (en M\u00e9xico):<\/strong>\u00a0Pedro Moreno #81A, CO: 47700, Capilla de Guadalupe, Jalisco.<\/p>\n\n\n\n<p><strong>Direcci\u00f3n Operativa (en M\u00e9xico):<\/strong>\u00a0Pedro Moreno #81A, CO: 47700, Capilla de Guadalupe, Jalisco.<\/p>\n\n\n\n<p><strong>Folio Mercantil Electr\u00f3nico (en M\u00e9xico):<\/strong>&nbsp;N-2019100690<\/p>\n\n\n\n<p><strong>Numero de Constancia de Inscripci\u00f3n (en M\u00e9xico):<\/strong>&nbsp;201900304825<\/p>\n\n\n\n<p><strong>Registros ante el Instituto Mexicano de Propiedad Intelectual (en M\u00e9xico):<\/strong>&nbsp;2174542, 2124533 y 120949<\/p>\n\n\n\n<p><strong>Registro ante Instituto Nacional del Derecho de Autor (en M\u00e9xico):<\/strong>&nbsp;03-2022-071812495900-01<\/p>\n","protected":false},"excerpt":{"rendered":"<p>\u00bfQu\u00e9 es Wellogi? Estudio y ciencia a trav\u00e9s de la tecnolog\u00eda del bienestar de la comunidad. Misi\u00f3n Democratizar el acceso a herramientas digitales generando valor agregado en el ecosistema Fitness y Wellnes a trav\u00e9s de la tecnolog\u00eda. Visi\u00f3n Integrar el &hellip;<\/p>\n<p class=\"read-more\"> <a class=\"more-link\" href=\"https:\/\/www.wellogi.com\/cursos\/sobre-nosotros\/\"> <span class=\"screen-reader-text\">Sobre Nosotros<\/span> Leer m\u00e1s \u00bb<\/a><\/p>\n","protected":false},"author":3,"featured_media":0,"parent":0,"menu_order":0,"comment_status":"closed","ping_status":"closed","template":"","meta":{"footnotes":""},"class_list":["post-90749","page","type-page","status-publish","hentry"],"yoast_head":"<!-- This site is optimized with the Yoast SEO plugin v27.4 - https:\/\/yoast.com\/product\/yoast-seo-wordpress\/ -->\n<title>Sobre Nosotros - Wellogi Academy<\/title>\n<meta name=\"description\" content=\"Plataforma con herramientas especializadas en Nutricion, Entrenamiento, Recomposici\u00f3n Corporal, Fitness y Wellness.\" \/>\n<meta name=\"robots\" content=\"index, follow, max-snippet:-1, max-image-preview:large, max-video-preview:-1\" \/>\n<link rel=\"canonical\" href=\"https:\/\/www.wellogi.com\/cursos\/sobre-nosotros\/\" \/>\n<meta property=\"og:locale\" content=\"es_MX\" \/>\n<meta property=\"og:type\" content=\"article\" \/>\n<meta property=\"og:title\" content=\"Sobre Nosotros - Wellogi Academy\" \/>\n<meta property=\"og:description\" content=\"Plataforma con herramientas especializadas en Nutricion, Entrenamiento, Recomposici\u00f3n Corporal, Fitness y Wellness.\" \/>\n<meta property=\"og:url\" content=\"https:\/\/www.wellogi.com\/cursos\/sobre-nosotros\/\" \/>\n<meta property=\"og:site_name\" content=\"Wellogi Academy\" \/>\n<meta property=\"article:publisher\" content=\"https:\/\/www.facebook.com\/WellogiApp\" \/>\n<meta property=\"article:modified_time\" content=\"2026-02-06T16:46:44+00:00\" \/>\n<meta property=\"og:image\" content=\"https:\/\/www.wellogi.com\/cursos\/wp-content\/uploads\/2023\/03\/004_Intermitente-svg.png\" \/>\n\t<meta property=\"og:image:width\" content=\"910\" \/>\n\t<meta property=\"og:image:height\" content=\"445\" \/>\n\t<meta property=\"og:image:type\" content=\"image\/png\" \/>\n<meta name=\"twitter:card\" content=\"summary_large_image\" \/>\n<meta name=\"twitter:site\" content=\"@Wellogi_App\" \/>\n<script type=\"application\/ld+json\" class=\"yoast-schema-graph\">{\"@context\":\"https:\\\/\\\/schema.org\",\"@graph\":[{\"@type\":\"WebPage\",\"@id\":\"https:\\\/\\\/www.wellogi.com\\\/cursos\\\/sobre-nosotros\\\/\",\"url\":\"https:\\\/\\\/www.wellogi.com\\\/cursos\\\/sobre-nosotros\\\/\",\"name\":\"Sobre Nosotros - Wellogi Academy\",\"isPartOf\":{\"@id\":\"https:\\\/\\\/www.wellogi.com\\\/cursos\\\/#website\"},\"primaryImageOfPage\":{\"@id\":\"https:\\\/\\\/www.wellogi.com\\\/cursos\\\/sobre-nosotros\\\/#primaryimage\"},\"image\":{\"@id\":\"https:\\\/\\\/www.wellogi.com\\\/cursos\\\/sobre-nosotros\\\/#primaryimage\"},\"thumbnailUrl\":\"https:\\\/\\\/www.wellogi.com\\\/cursos\\\/wp-content\\\/uploads\\\/2023\\\/03\\\/004_Intermitente-svg.png\",\"datePublished\":\"2023-03-14T23:55:08+00:00\",\"dateModified\":\"2026-02-06T16:46:44+00:00\",\"description\":\"Plataforma con herramientas especializadas en Nutricion, Entrenamiento, Recomposici\u00f3n Corporal, Fitness y Wellness.\",\"breadcrumb\":{\"@id\":\"https:\\\/\\\/www.wellogi.com\\\/cursos\\\/sobre-nosotros\\\/#breadcrumb\"},\"inLanguage\":\"es\",\"potentialAction\":[{\"@type\":\"ReadAction\",\"target\":[\"https:\\\/\\\/www.wellogi.com\\\/cursos\\\/sobre-nosotros\\\/\"]}]},{\"@type\":\"ImageObject\",\"inLanguage\":\"es\",\"@id\":\"https:\\\/\\\/www.wellogi.com\\\/cursos\\\/sobre-nosotros\\\/#primaryimage\",\"url\":\"https:\\\/\\\/www.wellogi.com\\\/cursos\\\/wp-content\\\/uploads\\\/2023\\\/03\\\/004_Intermitente-svg.png\",\"contentUrl\":\"https:\\\/\\\/www.wellogi.com\\\/cursos\\\/wp-content\\\/uploads\\\/2023\\\/03\\\/004_Intermitente-svg.png\",\"width\":910,\"height\":445},{\"@type\":\"BreadcrumbList\",\"@id\":\"https:\\\/\\\/www.wellogi.com\\\/cursos\\\/sobre-nosotros\\\/#breadcrumb\",\"itemListElement\":[{\"@type\":\"ListItem\",\"position\":1,\"name\":\"Inicio\",\"item\":\"https:\\\/\\\/www.wellogi.com\\\/cursos\\\/\"},{\"@type\":\"ListItem\",\"position\":2,\"name\":\"Sobre Nosotros\"}]},{\"@type\":\"WebSite\",\"@id\":\"https:\\\/\\\/www.wellogi.com\\\/cursos\\\/#website\",\"url\":\"https:\\\/\\\/www.wellogi.com\\\/cursos\\\/\",\"name\":\"Wellogi Academy\",\"description\":\"Plataforma de capacitaci\u00f3n acad\u00e9mica continua as\u00edncrona.\",\"publisher\":{\"@id\":\"https:\\\/\\\/www.wellogi.com\\\/cursos\\\/#organization\"},\"potentialAction\":[{\"@type\":\"SearchAction\",\"target\":{\"@type\":\"EntryPoint\",\"urlTemplate\":\"https:\\\/\\\/www.wellogi.com\\\/cursos\\\/?s={search_term_string}\"},\"query-input\":{\"@type\":\"PropertyValueSpecification\",\"valueRequired\":true,\"valueName\":\"search_term_string\"}}],\"inLanguage\":\"es\"},{\"@type\":\"Organization\",\"@id\":\"https:\\\/\\\/www.wellogi.com\\\/cursos\\\/#organization\",\"name\":\"Wellogi Academy\",\"url\":\"https:\\\/\\\/www.wellogi.com\\\/cursos\\\/\",\"logo\":{\"@type\":\"ImageObject\",\"inLanguage\":\"es\",\"@id\":\"https:\\\/\\\/www.wellogi.com\\\/cursos\\\/#\\\/schema\\\/logo\\\/image\\\/\",\"url\":\"https:\\\/\\\/www.wellogi.com\\\/cursos\\\/wp-content\\\/uploads\\\/2021\\\/11\\\/Logo-y-Slogan-transparente-final-.png\",\"contentUrl\":\"https:\\\/\\\/www.wellogi.com\\\/cursos\\\/wp-content\\\/uploads\\\/2021\\\/11\\\/Logo-y-Slogan-transparente-final-.png\",\"width\":5042,\"height\":4883,\"caption\":\"Wellogi Academy\"},\"image\":{\"@id\":\"https:\\\/\\\/www.wellogi.com\\\/cursos\\\/#\\\/schema\\\/logo\\\/image\\\/\"},\"sameAs\":[\"https:\\\/\\\/www.facebook.com\\\/WellogiApp\",\"https:\\\/\\\/x.com\\\/Wellogi_App\",\"https:\\\/\\\/www.instagram.com\\\/wellogi_app\\\/\",\"https:\\\/\\\/www.linkedin.com\\\/in\\\/luis-gomez-wellogi\\\/\",\"https:\\\/\\\/www.youtube.com\\\/c\\\/Wellogi\\\/videos\"]}]}<\/script>\n<!-- \/ Yoast SEO plugin. -->","yoast_head_json":{"title":"Sobre Nosotros - Wellogi Academy","description":"Plataforma con herramientas especializadas en Nutricion, Entrenamiento, Recomposici\u00f3n Corporal, Fitness y Wellness.","robots":{"index":"index","follow":"follow","max-snippet":"max-snippet:-1","max-image-preview":"max-image-preview:large","max-video-preview":"max-video-preview:-1"},"canonical":"https:\/\/www.wellogi.com\/cursos\/sobre-nosotros\/","og_locale":"es_MX","og_type":"article","og_title":"Sobre Nosotros - Wellogi Academy","og_description":"Plataforma con herramientas especializadas en Nutricion, Entrenamiento, Recomposici\u00f3n Corporal, Fitness y Wellness.","og_url":"https:\/\/www.wellogi.com\/cursos\/sobre-nosotros\/","og_site_name":"Wellogi Academy","article_publisher":"https:\/\/www.facebook.com\/WellogiApp","article_modified_time":"2026-02-06T16:46:44+00:00","og_image":[{"width":910,"height":445,"url":"https:\/\/www.wellogi.com\/cursos\/wp-content\/uploads\/2023\/03\/004_Intermitente-svg.png","type":"image\/png"}],"twitter_card":"summary_large_image","twitter_site":"@Wellogi_App","schema":{"@context":"https:\/\/schema.org","@graph":[{"@type":"WebPage","@id":"https:\/\/www.wellogi.com\/cursos\/sobre-nosotros\/","url":"https:\/\/www.wellogi.com\/cursos\/sobre-nosotros\/","name":"Sobre Nosotros - Wellogi Academy","isPartOf":{"@id":"https:\/\/www.wellogi.com\/cursos\/#website"},"primaryImageOfPage":{"@id":"https:\/\/www.wellogi.com\/cursos\/sobre-nosotros\/#primaryimage"},"image":{"@id":"https:\/\/www.wellogi.com\/cursos\/sobre-nosotros\/#primaryimage"},"thumbnailUrl":"https:\/\/www.wellogi.com\/cursos\/wp-content\/uploads\/2023\/03\/004_Intermitente-svg.png","datePublished":"2023-03-14T23:55:08+00:00","dateModified":"2026-02-06T16:46:44+00:00","description":"Plataforma con herramientas especializadas en Nutricion, Entrenamiento, Recomposici\u00f3n Corporal, Fitness y Wellness.","breadcrumb":{"@id":"https:\/\/www.wellogi.com\/cursos\/sobre-nosotros\/#breadcrumb"},"inLanguage":"es","potentialAction":[{"@type":"ReadAction","target":["https:\/\/www.wellogi.com\/cursos\/sobre-nosotros\/"]}]},{"@type":"ImageObject","inLanguage":"es","@id":"https:\/\/www.wellogi.com\/cursos\/sobre-nosotros\/#primaryimage","url":"https:\/\/www.wellogi.com\/cursos\/wp-content\/uploads\/2023\/03\/004_Intermitente-svg.png","contentUrl":"https:\/\/www.wellogi.com\/cursos\/wp-content\/uploads\/2023\/03\/004_Intermitente-svg.png","width":910,"height":445},{"@type":"BreadcrumbList","@id":"https:\/\/www.wellogi.com\/cursos\/sobre-nosotros\/#breadcrumb","itemListElement":[{"@type":"ListItem","position":1,"name":"Inicio","item":"https:\/\/www.wellogi.com\/cursos\/"},{"@type":"ListItem","position":2,"name":"Sobre Nosotros"}]},{"@type":"WebSite","@id":"https:\/\/www.wellogi.com\/cursos\/#website","url":"https:\/\/www.wellogi.com\/cursos\/","name":"Wellogi Academy","description":"Plataforma de capacitaci\u00f3n acad\u00e9mica continua as\u00edncrona.","publisher":{"@id":"https:\/\/www.wellogi.com\/cursos\/#organization"},"potentialAction":[{"@type":"SearchAction","target":{"@type":"EntryPoint","urlTemplate":"https:\/\/www.wellogi.com\/cursos\/?s={search_term_string}"},"query-input":{"@type":"PropertyValueSpecification","valueRequired":true,"valueName":"search_term_string"}}],"inLanguage":"es"},{"@type":"Organization","@id":"https:\/\/www.wellogi.com\/cursos\/#organization","name":"Wellogi Academy","url":"https:\/\/www.wellogi.com\/cursos\/","logo":{"@type":"ImageObject","inLanguage":"es","@id":"https:\/\/www.wellogi.com\/cursos\/#\/schema\/logo\/image\/","url":"https:\/\/www.wellogi.com\/cursos\/wp-content\/uploads\/2021\/11\/Logo-y-Slogan-transparente-final-.png","contentUrl":"https:\/\/www.wellogi.com\/cursos\/wp-content\/uploads\/2021\/11\/Logo-y-Slogan-transparente-final-.png","width":5042,"height":4883,"caption":"Wellogi Academy"},"image":{"@id":"https:\/\/www.wellogi.com\/cursos\/#\/schema\/logo\/image\/"},"sameAs":["https:\/\/www.facebook.com\/WellogiApp","https:\/\/x.com\/Wellogi_App","https:\/\/www.instagram.com\/wellogi_app\/","https:\/\/www.linkedin.com\/in\/luis-gomez-wellogi\/","https:\/\/www.youtube.com\/c\/Wellogi\/videos"]}]}},"_links":{"self":[{"href":"https:\/\/www.wellogi.com\/cursos\/wp-json\/wp\/v2\/pages\/90749","targetHints":{"allow":["GET"]}}],"collection":[{"href":"https:\/\/www.wellogi.com\/cursos\/wp-json\/wp\/v2\/pages"}],"about":[{"href":"https:\/\/www.wellogi.com\/cursos\/wp-json\/wp\/v2\/types\/page"}],"author":[{"embeddable":true,"href":"https:\/\/www.wellogi.com\/cursos\/wp-json\/wp\/v2\/users\/3"}],"replies":[{"embeddable":true,"href":"https:\/\/www.wellogi.com\/cursos\/wp-json\/wp\/v2\/comments?post=90749"}],"version-history":[{"count":7,"href":"https:\/\/www.wellogi.com\/cursos\/wp-json\/wp\/v2\/pages\/90749\/revisions"}],"predecessor-version":[{"id":115862,"href":"https:\/\/www.wellogi.com\/cursos\/wp-json\/wp\/v2\/pages\/90749\/revisions\/115862"}],"wp:attachment":[{"href":"https:\/\/www.wellogi.com\/cursos\/wp-json\/wp\/v2\/media?parent=90749"}],"curies":[{"name":"wp","href":"https:\/\/api.w.org\/{rel}","templated":true}]}}