{"id":90725,"date":"2023-03-14T17:03:44","date_gmt":"2023-03-14T23:03:44","guid":{"rendered":"https:\/\/www.wellogi.com\/cursos\/?page_id=90725"},"modified":"2025-10-19T19:55:47","modified_gmt":"2025-10-20T01:55:47","slug":"contrato-de-adhesion-profeco","status":"publish","type":"page","link":"https:\/\/www.wellogi.com\/cursos\/contrato-de-adhesion-profeco\/","title":{"rendered":"Contrato de Adhesi\u00f3n PROFECO"},"content":{"rendered":"\n<figure class=\"wp-block-embed is-type-video is-provider-vimeo wp-block-embed-vimeo wp-embed-aspect-16-9 wp-has-aspect-ratio\"><div class=\"wp-block-embed__wrapper\">\n<iframe src=\"https:\/\/player.vimeo.com\/video\/811761334?dnt=1&amp;app_id=122963\" width=\"605\" height=\"340\" frameborder=\"0\" allow=\"autoplay; fullscreen; picture-in-picture; clipboard-write; encrypted-media; web-share\" referrerpolicy=\"strict-origin-when-cross-origin\"><\/iframe>\n<\/div><\/figure>\n\n\n\n<p>Resumen (Encuentra y lee el contrato completo, disponible en esta misma p\u00e1gina, en la parte inferior)<\/p>\n\n\n\n<p><em>FITWELLTECH, S.A.P.I. DE C.V.<\/em>manifiesta que cumple con l<strong>a Ley Federal de Protecci\u00f3n al Consumidor y la Norma Mexicana NMX-COE-001-SCFI-2018<\/strong>, Comercio Electr\u00f3nico- Disposiciones a las que se sujetar\u00e1n aquellas personas que ofrezcan, comercialicen o vendan bienes, productos o servicios.<\/p>\n\n\n\n<p><em>FITWELLTECH, S.A.P.I. DE C.V.<\/em>manifiesta que ha suscrito el C\u00f3digo de \u00c9tica en materia de Comercio Electr\u00f3nico de la Procuradur\u00eda Federal del Consumidor, mismo que podr\u00e1s consultar <a href=\"https:\/\/www.wellogi.com\/cursos\/codigo-de-etica\/\">aqu\u00ed.<\/a><\/p>\n\n\n\n<p>1 &#8211; <strong>Disponibilidad, Accesibilidad o Interrupci\u00f3n de <\/strong><a href=\"http:\/\/www.wellogi.com\/\"><strong>www.wellogi.com.<\/strong><\/a><\/p>\n\n\n\n<p><em>FITWELLTECH, S.A.P.I. DE C.V.<\/em>se compromete a que la p\u00e1gina electr\u00f3nica <a href=\"http:\/\/www.wellogi.com\/\">www.wellogi.com<\/a> se encuentre disponible. Como requisito para acceder a <em>Wellogi<\/em>, el usuario deber\u00e1 contar con la mayor\u00eda de edad de conformidad con la legislaci\u00f3n aplicable, absteni\u00e9ndose a ingresar quienes tengan alg\u00fan impedimento legal para llevar a cabo actos jur\u00eddicos.<\/p>\n\n\n\n<p>2- <strong>Procedimiento para la adquisici\u00f3n del servicio.<\/strong><\/p>\n\n\n\n<p><em>FITWELLTECH, S.A.P.I. DE C.V.<\/em><em> <\/em>se obliga a que el usuario, previo a la elecci\u00f3n del servicio, tenga acceso a la siguiente informaci\u00f3n:<\/p>\n\n\n\n<ol class=\"wp-block-list\">\n<li>El costo total de la transacci\u00f3n comercial, incluidos los descuentos disponibles y todos los cargos, as\u00ed como los m\u00e9todos de pago y facturaci\u00f3n.<\/li>\n\n\n\n<li>Los impuestos adicionales al IVA que en su caso apliquen.<\/li>\n\n\n\n<li>En su caso, los cargos adicionales derivado del m\u00e9todo de pago que se utilice.<\/li>\n\n\n\n<li>En su caso, la frecuencia de pagos y cualquier condici\u00f3n asociada con el pago, incluyendo restricciones o condiciones aplicables.<\/li>\n<\/ol>\n\n\n\n<p>3 &#8211; <strong>Revocaci\u00f3n del consentimiento del usuario.<\/strong><\/p>\n\n\n\n<p>Adem\u00e1s de los derechos del usuario, previstos en la Ley Federal de Protecci\u00f3n al Consumidor (art\u00edculos 76 BIS y 76 BIS 1), el usuario podr\u00e1, dentro del primer d\u00eda h\u00e1bil contados a partir de la adquisici\u00f3n del servicio, revocar su consentimiento, sin responsabilidad ni justificaci\u00f3n alguna , siempre y cuando el consumidor no haya recibido la prestaci\u00f3n del mismo, en cuyo caso, <em>FITWELLTECH, S.A.P.I. DE C.V. <\/em>deber\u00e1 reintegrar la totalidad del precio pagado por el usuario.<\/p>\n\n\n\n<p>4 &#8211; <strong>Mecanismos de notificaciones o medios de comunicaci\u00f3n con el Consumidor.<\/strong><\/p>\n\n\n\n<p>Las notificaciones a los usuarios de <em>FITWELLTECH, S.A.P.I. DE C.V. <\/em>derivadas de las transacciones comerciales que correspondan, ser\u00e1n hechas por escrito al correo electr\u00f3nico o datos de contacto que proporcion\u00f3 el usuario al momento de su registro en la Tienda Virtual.<\/p>\n\n\n\n<p>5 &#8211; <strong>Mecanismo de cancelaci\u00f3n de los servicios adquiridos.<\/strong><\/p>\n\n\n\n<p>Los mecanismos de cancelaci\u00f3n de los servicios, devoluci\u00f3n de la cantidad pagada y, en su caso, la bonificaci\u00f3n se encuentran descritos en el <strong><em>ANEXO A <\/em><\/strong>que forma parte de estos t\u00e9rminos y condiciones.<\/p>\n\n\n\n<p>Una vez le\u00eddos y comprendidos los t\u00e9rminos y condiciones, el usuario manifiesta que ha comprendido el alcance legal de sus derechos y obligaciones y, en consecuencia, otorga su consentimiento para que las transacciones comerciales correspondientes se reglamenten bajo estos t\u00e9rminos y condiciones.<\/p>\n\n\n\n<p>Este contrato fue aprobado y registrado por la Procuradur\u00eda Federal del Consumidor bajo el n\u00famero <strong>2409-2023 <\/strong>de fecha <strong>27 de febrero de 2023<\/strong>. Cualquier variaci\u00f3n del presente contrato en perjuicio del usuario, frente al contrato de adhesi\u00f3n registrado, se tendr\u00e1 por no puesta.<\/p>\n\n\n\n<div data-wp-interactive=\"core\/file\" class=\"wp-block-file\"><object data-wp-bind--hidden=\"!state.hasPdfPreview\" hidden class=\"wp-block-file__embed\" data=\"https:\/\/www.wellogi.com\/cursos\/wp-content\/uploads\/2023\/03\/Contrato-de-Adhesion-Registro-ante-PROFECO-y-RCAL.-FitWellTech.pdf\" type=\"application\/pdf\" style=\"width:100%;height:968px\" aria-label=\"Incrustado de Contrato-de-Adhesion-Registro-ante-PROFECO-y-RCAL.-FitWellTech.\"><\/object><a id=\"wp-block-file--media-35b007a5-ecfe-4b92-b4f2-af10008d8f58\" href=\"https:\/\/www.wellogi.com\/cursos\/wp-content\/uploads\/2023\/03\/Contrato-de-Adhesion-Registro-ante-PROFECO-y-RCAL.-FitWellTech.pdf\">Contrato-de-Adhesion-Registro-ante-PROFECO-y-RCAL.-FitWellTech<\/a><\/div>\n\n\n\n<figure class=\"wp-block-image size-full is-resized\"><img fetchpriority=\"high\" decoding=\"async\" width=\"358\" height=\"148\" src=\"https:\/\/www.wellogi.com\/cursos\/wp-content\/uploads\/2023\/03\/logo-profeco.png\" alt=\"PROFECO\" class=\"wp-image-90243\" style=\"width:839px;height:347px\" srcset=\"https:\/\/www.wellogi.com\/cursos\/wp-content\/uploads\/2023\/03\/logo-profeco.png 358w, https:\/\/www.wellogi.com\/cursos\/wp-content\/uploads\/2023\/03\/logo-profeco-300x124.png 300w, https:\/\/www.wellogi.com\/cursos\/wp-content\/uploads\/2023\/03\/logo-profeco-200x83.png 200w, https:\/\/www.wellogi.com\/cursos\/wp-content\/uploads\/2023\/03\/logo-profeco-100x41.png 100w, https:\/\/www.wellogi.com\/cursos\/wp-content\/uploads\/2023\/03\/logo-profeco-150x62.png 150w\" sizes=\"(max-width: 358px) 100vw, 358px\" \/><figcaption class=\"wp-element-caption\">PROFECO<\/figcaption><\/figure>\n\n\n\n<h2 class=\"wp-block-heading has-text-align-center has-button-hover-color-color has-text-color has-link-color wp-elements-9ea406085e1972d043a7731983fa4ba6\"><strong>Conciliaexpres PROFECO<\/strong><\/h2>\n\n\n\n<figure class=\"wp-block-image aligncenter size-full is-resized\"><a href=\"https:\/\/www.wellogi.com\/cursos\/wp-content\/uploads\/2025\/10\/Conciliaexpres.-PROFECO.pdf\" target=\"_blank\" rel=\" noreferrer noopener\"><img decoding=\"async\" width=\"352\" height=\"602\" src=\"https:\/\/www.wellogi.com\/cursos\/wp-content\/uploads\/2025\/10\/Conciliaexpress-PROFECO.jpg\" alt=\"Conciliaexpress, PROFECO\" class=\"wp-image-115287\" style=\"width:364px;height:auto\" srcset=\"https:\/\/www.wellogi.com\/cursos\/wp-content\/uploads\/2025\/10\/Conciliaexpress-PROFECO.jpg 352w, https:\/\/www.wellogi.com\/cursos\/wp-content\/uploads\/2025\/10\/Conciliaexpress-PROFECO-175x300.jpg 175w, https:\/\/www.wellogi.com\/cursos\/wp-content\/uploads\/2025\/10\/Conciliaexpress-PROFECO-117x200.jpg 117w, https:\/\/www.wellogi.com\/cursos\/wp-content\/uploads\/2025\/10\/Conciliaexpress-PROFECO-234x400.jpg 234w, https:\/\/www.wellogi.com\/cursos\/wp-content\/uploads\/2025\/10\/Conciliaexpress-PROFECO-58x100.jpg 58w, https:\/\/www.wellogi.com\/cursos\/wp-content\/uploads\/2025\/10\/Conciliaexpress-PROFECO-100x171.jpg 100w, https:\/\/www.wellogi.com\/cursos\/wp-content\/uploads\/2025\/10\/Conciliaexpress-PROFECO-150x257.jpg 150w, https:\/\/www.wellogi.com\/cursos\/wp-content\/uploads\/2025\/10\/Conciliaexpress-PROFECO-200x342.jpg 200w, https:\/\/www.wellogi.com\/cursos\/wp-content\/uploads\/2025\/10\/Conciliaexpress-PROFECO-300x513.jpg 300w\" sizes=\"(max-width: 352px) 100vw, 352px\" \/><\/a><figcaption class=\"wp-element-caption\">Conciliaexpress, PROFECO<\/figcaption><\/figure>\n\n\n\n<p class=\"has-text-align-center\"><strong>Inicia una Conciliaci\u00f3n ante PROFECO aqui:<\/strong> <a href=\"https:\/\/consumidoras.profeco.gob.mx\/conciliaexpress\/solicitud.php \">https:\/\/consumidoras.profeco.gob.mx\/conciliaexpress\/solicitud.php <\/a><\/p>\n\n\n\n<figure class=\"wp-block-image aligncenter size-full\"><img decoding=\"async\" width=\"714\" height=\"720\" src=\"https:\/\/www.wellogi.com\/cursos\/wp-content\/uploads\/2023\/05\/Contrato-de-Adhesion-ante-PROFECO.-Wellogi-Academy.jpg\" alt=\"Contrato de Adhesi\u00f3n ante PROFECO. Wellogi Academy\" class=\"wp-image-95899\" srcset=\"https:\/\/www.wellogi.com\/cursos\/wp-content\/uploads\/2023\/05\/Contrato-de-Adhesion-ante-PROFECO.-Wellogi-Academy.jpg 714w, https:\/\/www.wellogi.com\/cursos\/wp-content\/uploads\/2023\/05\/Contrato-de-Adhesion-ante-PROFECO.-Wellogi-Academy-100x101.jpg 100w, https:\/\/www.wellogi.com\/cursos\/wp-content\/uploads\/2023\/05\/Contrato-de-Adhesion-ante-PROFECO.-Wellogi-Academy-600x605.jpg 600w, https:\/\/www.wellogi.com\/cursos\/wp-content\/uploads\/2023\/05\/Contrato-de-Adhesion-ante-PROFECO.-Wellogi-Academy-298x300.jpg 298w, https:\/\/www.wellogi.com\/cursos\/wp-content\/uploads\/2023\/05\/Contrato-de-Adhesion-ante-PROFECO.-Wellogi-Academy-150x151.jpg 150w, https:\/\/www.wellogi.com\/cursos\/wp-content\/uploads\/2023\/05\/Contrato-de-Adhesion-ante-PROFECO.-Wellogi-Academy-198x200.jpg 198w, https:\/\/www.wellogi.com\/cursos\/wp-content\/uploads\/2023\/05\/Contrato-de-Adhesion-ante-PROFECO.-Wellogi-Academy-397x400.jpg 397w, https:\/\/www.wellogi.com\/cursos\/wp-content\/uploads\/2023\/05\/Contrato-de-Adhesion-ante-PROFECO.-Wellogi-Academy-200x202.jpg 200w, https:\/\/www.wellogi.com\/cursos\/wp-content\/uploads\/2023\/05\/Contrato-de-Adhesion-ante-PROFECO.-Wellogi-Academy-300x303.jpg 300w, https:\/\/www.wellogi.com\/cursos\/wp-content\/uploads\/2023\/05\/Contrato-de-Adhesion-ante-PROFECO.-Wellogi-Academy-450x454.jpg 450w\" sizes=\"(max-width: 714px) 100vw, 714px\" \/><figcaption class=\"wp-element-caption\">Contrato de Adhesi\u00f3n ante PROFECO. Wellogi Academy<\/figcaption><\/figure>\n","protected":false},"excerpt":{"rendered":"<p>Resumen (Encuentra y lee el contrato completo, disponible en esta misma p\u00e1gina, en la parte inferior) FITWELLTECH, S.A.P.I. DE C.V.manifiesta que cumple con la Ley Federal de Protecci\u00f3n al Consumidor y la Norma Mexicana NMX-COE-001-SCFI-2018, Comercio Electr\u00f3nico- Disposiciones a las &hellip;<\/p>\n<p class=\"read-more\"> <a class=\"more-link\" href=\"https:\/\/www.wellogi.com\/cursos\/contrato-de-adhesion-profeco\/\"> <span class=\"screen-reader-text\">Contrato de Adhesi\u00f3n PROFECO<\/span> Leer m\u00e1s \u00bb<\/a><\/p>\n","protected":false},"author":3,"featured_media":0,"parent":0,"menu_order":0,"comment_status":"closed","ping_status":"closed","template":"","meta":{"footnotes":""},"class_list":["post-90725","page","type-page","status-publish","hentry"],"yoast_head":"<!-- This site is optimized with the Yoast SEO plugin v27.4 - https:\/\/yoast.com\/product\/yoast-seo-wordpress\/ -->\n<title>Contrato de Adhesi\u00f3n PROFECO - Wellogi Academy<\/title>\n<meta name=\"description\" content=\"Plataforma de capacitaci\u00f3n acad\u00e9mica continua as\u00edncrona especializada en Nutricion, Entrenamiento, Recomposici\u00f3n Corporal, Fitness y Wellness.\" \/>\n<meta name=\"robots\" content=\"noindex, follow\" \/>\n<meta property=\"og:locale\" content=\"es_MX\" \/>\n<meta property=\"og:type\" content=\"article\" \/>\n<meta property=\"og:title\" content=\"Contrato de Adhesi\u00f3n PROFECO - Wellogi Academy\" \/>\n<meta property=\"og:description\" content=\"Plataforma de capacitaci\u00f3n acad\u00e9mica continua as\u00edncrona especializada en Nutricion, Entrenamiento, Recomposici\u00f3n Corporal, Fitness y Wellness.\" \/>\n<meta property=\"og:url\" content=\"https:\/\/www.wellogi.com\/cursos\/contrato-de-adhesion-profeco\/\" \/>\n<meta property=\"og:site_name\" content=\"Wellogi Academy\" \/>\n<meta property=\"article:publisher\" content=\"https:\/\/www.facebook.com\/WellogiApp\" \/>\n<meta property=\"article:modified_time\" content=\"2025-10-20T01:55:47+00:00\" \/>\n<meta property=\"og:image\" content=\"https:\/\/www.wellogi.com\/cursos\/wp-content\/uploads\/2023\/03\/logo-profeco.png\" \/>\n\t<meta property=\"og:image:width\" content=\"358\" \/>\n\t<meta property=\"og:image:height\" content=\"148\" \/>\n\t<meta property=\"og:image:type\" content=\"image\/png\" \/>\n<meta name=\"twitter:card\" content=\"summary_large_image\" \/>\n<meta name=\"twitter:site\" content=\"@Wellogi_App\" \/>\n<script type=\"application\/ld+json\" class=\"yoast-schema-graph\">{\"@context\":\"https:\\\/\\\/schema.org\",\"@graph\":[{\"@type\":\"WebPage\",\"@id\":\"https:\\\/\\\/www.wellogi.com\\\/cursos\\\/contrato-de-adhesion-profeco\\\/\",\"url\":\"https:\\\/\\\/www.wellogi.com\\\/cursos\\\/contrato-de-adhesion-profeco\\\/\",\"name\":\"Contrato de Adhesi\u00f3n PROFECO - Wellogi Academy\",\"isPartOf\":{\"@id\":\"https:\\\/\\\/www.wellogi.com\\\/cursos\\\/#website\"},\"primaryImageOfPage\":{\"@id\":\"https:\\\/\\\/www.wellogi.com\\\/cursos\\\/contrato-de-adhesion-profeco\\\/#primaryimage\"},\"image\":{\"@id\":\"https:\\\/\\\/www.wellogi.com\\\/cursos\\\/contrato-de-adhesion-profeco\\\/#primaryimage\"},\"thumbnailUrl\":\"https:\\\/\\\/www.wellogi.com\\\/cursos\\\/wp-content\\\/uploads\\\/2023\\\/03\\\/logo-profeco.png\",\"datePublished\":\"2023-03-14T23:03:44+00:00\",\"dateModified\":\"2025-10-20T01:55:47+00:00\",\"description\":\"Plataforma de capacitaci\u00f3n acad\u00e9mica continua as\u00edncrona especializada en Nutricion, Entrenamiento, Recomposici\u00f3n Corporal, Fitness y Wellness.\",\"breadcrumb\":{\"@id\":\"https:\\\/\\\/www.wellogi.com\\\/cursos\\\/contrato-de-adhesion-profeco\\\/#breadcrumb\"},\"inLanguage\":\"es\",\"potentialAction\":[{\"@type\":\"ReadAction\",\"target\":[\"https:\\\/\\\/www.wellogi.com\\\/cursos\\\/contrato-de-adhesion-profeco\\\/\"]}]},{\"@type\":\"ImageObject\",\"inLanguage\":\"es\",\"@id\":\"https:\\\/\\\/www.wellogi.com\\\/cursos\\\/contrato-de-adhesion-profeco\\\/#primaryimage\",\"url\":\"https:\\\/\\\/www.wellogi.com\\\/cursos\\\/wp-content\\\/uploads\\\/2023\\\/03\\\/logo-profeco.png\",\"contentUrl\":\"https:\\\/\\\/www.wellogi.com\\\/cursos\\\/wp-content\\\/uploads\\\/2023\\\/03\\\/logo-profeco.png\",\"width\":358,\"height\":148,\"caption\":\"PROFECO\"},{\"@type\":\"BreadcrumbList\",\"@id\":\"https:\\\/\\\/www.wellogi.com\\\/cursos\\\/contrato-de-adhesion-profeco\\\/#breadcrumb\",\"itemListElement\":[{\"@type\":\"ListItem\",\"position\":1,\"name\":\"Inicio\",\"item\":\"https:\\\/\\\/www.wellogi.com\\\/cursos\\\/\"},{\"@type\":\"ListItem\",\"position\":2,\"name\":\"Contrato de Adhesi\u00f3n PROFECO\"}]},{\"@type\":\"WebSite\",\"@id\":\"https:\\\/\\\/www.wellogi.com\\\/cursos\\\/#website\",\"url\":\"https:\\\/\\\/www.wellogi.com\\\/cursos\\\/\",\"name\":\"Wellogi Academy\",\"description\":\"Plataforma de capacitaci\u00f3n acad\u00e9mica continua as\u00edncrona.\",\"publisher\":{\"@id\":\"https:\\\/\\\/www.wellogi.com\\\/cursos\\\/#organization\"},\"potentialAction\":[{\"@type\":\"SearchAction\",\"target\":{\"@type\":\"EntryPoint\",\"urlTemplate\":\"https:\\\/\\\/www.wellogi.com\\\/cursos\\\/?s={search_term_string}\"},\"query-input\":{\"@type\":\"PropertyValueSpecification\",\"valueRequired\":true,\"valueName\":\"search_term_string\"}}],\"inLanguage\":\"es\"},{\"@type\":\"Organization\",\"@id\":\"https:\\\/\\\/www.wellogi.com\\\/cursos\\\/#organization\",\"name\":\"Wellogi Academy\",\"url\":\"https:\\\/\\\/www.wellogi.com\\\/cursos\\\/\",\"logo\":{\"@type\":\"ImageObject\",\"inLanguage\":\"es\",\"@id\":\"https:\\\/\\\/www.wellogi.com\\\/cursos\\\/#\\\/schema\\\/logo\\\/image\\\/\",\"url\":\"https:\\\/\\\/www.wellogi.com\\\/cursos\\\/wp-content\\\/uploads\\\/2021\\\/11\\\/Logo-y-Slogan-transparente-final-.png\",\"contentUrl\":\"https:\\\/\\\/www.wellogi.com\\\/cursos\\\/wp-content\\\/uploads\\\/2021\\\/11\\\/Logo-y-Slogan-transparente-final-.png\",\"width\":5042,\"height\":4883,\"caption\":\"Wellogi Academy\"},\"image\":{\"@id\":\"https:\\\/\\\/www.wellogi.com\\\/cursos\\\/#\\\/schema\\\/logo\\\/image\\\/\"},\"sameAs\":[\"https:\\\/\\\/www.facebook.com\\\/WellogiApp\",\"https:\\\/\\\/x.com\\\/Wellogi_App\",\"https:\\\/\\\/www.instagram.com\\\/wellogi_app\\\/\",\"https:\\\/\\\/www.linkedin.com\\\/in\\\/luis-gomez-wellogi\\\/\",\"https:\\\/\\\/www.youtube.com\\\/c\\\/Wellogi\\\/videos\"]}]}<\/script>\n<!-- \/ Yoast SEO plugin. -->","yoast_head_json":{"title":"Contrato de Adhesi\u00f3n PROFECO - Wellogi Academy","description":"Plataforma de capacitaci\u00f3n acad\u00e9mica continua as\u00edncrona especializada en Nutricion, Entrenamiento, Recomposici\u00f3n Corporal, Fitness y Wellness.","robots":{"index":"noindex","follow":"follow"},"og_locale":"es_MX","og_type":"article","og_title":"Contrato de Adhesi\u00f3n PROFECO - Wellogi Academy","og_description":"Plataforma de capacitaci\u00f3n acad\u00e9mica continua as\u00edncrona especializada en Nutricion, Entrenamiento, Recomposici\u00f3n Corporal, Fitness y Wellness.","og_url":"https:\/\/www.wellogi.com\/cursos\/contrato-de-adhesion-profeco\/","og_site_name":"Wellogi Academy","article_publisher":"https:\/\/www.facebook.com\/WellogiApp","article_modified_time":"2025-10-20T01:55:47+00:00","og_image":[{"width":358,"height":148,"url":"https:\/\/www.wellogi.com\/cursos\/wp-content\/uploads\/2023\/03\/logo-profeco.png","type":"image\/png"}],"twitter_card":"summary_large_image","twitter_site":"@Wellogi_App","schema":{"@context":"https:\/\/schema.org","@graph":[{"@type":"WebPage","@id":"https:\/\/www.wellogi.com\/cursos\/contrato-de-adhesion-profeco\/","url":"https:\/\/www.wellogi.com\/cursos\/contrato-de-adhesion-profeco\/","name":"Contrato de Adhesi\u00f3n PROFECO - Wellogi Academy","isPartOf":{"@id":"https:\/\/www.wellogi.com\/cursos\/#website"},"primaryImageOfPage":{"@id":"https:\/\/www.wellogi.com\/cursos\/contrato-de-adhesion-profeco\/#primaryimage"},"image":{"@id":"https:\/\/www.wellogi.com\/cursos\/contrato-de-adhesion-profeco\/#primaryimage"},"thumbnailUrl":"https:\/\/www.wellogi.com\/cursos\/wp-content\/uploads\/2023\/03\/logo-profeco.png","datePublished":"2023-03-14T23:03:44+00:00","dateModified":"2025-10-20T01:55:47+00:00","description":"Plataforma de capacitaci\u00f3n acad\u00e9mica continua as\u00edncrona especializada en Nutricion, Entrenamiento, Recomposici\u00f3n Corporal, Fitness y Wellness.","breadcrumb":{"@id":"https:\/\/www.wellogi.com\/cursos\/contrato-de-adhesion-profeco\/#breadcrumb"},"inLanguage":"es","potentialAction":[{"@type":"ReadAction","target":["https:\/\/www.wellogi.com\/cursos\/contrato-de-adhesion-profeco\/"]}]},{"@type":"ImageObject","inLanguage":"es","@id":"https:\/\/www.wellogi.com\/cursos\/contrato-de-adhesion-profeco\/#primaryimage","url":"https:\/\/www.wellogi.com\/cursos\/wp-content\/uploads\/2023\/03\/logo-profeco.png","contentUrl":"https:\/\/www.wellogi.com\/cursos\/wp-content\/uploads\/2023\/03\/logo-profeco.png","width":358,"height":148,"caption":"PROFECO"},{"@type":"BreadcrumbList","@id":"https:\/\/www.wellogi.com\/cursos\/contrato-de-adhesion-profeco\/#breadcrumb","itemListElement":[{"@type":"ListItem","position":1,"name":"Inicio","item":"https:\/\/www.wellogi.com\/cursos\/"},{"@type":"ListItem","position":2,"name":"Contrato de Adhesi\u00f3n PROFECO"}]},{"@type":"WebSite","@id":"https:\/\/www.wellogi.com\/cursos\/#website","url":"https:\/\/www.wellogi.com\/cursos\/","name":"Wellogi Academy","description":"Plataforma de capacitaci\u00f3n acad\u00e9mica continua as\u00edncrona.","publisher":{"@id":"https:\/\/www.wellogi.com\/cursos\/#organization"},"potentialAction":[{"@type":"SearchAction","target":{"@type":"EntryPoint","urlTemplate":"https:\/\/www.wellogi.com\/cursos\/?s={search_term_string}"},"query-input":{"@type":"PropertyValueSpecification","valueRequired":true,"valueName":"search_term_string"}}],"inLanguage":"es"},{"@type":"Organization","@id":"https:\/\/www.wellogi.com\/cursos\/#organization","name":"Wellogi Academy","url":"https:\/\/www.wellogi.com\/cursos\/","logo":{"@type":"ImageObject","inLanguage":"es","@id":"https:\/\/www.wellogi.com\/cursos\/#\/schema\/logo\/image\/","url":"https:\/\/www.wellogi.com\/cursos\/wp-content\/uploads\/2021\/11\/Logo-y-Slogan-transparente-final-.png","contentUrl":"https:\/\/www.wellogi.com\/cursos\/wp-content\/uploads\/2021\/11\/Logo-y-Slogan-transparente-final-.png","width":5042,"height":4883,"caption":"Wellogi Academy"},"image":{"@id":"https:\/\/www.wellogi.com\/cursos\/#\/schema\/logo\/image\/"},"sameAs":["https:\/\/www.facebook.com\/WellogiApp","https:\/\/x.com\/Wellogi_App","https:\/\/www.instagram.com\/wellogi_app\/","https:\/\/www.linkedin.com\/in\/luis-gomez-wellogi\/","https:\/\/www.youtube.com\/c\/Wellogi\/videos"]}]}},"_links":{"self":[{"href":"https:\/\/www.wellogi.com\/cursos\/wp-json\/wp\/v2\/pages\/90725","targetHints":{"allow":["GET"]}}],"collection":[{"href":"https:\/\/www.wellogi.com\/cursos\/wp-json\/wp\/v2\/pages"}],"about":[{"href":"https:\/\/www.wellogi.com\/cursos\/wp-json\/wp\/v2\/types\/page"}],"author":[{"embeddable":true,"href":"https:\/\/www.wellogi.com\/cursos\/wp-json\/wp\/v2\/users\/3"}],"replies":[{"embeddable":true,"href":"https:\/\/www.wellogi.com\/cursos\/wp-json\/wp\/v2\/comments?post=90725"}],"version-history":[{"count":7,"href":"https:\/\/www.wellogi.com\/cursos\/wp-json\/wp\/v2\/pages\/90725\/revisions"}],"predecessor-version":[{"id":115294,"href":"https:\/\/www.wellogi.com\/cursos\/wp-json\/wp\/v2\/pages\/90725\/revisions\/115294"}],"wp:attachment":[{"href":"https:\/\/www.wellogi.com\/cursos\/wp-json\/wp\/v2\/media?parent=90725"}],"curies":[{"name":"wp","href":"https:\/\/api.w.org\/{rel}","templated":true}]}}