{"id":89549,"date":"2023-02-20T12:02:52","date_gmt":"2023-02-20T18:02:52","guid":{"rendered":"https:\/\/www.wellogi.com\/cursos\/?page_id=89549"},"modified":"2026-02-19T09:28:29","modified_gmt":"2026-02-19T15:28:29","slug":"directorio-de-profesionales-diplomado","status":"publish","type":"page","link":"https:\/\/www.wellogi.com\/cursos\/directorio-de-profesionales-diplomado\/","title":{"rendered":"Directorio de Profesionales que Acreditaron el Diplomado en Nutrici\u00f3n, Entrenamiento y Ciencias aplicadas a la Recomposici\u00f3n Corporal."},"content":{"rendered":"\n<p class=\"has-text-align-center\">Los siguientes Alumnos de&nbsp;<strong>Wellogi Academy<\/strong>, terminaron debidamente y con&nbsp;<strong>Calificaci\u00f3n Sobresaliente<\/strong>&nbsp;cada uno de los&nbsp;<strong>Ex\u00e1menes y<\/strong>&nbsp;<strong>Trabajos Finales<\/strong>&nbsp;de Todas las Certificaciones, que demuestran la correcta aplicaci\u00f3n de los conocimientos en la pr\u00e1ctica profesional. Por lo que&nbsp;<strong>Wellogi Academy Avala que los siguientes alumnos<\/strong>&nbsp;tienen las&nbsp;<strong>Competencias Laborales<\/strong>&nbsp;\u00f3ptimas por haber concluido el <strong>Diplomado en Nutrici\u00f3n, Entrenamiento y Ciencias Aplicadas a la Recomposici\u00f3n Corporal<\/strong> con Duraci\u00f3n de 160 Horas Totales de Valor Curricular.<\/p>\n\n\n\n<p class=\"has-text-align-center\">*Wellogi Academy queda totalmente deslindado del trabajo de los Profesionales.<\/p>\n\n\n\n<figure class=\"wp-block-embed is-type-video is-provider-vimeo wp-block-embed-vimeo wp-embed-aspect-16-9 wp-has-aspect-ratio\"><div class=\"wp-block-embed__wrapper\">\n<iframe src=\"https:\/\/player.vimeo.com\/video\/799240105?dnt=1&amp;app_id=122963\" width=\"605\" height=\"340\" frameborder=\"0\" allow=\"autoplay; fullscreen; picture-in-picture; clipboard-write; encrypted-media; web-share\" referrerpolicy=\"strict-origin-when-cross-origin\"><\/iframe>\n<\/div><\/figure>\n\n\n\n<p class=\"has-text-align-center\" style=\"font-size:30px\"><strong>Diplomado en Nutrici\u00f3n, Entrenamiento y Ciencias Aplicadas a la Recomposici\u00f3n Corporal<\/strong>.<\/p>\n\n\n\n<p class=\"has-text-align-center\">Wellogi Academy Junto con el <strong>Colegio de Nutri\u00f3logos de Jalisco A.C.<\/strong> y todos nuestros <strong>Avales Acad\u00e9micos<\/strong> acreditan que los Siguientes Alumnos terminaron el Diplomado:<\/p>\n\n\n\n<p class=\"has-text-align-center\"><strong>Daniel Tonathiu Guerrero Ramirez<\/strong> de <strong>Nezahualcoyotl, Estado de M\u00e9xico<\/strong>. Cont\u00e1ctalo en <strong>coachsixdaniel@gmail.com<\/strong><\/p>\n\n\n\n<p class=\"has-text-align-center\"> <strong>Oscar Ivan Leon Barraza<\/strong> de la ciudad de <strong>Los mochis, Sinaloa.<\/strong> Cont\u00e1ctalo en <strong>nutricion@oscarleon.com.mx<\/strong><\/p>\n\n\n\n<p class=\"has-text-align-center\"><strong>Sergio Medina Salazar<\/strong> de la ciudad de <strong>Le\u00f3n, Guanajuato<\/strong>. Cont\u00e1ctalo en <strong>sergiomedsalazar@gmail.com<\/strong><\/p>\n\n\n\n<p class=\"has-text-align-center\"><strong>Rogelio Morales Hern\u00e1ndez<\/strong> de la ciudad de <strong>Teziutl\u00e1n, Puebla.<\/strong> Cont\u00e1ctalo en <strong>rogermorales52@gmail.com<\/strong><\/p>\n\n\n\n<p class=\"has-text-align-center\"><strong>Edgar David Gonz\u00e1lez Hern\u00e1ndez<\/strong> de la <strong>Ciudad de M\u00e9xico (CDMX)<\/strong>. Cont\u00e1ctalo en <strong>nut_david@yahoo.com<\/strong><\/p>\n\n\n\n<p class=\"has-text-align-center\"><strong>Joel Jerem\u00edas G\u00fcemez Uch<\/strong> de la ciudad de <strong>Tizimin, Yucatan<\/strong>. Cont\u00e1ctalo en <strong>joelguemez@gmail.com<\/strong><\/p>\n\n\n\n<p class=\"has-text-align-center\"><strong>Karla Guadalupe L\u00f3pez Cervantes<\/strong> de la ciudad de <strong>Guadalajara, Jalisco<\/strong>. Cont\u00e1ctala en <strong>karlalopez.c98@gmail.com<\/strong><\/p>\n\n\n\n<p class=\"has-text-align-center\"><strong>Erik Santiago Noriega Bandala<\/strong> de la ciudad de <strong>CDXM<\/strong>. Cont\u00e1ctalo en <strong>eriksantiago.esnb@gmail.com<\/strong><\/p>\n\n\n\n<p class=\"has-text-align-center\"><strong>Valeria Alarc\u00f3n Hern\u00e1ndez<\/strong> de la ciudad de <strong>Aguascalientes, Aguascalientes<\/strong>. Cont\u00e1ctala en <strong>vaalhz96@outlook.com<\/strong><\/p>\n\n\n\n<p class=\"has-text-align-center\"><strong>Luis Adri\u00e1n Salas<\/strong> de la ciudad de <strong>Puebla, Puebla<\/strong>. Cont\u00e1ctalo en <strong>luisadriansalas4@gmail.com<\/strong><\/p>\n\n\n\n<p class=\"has-text-align-center\"><strong>Ra\u00fal Vargas Zalazar<\/strong> de la ciudad de <strong><strong>Dallas, Texas<\/strong><\/strong>. Cont\u00e1ctalo en <strong>pro.enhanced.nutrition@gmail.com<\/strong><\/p>\n\n\n\n<p class=\"has-text-align-center\"><strong>Manuel Alejandro Ordaz Vel\u00e1zquez<\/strong> de la ciudad de <strong>Navolato, Sinaloa<\/strong>. Cont\u00e1ctalo en <strong>manuel_ordaz31@hotmail.com<\/strong><\/p>\n\n\n\n<p class=\"has-text-align-center\"><strong>Omar P\u00e9rez Cuna<\/strong> de la <strong>CDMX<\/strong>. Cont\u00e1ctalo en <strong>omar.cuna@gmail.com<\/strong><\/p>\n\n\n\n<p class=\"has-text-align-center\"><strong>Jorge Cervantes Guti\u00e9rrez<\/strong> de la <strong>CDMX<\/strong>. Cont\u00e1ctalo en <strong>a01334129@gmail.com<\/strong> <\/p>\n\n\n\n<figure class=\"wp-block-image aligncenter size-large\"><img fetchpriority=\"high\" decoding=\"async\" width=\"1024\" height=\"724\" src=\"https:\/\/www.wellogi.com\/cursos\/wp-content\/uploads\/2024\/11\/Diploma-del-Diplomado-en-Nutricion-Entrenamiento-y-Ciencias-aplicadas-a-la-Recomposicion-Corporal.-Wellogi-Academy-1024x724.png\" alt=\"Diploma del Diplomado en Nutrici\u00f3n, Entrenamiento y Ciencias aplicadas a la Recomposici\u00f3n Corporal. Wellogi Academy\" class=\"wp-image-113532\" srcset=\"https:\/\/www.wellogi.com\/cursos\/wp-content\/uploads\/2024\/11\/Diploma-del-Diplomado-en-Nutricion-Entrenamiento-y-Ciencias-aplicadas-a-la-Recomposicion-Corporal.-Wellogi-Academy-1024x724.png 1024w, https:\/\/www.wellogi.com\/cursos\/wp-content\/uploads\/2024\/11\/Diploma-del-Diplomado-en-Nutricion-Entrenamiento-y-Ciencias-aplicadas-a-la-Recomposicion-Corporal.-Wellogi-Academy-300x212.png 300w, https:\/\/www.wellogi.com\/cursos\/wp-content\/uploads\/2024\/11\/Diploma-del-Diplomado-en-Nutricion-Entrenamiento-y-Ciencias-aplicadas-a-la-Recomposicion-Corporal.-Wellogi-Academy-768x543.png 768w, https:\/\/www.wellogi.com\/cursos\/wp-content\/uploads\/2024\/11\/Diploma-del-Diplomado-en-Nutricion-Entrenamiento-y-Ciencias-aplicadas-a-la-Recomposicion-Corporal.-Wellogi-Academy-200x141.png 200w, https:\/\/www.wellogi.com\/cursos\/wp-content\/uploads\/2024\/11\/Diploma-del-Diplomado-en-Nutricion-Entrenamiento-y-Ciencias-aplicadas-a-la-Recomposicion-Corporal.-Wellogi-Academy-400x283.png 400w, https:\/\/www.wellogi.com\/cursos\/wp-content\/uploads\/2024\/11\/Diploma-del-Diplomado-en-Nutricion-Entrenamiento-y-Ciencias-aplicadas-a-la-Recomposicion-Corporal.-Wellogi-Academy-100x71.png 100w, https:\/\/www.wellogi.com\/cursos\/wp-content\/uploads\/2024\/11\/Diploma-del-Diplomado-en-Nutricion-Entrenamiento-y-Ciencias-aplicadas-a-la-Recomposicion-Corporal.-Wellogi-Academy-1536x1086.png 1536w, https:\/\/www.wellogi.com\/cursos\/wp-content\/uploads\/2024\/11\/Diploma-del-Diplomado-en-Nutricion-Entrenamiento-y-Ciencias-aplicadas-a-la-Recomposicion-Corporal.-Wellogi-Academy-150x106.png 150w, https:\/\/www.wellogi.com\/cursos\/wp-content\/uploads\/2024\/11\/Diploma-del-Diplomado-en-Nutricion-Entrenamiento-y-Ciencias-aplicadas-a-la-Recomposicion-Corporal.-Wellogi-Academy-450x318.png 450w, https:\/\/www.wellogi.com\/cursos\/wp-content\/uploads\/2024\/11\/Diploma-del-Diplomado-en-Nutricion-Entrenamiento-y-Ciencias-aplicadas-a-la-Recomposicion-Corporal.-Wellogi-Academy-600x424.png 600w, https:\/\/www.wellogi.com\/cursos\/wp-content\/uploads\/2024\/11\/Diploma-del-Diplomado-en-Nutricion-Entrenamiento-y-Ciencias-aplicadas-a-la-Recomposicion-Corporal.-Wellogi-Academy-900x636.png 900w, https:\/\/www.wellogi.com\/cursos\/wp-content\/uploads\/2024\/11\/Diploma-del-Diplomado-en-Nutricion-Entrenamiento-y-Ciencias-aplicadas-a-la-Recomposicion-Corporal.-Wellogi-Academy.png 2000w\" sizes=\"(max-width: 1024px) 100vw, 1024px\" \/><figcaption class=\"wp-element-caption\">Diploma del Diplomado en Nutrici\u00f3n, Entrenamiento y Ciencias aplicadas a la Recomposici\u00f3n Corporal. Wellogi Academy<\/figcaption><\/figure>\n\n\n\n<p>Consulta&nbsp;<a href=\"https:\/\/www.wellogi.com\/cursos\/courses\/?course-orderby=newness\">Nuestros cursos aqu\u00ed<\/a><\/p>\n\n\n\n<p>Consulta&nbsp;<a href=\"https:\/\/www.wellogi.com\/cursos\/categoria-del-curso\/certificacion\/\">Nuestras Certificaciones aqu\u00ed<\/a><\/p>\n\n\n\n<p>Consulta el Diplomado aqu\u00ed<\/p>\n\n\n\n<p>Consulta&nbsp;<a href=\"https:\/\/linktr.ee\/Wellogi\" target=\"_blank\" rel=\"noreferrer noopener\">Nuestras Redes sociales<\/a><\/p>\n\n\n\n<figure class=\"wp-block-image aligncenter size-large\"><img decoding=\"async\" width=\"1024\" height=\"1024\" src=\"https:\/\/www.wellogi.com\/cursos\/wp-content\/uploads\/2023\/05\/Diplomado-Wellogi-Academy-1024x1024.jpg\" alt=\"Diplomado Wellogi Academy\" class=\"wp-image-95921\" srcset=\"https:\/\/www.wellogi.com\/cursos\/wp-content\/uploads\/2023\/05\/Diplomado-Wellogi-Academy-1024x1024.jpg 1024w, https:\/\/www.wellogi.com\/cursos\/wp-content\/uploads\/2023\/05\/Diplomado-Wellogi-Academy-300x300.jpg 300w, https:\/\/www.wellogi.com\/cursos\/wp-content\/uploads\/2023\/05\/Diplomado-Wellogi-Academy-100x100.jpg 100w, https:\/\/www.wellogi.com\/cursos\/wp-content\/uploads\/2023\/05\/Diplomado-Wellogi-Academy-600x600.jpg 600w, https:\/\/www.wellogi.com\/cursos\/wp-content\/uploads\/2023\/05\/Diplomado-Wellogi-Academy-150x150.jpg 150w, https:\/\/www.wellogi.com\/cursos\/wp-content\/uploads\/2023\/05\/Diplomado-Wellogi-Academy-768x768.jpg 768w, https:\/\/www.wellogi.com\/cursos\/wp-content\/uploads\/2023\/05\/Diplomado-Wellogi-Academy-200x200.jpg 200w, https:\/\/www.wellogi.com\/cursos\/wp-content\/uploads\/2023\/05\/Diplomado-Wellogi-Academy-400x400.jpg 400w, https:\/\/www.wellogi.com\/cursos\/wp-content\/uploads\/2023\/05\/Diplomado-Wellogi-Academy-1536x1536.jpg 1536w, https:\/\/www.wellogi.com\/cursos\/wp-content\/uploads\/2023\/05\/Diplomado-Wellogi-Academy-450x450.jpg 450w, https:\/\/www.wellogi.com\/cursos\/wp-content\/uploads\/2023\/05\/Diplomado-Wellogi-Academy-900x900.jpg 900w, https:\/\/www.wellogi.com\/cursos\/wp-content\/uploads\/2023\/05\/Diplomado-Wellogi-Academy.jpg 1600w\" sizes=\"(max-width: 1024px) 100vw, 1024px\" \/><figcaption class=\"wp-element-caption\">Diplomado Wellogi Academy<\/figcaption><\/figure>\n\n\n\n<h2 class=\"wp-block-heading has-text-align-center\">Obtiene tu <a href=\"https:\/\/www.wellogi.com\/cursos\/badge-diplomado-en-nutricion-entrenamiento-y-ciencias-aplicadas-a-la-recomposicion-corporal\/\" target=\"_blank\" rel=\"noreferrer noopener\">Medalla Oficial<\/a> al terminar la Certificaci\u00f3n en Diplomado en Nutrici\u00f3n, Entrenamiento y Ciencias aplicadas a la Recomposici\u00f3n Corporal.<\/h2>\n","protected":false},"excerpt":{"rendered":"<p>Los siguientes Alumnos de&nbsp;Wellogi Academy, terminaron debidamente y con&nbsp;Calificaci\u00f3n Sobresaliente&nbsp;cada uno de los&nbsp;Ex\u00e1menes y&nbsp;Trabajos Finales&nbsp;de Todas las Certificaciones, que demuestran la correcta aplicaci\u00f3n de los conocimientos en la pr\u00e1ctica profesional. Por lo que&nbsp;Wellogi Academy Avala que los siguientes alumnos&nbsp;tienen las&nbsp;Competencias &hellip;<\/p>\n<p class=\"read-more\"> <a class=\"more-link\" href=\"https:\/\/www.wellogi.com\/cursos\/directorio-de-profesionales-diplomado\/\"> <span class=\"screen-reader-text\">Directorio de Profesionales que Acreditaron el Diplomado en Nutrici\u00f3n, Entrenamiento y Ciencias aplicadas a la Recomposici\u00f3n Corporal.<\/span> Leer m\u00e1s \u00bb<\/a><\/p>\n","protected":false},"author":3,"featured_media":0,"parent":0,"menu_order":0,"comment_status":"closed","ping_status":"closed","template":"","meta":{"footnotes":""},"class_list":["post-89549","page","type-page","status-publish","hentry"],"yoast_head":"<!-- This site is optimized with the Yoast SEO plugin v27.4 - https:\/\/yoast.com\/product\/yoast-seo-wordpress\/ -->\n<title>Directorio de Profesionales que Acreditaron el Diplomado en Nutrici\u00f3n, Entrenamiento y Ciencias aplicadas a la Recomposici\u00f3n Corporal.<\/title>\n<meta name=\"description\" content=\"Directorio de Profesionales que Acreditaron el Diplomado. Aqu\u00ed encontrar\u00e1s a todos los Profesionales que Finalizaron el Diplomado en Wellogi\" \/>\n<meta name=\"robots\" content=\"index, follow, max-snippet:-1, max-image-preview:large, max-video-preview:-1\" \/>\n<link rel=\"canonical\" href=\"https:\/\/www.wellogi.com\/cursos\/directorio-de-profesionales-diplomado\/\" \/>\n<meta property=\"og:locale\" content=\"es_MX\" \/>\n<meta property=\"og:type\" content=\"article\" \/>\n<meta property=\"og:title\" content=\"Directorio de Profesionales que Acreditaron el Diplomado en Nutrici\u00f3n, Entrenamiento y Ciencias aplicadas a la Recomposici\u00f3n Corporal.\" \/>\n<meta property=\"og:description\" content=\"Directorio de Profesionales que Acreditaron el Diplomado. Aqu\u00ed encontrar\u00e1s a todos los Profesionales que Finalizaron el Diplomado en Wellogi\" \/>\n<meta property=\"og:url\" content=\"https:\/\/www.wellogi.com\/cursos\/directorio-de-profesionales-diplomado\/\" \/>\n<meta property=\"og:site_name\" content=\"Wellogi Academy\" \/>\n<meta property=\"article:publisher\" content=\"https:\/\/www.facebook.com\/WellogiApp\" \/>\n<meta property=\"article:modified_time\" content=\"2026-02-19T15:28:29+00:00\" \/>\n<meta property=\"og:image\" content=\"https:\/\/www.wellogi.com\/cursos\/wp-content\/uploads\/2024\/11\/Diploma-del-Diplomado-en-Nutricion-Entrenamiento-y-Ciencias-aplicadas-a-la-Recomposicion-Corporal.-Wellogi-Academy.png\" \/>\n\t<meta property=\"og:image:width\" content=\"2000\" \/>\n\t<meta property=\"og:image:height\" content=\"1414\" \/>\n\t<meta property=\"og:image:type\" content=\"image\/png\" \/>\n<meta name=\"twitter:card\" content=\"summary_large_image\" \/>\n<meta name=\"twitter:site\" content=\"@Wellogi_App\" \/>\n<script type=\"application\/ld+json\" class=\"yoast-schema-graph\">{\"@context\":\"https:\\\/\\\/schema.org\",\"@graph\":[{\"@type\":\"WebPage\",\"@id\":\"https:\\\/\\\/www.wellogi.com\\\/cursos\\\/directorio-de-profesionales-diplomado\\\/\",\"url\":\"https:\\\/\\\/www.wellogi.com\\\/cursos\\\/directorio-de-profesionales-diplomado\\\/\",\"name\":\"Directorio de Profesionales que Acreditaron el Diplomado en Nutrici\u00f3n, Entrenamiento y Ciencias aplicadas a la Recomposici\u00f3n Corporal.\",\"isPartOf\":{\"@id\":\"https:\\\/\\\/www.wellogi.com\\\/cursos\\\/#website\"},\"primaryImageOfPage\":{\"@id\":\"https:\\\/\\\/www.wellogi.com\\\/cursos\\\/directorio-de-profesionales-diplomado\\\/#primaryimage\"},\"image\":{\"@id\":\"https:\\\/\\\/www.wellogi.com\\\/cursos\\\/directorio-de-profesionales-diplomado\\\/#primaryimage\"},\"thumbnailUrl\":\"https:\\\/\\\/www.wellogi.com\\\/cursos\\\/wp-content\\\/uploads\\\/2024\\\/11\\\/Diploma-del-Diplomado-en-Nutricion-Entrenamiento-y-Ciencias-aplicadas-a-la-Recomposicion-Corporal.-Wellogi-Academy-1024x724.png\",\"datePublished\":\"2023-02-20T18:02:52+00:00\",\"dateModified\":\"2026-02-19T15:28:29+00:00\",\"description\":\"Directorio de Profesionales que Acreditaron el Diplomado. Aqu\u00ed encontrar\u00e1s a todos los Profesionales que Finalizaron el Diplomado en Wellogi\",\"breadcrumb\":{\"@id\":\"https:\\\/\\\/www.wellogi.com\\\/cursos\\\/directorio-de-profesionales-diplomado\\\/#breadcrumb\"},\"inLanguage\":\"es\",\"potentialAction\":[{\"@type\":\"ReadAction\",\"target\":[\"https:\\\/\\\/www.wellogi.com\\\/cursos\\\/directorio-de-profesionales-diplomado\\\/\"]}]},{\"@type\":\"ImageObject\",\"inLanguage\":\"es\",\"@id\":\"https:\\\/\\\/www.wellogi.com\\\/cursos\\\/directorio-de-profesionales-diplomado\\\/#primaryimage\",\"url\":\"https:\\\/\\\/www.wellogi.com\\\/cursos\\\/wp-content\\\/uploads\\\/2024\\\/11\\\/Diploma-del-Diplomado-en-Nutricion-Entrenamiento-y-Ciencias-aplicadas-a-la-Recomposicion-Corporal.-Wellogi-Academy.png\",\"contentUrl\":\"https:\\\/\\\/www.wellogi.com\\\/cursos\\\/wp-content\\\/uploads\\\/2024\\\/11\\\/Diploma-del-Diplomado-en-Nutricion-Entrenamiento-y-Ciencias-aplicadas-a-la-Recomposicion-Corporal.-Wellogi-Academy.png\",\"width\":2000,\"height\":1414,\"caption\":\"Diploma del Diplomado en Nutrici\u00f3n, Entrenamiento y Ciencias aplicadas a la Recomposici\u00f3n Corporal. Wellogi Academy\"},{\"@type\":\"BreadcrumbList\",\"@id\":\"https:\\\/\\\/www.wellogi.com\\\/cursos\\\/directorio-de-profesionales-diplomado\\\/#breadcrumb\",\"itemListElement\":[{\"@type\":\"ListItem\",\"position\":1,\"name\":\"Inicio\",\"item\":\"https:\\\/\\\/www.wellogi.com\\\/cursos\\\/\"},{\"@type\":\"ListItem\",\"position\":2,\"name\":\"Directorio de Profesionales que Acreditaron el Diplomado en Nutrici\u00f3n, Entrenamiento y Ciencias aplicadas a la Recomposici\u00f3n Corporal.\"}]},{\"@type\":\"WebSite\",\"@id\":\"https:\\\/\\\/www.wellogi.com\\\/cursos\\\/#website\",\"url\":\"https:\\\/\\\/www.wellogi.com\\\/cursos\\\/\",\"name\":\"Wellogi Academy\",\"description\":\"Plataforma de capacitaci\u00f3n acad\u00e9mica continua as\u00edncrona.\",\"publisher\":{\"@id\":\"https:\\\/\\\/www.wellogi.com\\\/cursos\\\/#organization\"},\"potentialAction\":[{\"@type\":\"SearchAction\",\"target\":{\"@type\":\"EntryPoint\",\"urlTemplate\":\"https:\\\/\\\/www.wellogi.com\\\/cursos\\\/?s={search_term_string}\"},\"query-input\":{\"@type\":\"PropertyValueSpecification\",\"valueRequired\":true,\"valueName\":\"search_term_string\"}}],\"inLanguage\":\"es\"},{\"@type\":\"Organization\",\"@id\":\"https:\\\/\\\/www.wellogi.com\\\/cursos\\\/#organization\",\"name\":\"Wellogi Academy\",\"url\":\"https:\\\/\\\/www.wellogi.com\\\/cursos\\\/\",\"logo\":{\"@type\":\"ImageObject\",\"inLanguage\":\"es\",\"@id\":\"https:\\\/\\\/www.wellogi.com\\\/cursos\\\/#\\\/schema\\\/logo\\\/image\\\/\",\"url\":\"https:\\\/\\\/www.wellogi.com\\\/cursos\\\/wp-content\\\/uploads\\\/2021\\\/11\\\/Logo-y-Slogan-transparente-final-.png\",\"contentUrl\":\"https:\\\/\\\/www.wellogi.com\\\/cursos\\\/wp-content\\\/uploads\\\/2021\\\/11\\\/Logo-y-Slogan-transparente-final-.png\",\"width\":5042,\"height\":4883,\"caption\":\"Wellogi Academy\"},\"image\":{\"@id\":\"https:\\\/\\\/www.wellogi.com\\\/cursos\\\/#\\\/schema\\\/logo\\\/image\\\/\"},\"sameAs\":[\"https:\\\/\\\/www.facebook.com\\\/WellogiApp\",\"https:\\\/\\\/x.com\\\/Wellogi_App\",\"https:\\\/\\\/www.instagram.com\\\/wellogi_app\\\/\",\"https:\\\/\\\/www.linkedin.com\\\/in\\\/luis-gomez-wellogi\\\/\",\"https:\\\/\\\/www.youtube.com\\\/c\\\/Wellogi\\\/videos\"]}]}<\/script>\n<!-- \/ Yoast SEO plugin. -->","yoast_head_json":{"title":"Directorio de Profesionales que Acreditaron el Diplomado en Nutrici\u00f3n, Entrenamiento y Ciencias aplicadas a la Recomposici\u00f3n Corporal.","description":"Directorio de Profesionales que Acreditaron el Diplomado. Aqu\u00ed encontrar\u00e1s a todos los Profesionales que Finalizaron el Diplomado en Wellogi","robots":{"index":"index","follow":"follow","max-snippet":"max-snippet:-1","max-image-preview":"max-image-preview:large","max-video-preview":"max-video-preview:-1"},"canonical":"https:\/\/www.wellogi.com\/cursos\/directorio-de-profesionales-diplomado\/","og_locale":"es_MX","og_type":"article","og_title":"Directorio de Profesionales que Acreditaron el Diplomado en Nutrici\u00f3n, Entrenamiento y Ciencias aplicadas a la Recomposici\u00f3n Corporal.","og_description":"Directorio de Profesionales que Acreditaron el Diplomado. Aqu\u00ed encontrar\u00e1s a todos los Profesionales que Finalizaron el Diplomado en Wellogi","og_url":"https:\/\/www.wellogi.com\/cursos\/directorio-de-profesionales-diplomado\/","og_site_name":"Wellogi Academy","article_publisher":"https:\/\/www.facebook.com\/WellogiApp","article_modified_time":"2026-02-19T15:28:29+00:00","og_image":[{"width":2000,"height":1414,"url":"https:\/\/www.wellogi.com\/cursos\/wp-content\/uploads\/2024\/11\/Diploma-del-Diplomado-en-Nutricion-Entrenamiento-y-Ciencias-aplicadas-a-la-Recomposicion-Corporal.-Wellogi-Academy.png","type":"image\/png"}],"twitter_card":"summary_large_image","twitter_site":"@Wellogi_App","schema":{"@context":"https:\/\/schema.org","@graph":[{"@type":"WebPage","@id":"https:\/\/www.wellogi.com\/cursos\/directorio-de-profesionales-diplomado\/","url":"https:\/\/www.wellogi.com\/cursos\/directorio-de-profesionales-diplomado\/","name":"Directorio de Profesionales que Acreditaron el Diplomado en Nutrici\u00f3n, Entrenamiento y Ciencias aplicadas a la Recomposici\u00f3n Corporal.","isPartOf":{"@id":"https:\/\/www.wellogi.com\/cursos\/#website"},"primaryImageOfPage":{"@id":"https:\/\/www.wellogi.com\/cursos\/directorio-de-profesionales-diplomado\/#primaryimage"},"image":{"@id":"https:\/\/www.wellogi.com\/cursos\/directorio-de-profesionales-diplomado\/#primaryimage"},"thumbnailUrl":"https:\/\/www.wellogi.com\/cursos\/wp-content\/uploads\/2024\/11\/Diploma-del-Diplomado-en-Nutricion-Entrenamiento-y-Ciencias-aplicadas-a-la-Recomposicion-Corporal.-Wellogi-Academy-1024x724.png","datePublished":"2023-02-20T18:02:52+00:00","dateModified":"2026-02-19T15:28:29+00:00","description":"Directorio de Profesionales que Acreditaron el Diplomado. Aqu\u00ed encontrar\u00e1s a todos los Profesionales que Finalizaron el Diplomado en Wellogi","breadcrumb":{"@id":"https:\/\/www.wellogi.com\/cursos\/directorio-de-profesionales-diplomado\/#breadcrumb"},"inLanguage":"es","potentialAction":[{"@type":"ReadAction","target":["https:\/\/www.wellogi.com\/cursos\/directorio-de-profesionales-diplomado\/"]}]},{"@type":"ImageObject","inLanguage":"es","@id":"https:\/\/www.wellogi.com\/cursos\/directorio-de-profesionales-diplomado\/#primaryimage","url":"https:\/\/www.wellogi.com\/cursos\/wp-content\/uploads\/2024\/11\/Diploma-del-Diplomado-en-Nutricion-Entrenamiento-y-Ciencias-aplicadas-a-la-Recomposicion-Corporal.-Wellogi-Academy.png","contentUrl":"https:\/\/www.wellogi.com\/cursos\/wp-content\/uploads\/2024\/11\/Diploma-del-Diplomado-en-Nutricion-Entrenamiento-y-Ciencias-aplicadas-a-la-Recomposicion-Corporal.-Wellogi-Academy.png","width":2000,"height":1414,"caption":"Diploma del Diplomado en Nutrici\u00f3n, Entrenamiento y Ciencias aplicadas a la Recomposici\u00f3n Corporal. Wellogi Academy"},{"@type":"BreadcrumbList","@id":"https:\/\/www.wellogi.com\/cursos\/directorio-de-profesionales-diplomado\/#breadcrumb","itemListElement":[{"@type":"ListItem","position":1,"name":"Inicio","item":"https:\/\/www.wellogi.com\/cursos\/"},{"@type":"ListItem","position":2,"name":"Directorio de Profesionales que Acreditaron el Diplomado en Nutrici\u00f3n, Entrenamiento y Ciencias aplicadas a la Recomposici\u00f3n Corporal."}]},{"@type":"WebSite","@id":"https:\/\/www.wellogi.com\/cursos\/#website","url":"https:\/\/www.wellogi.com\/cursos\/","name":"Wellogi Academy","description":"Plataforma de capacitaci\u00f3n acad\u00e9mica continua as\u00edncrona.","publisher":{"@id":"https:\/\/www.wellogi.com\/cursos\/#organization"},"potentialAction":[{"@type":"SearchAction","target":{"@type":"EntryPoint","urlTemplate":"https:\/\/www.wellogi.com\/cursos\/?s={search_term_string}"},"query-input":{"@type":"PropertyValueSpecification","valueRequired":true,"valueName":"search_term_string"}}],"inLanguage":"es"},{"@type":"Organization","@id":"https:\/\/www.wellogi.com\/cursos\/#organization","name":"Wellogi Academy","url":"https:\/\/www.wellogi.com\/cursos\/","logo":{"@type":"ImageObject","inLanguage":"es","@id":"https:\/\/www.wellogi.com\/cursos\/#\/schema\/logo\/image\/","url":"https:\/\/www.wellogi.com\/cursos\/wp-content\/uploads\/2021\/11\/Logo-y-Slogan-transparente-final-.png","contentUrl":"https:\/\/www.wellogi.com\/cursos\/wp-content\/uploads\/2021\/11\/Logo-y-Slogan-transparente-final-.png","width":5042,"height":4883,"caption":"Wellogi Academy"},"image":{"@id":"https:\/\/www.wellogi.com\/cursos\/#\/schema\/logo\/image\/"},"sameAs":["https:\/\/www.facebook.com\/WellogiApp","https:\/\/x.com\/Wellogi_App","https:\/\/www.instagram.com\/wellogi_app\/","https:\/\/www.linkedin.com\/in\/luis-gomez-wellogi\/","https:\/\/www.youtube.com\/c\/Wellogi\/videos"]}]}},"_links":{"self":[{"href":"https:\/\/www.wellogi.com\/cursos\/wp-json\/wp\/v2\/pages\/89549","targetHints":{"allow":["GET"]}}],"collection":[{"href":"https:\/\/www.wellogi.com\/cursos\/wp-json\/wp\/v2\/pages"}],"about":[{"href":"https:\/\/www.wellogi.com\/cursos\/wp-json\/wp\/v2\/types\/page"}],"author":[{"embeddable":true,"href":"https:\/\/www.wellogi.com\/cursos\/wp-json\/wp\/v2\/users\/3"}],"replies":[{"embeddable":true,"href":"https:\/\/www.wellogi.com\/cursos\/wp-json\/wp\/v2\/comments?post=89549"}],"version-history":[{"count":30,"href":"https:\/\/www.wellogi.com\/cursos\/wp-json\/wp\/v2\/pages\/89549\/revisions"}],"predecessor-version":[{"id":115951,"href":"https:\/\/www.wellogi.com\/cursos\/wp-json\/wp\/v2\/pages\/89549\/revisions\/115951"}],"wp:attachment":[{"href":"https:\/\/www.wellogi.com\/cursos\/wp-json\/wp\/v2\/media?parent=89549"}],"curies":[{"name":"wp","href":"https:\/\/api.w.org\/{rel}","templated":true}]}}