{"id":2,"date":"2021-11-16T05:50:24","date_gmt":"2021-11-16T11:50:24","guid":{"rendered":"https:\/\/www.wellogi.com\/cursos\/?page_id=2"},"modified":"2023-08-15T08:31:32","modified_gmt":"2023-08-15T14:31:32","slug":"ebooks","status":"publish","type":"page","link":"https:\/\/www.wellogi.com\/cursos\/ebooks\/","title":{"rendered":"Ebooks"},"content":{"rendered":"\n<p><\/p>\n\n\n<ul class=\"wp-block-latest-posts__list is-grid columns-3 has-dates has-author wp-block-latest-posts\"><li><div class=\"wp-block-latest-posts__featured-image\"><a href=\"https:\/\/www.wellogi.com\/cursos\/ebook-ayuno-intermitente\/ebooks\/\" aria-label=\"Ebook Ayuno Intermitente en la Recomposici\u00f3n Corporal\"><img fetchpriority=\"high\" decoding=\"async\" width=\"300\" height=\"300\" src=\"https:\/\/www.wellogi.com\/cursos\/wp-content\/uploads\/2022\/03\/18-300x300.png\" class=\"attachment-medium size-medium wp-post-image\" alt=\"Ebook Ayuno Intermitente en la Recomposici\u00f3n Corporal\" style=\"\" srcset=\"https:\/\/www.wellogi.com\/cursos\/wp-content\/uploads\/2022\/03\/18-300x300.png 300w, https:\/\/www.wellogi.com\/cursos\/wp-content\/uploads\/2022\/03\/18-100x100.png 100w, https:\/\/www.wellogi.com\/cursos\/wp-content\/uploads\/2022\/03\/18-600x600.png 600w, https:\/\/www.wellogi.com\/cursos\/wp-content\/uploads\/2022\/03\/18-1024x1024.png 1024w, https:\/\/www.wellogi.com\/cursos\/wp-content\/uploads\/2022\/03\/18-150x150.png 150w, https:\/\/www.wellogi.com\/cursos\/wp-content\/uploads\/2022\/03\/18-768x768.png 768w, https:\/\/www.wellogi.com\/cursos\/wp-content\/uploads\/2022\/03\/18-200x200.png 200w, https:\/\/www.wellogi.com\/cursos\/wp-content\/uploads\/2022\/03\/18-400x400.png 400w, https:\/\/www.wellogi.com\/cursos\/wp-content\/uploads\/2022\/03\/18-450x450.png 450w, https:\/\/www.wellogi.com\/cursos\/wp-content\/uploads\/2022\/03\/18-900x900.png 900w, https:\/\/www.wellogi.com\/cursos\/wp-content\/uploads\/2022\/03\/18.png 1080w\" sizes=\"(max-width: 300px) 100vw, 300px\" \/><\/a><\/div><a class=\"wp-block-latest-posts__post-title\" href=\"https:\/\/www.wellogi.com\/cursos\/ebook-ayuno-intermitente\/ebooks\/\">Ebook Ayuno Intermitente en la Recomposici\u00f3n Corporal<\/a><div class=\"wp-block-latest-posts__post-author\">por Wellogi Academy<\/div><time datetime=\"2022-03-21T00:24:39-06:00\" class=\"wp-block-latest-posts__post-date\">21 marzo, 2022<\/time><div class=\"wp-block-latest-posts__post-excerpt\">Ebook: Ayuno Intermitente en la Recomposici\u00f3n Corporal.\n\n\u00bfQu\u00e9 es el Ayuno Intermitente? \u00bfCualquiera puede hacerlo? \u00bfC\u00f3mo ser\u00e1 mi rendimiento deportivo con estas estrategia?\n\n\u00bfQu\u00e9\u00a0evidencia\u00a0cient\u00edfica\u00a0existe al respecto?\n\nEste enfoque, se refiere al cese voluntario de la alimentaci\u00f3n, esto en periodos de ingesta y de no ingestas, de forma continuada, estructurada y planificada, usualmente con el fin de perder grasa corporal.<div class=\"read-more\"><a href=\"https:\/\/www.wellogi.com\/cursos\/ebook-ayuno-intermitente\/ebooks\/\">Leer m\u00e1s \u203a<\/a><\/div><!-- end of .read-more --><\/div><\/li>\n<li><div class=\"wp-block-latest-posts__featured-image\"><a href=\"https:\/\/www.wellogi.com\/cursos\/ebook-nutricion-deportiva\/ebooks\/\" aria-label=\"Ebook Introducci\u00f3n a la Nutrici\u00f3n Deportiva\"><img decoding=\"async\" width=\"300\" height=\"300\" src=\"https:\/\/www.wellogi.com\/cursos\/wp-content\/uploads\/2022\/03\/8-300x300.png\" class=\"attachment-medium size-medium wp-post-image\" alt=\"Ebook Introducci\u00f3n a la Nutrici\u00f3n Deportiva\" style=\"\" srcset=\"https:\/\/www.wellogi.com\/cursos\/wp-content\/uploads\/2022\/03\/8-300x300.png 300w, https:\/\/www.wellogi.com\/cursos\/wp-content\/uploads\/2022\/03\/8-100x100.png 100w, https:\/\/www.wellogi.com\/cursos\/wp-content\/uploads\/2022\/03\/8-600x600.png 600w, https:\/\/www.wellogi.com\/cursos\/wp-content\/uploads\/2022\/03\/8-1024x1024.png 1024w, https:\/\/www.wellogi.com\/cursos\/wp-content\/uploads\/2022\/03\/8-150x150.png 150w, https:\/\/www.wellogi.com\/cursos\/wp-content\/uploads\/2022\/03\/8-768x768.png 768w, https:\/\/www.wellogi.com\/cursos\/wp-content\/uploads\/2022\/03\/8-200x200.png 200w, https:\/\/www.wellogi.com\/cursos\/wp-content\/uploads\/2022\/03\/8-400x400.png 400w, https:\/\/www.wellogi.com\/cursos\/wp-content\/uploads\/2022\/03\/8-450x450.png 450w, https:\/\/www.wellogi.com\/cursos\/wp-content\/uploads\/2022\/03\/8-900x900.png 900w, https:\/\/www.wellogi.com\/cursos\/wp-content\/uploads\/2022\/03\/8.png 1080w\" sizes=\"(max-width: 300px) 100vw, 300px\" \/><\/a><\/div><a class=\"wp-block-latest-posts__post-title\" href=\"https:\/\/www.wellogi.com\/cursos\/ebook-nutricion-deportiva\/ebooks\/\">Ebook Introducci\u00f3n a la Nutrici\u00f3n Deportiva<\/a><div class=\"wp-block-latest-posts__post-author\">por Wellogi Academy<\/div><time datetime=\"2022-03-24T12:09:55-06:00\" class=\"wp-block-latest-posts__post-date\">24 marzo, 2022<\/time><div class=\"wp-block-latest-posts__post-excerpt\">Introducci\u00f3n\u00a0a la Nutricion Deportiva.\n\n\u00bfEs importante la Bioqu\u00edmica y la Fisiologia en la Nutricion?\n\nDominar las bases de la Nutricion te ayudar\u00e1 a conseguir mejores RESULTADOS.<div class=\"read-more\"><a href=\"https:\/\/www.wellogi.com\/cursos\/ebook-nutricion-deportiva\/ebooks\/\">Leer m\u00e1s \u203a<\/a><\/div><!-- end of .read-more --><\/div><\/li>\n<\/ul>\n\n\n<hr class=\"wp-block-separator has-css-opacity is-style-wide\"\/>\n\n\n<ul class=\"wp-block-categories-list wp-block-categories\">\t<li class=\"cat-item cat-item-1010\"><a href=\"https:\/\/www.wellogi.com\/cursos\/category\/antropometria\/\">Antropometr\u00eda<\/a> (1)\n<\/li>\n\t<li class=\"cat-item cat-item-1061\"><a href=\"https:\/\/www.wellogi.com\/cursos\/category\/blog\/\">Blog<\/a> (2)\n<\/li>\n\t<li class=\"cat-item cat-item-1004\"><a href=\"https:\/\/www.wellogi.com\/cursos\/category\/composicion-corporal\/\">Composici\u00f3n Corporal<\/a> (3)\n<\/li>\n\t<li class=\"cat-item cat-item-1014\"><a href=\"https:\/\/www.wellogi.com\/cursos\/category\/cuestionario\/\">Cuestionario<\/a> (1)\n<\/li>\n\t<li class=\"cat-item cat-item-963\"><a href=\"https:\/\/www.wellogi.com\/cursos\/category\/dietas-y-planes-de-alimentacion\/\">Dietas y Planes de Alimentaci\u00f3n<\/a> (1)\n<\/li>\n\t<li class=\"cat-item cat-item-962\"><a href=\"https:\/\/www.wellogi.com\/cursos\/category\/ebooks\/\">Ebooks<\/a> (8)\n<\/li>\n\t<li class=\"cat-item cat-item-1012\"><a href=\"https:\/\/www.wellogi.com\/cursos\/category\/entrenamiento\/\">Entrenamiento<\/a> (1)\n<\/li>\n\t<li class=\"cat-item cat-item-997\"><a href=\"https:\/\/www.wellogi.com\/cursos\/category\/nutrientes\/macronutrientes\/\">Macronutrientes<\/a> (2)\n<\/li>\n\t<li class=\"cat-item cat-item-1005\"><a href=\"https:\/\/www.wellogi.com\/cursos\/category\/metodos-en-consulta\/\">M\u00e9todos en consulta<\/a> (4)\n<\/li>\n\t<li class=\"cat-item cat-item-989\"><a href=\"https:\/\/www.wellogi.com\/cursos\/category\/nutricion-deportiva\/\">Nutrici\u00f3n Deportiva<\/a> (3)\n<\/li>\n\t<li class=\"cat-item cat-item-992\"><a href=\"https:\/\/www.wellogi.com\/cursos\/category\/nutrientes\/\">Nutrientes<\/a> (2)\n<\/li>\n\t<li class=\"cat-item cat-item-1\"><a href=\"https:\/\/www.wellogi.com\/cursos\/category\/sin-categoria\/\">Sin categor\u00eda<\/a> (4)\n<\/li>\n<\/ul>\n\n\n<figure class=\"wp-block-embed is-type-video is-provider-vimeo wp-block-embed-vimeo wp-embed-aspect-16-9 wp-has-aspect-ratio\"><div class=\"wp-block-embed__wrapper\">\n<iframe src=\"https:\/\/player.vimeo.com\/video\/822485090?dnt=1&amp;app_id=122963\" width=\"605\" height=\"340\" frameborder=\"0\" allow=\"autoplay; fullscreen; picture-in-picture; clipboard-write\"><\/iframe>\n<\/div><\/figure>\n","protected":false},"excerpt":{"rendered":"","protected":false},"author":2,"featured_media":0,"parent":0,"menu_order":0,"comment_status":"closed","ping_status":"closed","template":"full-width-page.php","meta":{"footnotes":""},"class_list":["post-2","page","type-page","status-publish","hentry"],"yoast_head":"<!-- This site is optimized with the Yoast SEO plugin v27.4 - https:\/\/yoast.com\/product\/yoast-seo-wordpress\/ -->\n<title>Ebooks - Wellogi Academy<\/title>\n<meta name=\"description\" content=\"Ebooks de Nutrici\u00f3n Deportiva, entrenamiento y Fitness, descargalos sin costo en Wellogi Academy. Revisa nuestros cursos en L\u00ednea\" \/>\n<meta name=\"robots\" content=\"index, follow, max-snippet:-1, max-image-preview:large, max-video-preview:-1\" \/>\n<link rel=\"canonical\" href=\"https:\/\/www.wellogi.com\/cursos\/ebooks\/\" \/>\n<meta property=\"og:locale\" content=\"es_MX\" \/>\n<meta property=\"og:type\" content=\"article\" \/>\n<meta property=\"og:title\" content=\"Ebooks - Wellogi Academy\" \/>\n<meta property=\"og:description\" content=\"Ebooks de Nutrici\u00f3n Deportiva, entrenamiento y Fitness, descargalos sin costo en Wellogi Academy. Revisa nuestros cursos en L\u00ednea\" \/>\n<meta property=\"og:url\" content=\"https:\/\/www.wellogi.com\/cursos\/ebooks\/\" \/>\n<meta property=\"og:site_name\" content=\"Wellogi Academy\" \/>\n<meta property=\"article:publisher\" content=\"https:\/\/www.facebook.com\/WellogiApp\" \/>\n<meta property=\"article:modified_time\" content=\"2023-08-15T14:31:32+00:00\" \/>\n<meta name=\"twitter:card\" content=\"summary_large_image\" \/>\n<meta name=\"twitter:site\" content=\"@Wellogi_App\" \/>\n<script type=\"application\/ld+json\" class=\"yoast-schema-graph\">{\"@context\":\"https:\\\/\\\/schema.org\",\"@graph\":[{\"@type\":\"WebPage\",\"@id\":\"https:\\\/\\\/www.wellogi.com\\\/cursos\\\/ebooks\\\/\",\"url\":\"https:\\\/\\\/www.wellogi.com\\\/cursos\\\/ebooks\\\/\",\"name\":\"Ebooks - Wellogi Academy\",\"isPartOf\":{\"@id\":\"https:\\\/\\\/www.wellogi.com\\\/cursos\\\/#website\"},\"datePublished\":\"2021-11-16T11:50:24+00:00\",\"dateModified\":\"2023-08-15T14:31:32+00:00\",\"description\":\"Ebooks de Nutrici\u00f3n Deportiva, entrenamiento y Fitness, descargalos sin costo en Wellogi Academy. Revisa nuestros cursos en L\u00ednea\",\"breadcrumb\":{\"@id\":\"https:\\\/\\\/www.wellogi.com\\\/cursos\\\/ebooks\\\/#breadcrumb\"},\"inLanguage\":\"es\",\"potentialAction\":[{\"@type\":\"ReadAction\",\"target\":[\"https:\\\/\\\/www.wellogi.com\\\/cursos\\\/ebooks\\\/\"]}]},{\"@type\":\"BreadcrumbList\",\"@id\":\"https:\\\/\\\/www.wellogi.com\\\/cursos\\\/ebooks\\\/#breadcrumb\",\"itemListElement\":[{\"@type\":\"ListItem\",\"position\":1,\"name\":\"Inicio\",\"item\":\"https:\\\/\\\/www.wellogi.com\\\/cursos\\\/\"},{\"@type\":\"ListItem\",\"position\":2,\"name\":\"Ebooks\"}]},{\"@type\":\"WebSite\",\"@id\":\"https:\\\/\\\/www.wellogi.com\\\/cursos\\\/#website\",\"url\":\"https:\\\/\\\/www.wellogi.com\\\/cursos\\\/\",\"name\":\"Wellogi Academy\",\"description\":\"Plataforma de capacitaci\u00f3n acad\u00e9mica continua as\u00edncrona.\",\"publisher\":{\"@id\":\"https:\\\/\\\/www.wellogi.com\\\/cursos\\\/#organization\"},\"potentialAction\":[{\"@type\":\"SearchAction\",\"target\":{\"@type\":\"EntryPoint\",\"urlTemplate\":\"https:\\\/\\\/www.wellogi.com\\\/cursos\\\/?s={search_term_string}\"},\"query-input\":{\"@type\":\"PropertyValueSpecification\",\"valueRequired\":true,\"valueName\":\"search_term_string\"}}],\"inLanguage\":\"es\"},{\"@type\":\"Organization\",\"@id\":\"https:\\\/\\\/www.wellogi.com\\\/cursos\\\/#organization\",\"name\":\"Wellogi Academy\",\"url\":\"https:\\\/\\\/www.wellogi.com\\\/cursos\\\/\",\"logo\":{\"@type\":\"ImageObject\",\"inLanguage\":\"es\",\"@id\":\"https:\\\/\\\/www.wellogi.com\\\/cursos\\\/#\\\/schema\\\/logo\\\/image\\\/\",\"url\":\"https:\\\/\\\/www.wellogi.com\\\/cursos\\\/wp-content\\\/uploads\\\/2021\\\/11\\\/Logo-y-Slogan-transparente-final-.png\",\"contentUrl\":\"https:\\\/\\\/www.wellogi.com\\\/cursos\\\/wp-content\\\/uploads\\\/2021\\\/11\\\/Logo-y-Slogan-transparente-final-.png\",\"width\":5042,\"height\":4883,\"caption\":\"Wellogi Academy\"},\"image\":{\"@id\":\"https:\\\/\\\/www.wellogi.com\\\/cursos\\\/#\\\/schema\\\/logo\\\/image\\\/\"},\"sameAs\":[\"https:\\\/\\\/www.facebook.com\\\/WellogiApp\",\"https:\\\/\\\/x.com\\\/Wellogi_App\",\"https:\\\/\\\/www.instagram.com\\\/wellogi_app\\\/\",\"https:\\\/\\\/www.linkedin.com\\\/in\\\/luis-gomez-wellogi\\\/\",\"https:\\\/\\\/www.youtube.com\\\/c\\\/Wellogi\\\/videos\"]}]}<\/script>\n<!-- \/ Yoast SEO plugin. -->","yoast_head_json":{"title":"Ebooks - Wellogi Academy","description":"Ebooks de Nutrici\u00f3n Deportiva, entrenamiento y Fitness, descargalos sin costo en Wellogi Academy. Revisa nuestros cursos en L\u00ednea","robots":{"index":"index","follow":"follow","max-snippet":"max-snippet:-1","max-image-preview":"max-image-preview:large","max-video-preview":"max-video-preview:-1"},"canonical":"https:\/\/www.wellogi.com\/cursos\/ebooks\/","og_locale":"es_MX","og_type":"article","og_title":"Ebooks - Wellogi Academy","og_description":"Ebooks de Nutrici\u00f3n Deportiva, entrenamiento y Fitness, descargalos sin costo en Wellogi Academy. Revisa nuestros cursos en L\u00ednea","og_url":"https:\/\/www.wellogi.com\/cursos\/ebooks\/","og_site_name":"Wellogi Academy","article_publisher":"https:\/\/www.facebook.com\/WellogiApp","article_modified_time":"2023-08-15T14:31:32+00:00","twitter_card":"summary_large_image","twitter_site":"@Wellogi_App","schema":{"@context":"https:\/\/schema.org","@graph":[{"@type":"WebPage","@id":"https:\/\/www.wellogi.com\/cursos\/ebooks\/","url":"https:\/\/www.wellogi.com\/cursos\/ebooks\/","name":"Ebooks - Wellogi Academy","isPartOf":{"@id":"https:\/\/www.wellogi.com\/cursos\/#website"},"datePublished":"2021-11-16T11:50:24+00:00","dateModified":"2023-08-15T14:31:32+00:00","description":"Ebooks de Nutrici\u00f3n Deportiva, entrenamiento y Fitness, descargalos sin costo en Wellogi Academy. Revisa nuestros cursos en L\u00ednea","breadcrumb":{"@id":"https:\/\/www.wellogi.com\/cursos\/ebooks\/#breadcrumb"},"inLanguage":"es","potentialAction":[{"@type":"ReadAction","target":["https:\/\/www.wellogi.com\/cursos\/ebooks\/"]}]},{"@type":"BreadcrumbList","@id":"https:\/\/www.wellogi.com\/cursos\/ebooks\/#breadcrumb","itemListElement":[{"@type":"ListItem","position":1,"name":"Inicio","item":"https:\/\/www.wellogi.com\/cursos\/"},{"@type":"ListItem","position":2,"name":"Ebooks"}]},{"@type":"WebSite","@id":"https:\/\/www.wellogi.com\/cursos\/#website","url":"https:\/\/www.wellogi.com\/cursos\/","name":"Wellogi Academy","description":"Plataforma de capacitaci\u00f3n acad\u00e9mica continua as\u00edncrona.","publisher":{"@id":"https:\/\/www.wellogi.com\/cursos\/#organization"},"potentialAction":[{"@type":"SearchAction","target":{"@type":"EntryPoint","urlTemplate":"https:\/\/www.wellogi.com\/cursos\/?s={search_term_string}"},"query-input":{"@type":"PropertyValueSpecification","valueRequired":true,"valueName":"search_term_string"}}],"inLanguage":"es"},{"@type":"Organization","@id":"https:\/\/www.wellogi.com\/cursos\/#organization","name":"Wellogi Academy","url":"https:\/\/www.wellogi.com\/cursos\/","logo":{"@type":"ImageObject","inLanguage":"es","@id":"https:\/\/www.wellogi.com\/cursos\/#\/schema\/logo\/image\/","url":"https:\/\/www.wellogi.com\/cursos\/wp-content\/uploads\/2021\/11\/Logo-y-Slogan-transparente-final-.png","contentUrl":"https:\/\/www.wellogi.com\/cursos\/wp-content\/uploads\/2021\/11\/Logo-y-Slogan-transparente-final-.png","width":5042,"height":4883,"caption":"Wellogi Academy"},"image":{"@id":"https:\/\/www.wellogi.com\/cursos\/#\/schema\/logo\/image\/"},"sameAs":["https:\/\/www.facebook.com\/WellogiApp","https:\/\/x.com\/Wellogi_App","https:\/\/www.instagram.com\/wellogi_app\/","https:\/\/www.linkedin.com\/in\/luis-gomez-wellogi\/","https:\/\/www.youtube.com\/c\/Wellogi\/videos"]}]}},"_links":{"self":[{"href":"https:\/\/www.wellogi.com\/cursos\/wp-json\/wp\/v2\/pages\/2","targetHints":{"allow":["GET"]}}],"collection":[{"href":"https:\/\/www.wellogi.com\/cursos\/wp-json\/wp\/v2\/pages"}],"about":[{"href":"https:\/\/www.wellogi.com\/cursos\/wp-json\/wp\/v2\/types\/page"}],"author":[{"embeddable":true,"href":"https:\/\/www.wellogi.com\/cursos\/wp-json\/wp\/v2\/users\/2"}],"replies":[{"embeddable":true,"href":"https:\/\/www.wellogi.com\/cursos\/wp-json\/wp\/v2\/comments?post=2"}],"version-history":[{"count":6,"href":"https:\/\/www.wellogi.com\/cursos\/wp-json\/wp\/v2\/pages\/2\/revisions"}],"predecessor-version":[{"id":94912,"href":"https:\/\/www.wellogi.com\/cursos\/wp-json\/wp\/v2\/pages\/2\/revisions\/94912"}],"wp:attachment":[{"href":"https:\/\/www.wellogi.com\/cursos\/wp-json\/wp\/v2\/media?parent=2"}],"curies":[{"name":"wp","href":"https:\/\/api.w.org\/{rel}","templated":true}]}}