{"id":116625,"date":"2026-03-06T15:56:02","date_gmt":"2026-03-06T21:56:02","guid":{"rendered":"https:\/\/www.wellogi.com\/cursos\/?page_id=116625"},"modified":"2026-03-06T16:13:25","modified_gmt":"2026-03-06T22:13:25","slug":"eventos-aliados-academicos","status":"publish","type":"page","link":"https:\/\/www.wellogi.com\/cursos\/eventos-aliados-academicos\/","title":{"rendered":"Eventos de Aliados Acad\u00e9micos"},"content":{"rendered":"\n<p class=\"has-text-align-center\"><strong>Wellogi Academy<\/strong> se rodea de los mejores profesionales  e instituciones acad\u00e9micas para ofrecer eventos de formaci\u00f3n a todos los alumnos que ya cuentan con una <strong><a href=\"https:\/\/www.wellogi.com\/cursos\/product\/suscripcion-wellogi-academy\/\">Suscripci\u00f3n activa (ya sea Mensual, Trimestral, Semestral <\/a>o <a href=\"https:\/\/www.wellogi.com\/cursos\/product\/anualidad-cursos-wellogi-academy\/\">Anual<\/a>).<\/strong> <\/p>\n\n\n\n<p><\/p>\n\n\n\n<h2 class=\"wp-block-heading has-text-align-center has-responsive-global-palette-0-color has-text-color has-link-color wp-elements-52cd022a04b7bf22a05eed1e92acd041\">L.N. Ra\u00fal Vargas Zalazar (Pro Enhanced Nutrition).<\/h2>\n\n\n\n<figure class=\"wp-block-image aligncenter size-large\"><img decoding=\"async\" src=\"https:\/\/www.wellogi.com\/cursos\/wp-content\/uploads\/2023\/09\/CV-Raul-Vargas-Zalazar-SEP-2023-791x1024.png\" alt=\"CV. Ra\u00fal Vargas Zalazar\" class=\"wp-image-104435\"\/><figcaption class=\"wp-element-caption\">CV. Ra\u00fal Vargas Zalazar<\/figcaption><\/figure>\n\n\n\n<div class=\"wp-block-buttons is-content-justification-center is-layout-flex wp-container-core-buttons-is-layout-16018d1d wp-block-buttons-is-layout-flex\">\n<div class=\"wp-block-button has-custom-width wp-block-button__width-100\"><a class=\"wp-block-button__link has-text-align-center wp-element-button\" href=\"https:\/\/www.wellogi.com\/cursos\/curso\/fisiologia-femenina-ciclos-hormonales\/\" style=\"border-top-left-radius:100px;border-top-right-radius:100px;border-bottom-left-radius:100px;border-bottom-right-radius:100px\">Fisiologia Femenina. Ciclos hormonales, SOP y SPM.<\/a><\/div>\n<\/div>\n\n\n\n<p><\/p>\n\n\n\n<div class=\"wp-block-buttons is-content-justification-center is-layout-flex wp-container-core-buttons-is-layout-16018d1d wp-block-buttons-is-layout-flex\">\n<div class=\"wp-block-button has-custom-width wp-block-button__width-100\"><a class=\"wp-block-button__link has-text-align-center wp-element-button\" href=\"https:\/\/www.wellogi.com\/cursos\/curso\/curso-en-fisiopatologia-en-sindrome-de-ovario-poliquistico\/\" style=\"border-top-left-radius:100px;border-top-right-radius:100px;border-bottom-left-radius:100px;border-bottom-right-radius:100px\">Curso Intensivo en Fisiopatolog\u00eda de S\u00edndrome de Ovario Poliqu\u00edstico<\/a><\/div>\n<\/div>\n\n\n\n<hr class=\"wp-block-separator has-alpha-channel-opacity is-style-wide\"\/>\n\n\n\n<h2 class=\"wp-block-heading has-text-align-center has-responsive-global-palette-0-color has-text-color has-link-color wp-elements-9674555197cc1db5bfa24e5da7ce0136\">Dynamical Business &amp; Science Society S.A.S. (DBSS).<\/h2>\n\n\n\n<figure class=\"wp-block-image aligncenter size-full\"><img fetchpriority=\"high\" decoding=\"async\" width=\"475\" height=\"141\" src=\"https:\/\/www.wellogi.com\/cursos\/wp-content\/uploads\/2023\/03\/dbss-logo-general-1.png\" alt=\"DBSS International\" class=\"wp-image-91457\" srcset=\"https:\/\/www.wellogi.com\/cursos\/wp-content\/uploads\/2023\/03\/dbss-logo-general-1.png 475w, https:\/\/www.wellogi.com\/cursos\/wp-content\/uploads\/2023\/03\/dbss-logo-general-1-300x89.png 300w, https:\/\/www.wellogi.com\/cursos\/wp-content\/uploads\/2023\/03\/dbss-logo-general-1-200x59.png 200w, https:\/\/www.wellogi.com\/cursos\/wp-content\/uploads\/2023\/03\/dbss-logo-general-1-400x119.png 400w, https:\/\/www.wellogi.com\/cursos\/wp-content\/uploads\/2023\/03\/dbss-logo-general-1-100x30.png 100w, https:\/\/www.wellogi.com\/cursos\/wp-content\/uploads\/2023\/03\/dbss-logo-general-1-150x45.png 150w, https:\/\/www.wellogi.com\/cursos\/wp-content\/uploads\/2023\/03\/dbss-logo-general-1-450x134.png 450w\" sizes=\"(max-width: 475px) 100vw, 475px\" \/><figcaption class=\"wp-element-caption\">DBSS International<\/figcaption><\/figure>\n\n\n\n<div class=\"wp-block-buttons is-content-justification-center is-layout-flex wp-container-core-buttons-is-layout-16018d1d wp-block-buttons-is-layout-flex\">\n<div class=\"wp-block-button has-custom-width wp-block-button__width-100\"><a class=\"wp-block-button__link has-text-align-center wp-element-button\" href=\"https:\/\/www.wellogi.com\/cursos\/curso\/curso-intensivo-en-suplementacion-y-farmacologia-en-el-fitness\/\" style=\"border-top-left-radius:100px;border-top-right-radius:100px;border-bottom-left-radius:100px;border-bottom-right-radius:100px\">Curso Intensivo en Suplementaci\u00f3n y Farmacolog\u00eda en el Fitness<\/a><\/div>\n<\/div>\n\n\n\n<hr class=\"wp-block-separator has-alpha-channel-opacity is-style-wide\"\/>\n\n\n\n<h2 class=\"wp-block-heading has-text-align-center has-responsive-global-palette-0-color has-text-color has-link-color wp-elements-1db33e1febb2548d990f36a94f3c0342\">Mtro. Ricardo Paulo \u00c1lvarez Tovar L.N. (INAD &#8211; Instituto de Nutrici\u00f3n Aplicada al Deporte). <\/h2>\n\n\n\n<figure class=\"wp-block-image size-large\"><img decoding=\"async\" width=\"1024\" height=\"1024\" src=\"https:\/\/www.wellogi.com\/cursos\/wp-content\/uploads\/2024\/01\/Ricardo-Paulo-Alvarez-Tovar-1024x1024.png\" alt=\"Ricardo Paulo \u00c1lvarez Tovar\" class=\"wp-image-108589\" srcset=\"https:\/\/www.wellogi.com\/cursos\/wp-content\/uploads\/2024\/01\/Ricardo-Paulo-Alvarez-Tovar-1024x1024.png 1024w, https:\/\/www.wellogi.com\/cursos\/wp-content\/uploads\/2024\/01\/Ricardo-Paulo-Alvarez-Tovar-300x300.png 300w, https:\/\/www.wellogi.com\/cursos\/wp-content\/uploads\/2024\/01\/Ricardo-Paulo-Alvarez-Tovar-150x150.png 150w, https:\/\/www.wellogi.com\/cursos\/wp-content\/uploads\/2024\/01\/Ricardo-Paulo-Alvarez-Tovar-768x768.png 768w, https:\/\/www.wellogi.com\/cursos\/wp-content\/uploads\/2024\/01\/Ricardo-Paulo-Alvarez-Tovar-200x200.png 200w, https:\/\/www.wellogi.com\/cursos\/wp-content\/uploads\/2024\/01\/Ricardo-Paulo-Alvarez-Tovar-400x400.png 400w, https:\/\/www.wellogi.com\/cursos\/wp-content\/uploads\/2024\/01\/Ricardo-Paulo-Alvarez-Tovar-100x100.png 100w, https:\/\/www.wellogi.com\/cursos\/wp-content\/uploads\/2024\/01\/Ricardo-Paulo-Alvarez-Tovar-450x450.png 450w, https:\/\/www.wellogi.com\/cursos\/wp-content\/uploads\/2024\/01\/Ricardo-Paulo-Alvarez-Tovar-600x600.png 600w, https:\/\/www.wellogi.com\/cursos\/wp-content\/uploads\/2024\/01\/Ricardo-Paulo-Alvarez-Tovar-900x900.png 900w, https:\/\/www.wellogi.com\/cursos\/wp-content\/uploads\/2024\/01\/Ricardo-Paulo-Alvarez-Tovar.png 1080w\" sizes=\"(max-width: 1024px) 100vw, 1024px\" \/><figcaption class=\"wp-element-caption\">Ricardo Paulo \u00c1lvarez Tovar<\/figcaption><\/figure>\n\n\n\n<div class=\"wp-block-buttons is-content-justification-center is-layout-flex wp-container-core-buttons-is-layout-16018d1d wp-block-buttons-is-layout-flex\">\n<div class=\"wp-block-button has-custom-width wp-block-button__width-100\"><a class=\"wp-block-button__link has-text-align-center wp-element-button\" href=\"https:\/\/www.wellogi.com\/cursos\/curso\/curso-intensivo-en-fisiologia-de-los-deportes-de-larga-duracion\/\" style=\"border-top-left-radius:100px;border-top-right-radius:100px;border-bottom-left-radius:100px;border-bottom-right-radius:100px\">Curso Intensivo en Nutrici\u00f3n y Entrenamiento de los Deportes de Larga Duraci\u00f3n<\/a><\/div>\n<\/div>\n\n\n\n<hr class=\"wp-block-separator has-alpha-channel-opacity is-style-wide\"\/>\n\n\n\n<h2 class=\"wp-block-heading has-text-align-center has-responsive-global-palette-0-color has-text-color has-link-color wp-elements-934cd3619bb8b2cb86bbfca32579b608\">Federaci\u00f3n Mexicana de Medicina del Deporte A.C. (FEMMEDE).<\/h2>\n\n\n\n<figure class=\"wp-block-image size-large\"><img decoding=\"async\" width=\"1024\" height=\"1024\" src=\"https:\/\/www.wellogi.com\/cursos\/wp-content\/uploads\/2022\/10\/Proyecto-nuevo-1-1024x1024.jpg\" alt=\"Dr Felipe H. G\u00f3mez Ballestero. Presidente FEMMEDE\" class=\"wp-image-79477\" srcset=\"https:\/\/www.wellogi.com\/cursos\/wp-content\/uploads\/2022\/10\/Proyecto-nuevo-1-1024x1024.jpg 1024w, https:\/\/www.wellogi.com\/cursos\/wp-content\/uploads\/2022\/10\/Proyecto-nuevo-1-300x300.jpg 300w, https:\/\/www.wellogi.com\/cursos\/wp-content\/uploads\/2022\/10\/Proyecto-nuevo-1-100x100.jpg 100w, https:\/\/www.wellogi.com\/cursos\/wp-content\/uploads\/2022\/10\/Proyecto-nuevo-1-600x600.jpg 600w, https:\/\/www.wellogi.com\/cursos\/wp-content\/uploads\/2022\/10\/Proyecto-nuevo-1-150x150.jpg 150w, https:\/\/www.wellogi.com\/cursos\/wp-content\/uploads\/2022\/10\/Proyecto-nuevo-1-768x768.jpg 768w, https:\/\/www.wellogi.com\/cursos\/wp-content\/uploads\/2022\/10\/Proyecto-nuevo-1-200x200.jpg 200w, https:\/\/www.wellogi.com\/cursos\/wp-content\/uploads\/2022\/10\/Proyecto-nuevo-1-400x400.jpg 400w, https:\/\/www.wellogi.com\/cursos\/wp-content\/uploads\/2022\/10\/Proyecto-nuevo-1-450x450.jpg 450w, https:\/\/www.wellogi.com\/cursos\/wp-content\/uploads\/2022\/10\/Proyecto-nuevo-1-900x900.jpg 900w, https:\/\/www.wellogi.com\/cursos\/wp-content\/uploads\/2022\/10\/Proyecto-nuevo-1.jpg 1080w\" sizes=\"(max-width: 1024px) 100vw, 1024px\" \/><\/figure>\n\n\n\n<div class=\"wp-block-buttons is-content-justification-center is-layout-flex wp-container-core-buttons-is-layout-16018d1d wp-block-buttons-is-layout-flex\">\n<div class=\"wp-block-button has-custom-width wp-block-button__width-100\"><a class=\"wp-block-button__link has-text-align-center wp-element-button\" href=\"https:\/\/www.wellogi.com\/cursos\/curso\/37th-world-congress-of-sports-medicine-fims-2022\/\" style=\"border-top-left-radius:100px;border-top-right-radius:100px;border-bottom-left-radius:100px;border-bottom-right-radius:100px\">37th World Congress Of Sports Medicine \u2013 FIMS 2022<\/a><\/div>\n<\/div>\n\n\n\n<p><\/p>\n\n\n\n<div class=\"wp-block-buttons is-content-justification-center is-layout-flex wp-container-core-buttons-is-layout-16018d1d wp-block-buttons-is-layout-flex\">\n<div class=\"wp-block-button has-custom-width wp-block-button__width-100\"><a class=\"wp-block-button__link has-text-align-center wp-element-button\" href=\"https:\/\/www.wellogi.com\/cursos\/curso\/conmocion-cerebral\/\" style=\"border-top-left-radius:100px;border-top-right-radius:100px;border-bottom-left-radius:100px;border-bottom-right-radius:100px\">Conmoci\u00f3n Cerebral FEMMEDE y FMFA<\/a><\/div>\n<\/div>\n\n\n\n<hr class=\"wp-block-separator has-alpha-channel-opacity is-style-wide\"\/>\n","protected":false},"excerpt":{"rendered":"<p>Wellogi Academy se rodea de los mejores profesionales e instituciones acad\u00e9micas para ofrecer eventos de formaci\u00f3n a todos los alumnos que ya cuentan con una Suscripci\u00f3n activa (ya sea Mensual, Trimestral, Semestral o Anual). L.N. Ra\u00fal Vargas Zalazar (Pro Enhanced &hellip;<\/p>\n<p class=\"read-more\"> <a class=\"more-link\" href=\"https:\/\/www.wellogi.com\/cursos\/eventos-aliados-academicos\/\"> <span class=\"screen-reader-text\">Eventos de Aliados Acad\u00e9micos<\/span> Leer m\u00e1s \u00bb<\/a><\/p>\n","protected":false},"author":2,"featured_media":0,"parent":0,"menu_order":0,"comment_status":"closed","ping_status":"closed","template":"","meta":{"footnotes":""},"class_list":["post-116625","page","type-page","status-publish","hentry"],"yoast_head":"<!-- This site is optimized with the Yoast SEO plugin v27.5 - https:\/\/yoast.com\/product\/yoast-seo-wordpress\/ -->\n<title>Eventos de Aliados Acad\u00e9micos - Wellogi Academy<\/title>\n<meta name=\"description\" content=\"Plataforma de capacitaci\u00f3n acad\u00e9mica continua as\u00edncrona especializada en Nutricion, Entrenamiento, Recomposici\u00f3n Corporal, Fitness y Wellness.\" \/>\n<meta name=\"robots\" content=\"index, follow, max-snippet:-1, max-image-preview:large, max-video-preview:-1\" \/>\n<link rel=\"canonical\" href=\"https:\/\/www.wellogi.com\/cursos\/eventos-aliados-academicos\/\" \/>\n<meta property=\"og:locale\" content=\"es_MX\" \/>\n<meta property=\"og:type\" content=\"article\" \/>\n<meta property=\"og:title\" content=\"Eventos de Aliados Acad\u00e9micos - Wellogi Academy\" \/>\n<meta property=\"og:description\" content=\"Plataforma de capacitaci\u00f3n acad\u00e9mica continua as\u00edncrona especializada en Nutricion, Entrenamiento, Recomposici\u00f3n Corporal, Fitness y Wellness.\" \/>\n<meta property=\"og:url\" content=\"https:\/\/www.wellogi.com\/cursos\/eventos-aliados-academicos\/\" \/>\n<meta property=\"og:site_name\" content=\"Wellogi Academy\" \/>\n<meta property=\"article:publisher\" content=\"https:\/\/www.facebook.com\/WellogiApp\" \/>\n<meta property=\"article:modified_time\" content=\"2026-03-06T22:13:25+00:00\" \/>\n<meta name=\"twitter:card\" content=\"summary_large_image\" \/>\n<meta name=\"twitter:site\" content=\"@Wellogi_App\" \/>\n<script type=\"application\/ld+json\" class=\"yoast-schema-graph\">{\"@context\":\"https:\\\/\\\/schema.org\",\"@graph\":[{\"@type\":\"WebPage\",\"@id\":\"https:\\\/\\\/www.wellogi.com\\\/cursos\\\/eventos-aliados-academicos\\\/\",\"url\":\"https:\\\/\\\/www.wellogi.com\\\/cursos\\\/eventos-aliados-academicos\\\/\",\"name\":\"Eventos de Aliados Acad\u00e9micos - Wellogi Academy\",\"isPartOf\":{\"@id\":\"https:\\\/\\\/www.wellogi.com\\\/cursos\\\/#website\"},\"primaryImageOfPage\":{\"@id\":\"https:\\\/\\\/www.wellogi.com\\\/cursos\\\/eventos-aliados-academicos\\\/#primaryimage\"},\"image\":{\"@id\":\"https:\\\/\\\/www.wellogi.com\\\/cursos\\\/eventos-aliados-academicos\\\/#primaryimage\"},\"thumbnailUrl\":\"https:\\\/\\\/www.wellogi.com\\\/cursos\\\/wp-content\\\/uploads\\\/2023\\\/09\\\/CV-Raul-Vargas-Zalazar-SEP-2023-791x1024.png\",\"datePublished\":\"2026-03-06T21:56:02+00:00\",\"dateModified\":\"2026-03-06T22:13:25+00:00\",\"description\":\"Plataforma de capacitaci\u00f3n acad\u00e9mica continua as\u00edncrona especializada en Nutricion, Entrenamiento, Recomposici\u00f3n Corporal, Fitness y Wellness.\",\"breadcrumb\":{\"@id\":\"https:\\\/\\\/www.wellogi.com\\\/cursos\\\/eventos-aliados-academicos\\\/#breadcrumb\"},\"inLanguage\":\"es\",\"potentialAction\":[{\"@type\":\"ReadAction\",\"target\":[\"https:\\\/\\\/www.wellogi.com\\\/cursos\\\/eventos-aliados-academicos\\\/\"]}]},{\"@type\":\"ImageObject\",\"inLanguage\":\"es\",\"@id\":\"https:\\\/\\\/www.wellogi.com\\\/cursos\\\/eventos-aliados-academicos\\\/#primaryimage\",\"url\":\"\",\"contentUrl\":\"\"},{\"@type\":\"BreadcrumbList\",\"@id\":\"https:\\\/\\\/www.wellogi.com\\\/cursos\\\/eventos-aliados-academicos\\\/#breadcrumb\",\"itemListElement\":[{\"@type\":\"ListItem\",\"position\":1,\"name\":\"Inicio\",\"item\":\"https:\\\/\\\/www.wellogi.com\\\/cursos\\\/\"},{\"@type\":\"ListItem\",\"position\":2,\"name\":\"Eventos de Aliados Acad\u00e9micos\"}]},{\"@type\":\"WebSite\",\"@id\":\"https:\\\/\\\/www.wellogi.com\\\/cursos\\\/#website\",\"url\":\"https:\\\/\\\/www.wellogi.com\\\/cursos\\\/\",\"name\":\"Wellogi Academy\",\"description\":\"Plataforma de capacitaci\u00f3n acad\u00e9mica continua as\u00edncrona.\",\"publisher\":{\"@id\":\"https:\\\/\\\/www.wellogi.com\\\/cursos\\\/#organization\"},\"potentialAction\":[{\"@type\":\"SearchAction\",\"target\":{\"@type\":\"EntryPoint\",\"urlTemplate\":\"https:\\\/\\\/www.wellogi.com\\\/cursos\\\/?s={search_term_string}\"},\"query-input\":{\"@type\":\"PropertyValueSpecification\",\"valueRequired\":true,\"valueName\":\"search_term_string\"}}],\"inLanguage\":\"es\"},{\"@type\":\"Organization\",\"@id\":\"https:\\\/\\\/www.wellogi.com\\\/cursos\\\/#organization\",\"name\":\"Wellogi Academy\",\"url\":\"https:\\\/\\\/www.wellogi.com\\\/cursos\\\/\",\"logo\":{\"@type\":\"ImageObject\",\"inLanguage\":\"es\",\"@id\":\"https:\\\/\\\/www.wellogi.com\\\/cursos\\\/#\\\/schema\\\/logo\\\/image\\\/\",\"url\":\"https:\\\/\\\/www.wellogi.com\\\/cursos\\\/wp-content\\\/uploads\\\/2021\\\/11\\\/Logo-y-Slogan-transparente-final-.png\",\"contentUrl\":\"https:\\\/\\\/www.wellogi.com\\\/cursos\\\/wp-content\\\/uploads\\\/2021\\\/11\\\/Logo-y-Slogan-transparente-final-.png\",\"width\":5042,\"height\":4883,\"caption\":\"Wellogi Academy\"},\"image\":{\"@id\":\"https:\\\/\\\/www.wellogi.com\\\/cursos\\\/#\\\/schema\\\/logo\\\/image\\\/\"},\"sameAs\":[\"https:\\\/\\\/www.facebook.com\\\/WellogiApp\",\"https:\\\/\\\/x.com\\\/Wellogi_App\",\"https:\\\/\\\/www.instagram.com\\\/wellogi_app\\\/\",\"https:\\\/\\\/www.linkedin.com\\\/in\\\/luis-gomez-wellogi\\\/\",\"https:\\\/\\\/www.youtube.com\\\/c\\\/Wellogi\\\/videos\"]}]}<\/script>\n<!-- \/ Yoast SEO plugin. -->","yoast_head_json":{"title":"Eventos de Aliados Acad\u00e9micos - Wellogi Academy","description":"Plataforma de capacitaci\u00f3n acad\u00e9mica continua as\u00edncrona especializada en Nutricion, Entrenamiento, Recomposici\u00f3n Corporal, Fitness y Wellness.","robots":{"index":"index","follow":"follow","max-snippet":"max-snippet:-1","max-image-preview":"max-image-preview:large","max-video-preview":"max-video-preview:-1"},"canonical":"https:\/\/www.wellogi.com\/cursos\/eventos-aliados-academicos\/","og_locale":"es_MX","og_type":"article","og_title":"Eventos de Aliados Acad\u00e9micos - Wellogi Academy","og_description":"Plataforma de capacitaci\u00f3n acad\u00e9mica continua as\u00edncrona especializada en Nutricion, Entrenamiento, Recomposici\u00f3n Corporal, Fitness y Wellness.","og_url":"https:\/\/www.wellogi.com\/cursos\/eventos-aliados-academicos\/","og_site_name":"Wellogi Academy","article_publisher":"https:\/\/www.facebook.com\/WellogiApp","article_modified_time":"2026-03-06T22:13:25+00:00","twitter_card":"summary_large_image","twitter_site":"@Wellogi_App","schema":{"@context":"https:\/\/schema.org","@graph":[{"@type":"WebPage","@id":"https:\/\/www.wellogi.com\/cursos\/eventos-aliados-academicos\/","url":"https:\/\/www.wellogi.com\/cursos\/eventos-aliados-academicos\/","name":"Eventos de Aliados Acad\u00e9micos - Wellogi Academy","isPartOf":{"@id":"https:\/\/www.wellogi.com\/cursos\/#website"},"primaryImageOfPage":{"@id":"https:\/\/www.wellogi.com\/cursos\/eventos-aliados-academicos\/#primaryimage"},"image":{"@id":"https:\/\/www.wellogi.com\/cursos\/eventos-aliados-academicos\/#primaryimage"},"thumbnailUrl":"https:\/\/www.wellogi.com\/cursos\/wp-content\/uploads\/2023\/09\/CV-Raul-Vargas-Zalazar-SEP-2023-791x1024.png","datePublished":"2026-03-06T21:56:02+00:00","dateModified":"2026-03-06T22:13:25+00:00","description":"Plataforma de capacitaci\u00f3n acad\u00e9mica continua as\u00edncrona especializada en Nutricion, Entrenamiento, Recomposici\u00f3n Corporal, Fitness y Wellness.","breadcrumb":{"@id":"https:\/\/www.wellogi.com\/cursos\/eventos-aliados-academicos\/#breadcrumb"},"inLanguage":"es","potentialAction":[{"@type":"ReadAction","target":["https:\/\/www.wellogi.com\/cursos\/eventos-aliados-academicos\/"]}]},{"@type":"ImageObject","inLanguage":"es","@id":"https:\/\/www.wellogi.com\/cursos\/eventos-aliados-academicos\/#primaryimage","url":"","contentUrl":""},{"@type":"BreadcrumbList","@id":"https:\/\/www.wellogi.com\/cursos\/eventos-aliados-academicos\/#breadcrumb","itemListElement":[{"@type":"ListItem","position":1,"name":"Inicio","item":"https:\/\/www.wellogi.com\/cursos\/"},{"@type":"ListItem","position":2,"name":"Eventos de Aliados Acad\u00e9micos"}]},{"@type":"WebSite","@id":"https:\/\/www.wellogi.com\/cursos\/#website","url":"https:\/\/www.wellogi.com\/cursos\/","name":"Wellogi Academy","description":"Plataforma de capacitaci\u00f3n acad\u00e9mica continua as\u00edncrona.","publisher":{"@id":"https:\/\/www.wellogi.com\/cursos\/#organization"},"potentialAction":[{"@type":"SearchAction","target":{"@type":"EntryPoint","urlTemplate":"https:\/\/www.wellogi.com\/cursos\/?s={search_term_string}"},"query-input":{"@type":"PropertyValueSpecification","valueRequired":true,"valueName":"search_term_string"}}],"inLanguage":"es"},{"@type":"Organization","@id":"https:\/\/www.wellogi.com\/cursos\/#organization","name":"Wellogi Academy","url":"https:\/\/www.wellogi.com\/cursos\/","logo":{"@type":"ImageObject","inLanguage":"es","@id":"https:\/\/www.wellogi.com\/cursos\/#\/schema\/logo\/image\/","url":"https:\/\/www.wellogi.com\/cursos\/wp-content\/uploads\/2021\/11\/Logo-y-Slogan-transparente-final-.png","contentUrl":"https:\/\/www.wellogi.com\/cursos\/wp-content\/uploads\/2021\/11\/Logo-y-Slogan-transparente-final-.png","width":5042,"height":4883,"caption":"Wellogi Academy"},"image":{"@id":"https:\/\/www.wellogi.com\/cursos\/#\/schema\/logo\/image\/"},"sameAs":["https:\/\/www.facebook.com\/WellogiApp","https:\/\/x.com\/Wellogi_App","https:\/\/www.instagram.com\/wellogi_app\/","https:\/\/www.linkedin.com\/in\/luis-gomez-wellogi\/","https:\/\/www.youtube.com\/c\/Wellogi\/videos"]}]}},"_links":{"self":[{"href":"https:\/\/www.wellogi.com\/cursos\/wp-json\/wp\/v2\/pages\/116625","targetHints":{"allow":["GET"]}}],"collection":[{"href":"https:\/\/www.wellogi.com\/cursos\/wp-json\/wp\/v2\/pages"}],"about":[{"href":"https:\/\/www.wellogi.com\/cursos\/wp-json\/wp\/v2\/types\/page"}],"author":[{"embeddable":true,"href":"https:\/\/www.wellogi.com\/cursos\/wp-json\/wp\/v2\/users\/2"}],"replies":[{"embeddable":true,"href":"https:\/\/www.wellogi.com\/cursos\/wp-json\/wp\/v2\/comments?post=116625"}],"version-history":[{"count":6,"href":"https:\/\/www.wellogi.com\/cursos\/wp-json\/wp\/v2\/pages\/116625\/revisions"}],"predecessor-version":[{"id":116636,"href":"https:\/\/www.wellogi.com\/cursos\/wp-json\/wp\/v2\/pages\/116625\/revisions\/116636"}],"wp:attachment":[{"href":"https:\/\/www.wellogi.com\/cursos\/wp-json\/wp\/v2\/media?parent=116625"}],"curies":[{"name":"wp","href":"https:\/\/api.w.org\/{rel}","templated":true}]}}