{"id":116084,"date":"2026-02-23T19:08:07","date_gmt":"2026-02-24T01:08:07","guid":{"rendered":"https:\/\/www.wellogi.com\/cursos\/?page_id=116084"},"modified":"2026-03-02T12:10:21","modified_gmt":"2026-03-02T18:10:21","slug":"colaboraciones","status":"publish","type":"page","link":"https:\/\/www.wellogi.com\/cursos\/colaboraciones\/","title":{"rendered":"Colaboraciones"},"content":{"rendered":"\n<h2 class=\"wp-block-heading has-text-align-center has-responsive-global-palette-0-color has-text-color has-link-color wp-elements-8b59d8fbaa6b0686ddb8fab6c8e47362\">\u00bfEres profesional de la Salud \/ Fitness y queriendo impartir capacitaciones acad\u00e9micas y formativas?<\/h2>\n\n\n\n<figure class=\"wp-block-image size-large\"><img fetchpriority=\"high\" decoding=\"async\" width=\"1024\" height=\"559\" src=\"https:\/\/www.wellogi.com\/cursos\/wp-content\/uploads\/2026\/03\/Modelos-genericos-2-1024x559.png\" alt=\"\" class=\"wp-image-116287\" srcset=\"https:\/\/www.wellogi.com\/cursos\/wp-content\/uploads\/2026\/03\/Modelos-genericos-2-1024x559.png 1024w, https:\/\/www.wellogi.com\/cursos\/wp-content\/uploads\/2026\/03\/Modelos-genericos-2-300x164.png 300w, https:\/\/www.wellogi.com\/cursos\/wp-content\/uploads\/2026\/03\/Modelos-genericos-2-768x419.png 768w, https:\/\/www.wellogi.com\/cursos\/wp-content\/uploads\/2026\/03\/Modelos-genericos-2-200x109.png 200w, https:\/\/www.wellogi.com\/cursos\/wp-content\/uploads\/2026\/03\/Modelos-genericos-2-400x218.png 400w, https:\/\/www.wellogi.com\/cursos\/wp-content\/uploads\/2026\/03\/Modelos-genericos-2-100x55.png 100w, https:\/\/www.wellogi.com\/cursos\/wp-content\/uploads\/2026\/03\/Modelos-genericos-2-150x82.png 150w, https:\/\/www.wellogi.com\/cursos\/wp-content\/uploads\/2026\/03\/Modelos-genericos-2-450x245.png 450w, https:\/\/www.wellogi.com\/cursos\/wp-content\/uploads\/2026\/03\/Modelos-genericos-2-600x327.png 600w, https:\/\/www.wellogi.com\/cursos\/wp-content\/uploads\/2026\/03\/Modelos-genericos-2-900x491.png 900w, https:\/\/www.wellogi.com\/cursos\/wp-content\/uploads\/2026\/03\/Modelos-genericos-2.png 1408w\" sizes=\"(max-width: 1024px) 100vw, 1024px\" \/><\/figure>\n\n\n\n<p class=\"has-black-color has-text-color has-link-color wp-elements-5b9f849dabb3cb38a8983ba2a0838149\">Revisa a detalle la infraestructura digital a la cual te unir\u00e1s, el proceso que seguiremos juntos y una muestra de los resultados que obtendremos en nuestra colaboraci\u00f3n. <\/p>\n\n\n\n<div data-wp-interactive=\"core\/file\" class=\"wp-block-file\"><object data-wp-bind--hidden=\"!state.hasPdfPreview\" hidden class=\"wp-block-file__embed\" data=\"https:\/\/www.wellogi.com\/cursos\/wp-content\/uploads\/2023\/08\/Wellogi-Academy-el-camino-al-exito.pdf\" type=\"application\/pdf\" style=\"width:100%;height:600px\" aria-label=\"Incrustado de Wellogi Academy, el camino al \u00e9xito .\"><\/object><a id=\"wp-block-file--media-79bce034-c623-4b39-a9d4-6f394b89b67a\" href=\"https:\/\/www.wellogi.com\/cursos\/wp-content\/uploads\/2023\/08\/Wellogi-Academy-el-camino-al-exito.pdf\">Wellogi Academy, el camino al \u00e9xito <\/a><a href=\"https:\/\/www.wellogi.com\/cursos\/wp-content\/uploads\/2023\/08\/Wellogi-Academy-el-camino-al-exito.pdf\" class=\"wp-block-file__button wp-element-button\" download aria-describedby=\"wp-block-file--media-79bce034-c623-4b39-a9d4-6f394b89b67a\">Descarga<\/a><\/div>\n\n\n\n<h2 class=\"wp-block-heading has-text-align-center\">Contacto para colaboraciones:<\/h2>\n\n\n\n<p>Interesados, por favor mandar correo electr\u00f3nico a nuestro CEO \/ Director General, con tu CV (Curriculum Vitae) y los Temarios (Temas y Subtemas) de los eventos acad\u00e9micos y formativos propuestos. <\/p>\n\n\n\n<p><strong>L.N. Luis Alberto G\u00f3mez Mart\u00edn E.P. <\/strong><\/p>\n\n\n\n<p>Mail: <strong>ceoluis@wellogi.com <\/strong><\/p>\n","protected":false},"excerpt":{"rendered":"<p>\u00bfEres profesional de la Salud \/ Fitness y queriendo impartir capacitaciones acad\u00e9micas y formativas? Revisa a detalle la infraestructura digital a la cual te unir\u00e1s, el proceso que seguiremos juntos y una muestra de los resultados que obtendremos en nuestra &hellip;<\/p>\n<p class=\"read-more\"> <a class=\"more-link\" href=\"https:\/\/www.wellogi.com\/cursos\/colaboraciones\/\"> <span class=\"screen-reader-text\">Colaboraciones<\/span> Leer m\u00e1s \u00bb<\/a><\/p>\n","protected":false},"author":2,"featured_media":0,"parent":0,"menu_order":0,"comment_status":"closed","ping_status":"closed","template":"","meta":{"footnotes":""},"class_list":["post-116084","page","type-page","status-publish","hentry"],"yoast_head":"<!-- This site is optimized with the Yoast SEO plugin v27.3 - https:\/\/yoast.com\/product\/yoast-seo-wordpress\/ -->\n<title>Colaboraciones - Wellogi Academy<\/title>\n<meta name=\"description\" content=\"Plataforma de capacitaci\u00f3n acad\u00e9mica continua as\u00edncrona especializada en Nutricion, Entrenamiento, Recomposici\u00f3n Corporal, Fitness y Wellness.\" \/>\n<meta name=\"robots\" content=\"index, follow, max-snippet:-1, max-image-preview:large, max-video-preview:-1\" \/>\n<link rel=\"canonical\" href=\"https:\/\/www.wellogi.com\/cursos\/colaboraciones\/\" \/>\n<meta property=\"og:locale\" content=\"es_MX\" \/>\n<meta property=\"og:type\" content=\"article\" \/>\n<meta property=\"og:title\" content=\"Colaboraciones - Wellogi Academy\" \/>\n<meta property=\"og:description\" content=\"Plataforma de capacitaci\u00f3n acad\u00e9mica continua as\u00edncrona especializada en Nutricion, Entrenamiento, Recomposici\u00f3n Corporal, Fitness y Wellness.\" \/>\n<meta property=\"og:url\" content=\"https:\/\/www.wellogi.com\/cursos\/colaboraciones\/\" \/>\n<meta property=\"og:site_name\" content=\"Wellogi Academy\" \/>\n<meta property=\"article:publisher\" content=\"https:\/\/www.facebook.com\/WellogiApp\" \/>\n<meta property=\"article:modified_time\" content=\"2026-03-02T18:10:21+00:00\" \/>\n<meta property=\"og:image\" content=\"https:\/\/www.wellogi.com\/cursos\/wp-content\/uploads\/2026\/03\/Modelos-genericos-2.png\" \/>\n\t<meta property=\"og:image:width\" content=\"1408\" \/>\n\t<meta property=\"og:image:height\" content=\"768\" \/>\n\t<meta property=\"og:image:type\" content=\"image\/png\" \/>\n<meta name=\"twitter:card\" content=\"summary_large_image\" \/>\n<meta name=\"twitter:site\" content=\"@Wellogi_App\" \/>\n<script type=\"application\/ld+json\" class=\"yoast-schema-graph\">{\"@context\":\"https:\\\/\\\/schema.org\",\"@graph\":[{\"@type\":\"WebPage\",\"@id\":\"https:\\\/\\\/www.wellogi.com\\\/cursos\\\/colaboraciones\\\/\",\"url\":\"https:\\\/\\\/www.wellogi.com\\\/cursos\\\/colaboraciones\\\/\",\"name\":\"Colaboraciones - Wellogi Academy\",\"isPartOf\":{\"@id\":\"https:\\\/\\\/www.wellogi.com\\\/cursos\\\/#website\"},\"primaryImageOfPage\":{\"@id\":\"https:\\\/\\\/www.wellogi.com\\\/cursos\\\/colaboraciones\\\/#primaryimage\"},\"image\":{\"@id\":\"https:\\\/\\\/www.wellogi.com\\\/cursos\\\/colaboraciones\\\/#primaryimage\"},\"thumbnailUrl\":\"https:\\\/\\\/www.wellogi.com\\\/cursos\\\/wp-content\\\/uploads\\\/2026\\\/03\\\/Modelos-genericos-2-1024x559.png\",\"datePublished\":\"2026-02-24T01:08:07+00:00\",\"dateModified\":\"2026-03-02T18:10:21+00:00\",\"description\":\"Plataforma de capacitaci\u00f3n acad\u00e9mica continua as\u00edncrona especializada en Nutricion, Entrenamiento, Recomposici\u00f3n Corporal, Fitness y Wellness.\",\"breadcrumb\":{\"@id\":\"https:\\\/\\\/www.wellogi.com\\\/cursos\\\/colaboraciones\\\/#breadcrumb\"},\"inLanguage\":\"es\",\"potentialAction\":[{\"@type\":\"ReadAction\",\"target\":[\"https:\\\/\\\/www.wellogi.com\\\/cursos\\\/colaboraciones\\\/\"]}]},{\"@type\":\"ImageObject\",\"inLanguage\":\"es\",\"@id\":\"https:\\\/\\\/www.wellogi.com\\\/cursos\\\/colaboraciones\\\/#primaryimage\",\"url\":\"https:\\\/\\\/www.wellogi.com\\\/cursos\\\/wp-content\\\/uploads\\\/2026\\\/03\\\/Modelos-genericos-2.png\",\"contentUrl\":\"https:\\\/\\\/www.wellogi.com\\\/cursos\\\/wp-content\\\/uploads\\\/2026\\\/03\\\/Modelos-genericos-2.png\",\"width\":1408,\"height\":768},{\"@type\":\"BreadcrumbList\",\"@id\":\"https:\\\/\\\/www.wellogi.com\\\/cursos\\\/colaboraciones\\\/#breadcrumb\",\"itemListElement\":[{\"@type\":\"ListItem\",\"position\":1,\"name\":\"Inicio\",\"item\":\"https:\\\/\\\/www.wellogi.com\\\/cursos\\\/\"},{\"@type\":\"ListItem\",\"position\":2,\"name\":\"Colaboraciones\"}]},{\"@type\":\"WebSite\",\"@id\":\"https:\\\/\\\/www.wellogi.com\\\/cursos\\\/#website\",\"url\":\"https:\\\/\\\/www.wellogi.com\\\/cursos\\\/\",\"name\":\"Wellogi Academy\",\"description\":\"Plataforma de capacitaci\u00f3n acad\u00e9mica continua as\u00edncrona.\",\"publisher\":{\"@id\":\"https:\\\/\\\/www.wellogi.com\\\/cursos\\\/#organization\"},\"potentialAction\":[{\"@type\":\"SearchAction\",\"target\":{\"@type\":\"EntryPoint\",\"urlTemplate\":\"https:\\\/\\\/www.wellogi.com\\\/cursos\\\/?s={search_term_string}\"},\"query-input\":{\"@type\":\"PropertyValueSpecification\",\"valueRequired\":true,\"valueName\":\"search_term_string\"}}],\"inLanguage\":\"es\"},{\"@type\":\"Organization\",\"@id\":\"https:\\\/\\\/www.wellogi.com\\\/cursos\\\/#organization\",\"name\":\"Wellogi Academy\",\"url\":\"https:\\\/\\\/www.wellogi.com\\\/cursos\\\/\",\"logo\":{\"@type\":\"ImageObject\",\"inLanguage\":\"es\",\"@id\":\"https:\\\/\\\/www.wellogi.com\\\/cursos\\\/#\\\/schema\\\/logo\\\/image\\\/\",\"url\":\"https:\\\/\\\/www.wellogi.com\\\/cursos\\\/wp-content\\\/uploads\\\/2021\\\/11\\\/Logo-y-Slogan-transparente-final-.png\",\"contentUrl\":\"https:\\\/\\\/www.wellogi.com\\\/cursos\\\/wp-content\\\/uploads\\\/2021\\\/11\\\/Logo-y-Slogan-transparente-final-.png\",\"width\":5042,\"height\":4883,\"caption\":\"Wellogi Academy\"},\"image\":{\"@id\":\"https:\\\/\\\/www.wellogi.com\\\/cursos\\\/#\\\/schema\\\/logo\\\/image\\\/\"},\"sameAs\":[\"https:\\\/\\\/www.facebook.com\\\/WellogiApp\",\"https:\\\/\\\/x.com\\\/Wellogi_App\",\"https:\\\/\\\/www.instagram.com\\\/wellogi_app\\\/\",\"https:\\\/\\\/www.linkedin.com\\\/in\\\/luis-gomez-wellogi\\\/\",\"https:\\\/\\\/www.youtube.com\\\/c\\\/Wellogi\\\/videos\"]}]}<\/script>\n<!-- \/ Yoast SEO plugin. -->","yoast_head_json":{"title":"Colaboraciones - Wellogi Academy","description":"Plataforma de capacitaci\u00f3n acad\u00e9mica continua as\u00edncrona especializada en Nutricion, Entrenamiento, Recomposici\u00f3n Corporal, Fitness y Wellness.","robots":{"index":"index","follow":"follow","max-snippet":"max-snippet:-1","max-image-preview":"max-image-preview:large","max-video-preview":"max-video-preview:-1"},"canonical":"https:\/\/www.wellogi.com\/cursos\/colaboraciones\/","og_locale":"es_MX","og_type":"article","og_title":"Colaboraciones - Wellogi Academy","og_description":"Plataforma de capacitaci\u00f3n acad\u00e9mica continua as\u00edncrona especializada en Nutricion, Entrenamiento, Recomposici\u00f3n Corporal, Fitness y Wellness.","og_url":"https:\/\/www.wellogi.com\/cursos\/colaboraciones\/","og_site_name":"Wellogi Academy","article_publisher":"https:\/\/www.facebook.com\/WellogiApp","article_modified_time":"2026-03-02T18:10:21+00:00","og_image":[{"width":1408,"height":768,"url":"https:\/\/www.wellogi.com\/cursos\/wp-content\/uploads\/2026\/03\/Modelos-genericos-2.png","type":"image\/png"}],"twitter_card":"summary_large_image","twitter_site":"@Wellogi_App","schema":{"@context":"https:\/\/schema.org","@graph":[{"@type":"WebPage","@id":"https:\/\/www.wellogi.com\/cursos\/colaboraciones\/","url":"https:\/\/www.wellogi.com\/cursos\/colaboraciones\/","name":"Colaboraciones - Wellogi Academy","isPartOf":{"@id":"https:\/\/www.wellogi.com\/cursos\/#website"},"primaryImageOfPage":{"@id":"https:\/\/www.wellogi.com\/cursos\/colaboraciones\/#primaryimage"},"image":{"@id":"https:\/\/www.wellogi.com\/cursos\/colaboraciones\/#primaryimage"},"thumbnailUrl":"https:\/\/www.wellogi.com\/cursos\/wp-content\/uploads\/2026\/03\/Modelos-genericos-2-1024x559.png","datePublished":"2026-02-24T01:08:07+00:00","dateModified":"2026-03-02T18:10:21+00:00","description":"Plataforma de capacitaci\u00f3n acad\u00e9mica continua as\u00edncrona especializada en Nutricion, Entrenamiento, Recomposici\u00f3n Corporal, Fitness y Wellness.","breadcrumb":{"@id":"https:\/\/www.wellogi.com\/cursos\/colaboraciones\/#breadcrumb"},"inLanguage":"es","potentialAction":[{"@type":"ReadAction","target":["https:\/\/www.wellogi.com\/cursos\/colaboraciones\/"]}]},{"@type":"ImageObject","inLanguage":"es","@id":"https:\/\/www.wellogi.com\/cursos\/colaboraciones\/#primaryimage","url":"https:\/\/www.wellogi.com\/cursos\/wp-content\/uploads\/2026\/03\/Modelos-genericos-2.png","contentUrl":"https:\/\/www.wellogi.com\/cursos\/wp-content\/uploads\/2026\/03\/Modelos-genericos-2.png","width":1408,"height":768},{"@type":"BreadcrumbList","@id":"https:\/\/www.wellogi.com\/cursos\/colaboraciones\/#breadcrumb","itemListElement":[{"@type":"ListItem","position":1,"name":"Inicio","item":"https:\/\/www.wellogi.com\/cursos\/"},{"@type":"ListItem","position":2,"name":"Colaboraciones"}]},{"@type":"WebSite","@id":"https:\/\/www.wellogi.com\/cursos\/#website","url":"https:\/\/www.wellogi.com\/cursos\/","name":"Wellogi Academy","description":"Plataforma de capacitaci\u00f3n acad\u00e9mica continua as\u00edncrona.","publisher":{"@id":"https:\/\/www.wellogi.com\/cursos\/#organization"},"potentialAction":[{"@type":"SearchAction","target":{"@type":"EntryPoint","urlTemplate":"https:\/\/www.wellogi.com\/cursos\/?s={search_term_string}"},"query-input":{"@type":"PropertyValueSpecification","valueRequired":true,"valueName":"search_term_string"}}],"inLanguage":"es"},{"@type":"Organization","@id":"https:\/\/www.wellogi.com\/cursos\/#organization","name":"Wellogi Academy","url":"https:\/\/www.wellogi.com\/cursos\/","logo":{"@type":"ImageObject","inLanguage":"es","@id":"https:\/\/www.wellogi.com\/cursos\/#\/schema\/logo\/image\/","url":"https:\/\/www.wellogi.com\/cursos\/wp-content\/uploads\/2021\/11\/Logo-y-Slogan-transparente-final-.png","contentUrl":"https:\/\/www.wellogi.com\/cursos\/wp-content\/uploads\/2021\/11\/Logo-y-Slogan-transparente-final-.png","width":5042,"height":4883,"caption":"Wellogi Academy"},"image":{"@id":"https:\/\/www.wellogi.com\/cursos\/#\/schema\/logo\/image\/"},"sameAs":["https:\/\/www.facebook.com\/WellogiApp","https:\/\/x.com\/Wellogi_App","https:\/\/www.instagram.com\/wellogi_app\/","https:\/\/www.linkedin.com\/in\/luis-gomez-wellogi\/","https:\/\/www.youtube.com\/c\/Wellogi\/videos"]}]}},"_links":{"self":[{"href":"https:\/\/www.wellogi.com\/cursos\/wp-json\/wp\/v2\/pages\/116084","targetHints":{"allow":["GET"]}}],"collection":[{"href":"https:\/\/www.wellogi.com\/cursos\/wp-json\/wp\/v2\/pages"}],"about":[{"href":"https:\/\/www.wellogi.com\/cursos\/wp-json\/wp\/v2\/types\/page"}],"author":[{"embeddable":true,"href":"https:\/\/www.wellogi.com\/cursos\/wp-json\/wp\/v2\/users\/2"}],"replies":[{"embeddable":true,"href":"https:\/\/www.wellogi.com\/cursos\/wp-json\/wp\/v2\/comments?post=116084"}],"version-history":[{"count":3,"href":"https:\/\/www.wellogi.com\/cursos\/wp-json\/wp\/v2\/pages\/116084\/revisions"}],"predecessor-version":[{"id":116288,"href":"https:\/\/www.wellogi.com\/cursos\/wp-json\/wp\/v2\/pages\/116084\/revisions\/116288"}],"wp:attachment":[{"href":"https:\/\/www.wellogi.com\/cursos\/wp-json\/wp\/v2\/media?parent=116084"}],"curies":[{"name":"wp","href":"https:\/\/api.w.org\/{rel}","templated":true}]}}