{"id":114329,"date":"2025-06-10T18:18:40","date_gmt":"2025-06-11T00:18:40","guid":{"rendered":"https:\/\/www.wellogi.com\/cursos\/?page_id=114329"},"modified":"2025-06-10T18:18:42","modified_gmt":"2025-06-11T00:18:42","slug":"maestros-wellogi-academy","status":"publish","type":"page","link":"https:\/\/www.wellogi.com\/cursos\/maestros-wellogi-academy\/","title":{"rendered":"Maestros y Colaboradores de Wellogi Academy"},"content":{"rendered":"\n<p class=\"has-text-align-center\"><strong>Wellogi Academy<\/strong> reconoce a todos los Profesionales que forman parte como <strong>Profesores\/Maestros<\/strong> y <strong>Colaboradores<\/strong> las Respectivas <strong>Certificaciones, Cursos<\/strong> y eventos Acad\u00e9micos ofrecidos en este proyecto. <\/p>\n\n\n\n<p><\/p>\n\n\n\n<figure class=\"wp-block-image size-full\"><a href=\"https:\/\/www.wellogi.com\/cursos\/maestros-luis-alberto-gomez-martin\/\"><img fetchpriority=\"high\" decoding=\"async\" width=\"940\" height=\"788\" src=\"https:\/\/www.wellogi.com\/cursos\/wp-content\/uploads\/2025\/06\/Anuncio-de-CV-de-Luis-Alberto-Gomez-Martin.png\" alt=\"\" class=\"wp-image-114330\" srcset=\"https:\/\/www.wellogi.com\/cursos\/wp-content\/uploads\/2025\/06\/Anuncio-de-CV-de-Luis-Alberto-Gomez-Martin.png 940w, https:\/\/www.wellogi.com\/cursos\/wp-content\/uploads\/2025\/06\/Anuncio-de-CV-de-Luis-Alberto-Gomez-Martin-300x251.png 300w, https:\/\/www.wellogi.com\/cursos\/wp-content\/uploads\/2025\/06\/Anuncio-de-CV-de-Luis-Alberto-Gomez-Martin-768x644.png 768w, https:\/\/www.wellogi.com\/cursos\/wp-content\/uploads\/2025\/06\/Anuncio-de-CV-de-Luis-Alberto-Gomez-Martin-200x168.png 200w, https:\/\/www.wellogi.com\/cursos\/wp-content\/uploads\/2025\/06\/Anuncio-de-CV-de-Luis-Alberto-Gomez-Martin-400x335.png 400w, https:\/\/www.wellogi.com\/cursos\/wp-content\/uploads\/2025\/06\/Anuncio-de-CV-de-Luis-Alberto-Gomez-Martin-100x84.png 100w, https:\/\/www.wellogi.com\/cursos\/wp-content\/uploads\/2025\/06\/Anuncio-de-CV-de-Luis-Alberto-Gomez-Martin-150x126.png 150w, https:\/\/www.wellogi.com\/cursos\/wp-content\/uploads\/2025\/06\/Anuncio-de-CV-de-Luis-Alberto-Gomez-Martin-450x377.png 450w, https:\/\/www.wellogi.com\/cursos\/wp-content\/uploads\/2025\/06\/Anuncio-de-CV-de-Luis-Alberto-Gomez-Martin-600x503.png 600w, https:\/\/www.wellogi.com\/cursos\/wp-content\/uploads\/2025\/06\/Anuncio-de-CV-de-Luis-Alberto-Gomez-Martin-900x754.png 900w\" sizes=\"(max-width: 940px) 100vw, 940px\" \/><\/a><\/figure>\n\n\n\n<p><\/p>\n\n\n\n<figure class=\"wp-block-image size-full\"><a href=\"https:\/\/www.wellogi.com\/cursos\/maestros-raul-vargas-zalazar\/\"><img decoding=\"async\" width=\"940\" height=\"788\" src=\"https:\/\/www.wellogi.com\/cursos\/wp-content\/uploads\/2025\/06\/Anuncio-de-CV-de-Raul-Vargas-Zalazar.png\" alt=\"\" class=\"wp-image-114331\" srcset=\"https:\/\/www.wellogi.com\/cursos\/wp-content\/uploads\/2025\/06\/Anuncio-de-CV-de-Raul-Vargas-Zalazar.png 940w, https:\/\/www.wellogi.com\/cursos\/wp-content\/uploads\/2025\/06\/Anuncio-de-CV-de-Raul-Vargas-Zalazar-300x251.png 300w, https:\/\/www.wellogi.com\/cursos\/wp-content\/uploads\/2025\/06\/Anuncio-de-CV-de-Raul-Vargas-Zalazar-768x644.png 768w, https:\/\/www.wellogi.com\/cursos\/wp-content\/uploads\/2025\/06\/Anuncio-de-CV-de-Raul-Vargas-Zalazar-200x168.png 200w, https:\/\/www.wellogi.com\/cursos\/wp-content\/uploads\/2025\/06\/Anuncio-de-CV-de-Raul-Vargas-Zalazar-400x335.png 400w, https:\/\/www.wellogi.com\/cursos\/wp-content\/uploads\/2025\/06\/Anuncio-de-CV-de-Raul-Vargas-Zalazar-100x84.png 100w, https:\/\/www.wellogi.com\/cursos\/wp-content\/uploads\/2025\/06\/Anuncio-de-CV-de-Raul-Vargas-Zalazar-150x126.png 150w, https:\/\/www.wellogi.com\/cursos\/wp-content\/uploads\/2025\/06\/Anuncio-de-CV-de-Raul-Vargas-Zalazar-450x377.png 450w, https:\/\/www.wellogi.com\/cursos\/wp-content\/uploads\/2025\/06\/Anuncio-de-CV-de-Raul-Vargas-Zalazar-600x503.png 600w, https:\/\/www.wellogi.com\/cursos\/wp-content\/uploads\/2025\/06\/Anuncio-de-CV-de-Raul-Vargas-Zalazar-900x754.png 900w\" sizes=\"(max-width: 940px) 100vw, 940px\" \/><\/a><\/figure>\n","protected":false},"excerpt":{"rendered":"<p>Wellogi Academy reconoce a todos los Profesionales que forman parte como Profesores\/Maestros y Colaboradores las Respectivas Certificaciones, Cursos y eventos Acad\u00e9micos ofrecidos en este proyecto.<\/p>\n","protected":false},"author":2,"featured_media":0,"parent":0,"menu_order":0,"comment_status":"closed","ping_status":"closed","template":"","meta":{"footnotes":""},"class_list":["post-114329","page","type-page","status-publish","hentry"],"yoast_head":"<!-- This site is optimized with the Yoast SEO plugin v27.4 - https:\/\/yoast.com\/product\/yoast-seo-wordpress\/ -->\n<title>Maestros y Colaboradores de Wellogi Academy - Wellogi Academy<\/title>\n<meta name=\"description\" content=\"Plataforma de capacitaci\u00f3n acad\u00e9mica continua as\u00edncrona especializada en Nutricion, Entrenamiento, Recomposici\u00f3n Corporal, Fitness y Wellness.\" \/>\n<meta name=\"robots\" content=\"index, follow, max-snippet:-1, max-image-preview:large, max-video-preview:-1\" \/>\n<link rel=\"canonical\" href=\"https:\/\/www.wellogi.com\/cursos\/maestros-wellogi-academy\/\" \/>\n<meta property=\"og:locale\" content=\"es_MX\" \/>\n<meta property=\"og:type\" content=\"article\" \/>\n<meta property=\"og:title\" content=\"Maestros y Colaboradores de Wellogi Academy - Wellogi Academy\" \/>\n<meta property=\"og:description\" content=\"Plataforma de capacitaci\u00f3n acad\u00e9mica continua as\u00edncrona especializada en Nutricion, Entrenamiento, Recomposici\u00f3n Corporal, Fitness y Wellness.\" \/>\n<meta property=\"og:url\" content=\"https:\/\/www.wellogi.com\/cursos\/maestros-wellogi-academy\/\" \/>\n<meta property=\"og:site_name\" content=\"Wellogi Academy\" \/>\n<meta property=\"article:publisher\" content=\"https:\/\/www.facebook.com\/WellogiApp\" \/>\n<meta property=\"article:modified_time\" content=\"2025-06-11T00:18:42+00:00\" \/>\n<meta property=\"og:image\" content=\"https:\/\/www.wellogi.com\/cursos\/wp-content\/uploads\/2025\/06\/Anuncio-de-CV-de-Luis-Alberto-Gomez-Martin.png\" \/>\n\t<meta property=\"og:image:width\" content=\"940\" \/>\n\t<meta property=\"og:image:height\" content=\"788\" \/>\n\t<meta property=\"og:image:type\" content=\"image\/png\" \/>\n<meta name=\"twitter:card\" content=\"summary_large_image\" \/>\n<meta name=\"twitter:site\" content=\"@Wellogi_App\" \/>\n<script type=\"application\/ld+json\" class=\"yoast-schema-graph\">{\"@context\":\"https:\\\/\\\/schema.org\",\"@graph\":[{\"@type\":\"WebPage\",\"@id\":\"https:\\\/\\\/www.wellogi.com\\\/cursos\\\/maestros-wellogi-academy\\\/\",\"url\":\"https:\\\/\\\/www.wellogi.com\\\/cursos\\\/maestros-wellogi-academy\\\/\",\"name\":\"Maestros y Colaboradores de Wellogi Academy - Wellogi Academy\",\"isPartOf\":{\"@id\":\"https:\\\/\\\/www.wellogi.com\\\/cursos\\\/#website\"},\"primaryImageOfPage\":{\"@id\":\"https:\\\/\\\/www.wellogi.com\\\/cursos\\\/maestros-wellogi-academy\\\/#primaryimage\"},\"image\":{\"@id\":\"https:\\\/\\\/www.wellogi.com\\\/cursos\\\/maestros-wellogi-academy\\\/#primaryimage\"},\"thumbnailUrl\":\"https:\\\/\\\/www.wellogi.com\\\/cursos\\\/wp-content\\\/uploads\\\/2025\\\/06\\\/Anuncio-de-CV-de-Luis-Alberto-Gomez-Martin.png\",\"datePublished\":\"2025-06-11T00:18:40+00:00\",\"dateModified\":\"2025-06-11T00:18:42+00:00\",\"description\":\"Plataforma de capacitaci\u00f3n acad\u00e9mica continua as\u00edncrona especializada en Nutricion, Entrenamiento, Recomposici\u00f3n Corporal, Fitness y Wellness.\",\"breadcrumb\":{\"@id\":\"https:\\\/\\\/www.wellogi.com\\\/cursos\\\/maestros-wellogi-academy\\\/#breadcrumb\"},\"inLanguage\":\"es\",\"potentialAction\":[{\"@type\":\"ReadAction\",\"target\":[\"https:\\\/\\\/www.wellogi.com\\\/cursos\\\/maestros-wellogi-academy\\\/\"]}]},{\"@type\":\"ImageObject\",\"inLanguage\":\"es\",\"@id\":\"https:\\\/\\\/www.wellogi.com\\\/cursos\\\/maestros-wellogi-academy\\\/#primaryimage\",\"url\":\"https:\\\/\\\/www.wellogi.com\\\/cursos\\\/wp-content\\\/uploads\\\/2025\\\/06\\\/Anuncio-de-CV-de-Luis-Alberto-Gomez-Martin.png\",\"contentUrl\":\"https:\\\/\\\/www.wellogi.com\\\/cursos\\\/wp-content\\\/uploads\\\/2025\\\/06\\\/Anuncio-de-CV-de-Luis-Alberto-Gomez-Martin.png\",\"width\":940,\"height\":788},{\"@type\":\"BreadcrumbList\",\"@id\":\"https:\\\/\\\/www.wellogi.com\\\/cursos\\\/maestros-wellogi-academy\\\/#breadcrumb\",\"itemListElement\":[{\"@type\":\"ListItem\",\"position\":1,\"name\":\"Inicio\",\"item\":\"https:\\\/\\\/www.wellogi.com\\\/cursos\\\/\"},{\"@type\":\"ListItem\",\"position\":2,\"name\":\"Maestros y Colaboradores de Wellogi Academy\"}]},{\"@type\":\"WebSite\",\"@id\":\"https:\\\/\\\/www.wellogi.com\\\/cursos\\\/#website\",\"url\":\"https:\\\/\\\/www.wellogi.com\\\/cursos\\\/\",\"name\":\"Wellogi Academy\",\"description\":\"Plataforma de capacitaci\u00f3n acad\u00e9mica continua as\u00edncrona.\",\"publisher\":{\"@id\":\"https:\\\/\\\/www.wellogi.com\\\/cursos\\\/#organization\"},\"potentialAction\":[{\"@type\":\"SearchAction\",\"target\":{\"@type\":\"EntryPoint\",\"urlTemplate\":\"https:\\\/\\\/www.wellogi.com\\\/cursos\\\/?s={search_term_string}\"},\"query-input\":{\"@type\":\"PropertyValueSpecification\",\"valueRequired\":true,\"valueName\":\"search_term_string\"}}],\"inLanguage\":\"es\"},{\"@type\":\"Organization\",\"@id\":\"https:\\\/\\\/www.wellogi.com\\\/cursos\\\/#organization\",\"name\":\"Wellogi Academy\",\"url\":\"https:\\\/\\\/www.wellogi.com\\\/cursos\\\/\",\"logo\":{\"@type\":\"ImageObject\",\"inLanguage\":\"es\",\"@id\":\"https:\\\/\\\/www.wellogi.com\\\/cursos\\\/#\\\/schema\\\/logo\\\/image\\\/\",\"url\":\"https:\\\/\\\/www.wellogi.com\\\/cursos\\\/wp-content\\\/uploads\\\/2021\\\/11\\\/Logo-y-Slogan-transparente-final-.png\",\"contentUrl\":\"https:\\\/\\\/www.wellogi.com\\\/cursos\\\/wp-content\\\/uploads\\\/2021\\\/11\\\/Logo-y-Slogan-transparente-final-.png\",\"width\":5042,\"height\":4883,\"caption\":\"Wellogi Academy\"},\"image\":{\"@id\":\"https:\\\/\\\/www.wellogi.com\\\/cursos\\\/#\\\/schema\\\/logo\\\/image\\\/\"},\"sameAs\":[\"https:\\\/\\\/www.facebook.com\\\/WellogiApp\",\"https:\\\/\\\/x.com\\\/Wellogi_App\",\"https:\\\/\\\/www.instagram.com\\\/wellogi_app\\\/\",\"https:\\\/\\\/www.linkedin.com\\\/in\\\/luis-gomez-wellogi\\\/\",\"https:\\\/\\\/www.youtube.com\\\/c\\\/Wellogi\\\/videos\"]}]}<\/script>\n<!-- \/ Yoast SEO plugin. -->","yoast_head_json":{"title":"Maestros y Colaboradores de Wellogi Academy - Wellogi Academy","description":"Plataforma de capacitaci\u00f3n acad\u00e9mica continua as\u00edncrona especializada en Nutricion, Entrenamiento, Recomposici\u00f3n Corporal, Fitness y Wellness.","robots":{"index":"index","follow":"follow","max-snippet":"max-snippet:-1","max-image-preview":"max-image-preview:large","max-video-preview":"max-video-preview:-1"},"canonical":"https:\/\/www.wellogi.com\/cursos\/maestros-wellogi-academy\/","og_locale":"es_MX","og_type":"article","og_title":"Maestros y Colaboradores de Wellogi Academy - Wellogi Academy","og_description":"Plataforma de capacitaci\u00f3n acad\u00e9mica continua as\u00edncrona especializada en Nutricion, Entrenamiento, Recomposici\u00f3n Corporal, Fitness y Wellness.","og_url":"https:\/\/www.wellogi.com\/cursos\/maestros-wellogi-academy\/","og_site_name":"Wellogi Academy","article_publisher":"https:\/\/www.facebook.com\/WellogiApp","article_modified_time":"2025-06-11T00:18:42+00:00","og_image":[{"width":940,"height":788,"url":"https:\/\/www.wellogi.com\/cursos\/wp-content\/uploads\/2025\/06\/Anuncio-de-CV-de-Luis-Alberto-Gomez-Martin.png","type":"image\/png"}],"twitter_card":"summary_large_image","twitter_site":"@Wellogi_App","schema":{"@context":"https:\/\/schema.org","@graph":[{"@type":"WebPage","@id":"https:\/\/www.wellogi.com\/cursos\/maestros-wellogi-academy\/","url":"https:\/\/www.wellogi.com\/cursos\/maestros-wellogi-academy\/","name":"Maestros y Colaboradores de Wellogi Academy - Wellogi Academy","isPartOf":{"@id":"https:\/\/www.wellogi.com\/cursos\/#website"},"primaryImageOfPage":{"@id":"https:\/\/www.wellogi.com\/cursos\/maestros-wellogi-academy\/#primaryimage"},"image":{"@id":"https:\/\/www.wellogi.com\/cursos\/maestros-wellogi-academy\/#primaryimage"},"thumbnailUrl":"https:\/\/www.wellogi.com\/cursos\/wp-content\/uploads\/2025\/06\/Anuncio-de-CV-de-Luis-Alberto-Gomez-Martin.png","datePublished":"2025-06-11T00:18:40+00:00","dateModified":"2025-06-11T00:18:42+00:00","description":"Plataforma de capacitaci\u00f3n acad\u00e9mica continua as\u00edncrona especializada en Nutricion, Entrenamiento, Recomposici\u00f3n Corporal, Fitness y Wellness.","breadcrumb":{"@id":"https:\/\/www.wellogi.com\/cursos\/maestros-wellogi-academy\/#breadcrumb"},"inLanguage":"es","potentialAction":[{"@type":"ReadAction","target":["https:\/\/www.wellogi.com\/cursos\/maestros-wellogi-academy\/"]}]},{"@type":"ImageObject","inLanguage":"es","@id":"https:\/\/www.wellogi.com\/cursos\/maestros-wellogi-academy\/#primaryimage","url":"https:\/\/www.wellogi.com\/cursos\/wp-content\/uploads\/2025\/06\/Anuncio-de-CV-de-Luis-Alberto-Gomez-Martin.png","contentUrl":"https:\/\/www.wellogi.com\/cursos\/wp-content\/uploads\/2025\/06\/Anuncio-de-CV-de-Luis-Alberto-Gomez-Martin.png","width":940,"height":788},{"@type":"BreadcrumbList","@id":"https:\/\/www.wellogi.com\/cursos\/maestros-wellogi-academy\/#breadcrumb","itemListElement":[{"@type":"ListItem","position":1,"name":"Inicio","item":"https:\/\/www.wellogi.com\/cursos\/"},{"@type":"ListItem","position":2,"name":"Maestros y Colaboradores de Wellogi Academy"}]},{"@type":"WebSite","@id":"https:\/\/www.wellogi.com\/cursos\/#website","url":"https:\/\/www.wellogi.com\/cursos\/","name":"Wellogi Academy","description":"Plataforma de capacitaci\u00f3n acad\u00e9mica continua as\u00edncrona.","publisher":{"@id":"https:\/\/www.wellogi.com\/cursos\/#organization"},"potentialAction":[{"@type":"SearchAction","target":{"@type":"EntryPoint","urlTemplate":"https:\/\/www.wellogi.com\/cursos\/?s={search_term_string}"},"query-input":{"@type":"PropertyValueSpecification","valueRequired":true,"valueName":"search_term_string"}}],"inLanguage":"es"},{"@type":"Organization","@id":"https:\/\/www.wellogi.com\/cursos\/#organization","name":"Wellogi Academy","url":"https:\/\/www.wellogi.com\/cursos\/","logo":{"@type":"ImageObject","inLanguage":"es","@id":"https:\/\/www.wellogi.com\/cursos\/#\/schema\/logo\/image\/","url":"https:\/\/www.wellogi.com\/cursos\/wp-content\/uploads\/2021\/11\/Logo-y-Slogan-transparente-final-.png","contentUrl":"https:\/\/www.wellogi.com\/cursos\/wp-content\/uploads\/2021\/11\/Logo-y-Slogan-transparente-final-.png","width":5042,"height":4883,"caption":"Wellogi Academy"},"image":{"@id":"https:\/\/www.wellogi.com\/cursos\/#\/schema\/logo\/image\/"},"sameAs":["https:\/\/www.facebook.com\/WellogiApp","https:\/\/x.com\/Wellogi_App","https:\/\/www.instagram.com\/wellogi_app\/","https:\/\/www.linkedin.com\/in\/luis-gomez-wellogi\/","https:\/\/www.youtube.com\/c\/Wellogi\/videos"]}]}},"_links":{"self":[{"href":"https:\/\/www.wellogi.com\/cursos\/wp-json\/wp\/v2\/pages\/114329","targetHints":{"allow":["GET"]}}],"collection":[{"href":"https:\/\/www.wellogi.com\/cursos\/wp-json\/wp\/v2\/pages"}],"about":[{"href":"https:\/\/www.wellogi.com\/cursos\/wp-json\/wp\/v2\/types\/page"}],"author":[{"embeddable":true,"href":"https:\/\/www.wellogi.com\/cursos\/wp-json\/wp\/v2\/users\/2"}],"replies":[{"embeddable":true,"href":"https:\/\/www.wellogi.com\/cursos\/wp-json\/wp\/v2\/comments?post=114329"}],"version-history":[{"count":1,"href":"https:\/\/www.wellogi.com\/cursos\/wp-json\/wp\/v2\/pages\/114329\/revisions"}],"predecessor-version":[{"id":114332,"href":"https:\/\/www.wellogi.com\/cursos\/wp-json\/wp\/v2\/pages\/114329\/revisions\/114332"}],"wp:attachment":[{"href":"https:\/\/www.wellogi.com\/cursos\/wp-json\/wp\/v2\/media?parent=114329"}],"curies":[{"name":"wp","href":"https:\/\/api.w.org\/{rel}","templated":true}]}}