{"id":107226,"date":"2023-12-21T15:58:10","date_gmt":"2023-12-21T21:58:10","guid":{"rendered":"https:\/\/www.wellogi.com\/cursos\/?page_id=107226"},"modified":"2023-12-21T16:50:35","modified_gmt":"2023-12-21T22:50:35","slug":"ayuda-afiliados","status":"publish","type":"page","link":"https:\/\/www.wellogi.com\/cursos\/ayuda-afiliados\/","title":{"rendered":"Ayuda a Afiliados"},"content":{"rendered":"\n<p class=\"has-text-align-center has-button-hover-color-color has-text-color has-link-color wp-elements-a9f05c4010ce62c7abcc654657623ca4\">Desde <strong>Wellogi Academy<\/strong> te compartimos los mejores recursos acad\u00e9micos por parte de nuestros Aliados de <strong>Hotmart<\/strong> para que puedas tener \u00c9xito en tu emprendimiento digital.  Te recomendamos leer, estudiar y mirar los videos a continuaci\u00f3n, en el orden que te los colocamos, para que le saques el m\u00e1ximo provecho a tu nueva carrera como <strong>Afiliado<\/strong>. <\/p>\n\n\n\n<figure class=\"wp-block-image size-large\"><img fetchpriority=\"high\" decoding=\"async\" width=\"1024\" height=\"384\" src=\"https:\/\/www.wellogi.com\/cursos\/wp-content\/uploads\/2023\/12\/Hotmart-logo.-png-1024x384.png\" alt=\"Hotmart\" class=\"wp-image-107212\" srcset=\"https:\/\/www.wellogi.com\/cursos\/wp-content\/uploads\/2023\/12\/Hotmart-logo.-png-1024x384.png 1024w, https:\/\/www.wellogi.com\/cursos\/wp-content\/uploads\/2023\/12\/Hotmart-logo.-png-300x113.png 300w, https:\/\/www.wellogi.com\/cursos\/wp-content\/uploads\/2023\/12\/Hotmart-logo.-png-768x288.png 768w, https:\/\/www.wellogi.com\/cursos\/wp-content\/uploads\/2023\/12\/Hotmart-logo.-png-200x75.png 200w, https:\/\/www.wellogi.com\/cursos\/wp-content\/uploads\/2023\/12\/Hotmart-logo.-png-400x150.png 400w, https:\/\/www.wellogi.com\/cursos\/wp-content\/uploads\/2023\/12\/Hotmart-logo.-png-100x38.png 100w, https:\/\/www.wellogi.com\/cursos\/wp-content\/uploads\/2023\/12\/Hotmart-logo.-png-1536x576.png 1536w, https:\/\/www.wellogi.com\/cursos\/wp-content\/uploads\/2023\/12\/Hotmart-logo.-png-150x56.png 150w, https:\/\/www.wellogi.com\/cursos\/wp-content\/uploads\/2023\/12\/Hotmart-logo.-png-450x169.png 450w, https:\/\/www.wellogi.com\/cursos\/wp-content\/uploads\/2023\/12\/Hotmart-logo.-png-600x225.png 600w, https:\/\/www.wellogi.com\/cursos\/wp-content\/uploads\/2023\/12\/Hotmart-logo.-png-900x338.png 900w, https:\/\/www.wellogi.com\/cursos\/wp-content\/uploads\/2023\/12\/Hotmart-logo.-png.png 1920w\" sizes=\"(max-width: 1024px) 100vw, 1024px\" \/><figcaption class=\"wp-element-caption\">Hotmart<\/figcaption><\/figure>\n\n\n\n<h2 class=\"wp-block-heading\">\u00bfC\u00f3mo crear una cuenta en Hotmart? Paso a paso para registrarte.<\/h2>\n\n\n\n<p><a href=\"https:\/\/hotmart.com\/es\/blog\/hotmart-crear-cuenta\">https:\/\/hotmart.com\/es\/blog\/hotmart-crear-cuenta<\/a> <\/p>\n\n\n\n<h2 class=\"wp-block-heading\">Tipos de afiliados Hotmart: conoce los principales en el marketing de afiliaci\u00f3n.<\/h2>\n\n\n\n<p><a href=\"https:\/\/hotmart.com\/es\/blog\/tipos-de-afiliados-hotmart-conoce-los-principales-en-el-marketing-de-afiliacion\">https:\/\/hotmart.com\/es\/blog\/tipos-de-afiliados-hotmart-conoce-los-principales-en-el-marketing-de-afiliacion<\/a> <\/p>\n\n\n\n<h2 class=\"wp-block-heading\">\u00bfQu\u00e9 es un afiliado digital? Descubre c\u00f3mo emprender y convertirte en uno.<\/h2>\n\n\n\n<p><a href=\"https:\/\/hotmart.com\/es\/blog\/quienes-son-los-afiliados\">https:\/\/hotmart.com\/es\/blog\/quienes-son-los-afiliados<\/a> <\/p>\n\n\n\n<h2 class=\"wp-block-heading\">Descubre las mejores razones para convertirte en afiliado de Hotmart hoy mismo.<\/h2>\n\n\n\n<p><a href=\"https:\/\/hotmart.com\/es\/blog\/afiliado-hotmart\">https:\/\/hotmart.com\/es\/blog\/afiliado-hotmart<\/a> <\/p>\n\n\n\n<h2 class=\"wp-block-heading\">\u00bfC\u00f3mo hacer tu primera venta con Hotmart como afiliado? Gu\u00eda completa. <\/h2>\n\n\n\n<p><a href=\"https:\/\/hotmart.com\/es\/blog\/como-hacer-tu-primera-venta-como-afiliado\">https:\/\/hotmart.com\/es\/blog\/como-hacer-tu-primera-venta-como-afiliado<\/a> <\/p>\n\n\n\n<h2 class=\"wp-block-heading\">\u00bfC\u00f3mo vender productos digitales online? Tutorial completo.<\/h2>\n\n\n\n<p><a href=\"https:\/\/hotmart.com\/es\/blog\/vender-productos-digitales\">https:\/\/hotmart.com\/es\/blog\/vender-productos-digitales<\/a> <\/p>\n\n\n\n<h2 class=\"wp-block-heading\">\u00bfC\u00f3mo ganar dinero siendo afiliado? Aprende a dar los primeros pasos.<\/h2>\n\n\n\n<p><a href=\"https:\/\/hotmart.com\/es\/blog\/ganar-dinero-como-afiliado\">https:\/\/hotmart.com\/es\/blog\/ganar-dinero-como-afiliado<\/a> <\/p>\n\n\n\n<h2 class=\"wp-block-heading\">\u00bfC\u00f3mo hacer marketing de afiliados de forma exitosa? 7 pasos recomendados.<\/h2>\n\n\n\n<p><a href=\"https:\/\/hotmart.com\/es\/blog\/hacer-marketing-de-afiliados\">https:\/\/hotmart.com\/es\/blog\/hacer-marketing-de-afiliados<\/a><\/p>\n\n\n\n<h2 class=\"wp-block-heading\">\u00bfC\u00f3mo promocionar un link de Afiliado? 5 consejos infalibles.<\/h2>\n\n\n\n<p><a href=\"https:\/\/hotmart.com\/es\/blog\/promocionar-link-de-afiliado\">https:\/\/hotmart.com\/es\/blog\/promocionar-link-de-afiliado<\/a><\/p>\n\n\n\n<h2 class=\"wp-block-heading\">Descubre estrategias para impulsar tu trabajo como Afiliado.<\/h2>\n\n\n\n<p><a href=\"https:\/\/hotmart.com\/es\/blog\/descubre-estrategias-impulsar-afiliado\">https:\/\/hotmart.com\/es\/blog\/descubre-estrategias-impulsar-afiliado<\/a><\/p>\n\n\n\n<h2 class=\"wp-block-heading\">\u00bfC\u00f3mo ganar dinero por internet en 2024?<\/h2>\n\n\n\n<p><a href=\"https:\/\/hotmart.com\/es\/blog\/ganar-dinero-por-internet-sin-invertir\">https:\/\/hotmart.com\/es\/blog\/ganar-dinero-por-internet-sin-invertir<\/a> <\/p>\n\n\n\n<h2 class=\"wp-block-heading\">13 mitos sobre el mercado de productos digitales. <\/h2>\n\n\n\n<p><a href=\"https:\/\/hotmart.com\/es\/blog\/mitos-sobre-productos-digitales\">https:\/\/hotmart.com\/es\/blog\/mitos-sobre-productos-digitales<\/a> <\/p>\n\n\n\n<h2 class=\"wp-block-heading\">Manual de buenas pr\u00e1cticas para Productores y Afiliados.<\/h2>\n\n\n\n<p><a href=\"https:\/\/hotmart.com\/es\/blog\/buenas-practicas\">https:\/\/hotmart.com\/es\/blog\/buenas-practicas<\/a> <\/p>\n\n\n\n<h2 class=\"wp-block-heading\">Primera venta como afiliado: todo lo que necesitas saber.<\/h2>\n\n\n\n<p><a href=\"https:\/\/hotmart.com\/es\/blog\/primera-venta-afiliado\">https:\/\/hotmart.com\/es\/blog\/primera-venta-afiliado<\/a><\/p>\n\n\n\n<h2 class=\"wp-block-heading\">C\u00f3mo construir autoridad mediante el uso de datos.<\/h2>\n\n\n\n<p><a href=\"https:\/\/hotmart.com\/es\/blog\/como-construir-autoridad\">https:\/\/hotmart.com\/es\/blog\/como-construir-autoridad<\/a><\/p>\n\n\n\n<h2 class=\"wp-block-heading\">Proceso de ventas: c\u00f3mo hacer una planificaci\u00f3n estructurada.<\/h2>\n\n\n\n<p><a href=\"https:\/\/hotmart.com\/es\/blog\/el-proceso-de-ventas-parte-i-planificando-un-proceso-estructurado\">https:\/\/hotmart.com\/es\/blog\/el-proceso-de-ventas-parte-i-planificando-un-proceso-estructurado<\/a> <\/p>\n\n\n\n<h2 class=\"wp-block-heading\">\u00bfQu\u00e9 es y c\u00f3mo ampliar tus resultados con la venta directa?<\/h2>\n\n\n\n<p><a href=\"https:\/\/hotmart.com\/es\/blog\/venta-directa\">https:\/\/hotmart.com\/es\/blog\/venta-directa<\/a><\/p>\n\n\n\n<h2 class=\"wp-block-heading\">\u00bfQu\u00e9 es y c\u00f3mo funciona un Programa de Afiliados? [Gu\u00eda completa].<\/h2>\n\n\n\n<p><a href=\"https:\/\/hotmart.com\/es\/blog\/que-es-un-programa-de-afiliados\">https:\/\/hotmart.com\/es\/blog\/que-es-un-programa-de-afiliados<\/a> <\/p>\n\n\n\n<h2 class=\"wp-block-heading\">Simplificando la vida del Afiliado: gu\u00eda para la promoci\u00f3n de productos digitales. <\/h2>\n\n\n\n<p><a href=\"https:\/\/hotmart.com\/es\/blog\/vender-como-afiliado\">https:\/\/hotmart.com\/es\/blog\/vender-como-afiliado<\/a> <\/p>\n\n\n\n<h2 class=\"wp-block-heading\">C\u00f3mo ser un Afiliado en Hotmart.<\/h2>\n\n\n\n<p><a href=\"https:\/\/hotmart.com\/es\/blog\/como-ser-un-afiliado-en-hotmart\">https:\/\/hotmart.com\/es\/blog\/como-ser-un-afiliado-en-hotmart<\/a> <\/p>\n\n\n\n<h2 class=\"wp-block-heading\">Marketing de afiliaci\u00f3n: \u00bfC\u00f3mo comenzar a generar ingresos?<\/h2>\n\n\n\n<p><a href=\"https:\/\/hotmart.com\/es\/blog\/mercado-de-afiliados\">https:\/\/hotmart.com\/es\/blog\/mercado-de-afiliados<\/a><\/p>\n\n\n\n<h2 class=\"wp-block-heading\">\u00bfQu\u00e9 es el marketing de afiliaci\u00f3n y como trabajar promoviendo productos de terceros en internet?<\/h2>\n\n\n\n<p><a href=\"https:\/\/hotmart.com\/es\/blog\/que-es-marketing-de-afiliacion\">https:\/\/hotmart.com\/es\/blog\/que-es-marketing-de-afiliacion<\/a><\/p>\n\n\n\n<h2 class=\"wp-block-heading\">Vender por Internet desde cero: la gu\u00eda m\u00e1s completa sobre el tema.<\/h2>\n\n\n\n<p><a href=\"https:\/\/hotmart.com\/es\/blog\/vender-por-internet\">https:\/\/hotmart.com\/es\/blog\/vender-por-internet<\/a> <\/p>\n\n\n\n<h2 class=\"wp-block-heading\">C\u00f3mo vender en internet: el paso a paso para salir de cero.<\/h2>\n\n\n\n<p><a href=\"https:\/\/hotmart.com\/es\/blog\/como-vender-por-internet-2\">https:\/\/hotmart.com\/es\/blog\/como-vender-por-internet-2<\/a><\/p>\n\n\n\n<h2 class=\"wp-block-heading\">\u00bfC\u00f3mo vender infoproductos en Internet? \u00a113 Tips para poner en pr\u00e1ctica!<\/h2>\n\n\n\n<p><a href=\"https:\/\/hotmart.com\/es\/blog\/vender-infoproductos\">https:\/\/hotmart.com\/es\/blog\/vender-infoproductos<\/a><\/p>\n\n\n\n<h2 class=\"wp-block-heading\">\u00bfC\u00f3mo ganar dinero con las redes sociales? \u00a110 formas de vivir de lo que te apasiona!<\/h2>\n\n\n\n<p><a href=\"https:\/\/hotmart.com\/es\/blog\/ganar-dinero-con-redes-sociales\">https:\/\/hotmart.com\/es\/blog\/ganar-dinero-con-redes-sociales<\/a> <\/p>\n\n\n\n<h2 class=\"wp-block-heading\">\u00bfC\u00f3mo ganar dinero en Instagram como Afiliado? 3 consejos para empezar.<\/h2>\n\n\n\n<p><a href=\"https:\/\/hotmart.com\/es\/blog\/como-ganar-dinero-en-instagram\">https:\/\/hotmart.com\/es\/blog\/como-ganar-dinero-en-instagram<\/a> <\/p>\n\n\n\n<h2 class=\"wp-block-heading\">13 caracter\u00edsticas de un buen vendedor.<\/h2>\n\n\n\n<p><a href=\"https:\/\/hotmart.com\/es\/blog\/caracteristicas-de-un-buen-vendedor\">https:\/\/hotmart.com\/es\/blog\/caracteristicas-de-un-buen-vendedor<\/a><\/p>\n\n\n\n<h2 class=\"wp-block-heading\">T\u00e9cnicas de venta: Conoce las mejores estrategias de venta para principiantes.<\/h2>\n\n\n\n<p><a href=\"https:\/\/hotmart.com\/es\/blog\/tecnicas-de-venta-para-principiantes\">https:\/\/hotmart.com\/es\/blog\/tecnicas-de-venta-para-principiantes<\/a> <\/p>\n\n\n\n<h2 class=\"wp-block-heading\">Conoce las 7 principales objeciones en ventas y aprende a evitarlas.<\/h2>\n\n\n\n<p><a href=\"https:\/\/hotmart.com\/es\/blog\/objeciones-de-venta\">https:\/\/hotmart.com\/es\/blog\/objeciones-de-venta<\/a> <\/p>\n\n\n\n<h2 class=\"wp-block-heading\">Ventas: gu\u00eda completa.<\/h2>\n\n\n\n<p><a href=\"https:\/\/hotmart.com\/es\/blog\/ventas\">https:\/\/hotmart.com\/es\/blog\/ventas<\/a><\/p>\n\n\n\n<h2 class=\"wp-block-heading\">Conoce el comportamiento del consumidor digital y aprende a cerrar negocios.<\/h2>\n\n\n\n<p><a href=\"https:\/\/hotmart.com\/es\/blog\/comportamiento-del-consumidor-digital\">https:\/\/hotmart.com\/es\/blog\/comportamiento-del-consumidor-digital<\/a> <\/p>\n\n\n\n<h2 class=\"wp-block-heading\">5 t\u00e9cnicas de negociaci\u00f3n para que aprendas ahora mismo.<\/h2>\n\n\n\n<p><a href=\"https:\/\/hotmart.com\/es\/blog\/5-tecnicas-de-negociacion-para-que-aprendas-ahora-mismo\">https:\/\/hotmart.com\/es\/blog\/5-tecnicas-de-negociacion-para-que-aprendas-ahora-mismo<\/a><\/p>\n\n\n\n<h2 class=\"wp-block-heading\">C\u00f3mo brindar una buena atenci\u00f3n al cliente.<\/h2>\n\n\n\n<p><a href=\"https:\/\/hotmart.com\/es\/blog\/buena-atencion-al-cliente\">https:\/\/hotmart.com\/es\/blog\/buena-atencion-al-cliente<\/a> <\/p>\n\n\n\n<h2 class=\"wp-block-heading\">\u00bfC\u00f3mo ser freelancer?\u00a0<\/h2>\n\n\n\n<p><a href=\"https:\/\/hotmart.com\/es\/blog\/como-ser-freelancer\">https:\/\/hotmart.com\/es\/blog\/como-ser-freelancer<\/a><\/p>\n\n\n\n<h2 class=\"wp-block-heading\">\u00bfPor qu\u00e9 el contenido es fundamental para divulgar tus productos digitales?<\/h2>\n\n\n\n<p><a href=\"https:\/\/hotmart.com\/es\/blog\/contenido-para-divulgar-tu-producto-digital\">https:\/\/hotmart.com\/es\/blog\/contenido-para-divulgar-tu-producto-digital<\/a> <\/p>\n","protected":false},"excerpt":{"rendered":"<p>Desde Wellogi Academy te compartimos los mejores recursos acad\u00e9micos por parte de nuestros Aliados de Hotmart para que puedas tener \u00c9xito en tu emprendimiento digital. Te recomendamos leer, estudiar y mirar los videos a continuaci\u00f3n, en el orden que te &hellip;<\/p>\n<p class=\"read-more\"> <a class=\"more-link\" href=\"https:\/\/www.wellogi.com\/cursos\/ayuda-afiliados\/\"> <span class=\"screen-reader-text\">Ayuda a Afiliados<\/span> Leer m\u00e1s \u00bb<\/a><\/p>\n","protected":false},"author":2,"featured_media":0,"parent":0,"menu_order":0,"comment_status":"closed","ping_status":"closed","template":"","meta":{"footnotes":""},"class_list":["post-107226","page","type-page","status-publish","hentry"],"yoast_head":"<!-- This site is optimized with the Yoast SEO plugin v27.4 - https:\/\/yoast.com\/product\/yoast-seo-wordpress\/ -->\n<title>Ayuda a Afiliados - Wellogi Academy<\/title>\n<meta name=\"description\" content=\"Plataforma de capacitaci\u00f3n acad\u00e9mica continua as\u00edncrona especializada en Nutricion, Entrenamiento, Recomposici\u00f3n Corporal, Fitness y Wellness.\" \/>\n<meta name=\"robots\" content=\"index, follow, max-snippet:-1, max-image-preview:large, max-video-preview:-1\" \/>\n<link rel=\"canonical\" href=\"https:\/\/www.wellogi.com\/cursos\/ayuda-afiliados\/\" \/>\n<meta property=\"og:locale\" content=\"es_MX\" \/>\n<meta property=\"og:type\" content=\"article\" \/>\n<meta property=\"og:title\" content=\"Ayuda a Afiliados - Wellogi Academy\" \/>\n<meta property=\"og:description\" content=\"Plataforma de capacitaci\u00f3n acad\u00e9mica continua as\u00edncrona especializada en Nutricion, Entrenamiento, Recomposici\u00f3n Corporal, Fitness y Wellness.\" \/>\n<meta property=\"og:url\" content=\"https:\/\/www.wellogi.com\/cursos\/ayuda-afiliados\/\" \/>\n<meta property=\"og:site_name\" content=\"Wellogi Academy\" \/>\n<meta property=\"article:publisher\" content=\"https:\/\/www.facebook.com\/WellogiApp\" \/>\n<meta property=\"article:modified_time\" content=\"2023-12-21T22:50:35+00:00\" \/>\n<meta property=\"og:image\" content=\"https:\/\/www.wellogi.com\/cursos\/wp-content\/uploads\/2023\/12\/Hotmart-logo.-png-1024x384.png\" \/>\n<meta name=\"twitter:card\" content=\"summary_large_image\" \/>\n<meta name=\"twitter:site\" content=\"@Wellogi_App\" \/>\n<script type=\"application\/ld+json\" class=\"yoast-schema-graph\">{\"@context\":\"https:\\\/\\\/schema.org\",\"@graph\":[{\"@type\":\"WebPage\",\"@id\":\"https:\\\/\\\/www.wellogi.com\\\/cursos\\\/ayuda-afiliados\\\/\",\"url\":\"https:\\\/\\\/www.wellogi.com\\\/cursos\\\/ayuda-afiliados\\\/\",\"name\":\"Ayuda a Afiliados - Wellogi Academy\",\"isPartOf\":{\"@id\":\"https:\\\/\\\/www.wellogi.com\\\/cursos\\\/#website\"},\"primaryImageOfPage\":{\"@id\":\"https:\\\/\\\/www.wellogi.com\\\/cursos\\\/ayuda-afiliados\\\/#primaryimage\"},\"image\":{\"@id\":\"https:\\\/\\\/www.wellogi.com\\\/cursos\\\/ayuda-afiliados\\\/#primaryimage\"},\"thumbnailUrl\":\"https:\\\/\\\/www.wellogi.com\\\/cursos\\\/wp-content\\\/uploads\\\/2023\\\/12\\\/Hotmart-logo.-png-1024x384.png\",\"datePublished\":\"2023-12-21T21:58:10+00:00\",\"dateModified\":\"2023-12-21T22:50:35+00:00\",\"description\":\"Plataforma de capacitaci\u00f3n acad\u00e9mica continua as\u00edncrona especializada en Nutricion, Entrenamiento, Recomposici\u00f3n Corporal, Fitness y Wellness.\",\"breadcrumb\":{\"@id\":\"https:\\\/\\\/www.wellogi.com\\\/cursos\\\/ayuda-afiliados\\\/#breadcrumb\"},\"inLanguage\":\"es\",\"potentialAction\":[{\"@type\":\"ReadAction\",\"target\":[\"https:\\\/\\\/www.wellogi.com\\\/cursos\\\/ayuda-afiliados\\\/\"]}]},{\"@type\":\"ImageObject\",\"inLanguage\":\"es\",\"@id\":\"https:\\\/\\\/www.wellogi.com\\\/cursos\\\/ayuda-afiliados\\\/#primaryimage\",\"url\":\"https:\\\/\\\/www.wellogi.com\\\/cursos\\\/wp-content\\\/uploads\\\/2023\\\/12\\\/Hotmart-logo.-png.png\",\"contentUrl\":\"https:\\\/\\\/www.wellogi.com\\\/cursos\\\/wp-content\\\/uploads\\\/2023\\\/12\\\/Hotmart-logo.-png.png\",\"width\":1920,\"height\":720,\"caption\":\"Hotmart\"},{\"@type\":\"BreadcrumbList\",\"@id\":\"https:\\\/\\\/www.wellogi.com\\\/cursos\\\/ayuda-afiliados\\\/#breadcrumb\",\"itemListElement\":[{\"@type\":\"ListItem\",\"position\":1,\"name\":\"Inicio\",\"item\":\"https:\\\/\\\/www.wellogi.com\\\/cursos\\\/\"},{\"@type\":\"ListItem\",\"position\":2,\"name\":\"Ayuda a Afiliados\"}]},{\"@type\":\"WebSite\",\"@id\":\"https:\\\/\\\/www.wellogi.com\\\/cursos\\\/#website\",\"url\":\"https:\\\/\\\/www.wellogi.com\\\/cursos\\\/\",\"name\":\"Wellogi Academy\",\"description\":\"Plataforma de capacitaci\u00f3n acad\u00e9mica continua as\u00edncrona.\",\"publisher\":{\"@id\":\"https:\\\/\\\/www.wellogi.com\\\/cursos\\\/#organization\"},\"potentialAction\":[{\"@type\":\"SearchAction\",\"target\":{\"@type\":\"EntryPoint\",\"urlTemplate\":\"https:\\\/\\\/www.wellogi.com\\\/cursos\\\/?s={search_term_string}\"},\"query-input\":{\"@type\":\"PropertyValueSpecification\",\"valueRequired\":true,\"valueName\":\"search_term_string\"}}],\"inLanguage\":\"es\"},{\"@type\":\"Organization\",\"@id\":\"https:\\\/\\\/www.wellogi.com\\\/cursos\\\/#organization\",\"name\":\"Wellogi Academy\",\"url\":\"https:\\\/\\\/www.wellogi.com\\\/cursos\\\/\",\"logo\":{\"@type\":\"ImageObject\",\"inLanguage\":\"es\",\"@id\":\"https:\\\/\\\/www.wellogi.com\\\/cursos\\\/#\\\/schema\\\/logo\\\/image\\\/\",\"url\":\"https:\\\/\\\/www.wellogi.com\\\/cursos\\\/wp-content\\\/uploads\\\/2021\\\/11\\\/Logo-y-Slogan-transparente-final-.png\",\"contentUrl\":\"https:\\\/\\\/www.wellogi.com\\\/cursos\\\/wp-content\\\/uploads\\\/2021\\\/11\\\/Logo-y-Slogan-transparente-final-.png\",\"width\":5042,\"height\":4883,\"caption\":\"Wellogi Academy\"},\"image\":{\"@id\":\"https:\\\/\\\/www.wellogi.com\\\/cursos\\\/#\\\/schema\\\/logo\\\/image\\\/\"},\"sameAs\":[\"https:\\\/\\\/www.facebook.com\\\/WellogiApp\",\"https:\\\/\\\/x.com\\\/Wellogi_App\",\"https:\\\/\\\/www.instagram.com\\\/wellogi_app\\\/\",\"https:\\\/\\\/www.linkedin.com\\\/in\\\/luis-gomez-wellogi\\\/\",\"https:\\\/\\\/www.youtube.com\\\/c\\\/Wellogi\\\/videos\"]}]}<\/script>\n<!-- \/ Yoast SEO plugin. -->","yoast_head_json":{"title":"Ayuda a Afiliados - Wellogi Academy","description":"Plataforma de capacitaci\u00f3n acad\u00e9mica continua as\u00edncrona especializada en Nutricion, Entrenamiento, Recomposici\u00f3n Corporal, Fitness y Wellness.","robots":{"index":"index","follow":"follow","max-snippet":"max-snippet:-1","max-image-preview":"max-image-preview:large","max-video-preview":"max-video-preview:-1"},"canonical":"https:\/\/www.wellogi.com\/cursos\/ayuda-afiliados\/","og_locale":"es_MX","og_type":"article","og_title":"Ayuda a Afiliados - Wellogi Academy","og_description":"Plataforma de capacitaci\u00f3n acad\u00e9mica continua as\u00edncrona especializada en Nutricion, Entrenamiento, Recomposici\u00f3n Corporal, Fitness y Wellness.","og_url":"https:\/\/www.wellogi.com\/cursos\/ayuda-afiliados\/","og_site_name":"Wellogi Academy","article_publisher":"https:\/\/www.facebook.com\/WellogiApp","article_modified_time":"2023-12-21T22:50:35+00:00","og_image":[{"url":"https:\/\/www.wellogi.com\/cursos\/wp-content\/uploads\/2023\/12\/Hotmart-logo.-png-1024x384.png","type":"","width":"","height":""}],"twitter_card":"summary_large_image","twitter_site":"@Wellogi_App","schema":{"@context":"https:\/\/schema.org","@graph":[{"@type":"WebPage","@id":"https:\/\/www.wellogi.com\/cursos\/ayuda-afiliados\/","url":"https:\/\/www.wellogi.com\/cursos\/ayuda-afiliados\/","name":"Ayuda a Afiliados - Wellogi Academy","isPartOf":{"@id":"https:\/\/www.wellogi.com\/cursos\/#website"},"primaryImageOfPage":{"@id":"https:\/\/www.wellogi.com\/cursos\/ayuda-afiliados\/#primaryimage"},"image":{"@id":"https:\/\/www.wellogi.com\/cursos\/ayuda-afiliados\/#primaryimage"},"thumbnailUrl":"https:\/\/www.wellogi.com\/cursos\/wp-content\/uploads\/2023\/12\/Hotmart-logo.-png-1024x384.png","datePublished":"2023-12-21T21:58:10+00:00","dateModified":"2023-12-21T22:50:35+00:00","description":"Plataforma de capacitaci\u00f3n acad\u00e9mica continua as\u00edncrona especializada en Nutricion, Entrenamiento, Recomposici\u00f3n Corporal, Fitness y Wellness.","breadcrumb":{"@id":"https:\/\/www.wellogi.com\/cursos\/ayuda-afiliados\/#breadcrumb"},"inLanguage":"es","potentialAction":[{"@type":"ReadAction","target":["https:\/\/www.wellogi.com\/cursos\/ayuda-afiliados\/"]}]},{"@type":"ImageObject","inLanguage":"es","@id":"https:\/\/www.wellogi.com\/cursos\/ayuda-afiliados\/#primaryimage","url":"https:\/\/www.wellogi.com\/cursos\/wp-content\/uploads\/2023\/12\/Hotmart-logo.-png.png","contentUrl":"https:\/\/www.wellogi.com\/cursos\/wp-content\/uploads\/2023\/12\/Hotmart-logo.-png.png","width":1920,"height":720,"caption":"Hotmart"},{"@type":"BreadcrumbList","@id":"https:\/\/www.wellogi.com\/cursos\/ayuda-afiliados\/#breadcrumb","itemListElement":[{"@type":"ListItem","position":1,"name":"Inicio","item":"https:\/\/www.wellogi.com\/cursos\/"},{"@type":"ListItem","position":2,"name":"Ayuda a Afiliados"}]},{"@type":"WebSite","@id":"https:\/\/www.wellogi.com\/cursos\/#website","url":"https:\/\/www.wellogi.com\/cursos\/","name":"Wellogi Academy","description":"Plataforma de capacitaci\u00f3n acad\u00e9mica continua as\u00edncrona.","publisher":{"@id":"https:\/\/www.wellogi.com\/cursos\/#organization"},"potentialAction":[{"@type":"SearchAction","target":{"@type":"EntryPoint","urlTemplate":"https:\/\/www.wellogi.com\/cursos\/?s={search_term_string}"},"query-input":{"@type":"PropertyValueSpecification","valueRequired":true,"valueName":"search_term_string"}}],"inLanguage":"es"},{"@type":"Organization","@id":"https:\/\/www.wellogi.com\/cursos\/#organization","name":"Wellogi Academy","url":"https:\/\/www.wellogi.com\/cursos\/","logo":{"@type":"ImageObject","inLanguage":"es","@id":"https:\/\/www.wellogi.com\/cursos\/#\/schema\/logo\/image\/","url":"https:\/\/www.wellogi.com\/cursos\/wp-content\/uploads\/2021\/11\/Logo-y-Slogan-transparente-final-.png","contentUrl":"https:\/\/www.wellogi.com\/cursos\/wp-content\/uploads\/2021\/11\/Logo-y-Slogan-transparente-final-.png","width":5042,"height":4883,"caption":"Wellogi Academy"},"image":{"@id":"https:\/\/www.wellogi.com\/cursos\/#\/schema\/logo\/image\/"},"sameAs":["https:\/\/www.facebook.com\/WellogiApp","https:\/\/x.com\/Wellogi_App","https:\/\/www.instagram.com\/wellogi_app\/","https:\/\/www.linkedin.com\/in\/luis-gomez-wellogi\/","https:\/\/www.youtube.com\/c\/Wellogi\/videos"]}]}},"_links":{"self":[{"href":"https:\/\/www.wellogi.com\/cursos\/wp-json\/wp\/v2\/pages\/107226","targetHints":{"allow":["GET"]}}],"collection":[{"href":"https:\/\/www.wellogi.com\/cursos\/wp-json\/wp\/v2\/pages"}],"about":[{"href":"https:\/\/www.wellogi.com\/cursos\/wp-json\/wp\/v2\/types\/page"}],"author":[{"embeddable":true,"href":"https:\/\/www.wellogi.com\/cursos\/wp-json\/wp\/v2\/users\/2"}],"replies":[{"embeddable":true,"href":"https:\/\/www.wellogi.com\/cursos\/wp-json\/wp\/v2\/comments?post=107226"}],"version-history":[{"count":32,"href":"https:\/\/www.wellogi.com\/cursos\/wp-json\/wp\/v2\/pages\/107226\/revisions"}],"predecessor-version":[{"id":107277,"href":"https:\/\/www.wellogi.com\/cursos\/wp-json\/wp\/v2\/pages\/107226\/revisions\/107277"}],"wp:attachment":[{"href":"https:\/\/www.wellogi.com\/cursos\/wp-json\/wp\/v2\/media?parent=107226"}],"curies":[{"name":"wp","href":"https:\/\/api.w.org\/{rel}","templated":true}]}}