{"id":107205,"date":"2023-12-21T12:17:20","date_gmt":"2023-12-21T18:17:20","guid":{"rendered":"https:\/\/www.wellogi.com\/cursos\/?page_id=107205"},"modified":"2023-12-21T12:44:46","modified_gmt":"2023-12-21T18:44:46","slug":"afiliados","status":"publish","type":"page","link":"https:\/\/www.wellogi.com\/cursos\/afiliados\/","title":{"rendered":"Afiliados"},"content":{"rendered":"\n<h1 class=\"wp-block-heading has-text-align-center\">\u00a1Wellogi Academy y Hotmart!<\/h1>\n\n\n\n<ul class=\"wp-block-list\">\n<li class=\"has-large-font-size\">\u00bfFormar y\/o has formado parte de las Capacitaciones Acad\u00e9micas de <strong>Wellogi Academy<\/strong>? <\/li>\n\n\n\n<li class=\"has-large-font-size\">\u00bfTe gustaron tanto que quieres compartir con los dem\u00e1s para que aprendan tanto como tu?<\/li>\n\n\n\n<li class=\"has-large-font-size\">\u00bfQuieres ganar una excelente comisi\u00f3n por ayudar a las personas a formalizar y sofisticar sus conocimientos? <\/li>\n<\/ul>\n\n\n\n<h2 class=\"wp-block-heading has-text-align-center has-larger-font-size\">\u00a1Esta es tu oportunidad! <\/h2>\n\n\n\n<figure class=\"wp-block-image size-large\"><img fetchpriority=\"high\" decoding=\"async\" width=\"1024\" height=\"1024\" src=\"https:\/\/www.wellogi.com\/cursos\/wp-content\/uploads\/2023\/12\/Wellogi-Academy.-Afiliados-1024x1024.png\" alt=\"Wellogi Academy. Afiliados\" class=\"wp-image-107206\" srcset=\"https:\/\/www.wellogi.com\/cursos\/wp-content\/uploads\/2023\/12\/Wellogi-Academy.-Afiliados-1024x1024.png 1024w, https:\/\/www.wellogi.com\/cursos\/wp-content\/uploads\/2023\/12\/Wellogi-Academy.-Afiliados-300x300.png 300w, https:\/\/www.wellogi.com\/cursos\/wp-content\/uploads\/2023\/12\/Wellogi-Academy.-Afiliados-150x150.png 150w, https:\/\/www.wellogi.com\/cursos\/wp-content\/uploads\/2023\/12\/Wellogi-Academy.-Afiliados-768x768.png 768w, https:\/\/www.wellogi.com\/cursos\/wp-content\/uploads\/2023\/12\/Wellogi-Academy.-Afiliados-200x200.png 200w, https:\/\/www.wellogi.com\/cursos\/wp-content\/uploads\/2023\/12\/Wellogi-Academy.-Afiliados-400x400.png 400w, https:\/\/www.wellogi.com\/cursos\/wp-content\/uploads\/2023\/12\/Wellogi-Academy.-Afiliados-100x100.png 100w, https:\/\/www.wellogi.com\/cursos\/wp-content\/uploads\/2023\/12\/Wellogi-Academy.-Afiliados-450x450.png 450w, https:\/\/www.wellogi.com\/cursos\/wp-content\/uploads\/2023\/12\/Wellogi-Academy.-Afiliados-600x600.png 600w, https:\/\/www.wellogi.com\/cursos\/wp-content\/uploads\/2023\/12\/Wellogi-Academy.-Afiliados-900x900.png 900w, https:\/\/www.wellogi.com\/cursos\/wp-content\/uploads\/2023\/12\/Wellogi-Academy.-Afiliados.png 1080w\" sizes=\"(max-width: 1024px) 100vw, 1024px\" \/><figcaption class=\"wp-element-caption\">Wellogi Academy. Afiliados<\/figcaption><\/figure>\n\n\n\n<h1 class=\"wp-block-heading has-text-align-center\">\u00bfC\u00f3mo me registro y creo mi Perfil de Afiliado con <strong>Wellogi Academy<\/strong> en Hotmart?<\/h1>\n\n\n\n<figure class=\"wp-block-embed is-type-video is-provider-vimeo wp-block-embed-vimeo wp-embed-aspect-16-9 wp-has-aspect-ratio\"><div class=\"wp-block-embed__wrapper\">\n<iframe src=\"https:\/\/player.vimeo.com\/video\/896962451?dnt=1&amp;app_id=122963\" width=\"605\" height=\"340\" frameborder=\"0\" allow=\"autoplay; fullscreen; picture-in-picture; clipboard-write\"><\/iframe>\n<\/div><\/figure>\n\n\n\n<h2 class=\"wp-block-heading has-text-align-center\"><strong>Enlaces e Instrucciones:<\/strong><\/h2>\n\n\n\n<p class=\"has-text-align-center\">\u00bfD\u00f3nde creo mi cuenta como <strong>Afiliado<\/strong> en Hotmart? <\/p>\n\n\n\n<p class=\"has-text-align-center\"><a href=\"https:\/\/hotmart.com\/es-mx\/afiliados\">https:\/\/hotmart.com\/es-mx\/afiliados<\/a> <\/p>\n\n\n\n<hr class=\"wp-block-separator has-alpha-channel-opacity is-style-wide\"\/>\n\n\n\n<h2 class=\"wp-block-heading has-text-align-center\"><strong>\u00a1Productos para vender como <\/strong>Afiliado<strong> para<\/strong> Wellogi Academy!<\/h2>\n\n\n\n<h2 class=\"wp-block-heading has-text-align-center\">Suscripci\u00f3n Mensual<strong>, <\/strong>Trimestral<strong>, <\/strong>Semestral<strong> y <\/strong>Anua<strong>l al <\/strong>Diplomado en Nutrici\u00f3n, Entrenamiento y Ciencias Aplicadas a la Recomposici\u00f3n Corporal<strong>. <\/strong><\/h2>\n\n\n\n<p class=\"has-text-align-center\"><a href=\"https:\/\/app-vlc.hotmart.com\/affiliate-recruiting\/view\/9633S89330463\">https:\/\/app-vlc.hotmart.com\/affiliate-recruiting\/view\/9633S89330463<\/a> <\/p>\n\n\n\n<figure class=\"wp-block-image aligncenter size-large\"><a href=\"https:\/\/app-vlc.hotmart.com\/affiliate-recruiting\/view\/9633S89330463 \"><img decoding=\"async\" width=\"576\" height=\"1024\" src=\"https:\/\/www.wellogi.com\/cursos\/wp-content\/uploads\/2023\/12\/Wellogi-Suscription-576x1024.jpeg\" alt=\"Wellogi Suscription\" class=\"wp-image-107209\" srcset=\"https:\/\/www.wellogi.com\/cursos\/wp-content\/uploads\/2023\/12\/Wellogi-Suscription-576x1024.jpeg 576w, https:\/\/www.wellogi.com\/cursos\/wp-content\/uploads\/2023\/12\/Wellogi-Suscription-169x300.jpeg 169w, https:\/\/www.wellogi.com\/cursos\/wp-content\/uploads\/2023\/12\/Wellogi-Suscription-113x200.jpeg 113w, https:\/\/www.wellogi.com\/cursos\/wp-content\/uploads\/2023\/12\/Wellogi-Suscription-225x400.jpeg 225w, https:\/\/www.wellogi.com\/cursos\/wp-content\/uploads\/2023\/12\/Wellogi-Suscription-56x100.jpeg 56w, https:\/\/www.wellogi.com\/cursos\/wp-content\/uploads\/2023\/12\/Wellogi-Suscription-100x178.jpeg 100w, https:\/\/www.wellogi.com\/cursos\/wp-content\/uploads\/2023\/12\/Wellogi-Suscription-150x267.jpeg 150w, https:\/\/www.wellogi.com\/cursos\/wp-content\/uploads\/2023\/12\/Wellogi-Suscription-200x356.jpeg 200w, https:\/\/www.wellogi.com\/cursos\/wp-content\/uploads\/2023\/12\/Wellogi-Suscription-300x533.jpeg 300w, https:\/\/www.wellogi.com\/cursos\/wp-content\/uploads\/2023\/12\/Wellogi-Suscription-450x800.jpeg 450w, https:\/\/www.wellogi.com\/cursos\/wp-content\/uploads\/2023\/12\/Wellogi-Suscription-600x1067.jpeg 600w, https:\/\/www.wellogi.com\/cursos\/wp-content\/uploads\/2023\/12\/Wellogi-Suscription.jpeg 720w\" sizes=\"(max-width: 576px) 100vw, 576px\" \/><\/a><figcaption class=\"wp-element-caption\">Wellogi Suscription<\/figcaption><\/figure>\n\n\n\n<h2 class=\"wp-block-heading has-text-align-center\">Diplomado en Nutrici\u00f3n, Entrenamiento y Ciencias Aplicadas a la Recomposici\u00f3n Corporal (pago \u00fanico). <\/h2>\n\n\n\n<p class=\"has-text-align-center\"><a href=\"https:\/\/app-vlc.hotmart.com\/affiliate-recruiting\/view\/4755D89104473\">https:\/\/app-vlc.hotmart.com\/affiliate-recruiting\/view\/4755D89104473<\/a> <\/p>\n\n\n\n<figure class=\"wp-block-image aligncenter size-full\"><a href=\"https:\/\/app-vlc.hotmart.com\/affiliate-recruiting\/view\/4755D89104473 \"><img decoding=\"async\" width=\"600\" height=\"600\" src=\"https:\/\/www.wellogi.com\/cursos\/wp-content\/uploads\/2023\/12\/Wellogi-Book.-336-x-280.png\" alt=\"Diplomado en Nutrici\u00f3n, Entrenamiento y Ciencias Aplicadas a la Recomposici\u00f3n Corporal\" class=\"wp-image-107208\" srcset=\"https:\/\/www.wellogi.com\/cursos\/wp-content\/uploads\/2023\/12\/Wellogi-Book.-336-x-280.png 600w, https:\/\/www.wellogi.com\/cursos\/wp-content\/uploads\/2023\/12\/Wellogi-Book.-336-x-280-300x300.png 300w, https:\/\/www.wellogi.com\/cursos\/wp-content\/uploads\/2023\/12\/Wellogi-Book.-336-x-280-150x150.png 150w, https:\/\/www.wellogi.com\/cursos\/wp-content\/uploads\/2023\/12\/Wellogi-Book.-336-x-280-200x200.png 200w, https:\/\/www.wellogi.com\/cursos\/wp-content\/uploads\/2023\/12\/Wellogi-Book.-336-x-280-400x400.png 400w, https:\/\/www.wellogi.com\/cursos\/wp-content\/uploads\/2023\/12\/Wellogi-Book.-336-x-280-100x100.png 100w, https:\/\/www.wellogi.com\/cursos\/wp-content\/uploads\/2023\/12\/Wellogi-Book.-336-x-280-450x450.png 450w\" sizes=\"(max-width: 600px) 100vw, 600px\" \/><\/a><figcaption class=\"wp-element-caption\">Diplomado en Nutrici\u00f3n, Entrenamiento y Ciencias Aplicadas a la Recomposici\u00f3n Corporal<\/figcaption><\/figure>\n\n\n\n<p><\/p>\n\n\n\n<h2 class=\"wp-block-heading has-text-align-center\"><strong>Libro digital: &#8220;<\/strong>Todo lo que un Profesional Exitoso debe saber sobre el Fitness<strong>&#8220;<\/strong><\/h2>\n\n\n\n<p class=\"has-text-align-center\"><a href=\"https:\/\/app-vlc.hotmart.com\/affiliate-recruiting\/view\/7318T88830827\">https:\/\/app-vlc.hotmart.com\/affiliate-recruiting\/view\/7318T88830<\/a><a href=\"https:\/\/app-vlc.hotmart.com\/affiliate-recruiting\/view\/7318T88830827\" target=\"_blank\" rel=\"noreferrer noopener\">827<\/a><\/p>\n\n\n\n<figure class=\"wp-block-image size-large\"><a href=\"https:\/\/app-vlc.hotmart.com\/affiliate-recruiting\/view\/7318T88830827\"><img loading=\"lazy\" decoding=\"async\" width=\"1024\" height=\"723\" src=\"https:\/\/www.wellogi.com\/cursos\/wp-content\/uploads\/2023\/12\/Libro.-Todo-lo-que-un-Profesional-exitoso-debe-saber-sobre-el-Fitness.-Wellogi-1024x723.jpeg\" alt=\"Libro. Todo lo que un Profesional exitoso debe saber sobre el Fitness. Wellogi\" class=\"wp-image-107207\" srcset=\"https:\/\/www.wellogi.com\/cursos\/wp-content\/uploads\/2023\/12\/Libro.-Todo-lo-que-un-Profesional-exitoso-debe-saber-sobre-el-Fitness.-Wellogi-1024x723.jpeg 1024w, https:\/\/www.wellogi.com\/cursos\/wp-content\/uploads\/2023\/12\/Libro.-Todo-lo-que-un-Profesional-exitoso-debe-saber-sobre-el-Fitness.-Wellogi-300x212.jpeg 300w, https:\/\/www.wellogi.com\/cursos\/wp-content\/uploads\/2023\/12\/Libro.-Todo-lo-que-un-Profesional-exitoso-debe-saber-sobre-el-Fitness.-Wellogi-768x542.jpeg 768w, https:\/\/www.wellogi.com\/cursos\/wp-content\/uploads\/2023\/12\/Libro.-Todo-lo-que-un-Profesional-exitoso-debe-saber-sobre-el-Fitness.-Wellogi-200x141.jpeg 200w, https:\/\/www.wellogi.com\/cursos\/wp-content\/uploads\/2023\/12\/Libro.-Todo-lo-que-un-Profesional-exitoso-debe-saber-sobre-el-Fitness.-Wellogi-400x283.jpeg 400w, https:\/\/www.wellogi.com\/cursos\/wp-content\/uploads\/2023\/12\/Libro.-Todo-lo-que-un-Profesional-exitoso-debe-saber-sobre-el-Fitness.-Wellogi-100x71.jpeg 100w, https:\/\/www.wellogi.com\/cursos\/wp-content\/uploads\/2023\/12\/Libro.-Todo-lo-que-un-Profesional-exitoso-debe-saber-sobre-el-Fitness.-Wellogi-150x106.jpeg 150w, https:\/\/www.wellogi.com\/cursos\/wp-content\/uploads\/2023\/12\/Libro.-Todo-lo-que-un-Profesional-exitoso-debe-saber-sobre-el-Fitness.-Wellogi-450x318.jpeg 450w, https:\/\/www.wellogi.com\/cursos\/wp-content\/uploads\/2023\/12\/Libro.-Todo-lo-que-un-Profesional-exitoso-debe-saber-sobre-el-Fitness.-Wellogi-600x424.jpeg 600w, https:\/\/www.wellogi.com\/cursos\/wp-content\/uploads\/2023\/12\/Libro.-Todo-lo-que-un-Profesional-exitoso-debe-saber-sobre-el-Fitness.-Wellogi-900x636.jpeg 900w, https:\/\/www.wellogi.com\/cursos\/wp-content\/uploads\/2023\/12\/Libro.-Todo-lo-que-un-Profesional-exitoso-debe-saber-sobre-el-Fitness.-Wellogi.jpeg 1280w\" sizes=\"(max-width: 1024px) 100vw, 1024px\" \/><\/a><figcaption class=\"wp-element-caption\">Libro. Todo lo que un Profesional exitoso debe saber sobre el Fitness. Wellogi<\/figcaption><\/figure>\n","protected":false},"excerpt":{"rendered":"<p>\u00a1Wellogi Academy y Hotmart! \u00a1Esta es tu oportunidad! \u00bfC\u00f3mo me registro y creo mi Perfil de Afiliado con Wellogi Academy en Hotmart? Enlaces e Instrucciones: \u00bfD\u00f3nde creo mi cuenta como Afiliado en Hotmart? https:\/\/hotmart.com\/es-mx\/afiliados \u00a1Productos para vender como Afiliado para &hellip;<\/p>\n<p class=\"read-more\"> <a class=\"more-link\" href=\"https:\/\/www.wellogi.com\/cursos\/afiliados\/\"> <span class=\"screen-reader-text\">Afiliados<\/span> Leer m\u00e1s \u00bb<\/a><\/p>\n","protected":false},"author":2,"featured_media":0,"parent":0,"menu_order":0,"comment_status":"closed","ping_status":"closed","template":"","meta":{"footnotes":""},"class_list":["post-107205","page","type-page","status-publish","hentry"],"yoast_head":"<!-- This site is optimized with the Yoast SEO plugin v27.4 - https:\/\/yoast.com\/product\/yoast-seo-wordpress\/ -->\n<title>Afiliados - Wellogi Academy<\/title>\n<meta name=\"description\" content=\"Plataforma de capacitaci\u00f3n acad\u00e9mica continua as\u00edncrona especializada en Nutricion, Entrenamiento, Recomposici\u00f3n Corporal, Fitness y Wellness.\" \/>\n<meta name=\"robots\" content=\"index, follow, max-snippet:-1, max-image-preview:large, max-video-preview:-1\" \/>\n<link rel=\"canonical\" href=\"https:\/\/www.wellogi.com\/cursos\/afiliados\/\" \/>\n<meta property=\"og:locale\" content=\"es_MX\" \/>\n<meta property=\"og:type\" content=\"article\" \/>\n<meta property=\"og:title\" content=\"Afiliados - Wellogi Academy\" \/>\n<meta property=\"og:description\" content=\"Plataforma de capacitaci\u00f3n acad\u00e9mica continua as\u00edncrona especializada en Nutricion, Entrenamiento, Recomposici\u00f3n Corporal, Fitness y Wellness.\" \/>\n<meta property=\"og:url\" content=\"https:\/\/www.wellogi.com\/cursos\/afiliados\/\" \/>\n<meta property=\"og:site_name\" content=\"Wellogi Academy\" \/>\n<meta property=\"article:publisher\" content=\"https:\/\/www.facebook.com\/WellogiApp\" \/>\n<meta property=\"article:modified_time\" content=\"2023-12-21T18:44:46+00:00\" \/>\n<meta property=\"og:image\" content=\"https:\/\/www.wellogi.com\/cursos\/wp-content\/uploads\/2023\/12\/Wellogi-Academy.-Afiliados-1024x1024.png\" \/>\n<meta name=\"twitter:card\" content=\"summary_large_image\" \/>\n<meta name=\"twitter:site\" content=\"@Wellogi_App\" \/>\n<script type=\"application\/ld+json\" class=\"yoast-schema-graph\">{\"@context\":\"https:\\\/\\\/schema.org\",\"@graph\":[{\"@type\":\"WebPage\",\"@id\":\"https:\\\/\\\/www.wellogi.com\\\/cursos\\\/afiliados\\\/\",\"url\":\"https:\\\/\\\/www.wellogi.com\\\/cursos\\\/afiliados\\\/\",\"name\":\"Afiliados - Wellogi Academy\",\"isPartOf\":{\"@id\":\"https:\\\/\\\/www.wellogi.com\\\/cursos\\\/#website\"},\"primaryImageOfPage\":{\"@id\":\"https:\\\/\\\/www.wellogi.com\\\/cursos\\\/afiliados\\\/#primaryimage\"},\"image\":{\"@id\":\"https:\\\/\\\/www.wellogi.com\\\/cursos\\\/afiliados\\\/#primaryimage\"},\"thumbnailUrl\":\"https:\\\/\\\/www.wellogi.com\\\/cursos\\\/wp-content\\\/uploads\\\/2023\\\/12\\\/Wellogi-Academy.-Afiliados-1024x1024.png\",\"datePublished\":\"2023-12-21T18:17:20+00:00\",\"dateModified\":\"2023-12-21T18:44:46+00:00\",\"description\":\"Plataforma de capacitaci\u00f3n acad\u00e9mica continua as\u00edncrona especializada en Nutricion, Entrenamiento, Recomposici\u00f3n Corporal, Fitness y Wellness.\",\"breadcrumb\":{\"@id\":\"https:\\\/\\\/www.wellogi.com\\\/cursos\\\/afiliados\\\/#breadcrumb\"},\"inLanguage\":\"es\",\"potentialAction\":[{\"@type\":\"ReadAction\",\"target\":[\"https:\\\/\\\/www.wellogi.com\\\/cursos\\\/afiliados\\\/\"]}]},{\"@type\":\"ImageObject\",\"inLanguage\":\"es\",\"@id\":\"https:\\\/\\\/www.wellogi.com\\\/cursos\\\/afiliados\\\/#primaryimage\",\"url\":\"https:\\\/\\\/www.wellogi.com\\\/cursos\\\/wp-content\\\/uploads\\\/2023\\\/12\\\/Wellogi-Academy.-Afiliados.png\",\"contentUrl\":\"https:\\\/\\\/www.wellogi.com\\\/cursos\\\/wp-content\\\/uploads\\\/2023\\\/12\\\/Wellogi-Academy.-Afiliados.png\",\"width\":1080,\"height\":1080,\"caption\":\"Wellogi Academy. Afiliados\"},{\"@type\":\"BreadcrumbList\",\"@id\":\"https:\\\/\\\/www.wellogi.com\\\/cursos\\\/afiliados\\\/#breadcrumb\",\"itemListElement\":[{\"@type\":\"ListItem\",\"position\":1,\"name\":\"Inicio\",\"item\":\"https:\\\/\\\/www.wellogi.com\\\/cursos\\\/\"},{\"@type\":\"ListItem\",\"position\":2,\"name\":\"Afiliados\"}]},{\"@type\":\"WebSite\",\"@id\":\"https:\\\/\\\/www.wellogi.com\\\/cursos\\\/#website\",\"url\":\"https:\\\/\\\/www.wellogi.com\\\/cursos\\\/\",\"name\":\"Wellogi Academy\",\"description\":\"Plataforma de capacitaci\u00f3n acad\u00e9mica continua as\u00edncrona.\",\"publisher\":{\"@id\":\"https:\\\/\\\/www.wellogi.com\\\/cursos\\\/#organization\"},\"potentialAction\":[{\"@type\":\"SearchAction\",\"target\":{\"@type\":\"EntryPoint\",\"urlTemplate\":\"https:\\\/\\\/www.wellogi.com\\\/cursos\\\/?s={search_term_string}\"},\"query-input\":{\"@type\":\"PropertyValueSpecification\",\"valueRequired\":true,\"valueName\":\"search_term_string\"}}],\"inLanguage\":\"es\"},{\"@type\":\"Organization\",\"@id\":\"https:\\\/\\\/www.wellogi.com\\\/cursos\\\/#organization\",\"name\":\"Wellogi Academy\",\"url\":\"https:\\\/\\\/www.wellogi.com\\\/cursos\\\/\",\"logo\":{\"@type\":\"ImageObject\",\"inLanguage\":\"es\",\"@id\":\"https:\\\/\\\/www.wellogi.com\\\/cursos\\\/#\\\/schema\\\/logo\\\/image\\\/\",\"url\":\"https:\\\/\\\/www.wellogi.com\\\/cursos\\\/wp-content\\\/uploads\\\/2021\\\/11\\\/Logo-y-Slogan-transparente-final-.png\",\"contentUrl\":\"https:\\\/\\\/www.wellogi.com\\\/cursos\\\/wp-content\\\/uploads\\\/2021\\\/11\\\/Logo-y-Slogan-transparente-final-.png\",\"width\":5042,\"height\":4883,\"caption\":\"Wellogi Academy\"},\"image\":{\"@id\":\"https:\\\/\\\/www.wellogi.com\\\/cursos\\\/#\\\/schema\\\/logo\\\/image\\\/\"},\"sameAs\":[\"https:\\\/\\\/www.facebook.com\\\/WellogiApp\",\"https:\\\/\\\/x.com\\\/Wellogi_App\",\"https:\\\/\\\/www.instagram.com\\\/wellogi_app\\\/\",\"https:\\\/\\\/www.linkedin.com\\\/in\\\/luis-gomez-wellogi\\\/\",\"https:\\\/\\\/www.youtube.com\\\/c\\\/Wellogi\\\/videos\"]}]}<\/script>\n<!-- \/ Yoast SEO plugin. -->","yoast_head_json":{"title":"Afiliados - Wellogi Academy","description":"Plataforma de capacitaci\u00f3n acad\u00e9mica continua as\u00edncrona especializada en Nutricion, Entrenamiento, Recomposici\u00f3n Corporal, Fitness y Wellness.","robots":{"index":"index","follow":"follow","max-snippet":"max-snippet:-1","max-image-preview":"max-image-preview:large","max-video-preview":"max-video-preview:-1"},"canonical":"https:\/\/www.wellogi.com\/cursos\/afiliados\/","og_locale":"es_MX","og_type":"article","og_title":"Afiliados - Wellogi Academy","og_description":"Plataforma de capacitaci\u00f3n acad\u00e9mica continua as\u00edncrona especializada en Nutricion, Entrenamiento, Recomposici\u00f3n Corporal, Fitness y Wellness.","og_url":"https:\/\/www.wellogi.com\/cursos\/afiliados\/","og_site_name":"Wellogi Academy","article_publisher":"https:\/\/www.facebook.com\/WellogiApp","article_modified_time":"2023-12-21T18:44:46+00:00","og_image":[{"url":"https:\/\/www.wellogi.com\/cursos\/wp-content\/uploads\/2023\/12\/Wellogi-Academy.-Afiliados-1024x1024.png","type":"","width":"","height":""}],"twitter_card":"summary_large_image","twitter_site":"@Wellogi_App","schema":{"@context":"https:\/\/schema.org","@graph":[{"@type":"WebPage","@id":"https:\/\/www.wellogi.com\/cursos\/afiliados\/","url":"https:\/\/www.wellogi.com\/cursos\/afiliados\/","name":"Afiliados - Wellogi Academy","isPartOf":{"@id":"https:\/\/www.wellogi.com\/cursos\/#website"},"primaryImageOfPage":{"@id":"https:\/\/www.wellogi.com\/cursos\/afiliados\/#primaryimage"},"image":{"@id":"https:\/\/www.wellogi.com\/cursos\/afiliados\/#primaryimage"},"thumbnailUrl":"https:\/\/www.wellogi.com\/cursos\/wp-content\/uploads\/2023\/12\/Wellogi-Academy.-Afiliados-1024x1024.png","datePublished":"2023-12-21T18:17:20+00:00","dateModified":"2023-12-21T18:44:46+00:00","description":"Plataforma de capacitaci\u00f3n acad\u00e9mica continua as\u00edncrona especializada en Nutricion, Entrenamiento, Recomposici\u00f3n Corporal, Fitness y Wellness.","breadcrumb":{"@id":"https:\/\/www.wellogi.com\/cursos\/afiliados\/#breadcrumb"},"inLanguage":"es","potentialAction":[{"@type":"ReadAction","target":["https:\/\/www.wellogi.com\/cursos\/afiliados\/"]}]},{"@type":"ImageObject","inLanguage":"es","@id":"https:\/\/www.wellogi.com\/cursos\/afiliados\/#primaryimage","url":"https:\/\/www.wellogi.com\/cursos\/wp-content\/uploads\/2023\/12\/Wellogi-Academy.-Afiliados.png","contentUrl":"https:\/\/www.wellogi.com\/cursos\/wp-content\/uploads\/2023\/12\/Wellogi-Academy.-Afiliados.png","width":1080,"height":1080,"caption":"Wellogi Academy. Afiliados"},{"@type":"BreadcrumbList","@id":"https:\/\/www.wellogi.com\/cursos\/afiliados\/#breadcrumb","itemListElement":[{"@type":"ListItem","position":1,"name":"Inicio","item":"https:\/\/www.wellogi.com\/cursos\/"},{"@type":"ListItem","position":2,"name":"Afiliados"}]},{"@type":"WebSite","@id":"https:\/\/www.wellogi.com\/cursos\/#website","url":"https:\/\/www.wellogi.com\/cursos\/","name":"Wellogi Academy","description":"Plataforma de capacitaci\u00f3n acad\u00e9mica continua as\u00edncrona.","publisher":{"@id":"https:\/\/www.wellogi.com\/cursos\/#organization"},"potentialAction":[{"@type":"SearchAction","target":{"@type":"EntryPoint","urlTemplate":"https:\/\/www.wellogi.com\/cursos\/?s={search_term_string}"},"query-input":{"@type":"PropertyValueSpecification","valueRequired":true,"valueName":"search_term_string"}}],"inLanguage":"es"},{"@type":"Organization","@id":"https:\/\/www.wellogi.com\/cursos\/#organization","name":"Wellogi Academy","url":"https:\/\/www.wellogi.com\/cursos\/","logo":{"@type":"ImageObject","inLanguage":"es","@id":"https:\/\/www.wellogi.com\/cursos\/#\/schema\/logo\/image\/","url":"https:\/\/www.wellogi.com\/cursos\/wp-content\/uploads\/2021\/11\/Logo-y-Slogan-transparente-final-.png","contentUrl":"https:\/\/www.wellogi.com\/cursos\/wp-content\/uploads\/2021\/11\/Logo-y-Slogan-transparente-final-.png","width":5042,"height":4883,"caption":"Wellogi Academy"},"image":{"@id":"https:\/\/www.wellogi.com\/cursos\/#\/schema\/logo\/image\/"},"sameAs":["https:\/\/www.facebook.com\/WellogiApp","https:\/\/x.com\/Wellogi_App","https:\/\/www.instagram.com\/wellogi_app\/","https:\/\/www.linkedin.com\/in\/luis-gomez-wellogi\/","https:\/\/www.youtube.com\/c\/Wellogi\/videos"]}]}},"_links":{"self":[{"href":"https:\/\/www.wellogi.com\/cursos\/wp-json\/wp\/v2\/pages\/107205","targetHints":{"allow":["GET"]}}],"collection":[{"href":"https:\/\/www.wellogi.com\/cursos\/wp-json\/wp\/v2\/pages"}],"about":[{"href":"https:\/\/www.wellogi.com\/cursos\/wp-json\/wp\/v2\/types\/page"}],"author":[{"embeddable":true,"href":"https:\/\/www.wellogi.com\/cursos\/wp-json\/wp\/v2\/users\/2"}],"replies":[{"embeddable":true,"href":"https:\/\/www.wellogi.com\/cursos\/wp-json\/wp\/v2\/comments?post=107205"}],"version-history":[{"count":1,"href":"https:\/\/www.wellogi.com\/cursos\/wp-json\/wp\/v2\/pages\/107205\/revisions"}],"predecessor-version":[{"id":107210,"href":"https:\/\/www.wellogi.com\/cursos\/wp-json\/wp\/v2\/pages\/107205\/revisions\/107210"}],"wp:attachment":[{"href":"https:\/\/www.wellogi.com\/cursos\/wp-json\/wp\/v2\/media?parent=107205"}],"curies":[{"name":"wp","href":"https:\/\/api.w.org\/{rel}","templated":true}]}}