{"id":104534,"date":"2023-09-04T20:26:02","date_gmt":"2023-09-05T02:26:02","guid":{"rendered":"https:\/\/www.wellogi.com\/cursos\/?page_id=104534"},"modified":"2023-09-04T20:26:11","modified_gmt":"2023-09-05T02:26:11","slug":"deslinde-de-responsabilidad","status":"publish","type":"page","link":"https:\/\/www.wellogi.com\/cursos\/deslinde-de-responsabilidad\/","title":{"rendered":"Deslinde de responsabilidad"},"content":{"rendered":"\n<p class=\"has-text-align-center\"><strong>LA INFORMACION AQU\u00cd EXPUESTA, ES MERAMENTE DE CAR\u00c1CTER CIENTIFICO Y EDUCATIVO, BAJO NINGUNA CIRCUNSTANCIA SE ESTA RECOMENDANDO NI EL USO NI LA VENTA DE NINGUN SUSTANCIA.<\/strong><\/p>\n\n\n\n<p class=\"has-text-align-center\"><strong>El USO DE LA INFORMACION AQU\u00cd EXPRESADA ES ENTERAMENTE RESPONSABILIDAD DE QUIEN LA RECIBE, Y SE DESLINDA DE TODA CARGA MORAL, ETICA Y\/O LEGAL AL PONENTE\/PROFESOR Y A LA INSTUTICION Y\/O MARCA Y\/O EMPRESA QUE REPRESENTA.<\/strong><\/p>\n\n\n\n<p class=\"has-text-align-center\">Esta informaci\u00f3n fue recopilada de fuentes que incluyen, entre otros, informes farmac\u00e9uticos de revistas medicas, informes de laboratorio, libros de texto, as\u00ed como entrevistas con expertos m\u00e9dicos, atletas y distribuidores de esteroides anab\u00f3lico androg\u00e9nicos (AAS\u00b4s).<\/p>\n\n\n\n<p class=\"has-text-align-center\">El ponente\/profesor no asume ninguna responsabilidad por la informaci\u00f3n presentada.<\/p>\n\n\n\n<p class=\"has-text-align-center\">Esta presentaci\u00f3n esta destinada a proporcionar un resumen de los aspectos mas importantes para el lector.<\/p>\n\n\n\n<p class=\"has-text-align-center\">No se pretende aplicar ninguna informaci\u00f3n y es solo para fines de educacion. No tiene la intensi\u00f3n de proporcionar ni reemplazar los consejos m\u00e9dicos.<\/p>\n\n\n\n<p class=\"has-text-align-center\">Se informa a los lectores que las sustancias descritas en esta presentaci\u00f3n de referencia se deben de usar solo bajo el cuidado de un medico y pueden estar prohibidas por la ley.<\/p>\n\n\n\n<p class=\"has-text-align-center\">Los lectores deben consultar a las autoridades medicas apropiadas antes de usar cualquier medicamento y las autoridades legales apropiadas sobre el estado de las sustancias descritas en esta presentaci\u00f3n.<\/p>\n\n\n\n<p class=\"has-text-align-center\">El ponente no defender\u00e1 a los lectores por participar en actividades ilegales.<\/p>\n\n\n\n<div data-wp-interactive=\"core\/file\" class=\"wp-block-file\"><object data-wp-bind--hidden=\"!state.hasPdfPreview\" hidden class=\"wp-block-file__embed\" data=\"https:\/\/www.wellogi.com\/cursos\/wp-content\/uploads\/2023\/09\/Deslinde-de-responsabilidades-profesionales.-Wellogi.pdf\" type=\"application\/pdf\" style=\"width:100%;height:600px\" aria-label=\"Incrustado de Deslinde de responsabilidades profesionales. Wellogi.\"><\/object><a id=\"wp-block-file--media-2530c9e4-cf9e-4e6d-b09b-acd466963b17\" href=\"https:\/\/www.wellogi.com\/cursos\/wp-content\/uploads\/2023\/09\/Deslinde-de-responsabilidades-profesionales.-Wellogi.pdf\">Deslinde de responsabilidades profesionales. Wellogi<\/a><a href=\"https:\/\/www.wellogi.com\/cursos\/wp-content\/uploads\/2023\/09\/Deslinde-de-responsabilidades-profesionales.-Wellogi.pdf\" class=\"wp-block-file__button wp-element-button\" download aria-describedby=\"wp-block-file--media-2530c9e4-cf9e-4e6d-b09b-acd466963b17\">Descarga<\/a><\/div>\n","protected":false},"excerpt":{"rendered":"<p>LA INFORMACION AQU\u00cd EXPUESTA, ES MERAMENTE DE CAR\u00c1CTER CIENTIFICO Y EDUCATIVO, BAJO NINGUNA CIRCUNSTANCIA SE ESTA RECOMENDANDO NI EL USO NI LA VENTA DE NINGUN SUSTANCIA. El USO DE LA INFORMACION AQU\u00cd EXPRESADA ES ENTERAMENTE RESPONSABILIDAD DE QUIEN LA RECIBE, &hellip;<\/p>\n<p class=\"read-more\"> <a class=\"more-link\" href=\"https:\/\/www.wellogi.com\/cursos\/deslinde-de-responsabilidad\/\"> <span class=\"screen-reader-text\">Deslinde de responsabilidad<\/span> Leer m\u00e1s \u00bb<\/a><\/p>\n","protected":false},"author":2,"featured_media":0,"parent":0,"menu_order":0,"comment_status":"closed","ping_status":"closed","template":"","meta":{"footnotes":""},"class_list":["post-104534","page","type-page","status-publish","hentry"],"yoast_head":"<!-- This site is optimized with the Yoast SEO plugin v27.4 - https:\/\/yoast.com\/product\/yoast-seo-wordpress\/ -->\n<title>Deslinde de responsabilidad - Wellogi Academy<\/title>\n<meta name=\"description\" content=\"Plataforma de capacitaci\u00f3n acad\u00e9mica continua as\u00edncrona especializada en Nutricion, Entrenamiento, Recomposici\u00f3n Corporal, Fitness y Wellness.\" \/>\n<meta name=\"robots\" content=\"index, follow, max-snippet:-1, max-image-preview:large, max-video-preview:-1\" \/>\n<link rel=\"canonical\" href=\"https:\/\/www.wellogi.com\/cursos\/deslinde-de-responsabilidad\/\" \/>\n<meta property=\"og:locale\" content=\"es_MX\" \/>\n<meta property=\"og:type\" content=\"article\" \/>\n<meta property=\"og:title\" content=\"Deslinde de responsabilidad - Wellogi Academy\" \/>\n<meta property=\"og:description\" content=\"Plataforma de capacitaci\u00f3n acad\u00e9mica continua as\u00edncrona especializada en Nutricion, Entrenamiento, Recomposici\u00f3n Corporal, Fitness y Wellness.\" \/>\n<meta property=\"og:url\" content=\"https:\/\/www.wellogi.com\/cursos\/deslinde-de-responsabilidad\/\" \/>\n<meta property=\"og:site_name\" content=\"Wellogi Academy\" \/>\n<meta property=\"article:publisher\" content=\"https:\/\/www.facebook.com\/WellogiApp\" \/>\n<meta property=\"article:modified_time\" content=\"2023-09-05T02:26:11+00:00\" \/>\n<meta name=\"twitter:card\" content=\"summary_large_image\" \/>\n<meta name=\"twitter:site\" content=\"@Wellogi_App\" \/>\n<script type=\"application\/ld+json\" class=\"yoast-schema-graph\">{\"@context\":\"https:\\\/\\\/schema.org\",\"@graph\":[{\"@type\":\"WebPage\",\"@id\":\"https:\\\/\\\/www.wellogi.com\\\/cursos\\\/deslinde-de-responsabilidad\\\/\",\"url\":\"https:\\\/\\\/www.wellogi.com\\\/cursos\\\/deslinde-de-responsabilidad\\\/\",\"name\":\"Deslinde de responsabilidad - Wellogi Academy\",\"isPartOf\":{\"@id\":\"https:\\\/\\\/www.wellogi.com\\\/cursos\\\/#website\"},\"datePublished\":\"2023-09-05T02:26:02+00:00\",\"dateModified\":\"2023-09-05T02:26:11+00:00\",\"description\":\"Plataforma de capacitaci\u00f3n acad\u00e9mica continua as\u00edncrona especializada en Nutricion, Entrenamiento, Recomposici\u00f3n Corporal, Fitness y Wellness.\",\"breadcrumb\":{\"@id\":\"https:\\\/\\\/www.wellogi.com\\\/cursos\\\/deslinde-de-responsabilidad\\\/#breadcrumb\"},\"inLanguage\":\"es\",\"potentialAction\":[{\"@type\":\"ReadAction\",\"target\":[\"https:\\\/\\\/www.wellogi.com\\\/cursos\\\/deslinde-de-responsabilidad\\\/\"]}]},{\"@type\":\"BreadcrumbList\",\"@id\":\"https:\\\/\\\/www.wellogi.com\\\/cursos\\\/deslinde-de-responsabilidad\\\/#breadcrumb\",\"itemListElement\":[{\"@type\":\"ListItem\",\"position\":1,\"name\":\"Inicio\",\"item\":\"https:\\\/\\\/www.wellogi.com\\\/cursos\\\/\"},{\"@type\":\"ListItem\",\"position\":2,\"name\":\"Deslinde de responsabilidad\"}]},{\"@type\":\"WebSite\",\"@id\":\"https:\\\/\\\/www.wellogi.com\\\/cursos\\\/#website\",\"url\":\"https:\\\/\\\/www.wellogi.com\\\/cursos\\\/\",\"name\":\"Wellogi Academy\",\"description\":\"Plataforma de capacitaci\u00f3n acad\u00e9mica continua as\u00edncrona.\",\"publisher\":{\"@id\":\"https:\\\/\\\/www.wellogi.com\\\/cursos\\\/#organization\"},\"potentialAction\":[{\"@type\":\"SearchAction\",\"target\":{\"@type\":\"EntryPoint\",\"urlTemplate\":\"https:\\\/\\\/www.wellogi.com\\\/cursos\\\/?s={search_term_string}\"},\"query-input\":{\"@type\":\"PropertyValueSpecification\",\"valueRequired\":true,\"valueName\":\"search_term_string\"}}],\"inLanguage\":\"es\"},{\"@type\":\"Organization\",\"@id\":\"https:\\\/\\\/www.wellogi.com\\\/cursos\\\/#organization\",\"name\":\"Wellogi Academy\",\"url\":\"https:\\\/\\\/www.wellogi.com\\\/cursos\\\/\",\"logo\":{\"@type\":\"ImageObject\",\"inLanguage\":\"es\",\"@id\":\"https:\\\/\\\/www.wellogi.com\\\/cursos\\\/#\\\/schema\\\/logo\\\/image\\\/\",\"url\":\"https:\\\/\\\/www.wellogi.com\\\/cursos\\\/wp-content\\\/uploads\\\/2021\\\/11\\\/Logo-y-Slogan-transparente-final-.png\",\"contentUrl\":\"https:\\\/\\\/www.wellogi.com\\\/cursos\\\/wp-content\\\/uploads\\\/2021\\\/11\\\/Logo-y-Slogan-transparente-final-.png\",\"width\":5042,\"height\":4883,\"caption\":\"Wellogi Academy\"},\"image\":{\"@id\":\"https:\\\/\\\/www.wellogi.com\\\/cursos\\\/#\\\/schema\\\/logo\\\/image\\\/\"},\"sameAs\":[\"https:\\\/\\\/www.facebook.com\\\/WellogiApp\",\"https:\\\/\\\/x.com\\\/Wellogi_App\",\"https:\\\/\\\/www.instagram.com\\\/wellogi_app\\\/\",\"https:\\\/\\\/www.linkedin.com\\\/in\\\/luis-gomez-wellogi\\\/\",\"https:\\\/\\\/www.youtube.com\\\/c\\\/Wellogi\\\/videos\"]}]}<\/script>\n<!-- \/ Yoast SEO plugin. -->","yoast_head_json":{"title":"Deslinde de responsabilidad - Wellogi Academy","description":"Plataforma de capacitaci\u00f3n acad\u00e9mica continua as\u00edncrona especializada en Nutricion, Entrenamiento, Recomposici\u00f3n Corporal, Fitness y Wellness.","robots":{"index":"index","follow":"follow","max-snippet":"max-snippet:-1","max-image-preview":"max-image-preview:large","max-video-preview":"max-video-preview:-1"},"canonical":"https:\/\/www.wellogi.com\/cursos\/deslinde-de-responsabilidad\/","og_locale":"es_MX","og_type":"article","og_title":"Deslinde de responsabilidad - Wellogi Academy","og_description":"Plataforma de capacitaci\u00f3n acad\u00e9mica continua as\u00edncrona especializada en Nutricion, Entrenamiento, Recomposici\u00f3n Corporal, Fitness y Wellness.","og_url":"https:\/\/www.wellogi.com\/cursos\/deslinde-de-responsabilidad\/","og_site_name":"Wellogi Academy","article_publisher":"https:\/\/www.facebook.com\/WellogiApp","article_modified_time":"2023-09-05T02:26:11+00:00","twitter_card":"summary_large_image","twitter_site":"@Wellogi_App","schema":{"@context":"https:\/\/schema.org","@graph":[{"@type":"WebPage","@id":"https:\/\/www.wellogi.com\/cursos\/deslinde-de-responsabilidad\/","url":"https:\/\/www.wellogi.com\/cursos\/deslinde-de-responsabilidad\/","name":"Deslinde de responsabilidad - Wellogi Academy","isPartOf":{"@id":"https:\/\/www.wellogi.com\/cursos\/#website"},"datePublished":"2023-09-05T02:26:02+00:00","dateModified":"2023-09-05T02:26:11+00:00","description":"Plataforma de capacitaci\u00f3n acad\u00e9mica continua as\u00edncrona especializada en Nutricion, Entrenamiento, Recomposici\u00f3n Corporal, Fitness y Wellness.","breadcrumb":{"@id":"https:\/\/www.wellogi.com\/cursos\/deslinde-de-responsabilidad\/#breadcrumb"},"inLanguage":"es","potentialAction":[{"@type":"ReadAction","target":["https:\/\/www.wellogi.com\/cursos\/deslinde-de-responsabilidad\/"]}]},{"@type":"BreadcrumbList","@id":"https:\/\/www.wellogi.com\/cursos\/deslinde-de-responsabilidad\/#breadcrumb","itemListElement":[{"@type":"ListItem","position":1,"name":"Inicio","item":"https:\/\/www.wellogi.com\/cursos\/"},{"@type":"ListItem","position":2,"name":"Deslinde de responsabilidad"}]},{"@type":"WebSite","@id":"https:\/\/www.wellogi.com\/cursos\/#website","url":"https:\/\/www.wellogi.com\/cursos\/","name":"Wellogi Academy","description":"Plataforma de capacitaci\u00f3n acad\u00e9mica continua as\u00edncrona.","publisher":{"@id":"https:\/\/www.wellogi.com\/cursos\/#organization"},"potentialAction":[{"@type":"SearchAction","target":{"@type":"EntryPoint","urlTemplate":"https:\/\/www.wellogi.com\/cursos\/?s={search_term_string}"},"query-input":{"@type":"PropertyValueSpecification","valueRequired":true,"valueName":"search_term_string"}}],"inLanguage":"es"},{"@type":"Organization","@id":"https:\/\/www.wellogi.com\/cursos\/#organization","name":"Wellogi Academy","url":"https:\/\/www.wellogi.com\/cursos\/","logo":{"@type":"ImageObject","inLanguage":"es","@id":"https:\/\/www.wellogi.com\/cursos\/#\/schema\/logo\/image\/","url":"https:\/\/www.wellogi.com\/cursos\/wp-content\/uploads\/2021\/11\/Logo-y-Slogan-transparente-final-.png","contentUrl":"https:\/\/www.wellogi.com\/cursos\/wp-content\/uploads\/2021\/11\/Logo-y-Slogan-transparente-final-.png","width":5042,"height":4883,"caption":"Wellogi Academy"},"image":{"@id":"https:\/\/www.wellogi.com\/cursos\/#\/schema\/logo\/image\/"},"sameAs":["https:\/\/www.facebook.com\/WellogiApp","https:\/\/x.com\/Wellogi_App","https:\/\/www.instagram.com\/wellogi_app\/","https:\/\/www.linkedin.com\/in\/luis-gomez-wellogi\/","https:\/\/www.youtube.com\/c\/Wellogi\/videos"]}]}},"_links":{"self":[{"href":"https:\/\/www.wellogi.com\/cursos\/wp-json\/wp\/v2\/pages\/104534","targetHints":{"allow":["GET"]}}],"collection":[{"href":"https:\/\/www.wellogi.com\/cursos\/wp-json\/wp\/v2\/pages"}],"about":[{"href":"https:\/\/www.wellogi.com\/cursos\/wp-json\/wp\/v2\/types\/page"}],"author":[{"embeddable":true,"href":"https:\/\/www.wellogi.com\/cursos\/wp-json\/wp\/v2\/users\/2"}],"replies":[{"embeddable":true,"href":"https:\/\/www.wellogi.com\/cursos\/wp-json\/wp\/v2\/comments?post=104534"}],"version-history":[{"count":1,"href":"https:\/\/www.wellogi.com\/cursos\/wp-json\/wp\/v2\/pages\/104534\/revisions"}],"predecessor-version":[{"id":104535,"href":"https:\/\/www.wellogi.com\/cursos\/wp-json\/wp\/v2\/pages\/104534\/revisions\/104535"}],"wp:attachment":[{"href":"https:\/\/www.wellogi.com\/cursos\/wp-json\/wp\/v2\/media?parent=104534"}],"curies":[{"name":"wp","href":"https:\/\/api.w.org\/{rel}","templated":true}]}}