{"id":101826,"date":"2023-07-14T17:45:33","date_gmt":"2023-07-14T23:45:33","guid":{"rendered":"https:\/\/www.wellogi.com\/cursos\/?page_id=101826"},"modified":"2023-12-22T14:00:32","modified_gmt":"2023-12-22T20:00:32","slug":"badge-diplomado-en-nutricion-entrenamiento-y-ciencias-aplicadas-a-la-recomposicion-corporal","status":"publish","type":"page","link":"https:\/\/www.wellogi.com\/cursos\/badge-diplomado-en-nutricion-entrenamiento-y-ciencias-aplicadas-a-la-recomposicion-corporal\/","title":{"rendered":"Badge &#8211; Diplomado en Nutrici\u00f3n, Entrenamiento y Ciencias Aplicadas a la Recomposici\u00f3n Corporal."},"content":{"rendered":"\n<div class=\"wp-block-columns is-layout-flex wp-container-core-columns-is-layout-9d6595d7 wp-block-columns-is-layout-flex\">\n<div class=\"wp-block-column is-layout-flow wp-block-column-is-layout-flow\">\n<figure class=\"wp-block-image size-large\"><img fetchpriority=\"high\" decoding=\"async\" width=\"1024\" height=\"1024\" src=\"https:\/\/www.wellogi.com\/cursos\/wp-content\/uploads\/2023\/07\/LIPIDOS-EN-LA-NUTRICION-DEPORTIVA-36-1024x1024.png\" alt=\"\" class=\"wp-image-101832\" srcset=\"https:\/\/www.wellogi.com\/cursos\/wp-content\/uploads\/2023\/07\/LIPIDOS-EN-LA-NUTRICION-DEPORTIVA-36-1024x1024.png 1024w, https:\/\/www.wellogi.com\/cursos\/wp-content\/uploads\/2023\/07\/LIPIDOS-EN-LA-NUTRICION-DEPORTIVA-36-300x300.png 300w, https:\/\/www.wellogi.com\/cursos\/wp-content\/uploads\/2023\/07\/LIPIDOS-EN-LA-NUTRICION-DEPORTIVA-36-100x100.png 100w, https:\/\/www.wellogi.com\/cursos\/wp-content\/uploads\/2023\/07\/LIPIDOS-EN-LA-NUTRICION-DEPORTIVA-36-600x600.png 600w, https:\/\/www.wellogi.com\/cursos\/wp-content\/uploads\/2023\/07\/LIPIDOS-EN-LA-NUTRICION-DEPORTIVA-36-150x150.png 150w, https:\/\/www.wellogi.com\/cursos\/wp-content\/uploads\/2023\/07\/LIPIDOS-EN-LA-NUTRICION-DEPORTIVA-36-768x768.png 768w, https:\/\/www.wellogi.com\/cursos\/wp-content\/uploads\/2023\/07\/LIPIDOS-EN-LA-NUTRICION-DEPORTIVA-36-200x200.png 200w, https:\/\/www.wellogi.com\/cursos\/wp-content\/uploads\/2023\/07\/LIPIDOS-EN-LA-NUTRICION-DEPORTIVA-36-400x400.png 400w, https:\/\/www.wellogi.com\/cursos\/wp-content\/uploads\/2023\/07\/LIPIDOS-EN-LA-NUTRICION-DEPORTIVA-36-450x450.png 450w, https:\/\/www.wellogi.com\/cursos\/wp-content\/uploads\/2023\/07\/LIPIDOS-EN-LA-NUTRICION-DEPORTIVA-36-900x900.png 900w, https:\/\/www.wellogi.com\/cursos\/wp-content\/uploads\/2023\/07\/LIPIDOS-EN-LA-NUTRICION-DEPORTIVA-36.png 1080w\" sizes=\"(max-width: 1024px) 100vw, 1024px\" \/><\/figure>\n<\/div>\n\n\n\n<div class=\"wp-block-column is-layout-flow wp-block-column-is-layout-flow\">\n<p class=\"has-text-color\" style=\"color:#d19600;font-size:20px\"><strong>Badge &#8211; Diplomado en Nutrici\u00f3n, Entrenamiento y Ciencias Aplicadas a la Recomposici\u00f3n Corporal. <\/strong><\/p>\n\n\n\n<p>Al obtener esta <strong>Medalla<\/strong>, los Profesionales adquieren <strong>competencias y habilidades de vanguardia<\/strong> en la evaluaci\u00f3n del estado de Salud y Composici\u00f3n Corporal, la aplicaci\u00f3n de principios de Nutrici\u00f3n y Entrenamiento espec\u00edficos para la Recomposici\u00f3n Corporal, el dise\u00f1o de Planes de Alimentaci\u00f3n y Entrenamiento personalizados, la comprensi\u00f3n de los aspectos psicol\u00f3gicos del fitness y el bienestar, la prevenci\u00f3n del uso indebido de ayudas Ergog\u00e9nicas Farmacol\u00f3gicas en el deporte y as\u00ed como la adaptaci\u00f3n de la Suplementaci\u00f3n a los planes de los pacientes \/ clientes. <\/p>\n\n\n\n<p>Con esta <strong>formaci\u00f3n Integral<\/strong>, los Profesionales destacan como <strong>Expertos en el campo de la Nutrici\u00f3n, el Entrenamiento y la Recomposici\u00f3n Corporal<\/strong>, ofreciendo servicios de <strong>Alta Calidad<\/strong> y respaldando el \u00e9xito de sus clientes \/ pacientes en el logro de sus <strong>objetivos de Salud, Rendimiento y Est\u00e9tica Corporal.<\/strong><\/p>\n<\/div>\n<\/div>\n\n\n\n<p class=\"has-button-hover-text-color-color has-button-hover-color-background-color has-text-color has-background\">El <strong><a href=\"https:\/\/www.wellogi.com\/cursos\/curso\/diplomado-en-nutricion-entrenamiento-y-ciencias-aplicadas-a-la-recomposicion-corporal\/\">Diplomado en Nutrici\u00f3n, Entrenamiento y Ciencias Aplicadas a la Recomposici\u00f3n Corporal<\/a><\/strong> es un programa Integral que abarca las 7 <strong>Certificaciones<\/strong> <strong>Wellogi<\/strong> <strong>Academy<\/strong>, proporcionando a los Profesionales participantes un conocimiento profundo y una amplia gama de habilidades especializadas en el \u00e1mbito de la Nutrici\u00f3n, el Entrenamiento y la Recomposici\u00f3n Corporal. Con una duraci\u00f3n de <strong>160 horas de Valor Curricular<\/strong>, este <strong>Diplomado<\/strong> ofrece una formaci\u00f3n Completa que combina la Teor\u00eda y la Pr\u00e1ctica, preparando a los Profesionales para abordar de manera efectiva las necesidades y metas de sus clientes \/ pacientes en t\u00e9rminos de Composici\u00f3n Corporal, Rendimiento y Salud.<\/p>\n\n\n\n<p class=\"has-text-color has-large-font-size\" style=\"color:#d19600\"><strong>\u00bfQu\u00e9 son las Badges Oficiales de Wellogi?<\/strong><\/p>\n\n\n\n<p>Las Medallas obtenidas a trav\u00e9s de las diferentes Certificaciones y el<strong> Diplomado en Nutrici\u00f3n, Entrenamiento y Ciencias Aplicadas a la Recomposici\u00f3n Corporal <\/strong>se utilizar\u00e1n como una herramienta para demostrar y respaldar el profesionalismo y el conocimiento especializado de los portadores.<\/p>\n\n\n\n<p>Estas Medallas se podr\u00e1n agregar en diversos lugares, como curr\u00edculums vitae (CV), perfiles en plataformas profesionales como LinkedIn, redes sociales, tarjetas de presentaci\u00f3n y otros lugares.<\/p>\n\n\n\n<blockquote class=\"wp-block-quote is-layout-flow wp-block-quote-is-layout-flow\">\n<p><strong>Al mostrar estas Medallas, los profesionales destacar\u00e1n su compromiso con la educaci\u00f3n continua y el desarrollo de habilidades de vanguardia en el campo de la Nutrici\u00f3n, el Entrenamiento y la Recomposici\u00f3n Corporal.<\/strong><\/p>\n<\/blockquote>\n\n\n\n<p>Asimismo, estas Medallas servir\u00e1n como una Credencial reconocida que genera Confianza y demuestra la capacidad del portador para brindar servicios de Alta Calidad y ayudar a los clientes \/ pacientes a alcanzar sus objetivos de Salud, Rendimiento y Est\u00e9tica Corporal de manera efectiva.<\/p>\n\n\n\n<h2 class=\"wp-block-heading\"><strong>Forma parte tambien del <\/strong><a href=\"https:\/\/www.wellogi.com\/cursos\/directorio-de-profesionales-diplomado\/\" target=\"_blank\" rel=\"noreferrer noopener\">Directorio Oficial<\/a><strong> de los Profesionales que terminaron satisfactoriamente el Diplomado en Nutrici\u00f3n, Entrenamiento y Ciencias Aplicadas a la Recomposici\u00f3n Corporal<\/strong>. <\/h2>\n","protected":false},"excerpt":{"rendered":"<p>Badge &#8211; Diplomado en Nutrici\u00f3n, Entrenamiento y Ciencias Aplicadas a la Recomposici\u00f3n Corporal. Al obtener esta Medalla, los Profesionales adquieren competencias y habilidades de vanguardia en la evaluaci\u00f3n del estado de Salud y Composici\u00f3n Corporal, la aplicaci\u00f3n de principios de &hellip;<\/p>\n<p class=\"read-more\"> <a class=\"more-link\" href=\"https:\/\/www.wellogi.com\/cursos\/badge-diplomado-en-nutricion-entrenamiento-y-ciencias-aplicadas-a-la-recomposicion-corporal\/\"> <span class=\"screen-reader-text\">Badge &#8211; Diplomado en Nutrici\u00f3n, Entrenamiento y Ciencias Aplicadas a la Recomposici\u00f3n Corporal.<\/span> Leer m\u00e1s \u00bb<\/a><\/p>\n","protected":false},"author":3,"featured_media":0,"parent":0,"menu_order":0,"comment_status":"closed","ping_status":"closed","template":"","meta":{"footnotes":""},"class_list":["post-101826","page","type-page","status-publish","hentry"],"yoast_head":"<!-- This site is optimized with the Yoast SEO plugin v27.4 - https:\/\/yoast.com\/product\/yoast-seo-wordpress\/ -->\n<title>Badge - Diplomado en Nutrici\u00f3n, Entrenamiento y Ciencias Aplicadas a la Recomposici\u00f3n Corporal. - Wellogi Academy<\/title>\n<meta name=\"description\" content=\"Plataforma de capacitaci\u00f3n acad\u00e9mica continua as\u00edncrona especializada en Nutricion, Entrenamiento, Recomposici\u00f3n Corporal, Fitness y Wellness.\" \/>\n<meta name=\"robots\" content=\"index, follow, max-snippet:-1, max-image-preview:large, max-video-preview:-1\" \/>\n<link rel=\"canonical\" href=\"https:\/\/www.wellogi.com\/cursos\/badge-diplomado-en-nutricion-entrenamiento-y-ciencias-aplicadas-a-la-recomposicion-corporal\/\" \/>\n<meta property=\"og:locale\" content=\"es_MX\" \/>\n<meta property=\"og:type\" content=\"article\" \/>\n<meta property=\"og:title\" content=\"Badge - Diplomado en Nutrici\u00f3n, Entrenamiento y Ciencias Aplicadas a la Recomposici\u00f3n Corporal. - Wellogi Academy\" \/>\n<meta property=\"og:description\" content=\"Plataforma de capacitaci\u00f3n acad\u00e9mica continua as\u00edncrona especializada en Nutricion, Entrenamiento, Recomposici\u00f3n Corporal, Fitness y Wellness.\" \/>\n<meta property=\"og:url\" content=\"https:\/\/www.wellogi.com\/cursos\/badge-diplomado-en-nutricion-entrenamiento-y-ciencias-aplicadas-a-la-recomposicion-corporal\/\" \/>\n<meta property=\"og:site_name\" content=\"Wellogi Academy\" \/>\n<meta property=\"article:publisher\" content=\"https:\/\/www.facebook.com\/WellogiApp\" \/>\n<meta property=\"article:modified_time\" content=\"2023-12-22T20:00:32+00:00\" \/>\n<meta property=\"og:image\" content=\"https:\/\/www.wellogi.com\/cursos\/wp-content\/uploads\/2023\/07\/LIPIDOS-EN-LA-NUTRICION-DEPORTIVA-36-1024x1024.png\" \/>\n<meta name=\"twitter:card\" content=\"summary_large_image\" \/>\n<meta name=\"twitter:site\" content=\"@Wellogi_App\" \/>\n<script type=\"application\/ld+json\" class=\"yoast-schema-graph\">{\"@context\":\"https:\\\/\\\/schema.org\",\"@graph\":[{\"@type\":\"WebPage\",\"@id\":\"https:\\\/\\\/www.wellogi.com\\\/cursos\\\/badge-diplomado-en-nutricion-entrenamiento-y-ciencias-aplicadas-a-la-recomposicion-corporal\\\/\",\"url\":\"https:\\\/\\\/www.wellogi.com\\\/cursos\\\/badge-diplomado-en-nutricion-entrenamiento-y-ciencias-aplicadas-a-la-recomposicion-corporal\\\/\",\"name\":\"Badge - Diplomado en Nutrici\u00f3n, Entrenamiento y Ciencias Aplicadas a la Recomposici\u00f3n Corporal. - Wellogi Academy\",\"isPartOf\":{\"@id\":\"https:\\\/\\\/www.wellogi.com\\\/cursos\\\/#website\"},\"primaryImageOfPage\":{\"@id\":\"https:\\\/\\\/www.wellogi.com\\\/cursos\\\/badge-diplomado-en-nutricion-entrenamiento-y-ciencias-aplicadas-a-la-recomposicion-corporal\\\/#primaryimage\"},\"image\":{\"@id\":\"https:\\\/\\\/www.wellogi.com\\\/cursos\\\/badge-diplomado-en-nutricion-entrenamiento-y-ciencias-aplicadas-a-la-recomposicion-corporal\\\/#primaryimage\"},\"thumbnailUrl\":\"https:\\\/\\\/www.wellogi.com\\\/cursos\\\/wp-content\\\/uploads\\\/2023\\\/07\\\/LIPIDOS-EN-LA-NUTRICION-DEPORTIVA-36-1024x1024.png\",\"datePublished\":\"2023-07-14T23:45:33+00:00\",\"dateModified\":\"2023-12-22T20:00:32+00:00\",\"description\":\"Plataforma de capacitaci\u00f3n acad\u00e9mica continua as\u00edncrona especializada en Nutricion, Entrenamiento, Recomposici\u00f3n Corporal, Fitness y Wellness.\",\"breadcrumb\":{\"@id\":\"https:\\\/\\\/www.wellogi.com\\\/cursos\\\/badge-diplomado-en-nutricion-entrenamiento-y-ciencias-aplicadas-a-la-recomposicion-corporal\\\/#breadcrumb\"},\"inLanguage\":\"es\",\"potentialAction\":[{\"@type\":\"ReadAction\",\"target\":[\"https:\\\/\\\/www.wellogi.com\\\/cursos\\\/badge-diplomado-en-nutricion-entrenamiento-y-ciencias-aplicadas-a-la-recomposicion-corporal\\\/\"]}]},{\"@type\":\"ImageObject\",\"inLanguage\":\"es\",\"@id\":\"https:\\\/\\\/www.wellogi.com\\\/cursos\\\/badge-diplomado-en-nutricion-entrenamiento-y-ciencias-aplicadas-a-la-recomposicion-corporal\\\/#primaryimage\",\"url\":\"https:\\\/\\\/www.wellogi.com\\\/cursos\\\/wp-content\\\/uploads\\\/2023\\\/07\\\/LIPIDOS-EN-LA-NUTRICION-DEPORTIVA-36.png\",\"contentUrl\":\"https:\\\/\\\/www.wellogi.com\\\/cursos\\\/wp-content\\\/uploads\\\/2023\\\/07\\\/LIPIDOS-EN-LA-NUTRICION-DEPORTIVA-36.png\",\"width\":1080,\"height\":1080,\"caption\":\"Badge. Diplomado en Nutrici\u00f3n, Entrenamiento y Ciencias Aplicadas a la Recomposici\u00f3n Corporal.\"},{\"@type\":\"BreadcrumbList\",\"@id\":\"https:\\\/\\\/www.wellogi.com\\\/cursos\\\/badge-diplomado-en-nutricion-entrenamiento-y-ciencias-aplicadas-a-la-recomposicion-corporal\\\/#breadcrumb\",\"itemListElement\":[{\"@type\":\"ListItem\",\"position\":1,\"name\":\"Inicio\",\"item\":\"https:\\\/\\\/www.wellogi.com\\\/cursos\\\/\"},{\"@type\":\"ListItem\",\"position\":2,\"name\":\"Badge &#8211; Diplomado en Nutrici\u00f3n, Entrenamiento y Ciencias Aplicadas a la Recomposici\u00f3n Corporal.\"}]},{\"@type\":\"WebSite\",\"@id\":\"https:\\\/\\\/www.wellogi.com\\\/cursos\\\/#website\",\"url\":\"https:\\\/\\\/www.wellogi.com\\\/cursos\\\/\",\"name\":\"Wellogi Academy\",\"description\":\"Plataforma de capacitaci\u00f3n acad\u00e9mica continua as\u00edncrona.\",\"publisher\":{\"@id\":\"https:\\\/\\\/www.wellogi.com\\\/cursos\\\/#organization\"},\"potentialAction\":[{\"@type\":\"SearchAction\",\"target\":{\"@type\":\"EntryPoint\",\"urlTemplate\":\"https:\\\/\\\/www.wellogi.com\\\/cursos\\\/?s={search_term_string}\"},\"query-input\":{\"@type\":\"PropertyValueSpecification\",\"valueRequired\":true,\"valueName\":\"search_term_string\"}}],\"inLanguage\":\"es\"},{\"@type\":\"Organization\",\"@id\":\"https:\\\/\\\/www.wellogi.com\\\/cursos\\\/#organization\",\"name\":\"Wellogi Academy\",\"url\":\"https:\\\/\\\/www.wellogi.com\\\/cursos\\\/\",\"logo\":{\"@type\":\"ImageObject\",\"inLanguage\":\"es\",\"@id\":\"https:\\\/\\\/www.wellogi.com\\\/cursos\\\/#\\\/schema\\\/logo\\\/image\\\/\",\"url\":\"https:\\\/\\\/www.wellogi.com\\\/cursos\\\/wp-content\\\/uploads\\\/2021\\\/11\\\/Logo-y-Slogan-transparente-final-.png\",\"contentUrl\":\"https:\\\/\\\/www.wellogi.com\\\/cursos\\\/wp-content\\\/uploads\\\/2021\\\/11\\\/Logo-y-Slogan-transparente-final-.png\",\"width\":5042,\"height\":4883,\"caption\":\"Wellogi Academy\"},\"image\":{\"@id\":\"https:\\\/\\\/www.wellogi.com\\\/cursos\\\/#\\\/schema\\\/logo\\\/image\\\/\"},\"sameAs\":[\"https:\\\/\\\/www.facebook.com\\\/WellogiApp\",\"https:\\\/\\\/x.com\\\/Wellogi_App\",\"https:\\\/\\\/www.instagram.com\\\/wellogi_app\\\/\",\"https:\\\/\\\/www.linkedin.com\\\/in\\\/luis-gomez-wellogi\\\/\",\"https:\\\/\\\/www.youtube.com\\\/c\\\/Wellogi\\\/videos\"]}]}<\/script>\n<!-- \/ Yoast SEO plugin. -->","yoast_head_json":{"title":"Badge - Diplomado en Nutrici\u00f3n, Entrenamiento y Ciencias Aplicadas a la Recomposici\u00f3n Corporal. - Wellogi Academy","description":"Plataforma de capacitaci\u00f3n acad\u00e9mica continua as\u00edncrona especializada en Nutricion, Entrenamiento, Recomposici\u00f3n Corporal, Fitness y Wellness.","robots":{"index":"index","follow":"follow","max-snippet":"max-snippet:-1","max-image-preview":"max-image-preview:large","max-video-preview":"max-video-preview:-1"},"canonical":"https:\/\/www.wellogi.com\/cursos\/badge-diplomado-en-nutricion-entrenamiento-y-ciencias-aplicadas-a-la-recomposicion-corporal\/","og_locale":"es_MX","og_type":"article","og_title":"Badge - Diplomado en Nutrici\u00f3n, Entrenamiento y Ciencias Aplicadas a la Recomposici\u00f3n Corporal. - Wellogi Academy","og_description":"Plataforma de capacitaci\u00f3n acad\u00e9mica continua as\u00edncrona especializada en Nutricion, Entrenamiento, Recomposici\u00f3n Corporal, Fitness y Wellness.","og_url":"https:\/\/www.wellogi.com\/cursos\/badge-diplomado-en-nutricion-entrenamiento-y-ciencias-aplicadas-a-la-recomposicion-corporal\/","og_site_name":"Wellogi Academy","article_publisher":"https:\/\/www.facebook.com\/WellogiApp","article_modified_time":"2023-12-22T20:00:32+00:00","og_image":[{"url":"https:\/\/www.wellogi.com\/cursos\/wp-content\/uploads\/2023\/07\/LIPIDOS-EN-LA-NUTRICION-DEPORTIVA-36-1024x1024.png","type":"","width":"","height":""}],"twitter_card":"summary_large_image","twitter_site":"@Wellogi_App","schema":{"@context":"https:\/\/schema.org","@graph":[{"@type":"WebPage","@id":"https:\/\/www.wellogi.com\/cursos\/badge-diplomado-en-nutricion-entrenamiento-y-ciencias-aplicadas-a-la-recomposicion-corporal\/","url":"https:\/\/www.wellogi.com\/cursos\/badge-diplomado-en-nutricion-entrenamiento-y-ciencias-aplicadas-a-la-recomposicion-corporal\/","name":"Badge - Diplomado en Nutrici\u00f3n, Entrenamiento y Ciencias Aplicadas a la Recomposici\u00f3n Corporal. - Wellogi Academy","isPartOf":{"@id":"https:\/\/www.wellogi.com\/cursos\/#website"},"primaryImageOfPage":{"@id":"https:\/\/www.wellogi.com\/cursos\/badge-diplomado-en-nutricion-entrenamiento-y-ciencias-aplicadas-a-la-recomposicion-corporal\/#primaryimage"},"image":{"@id":"https:\/\/www.wellogi.com\/cursos\/badge-diplomado-en-nutricion-entrenamiento-y-ciencias-aplicadas-a-la-recomposicion-corporal\/#primaryimage"},"thumbnailUrl":"https:\/\/www.wellogi.com\/cursos\/wp-content\/uploads\/2023\/07\/LIPIDOS-EN-LA-NUTRICION-DEPORTIVA-36-1024x1024.png","datePublished":"2023-07-14T23:45:33+00:00","dateModified":"2023-12-22T20:00:32+00:00","description":"Plataforma de capacitaci\u00f3n acad\u00e9mica continua as\u00edncrona especializada en Nutricion, Entrenamiento, Recomposici\u00f3n Corporal, Fitness y Wellness.","breadcrumb":{"@id":"https:\/\/www.wellogi.com\/cursos\/badge-diplomado-en-nutricion-entrenamiento-y-ciencias-aplicadas-a-la-recomposicion-corporal\/#breadcrumb"},"inLanguage":"es","potentialAction":[{"@type":"ReadAction","target":["https:\/\/www.wellogi.com\/cursos\/badge-diplomado-en-nutricion-entrenamiento-y-ciencias-aplicadas-a-la-recomposicion-corporal\/"]}]},{"@type":"ImageObject","inLanguage":"es","@id":"https:\/\/www.wellogi.com\/cursos\/badge-diplomado-en-nutricion-entrenamiento-y-ciencias-aplicadas-a-la-recomposicion-corporal\/#primaryimage","url":"https:\/\/www.wellogi.com\/cursos\/wp-content\/uploads\/2023\/07\/LIPIDOS-EN-LA-NUTRICION-DEPORTIVA-36.png","contentUrl":"https:\/\/www.wellogi.com\/cursos\/wp-content\/uploads\/2023\/07\/LIPIDOS-EN-LA-NUTRICION-DEPORTIVA-36.png","width":1080,"height":1080,"caption":"Badge. Diplomado en Nutrici\u00f3n, Entrenamiento y Ciencias Aplicadas a la Recomposici\u00f3n Corporal."},{"@type":"BreadcrumbList","@id":"https:\/\/www.wellogi.com\/cursos\/badge-diplomado-en-nutricion-entrenamiento-y-ciencias-aplicadas-a-la-recomposicion-corporal\/#breadcrumb","itemListElement":[{"@type":"ListItem","position":1,"name":"Inicio","item":"https:\/\/www.wellogi.com\/cursos\/"},{"@type":"ListItem","position":2,"name":"Badge &#8211; Diplomado en Nutrici\u00f3n, Entrenamiento y Ciencias Aplicadas a la Recomposici\u00f3n Corporal."}]},{"@type":"WebSite","@id":"https:\/\/www.wellogi.com\/cursos\/#website","url":"https:\/\/www.wellogi.com\/cursos\/","name":"Wellogi Academy","description":"Plataforma de capacitaci\u00f3n acad\u00e9mica continua as\u00edncrona.","publisher":{"@id":"https:\/\/www.wellogi.com\/cursos\/#organization"},"potentialAction":[{"@type":"SearchAction","target":{"@type":"EntryPoint","urlTemplate":"https:\/\/www.wellogi.com\/cursos\/?s={search_term_string}"},"query-input":{"@type":"PropertyValueSpecification","valueRequired":true,"valueName":"search_term_string"}}],"inLanguage":"es"},{"@type":"Organization","@id":"https:\/\/www.wellogi.com\/cursos\/#organization","name":"Wellogi Academy","url":"https:\/\/www.wellogi.com\/cursos\/","logo":{"@type":"ImageObject","inLanguage":"es","@id":"https:\/\/www.wellogi.com\/cursos\/#\/schema\/logo\/image\/","url":"https:\/\/www.wellogi.com\/cursos\/wp-content\/uploads\/2021\/11\/Logo-y-Slogan-transparente-final-.png","contentUrl":"https:\/\/www.wellogi.com\/cursos\/wp-content\/uploads\/2021\/11\/Logo-y-Slogan-transparente-final-.png","width":5042,"height":4883,"caption":"Wellogi Academy"},"image":{"@id":"https:\/\/www.wellogi.com\/cursos\/#\/schema\/logo\/image\/"},"sameAs":["https:\/\/www.facebook.com\/WellogiApp","https:\/\/x.com\/Wellogi_App","https:\/\/www.instagram.com\/wellogi_app\/","https:\/\/www.linkedin.com\/in\/luis-gomez-wellogi\/","https:\/\/www.youtube.com\/c\/Wellogi\/videos"]}]}},"_links":{"self":[{"href":"https:\/\/www.wellogi.com\/cursos\/wp-json\/wp\/v2\/pages\/101826","targetHints":{"allow":["GET"]}}],"collection":[{"href":"https:\/\/www.wellogi.com\/cursos\/wp-json\/wp\/v2\/pages"}],"about":[{"href":"https:\/\/www.wellogi.com\/cursos\/wp-json\/wp\/v2\/types\/page"}],"author":[{"embeddable":true,"href":"https:\/\/www.wellogi.com\/cursos\/wp-json\/wp\/v2\/users\/3"}],"replies":[{"embeddable":true,"href":"https:\/\/www.wellogi.com\/cursos\/wp-json\/wp\/v2\/comments?post=101826"}],"version-history":[{"count":5,"href":"https:\/\/www.wellogi.com\/cursos\/wp-json\/wp\/v2\/pages\/101826\/revisions"}],"predecessor-version":[{"id":101971,"href":"https:\/\/www.wellogi.com\/cursos\/wp-json\/wp\/v2\/pages\/101826\/revisions\/101971"}],"wp:attachment":[{"href":"https:\/\/www.wellogi.com\/cursos\/wp-json\/wp\/v2\/media?parent=101826"}],"curies":[{"name":"wp","href":"https:\/\/api.w.org\/{rel}","templated":true}]}}