{"id":101804,"date":"2023-07-14T15:37:39","date_gmt":"2023-07-14T21:37:39","guid":{"rendered":"https:\/\/www.wellogi.com\/cursos\/?page_id=101804"},"modified":"2023-12-22T13:59:10","modified_gmt":"2023-12-22T19:59:10","slug":"badge-evaluacion","status":"publish","type":"page","link":"https:\/\/www.wellogi.com\/cursos\/badge-evaluacion\/","title":{"rendered":"Badge &#8211; Certificaci\u00f3n en Evaluaci\u00f3n del Estado de Salud y Composici\u00f3n Corporal."},"content":{"rendered":"\n<div class=\"wp-block-columns is-layout-flex wp-container-core-columns-is-layout-9d6595d7 wp-block-columns-is-layout-flex\">\n<div class=\"wp-block-column is-layout-flow wp-block-column-is-layout-flow\" style=\"flex-basis:50%\">\n<figure class=\"wp-block-image aligncenter size-large\"><img fetchpriority=\"high\" decoding=\"async\" width=\"1024\" height=\"1024\" src=\"https:\/\/www.wellogi.com\/cursos\/wp-content\/uploads\/2023\/07\/LIPIDOS-EN-LA-NUTRICION-DEPORTIVA-5-1024x1024.jpg\" alt=\"Badge Certificaci\u00f3n en Evaluaci\u00f3n del Estado de Salud y Composici\u00f3n Corporal\" class=\"wp-image-101805\" srcset=\"https:\/\/www.wellogi.com\/cursos\/wp-content\/uploads\/2023\/07\/LIPIDOS-EN-LA-NUTRICION-DEPORTIVA-5-1024x1024.jpg 1024w, https:\/\/www.wellogi.com\/cursos\/wp-content\/uploads\/2023\/07\/LIPIDOS-EN-LA-NUTRICION-DEPORTIVA-5-300x300.jpg 300w, https:\/\/www.wellogi.com\/cursos\/wp-content\/uploads\/2023\/07\/LIPIDOS-EN-LA-NUTRICION-DEPORTIVA-5-100x100.jpg 100w, https:\/\/www.wellogi.com\/cursos\/wp-content\/uploads\/2023\/07\/LIPIDOS-EN-LA-NUTRICION-DEPORTIVA-5-600x600.jpg 600w, https:\/\/www.wellogi.com\/cursos\/wp-content\/uploads\/2023\/07\/LIPIDOS-EN-LA-NUTRICION-DEPORTIVA-5-150x150.jpg 150w, https:\/\/www.wellogi.com\/cursos\/wp-content\/uploads\/2023\/07\/LIPIDOS-EN-LA-NUTRICION-DEPORTIVA-5-768x768.jpg 768w, https:\/\/www.wellogi.com\/cursos\/wp-content\/uploads\/2023\/07\/LIPIDOS-EN-LA-NUTRICION-DEPORTIVA-5-200x200.jpg 200w, https:\/\/www.wellogi.com\/cursos\/wp-content\/uploads\/2023\/07\/LIPIDOS-EN-LA-NUTRICION-DEPORTIVA-5-400x400.jpg 400w, https:\/\/www.wellogi.com\/cursos\/wp-content\/uploads\/2023\/07\/LIPIDOS-EN-LA-NUTRICION-DEPORTIVA-5-450x450.jpg 450w, https:\/\/www.wellogi.com\/cursos\/wp-content\/uploads\/2023\/07\/LIPIDOS-EN-LA-NUTRICION-DEPORTIVA-5-900x900.jpg 900w, https:\/\/www.wellogi.com\/cursos\/wp-content\/uploads\/2023\/07\/LIPIDOS-EN-LA-NUTRICION-DEPORTIVA-5.jpg 1080w\" sizes=\"(max-width: 1024px) 100vw, 1024px\" \/><\/figure>\n<\/div>\n\n\n\n<div class=\"wp-block-column is-layout-flow wp-block-column-is-layout-flow\" style=\"flex-basis:50%\">\n<p><\/p>\n\n\n\n<p class=\"has-text-color\" style=\"color:#d19600;font-size:20px\"><strong>Badge &#8211; Certificaci\u00f3n en Evaluaci\u00f3n del Estado de Salud y Composici\u00f3n Corporal<\/strong><\/p>\n\n\n\n<p>Al obtener esta <strong>Medalla<\/strong>, los Profesionales adquieren <strong>competencias y habilidades<\/strong> fundamentales en la evaluaci\u00f3n del estado de Salud y Composici\u00f3n Corporal, lo que les permite brindar recomendaciones personalizadas y efectivas a sus clientes \/ pacientes. <\/p>\n\n\n\n<p>Los P<strong>rofesionales Certificados<\/strong> con esta Acreditaci\u00f3n demuestran su capacidad para realizar evaluaciones integrales de la Salud y la Composici\u00f3n Corporal. Al obtener esta Certificaci\u00f3n, se destacan como expertos en la evaluaci\u00f3n del estado de Salud y Composici\u00f3n Corporal, fortaleciendo su <strong>Credibilidad<\/strong> y demostrando su compromiso con la <strong>Excelencia<\/strong> en el campo de la <strong>Nutrici\u00f3n y el Entrenamiento.<\/strong><\/p>\n<\/div>\n<\/div>\n\n\n\n<p class=\"has-responsive-main-container-background-color-color has-button-color-background-color has-text-color has-background\">La <a href=\"https:\/\/www.wellogi.com\/cursos\/curso\/certificacion-en-evaluacion-del-estado-de-salud-y-composicion-corporal\/\"><strong>Certificaci\u00f3n en Evaluaci\u00f3n del Estado de Salud y Composici\u00f3n Corporal<\/strong> <\/a>brinda a los profesionales una gran capacidad de identificar las t\u00e9cnicas y herramientas necesarias para evaluar el estado de salud y composici\u00f3n corporal de sus pacientes, llevando a cabo una entrevista inicial y ejecutando las mediciones del protocolo completo ISAK 2, a trav\u00e9s de la realizaci\u00f3n de clases sincr\u00f3nicas y as\u00edncronas, ejercicios pr\u00e1cticos y ex\u00e1menes, con el criterio de que se pueda valorar de manera general al paciente\/asesorado. <\/p>\n\n\n\n<p class=\"has-responsive-main-container-background-color-color has-button-color-background-color has-text-color has-background\">Esta Certificaci\u00f3n abarca una variedad de Cursos que incluyen la<a href=\"https:\/\/www.wellogi.com\/cursos\/curso\/entrevista-inicial\/\"> <strong>Entrevista inicial<\/strong><\/a><strong>, <a href=\"https:\/\/www.wellogi.com\/cursos\/curso\/nivel-de-entrenamiento\/\">Determinaci\u00f3n del nivel de entrenamiento<\/a>, <a href=\"https:\/\/www.wellogi.com\/cursos\/curso\/nivel-de-entrenamiento\/\">Educaci\u00f3n nutricional<\/a>, <a href=\"https:\/\/www.wellogi.com\/cursos\/curso\/antropometria\/\">Antropometr\u00eda y Composici\u00f3n Corporal<\/a>, <a href=\"https:\/\/www.wellogi.com\/cursos\/curso\/somatotipo\/\">Somatotipo y Somatocarta<\/a> e <a href=\"https:\/\/www.wellogi.com\/cursos\/curso\/interpretacion-de-examenes-de-laboratorio\/\">Interpretaci\u00f3n de ex\u00e1menes de laboratorio<\/a>. <\/strong><\/p>\n\n\n\n<p class=\"has-text-color has-large-font-size\" style=\"color:#d19600\"><strong>\u00bfQu\u00e9 son las Badges Oficiales de Wellogi?<\/strong><\/p>\n\n\n\n<p>Las Medallas obtenidas a trav\u00e9s de las diferentes Certificaciones y el <strong><a href=\"https:\/\/www.wellogi.com\/cursos\/curso\/diplomado-en-nutricion-entrenamiento-y-ciencias-aplicadas-a-la-recomposicion-corporal\/\" target=\"_blank\" rel=\"noreferrer noopener\">Diplomado en Nutrici\u00f3n, Entrenamiento y Ciencias Aplicadas a la Recomposici\u00f3n Corporal<\/a><\/strong> se utilizar\u00e1n como una herramienta para demostrar y respaldar el profesionalismo y el conocimiento especializado de los portadores. <\/p>\n\n\n\n<p>Estas Medallas se podr\u00e1n agregar en diversos lugares, como curr\u00edculums vitae (cv), perfiles en plataformas profesionales como LinkedIn, redes sociales, tarjetas de presentaci\u00f3n y otros lugares. <\/p>\n\n\n\n<blockquote class=\"wp-block-quote is-layout-flow wp-block-quote-is-layout-flow\">\n<p><strong>Al mostrar estas medallas, los profesionales destacar\u00e1n su compromiso con la educaci\u00f3n continua y el desarrollo de habilidades de vanguardia en el campo de la Nutrici\u00f3n, el Entrenamiento y la Recomposici\u00f3n Corporal. <\/strong><\/p>\n<\/blockquote>\n\n\n\n<p>Asimismo, estas Medallas servir\u00e1n como una Credencial reconocida que genera Confianza y demuestra la capacidad del portador para brindar servicios de Alta Calidad y ayudar a los clientes \/ pacientes a alcanzar sus objetivos de Salud, Rendimiento y Est\u00e9tica Corporal de manera efectiva.<\/p>\n\n\n\n<h2 class=\"wp-block-heading\"><strong>Forma parte tambien del <\/strong><a href=\"https:\/\/www.wellogi.com\/cursos\/directorio-certificacion-evaluacion-composicion-corporal\/\" target=\"_blank\" rel=\"noreferrer noopener\">Directorio Oficial<\/a><strong> de los Profesionales que terminaron satisfactoriamente <\/strong>la Certificaci\u00f3n en Evaluaci\u00f3n del Estado de Salud y Composici\u00f3n Corporal.<\/h2>\n","protected":false},"excerpt":{"rendered":"<p>Badge &#8211; Certificaci\u00f3n en Evaluaci\u00f3n del Estado de Salud y Composici\u00f3n Corporal Al obtener esta Medalla, los Profesionales adquieren competencias y habilidades fundamentales en la evaluaci\u00f3n del estado de Salud y Composici\u00f3n Corporal, lo que les permite brindar recomendaciones personalizadas &hellip;<\/p>\n<p class=\"read-more\"> <a class=\"more-link\" href=\"https:\/\/www.wellogi.com\/cursos\/badge-evaluacion\/\"> <span class=\"screen-reader-text\">Badge &#8211; Certificaci\u00f3n en Evaluaci\u00f3n del Estado de Salud y Composici\u00f3n Corporal.<\/span> Leer m\u00e1s \u00bb<\/a><\/p>\n","protected":false},"author":3,"featured_media":0,"parent":0,"menu_order":0,"comment_status":"closed","ping_status":"closed","template":"","meta":{"footnotes":""},"class_list":["post-101804","page","type-page","status-publish","hentry"],"yoast_head":"<!-- This site is optimized with the Yoast SEO plugin v27.4 - https:\/\/yoast.com\/product\/yoast-seo-wordpress\/ -->\n<title>Badge - Certificaci\u00f3n en Evaluaci\u00f3n del Estado de Salud y Composici\u00f3n Corporal. - Wellogi Academy<\/title>\n<meta name=\"description\" content=\"Plataforma de capacitaci\u00f3n acad\u00e9mica continua as\u00edncrona especializada en Nutricion, Entrenamiento, Recomposici\u00f3n Corporal, Fitness y Wellness.\" \/>\n<meta name=\"robots\" content=\"index, follow, max-snippet:-1, max-image-preview:large, max-video-preview:-1\" \/>\n<link rel=\"canonical\" href=\"https:\/\/www.wellogi.com\/cursos\/badge-evaluacion\/\" \/>\n<meta property=\"og:locale\" content=\"es_MX\" \/>\n<meta property=\"og:type\" content=\"article\" \/>\n<meta property=\"og:title\" content=\"Badge - Certificaci\u00f3n en Evaluaci\u00f3n del Estado de Salud y Composici\u00f3n Corporal. - Wellogi Academy\" \/>\n<meta property=\"og:description\" content=\"Plataforma de capacitaci\u00f3n acad\u00e9mica continua as\u00edncrona especializada en Nutricion, Entrenamiento, Recomposici\u00f3n Corporal, Fitness y Wellness.\" \/>\n<meta property=\"og:url\" content=\"https:\/\/www.wellogi.com\/cursos\/badge-evaluacion\/\" \/>\n<meta property=\"og:site_name\" content=\"Wellogi Academy\" \/>\n<meta property=\"article:publisher\" content=\"https:\/\/www.facebook.com\/WellogiApp\" \/>\n<meta property=\"article:modified_time\" content=\"2023-12-22T19:59:10+00:00\" \/>\n<meta property=\"og:image\" content=\"https:\/\/www.wellogi.com\/cursos\/wp-content\/uploads\/2023\/07\/LIPIDOS-EN-LA-NUTRICION-DEPORTIVA-5-1024x1024.jpg\" \/>\n<meta name=\"twitter:card\" content=\"summary_large_image\" \/>\n<meta name=\"twitter:site\" content=\"@Wellogi_App\" \/>\n<script type=\"application\/ld+json\" class=\"yoast-schema-graph\">{\"@context\":\"https:\\\/\\\/schema.org\",\"@graph\":[{\"@type\":\"WebPage\",\"@id\":\"https:\\\/\\\/www.wellogi.com\\\/cursos\\\/badge-evaluacion\\\/\",\"url\":\"https:\\\/\\\/www.wellogi.com\\\/cursos\\\/badge-evaluacion\\\/\",\"name\":\"Badge - Certificaci\u00f3n en Evaluaci\u00f3n del Estado de Salud y Composici\u00f3n Corporal. - Wellogi Academy\",\"isPartOf\":{\"@id\":\"https:\\\/\\\/www.wellogi.com\\\/cursos\\\/#website\"},\"primaryImageOfPage\":{\"@id\":\"https:\\\/\\\/www.wellogi.com\\\/cursos\\\/badge-evaluacion\\\/#primaryimage\"},\"image\":{\"@id\":\"https:\\\/\\\/www.wellogi.com\\\/cursos\\\/badge-evaluacion\\\/#primaryimage\"},\"thumbnailUrl\":\"https:\\\/\\\/www.wellogi.com\\\/cursos\\\/wp-content\\\/uploads\\\/2023\\\/07\\\/LIPIDOS-EN-LA-NUTRICION-DEPORTIVA-5-1024x1024.jpg\",\"datePublished\":\"2023-07-14T21:37:39+00:00\",\"dateModified\":\"2023-12-22T19:59:10+00:00\",\"description\":\"Plataforma de capacitaci\u00f3n acad\u00e9mica continua as\u00edncrona especializada en Nutricion, Entrenamiento, Recomposici\u00f3n Corporal, Fitness y Wellness.\",\"breadcrumb\":{\"@id\":\"https:\\\/\\\/www.wellogi.com\\\/cursos\\\/badge-evaluacion\\\/#breadcrumb\"},\"inLanguage\":\"es\",\"potentialAction\":[{\"@type\":\"ReadAction\",\"target\":[\"https:\\\/\\\/www.wellogi.com\\\/cursos\\\/badge-evaluacion\\\/\"]}]},{\"@type\":\"ImageObject\",\"inLanguage\":\"es\",\"@id\":\"https:\\\/\\\/www.wellogi.com\\\/cursos\\\/badge-evaluacion\\\/#primaryimage\",\"url\":\"https:\\\/\\\/www.wellogi.com\\\/cursos\\\/wp-content\\\/uploads\\\/2023\\\/07\\\/LIPIDOS-EN-LA-NUTRICION-DEPORTIVA-5.jpg\",\"contentUrl\":\"https:\\\/\\\/www.wellogi.com\\\/cursos\\\/wp-content\\\/uploads\\\/2023\\\/07\\\/LIPIDOS-EN-LA-NUTRICION-DEPORTIVA-5.jpg\",\"width\":1080,\"height\":1080,\"caption\":\"Badge Certificaci\u00f3n en Evaluaci\u00f3n del Estado de Salud y Composici\u00f3n Corporal\"},{\"@type\":\"BreadcrumbList\",\"@id\":\"https:\\\/\\\/www.wellogi.com\\\/cursos\\\/badge-evaluacion\\\/#breadcrumb\",\"itemListElement\":[{\"@type\":\"ListItem\",\"position\":1,\"name\":\"Inicio\",\"item\":\"https:\\\/\\\/www.wellogi.com\\\/cursos\\\/\"},{\"@type\":\"ListItem\",\"position\":2,\"name\":\"Badge &#8211; Certificaci\u00f3n en Evaluaci\u00f3n del Estado de Salud y Composici\u00f3n Corporal.\"}]},{\"@type\":\"WebSite\",\"@id\":\"https:\\\/\\\/www.wellogi.com\\\/cursos\\\/#website\",\"url\":\"https:\\\/\\\/www.wellogi.com\\\/cursos\\\/\",\"name\":\"Wellogi Academy\",\"description\":\"Plataforma de capacitaci\u00f3n acad\u00e9mica continua as\u00edncrona.\",\"publisher\":{\"@id\":\"https:\\\/\\\/www.wellogi.com\\\/cursos\\\/#organization\"},\"potentialAction\":[{\"@type\":\"SearchAction\",\"target\":{\"@type\":\"EntryPoint\",\"urlTemplate\":\"https:\\\/\\\/www.wellogi.com\\\/cursos\\\/?s={search_term_string}\"},\"query-input\":{\"@type\":\"PropertyValueSpecification\",\"valueRequired\":true,\"valueName\":\"search_term_string\"}}],\"inLanguage\":\"es\"},{\"@type\":\"Organization\",\"@id\":\"https:\\\/\\\/www.wellogi.com\\\/cursos\\\/#organization\",\"name\":\"Wellogi Academy\",\"url\":\"https:\\\/\\\/www.wellogi.com\\\/cursos\\\/\",\"logo\":{\"@type\":\"ImageObject\",\"inLanguage\":\"es\",\"@id\":\"https:\\\/\\\/www.wellogi.com\\\/cursos\\\/#\\\/schema\\\/logo\\\/image\\\/\",\"url\":\"https:\\\/\\\/www.wellogi.com\\\/cursos\\\/wp-content\\\/uploads\\\/2021\\\/11\\\/Logo-y-Slogan-transparente-final-.png\",\"contentUrl\":\"https:\\\/\\\/www.wellogi.com\\\/cursos\\\/wp-content\\\/uploads\\\/2021\\\/11\\\/Logo-y-Slogan-transparente-final-.png\",\"width\":5042,\"height\":4883,\"caption\":\"Wellogi Academy\"},\"image\":{\"@id\":\"https:\\\/\\\/www.wellogi.com\\\/cursos\\\/#\\\/schema\\\/logo\\\/image\\\/\"},\"sameAs\":[\"https:\\\/\\\/www.facebook.com\\\/WellogiApp\",\"https:\\\/\\\/x.com\\\/Wellogi_App\",\"https:\\\/\\\/www.instagram.com\\\/wellogi_app\\\/\",\"https:\\\/\\\/www.linkedin.com\\\/in\\\/luis-gomez-wellogi\\\/\",\"https:\\\/\\\/www.youtube.com\\\/c\\\/Wellogi\\\/videos\"]}]}<\/script>\n<!-- \/ Yoast SEO plugin. -->","yoast_head_json":{"title":"Badge - Certificaci\u00f3n en Evaluaci\u00f3n del Estado de Salud y Composici\u00f3n Corporal. - Wellogi Academy","description":"Plataforma de capacitaci\u00f3n acad\u00e9mica continua as\u00edncrona especializada en Nutricion, Entrenamiento, Recomposici\u00f3n Corporal, Fitness y Wellness.","robots":{"index":"index","follow":"follow","max-snippet":"max-snippet:-1","max-image-preview":"max-image-preview:large","max-video-preview":"max-video-preview:-1"},"canonical":"https:\/\/www.wellogi.com\/cursos\/badge-evaluacion\/","og_locale":"es_MX","og_type":"article","og_title":"Badge - Certificaci\u00f3n en Evaluaci\u00f3n del Estado de Salud y Composici\u00f3n Corporal. - Wellogi Academy","og_description":"Plataforma de capacitaci\u00f3n acad\u00e9mica continua as\u00edncrona especializada en Nutricion, Entrenamiento, Recomposici\u00f3n Corporal, Fitness y Wellness.","og_url":"https:\/\/www.wellogi.com\/cursos\/badge-evaluacion\/","og_site_name":"Wellogi Academy","article_publisher":"https:\/\/www.facebook.com\/WellogiApp","article_modified_time":"2023-12-22T19:59:10+00:00","og_image":[{"url":"https:\/\/www.wellogi.com\/cursos\/wp-content\/uploads\/2023\/07\/LIPIDOS-EN-LA-NUTRICION-DEPORTIVA-5-1024x1024.jpg","type":"","width":"","height":""}],"twitter_card":"summary_large_image","twitter_site":"@Wellogi_App","schema":{"@context":"https:\/\/schema.org","@graph":[{"@type":"WebPage","@id":"https:\/\/www.wellogi.com\/cursos\/badge-evaluacion\/","url":"https:\/\/www.wellogi.com\/cursos\/badge-evaluacion\/","name":"Badge - Certificaci\u00f3n en Evaluaci\u00f3n del Estado de Salud y Composici\u00f3n Corporal. - Wellogi Academy","isPartOf":{"@id":"https:\/\/www.wellogi.com\/cursos\/#website"},"primaryImageOfPage":{"@id":"https:\/\/www.wellogi.com\/cursos\/badge-evaluacion\/#primaryimage"},"image":{"@id":"https:\/\/www.wellogi.com\/cursos\/badge-evaluacion\/#primaryimage"},"thumbnailUrl":"https:\/\/www.wellogi.com\/cursos\/wp-content\/uploads\/2023\/07\/LIPIDOS-EN-LA-NUTRICION-DEPORTIVA-5-1024x1024.jpg","datePublished":"2023-07-14T21:37:39+00:00","dateModified":"2023-12-22T19:59:10+00:00","description":"Plataforma de capacitaci\u00f3n acad\u00e9mica continua as\u00edncrona especializada en Nutricion, Entrenamiento, Recomposici\u00f3n Corporal, Fitness y Wellness.","breadcrumb":{"@id":"https:\/\/www.wellogi.com\/cursos\/badge-evaluacion\/#breadcrumb"},"inLanguage":"es","potentialAction":[{"@type":"ReadAction","target":["https:\/\/www.wellogi.com\/cursos\/badge-evaluacion\/"]}]},{"@type":"ImageObject","inLanguage":"es","@id":"https:\/\/www.wellogi.com\/cursos\/badge-evaluacion\/#primaryimage","url":"https:\/\/www.wellogi.com\/cursos\/wp-content\/uploads\/2023\/07\/LIPIDOS-EN-LA-NUTRICION-DEPORTIVA-5.jpg","contentUrl":"https:\/\/www.wellogi.com\/cursos\/wp-content\/uploads\/2023\/07\/LIPIDOS-EN-LA-NUTRICION-DEPORTIVA-5.jpg","width":1080,"height":1080,"caption":"Badge Certificaci\u00f3n en Evaluaci\u00f3n del Estado de Salud y Composici\u00f3n Corporal"},{"@type":"BreadcrumbList","@id":"https:\/\/www.wellogi.com\/cursos\/badge-evaluacion\/#breadcrumb","itemListElement":[{"@type":"ListItem","position":1,"name":"Inicio","item":"https:\/\/www.wellogi.com\/cursos\/"},{"@type":"ListItem","position":2,"name":"Badge &#8211; Certificaci\u00f3n en Evaluaci\u00f3n del Estado de Salud y Composici\u00f3n Corporal."}]},{"@type":"WebSite","@id":"https:\/\/www.wellogi.com\/cursos\/#website","url":"https:\/\/www.wellogi.com\/cursos\/","name":"Wellogi Academy","description":"Plataforma de capacitaci\u00f3n acad\u00e9mica continua as\u00edncrona.","publisher":{"@id":"https:\/\/www.wellogi.com\/cursos\/#organization"},"potentialAction":[{"@type":"SearchAction","target":{"@type":"EntryPoint","urlTemplate":"https:\/\/www.wellogi.com\/cursos\/?s={search_term_string}"},"query-input":{"@type":"PropertyValueSpecification","valueRequired":true,"valueName":"search_term_string"}}],"inLanguage":"es"},{"@type":"Organization","@id":"https:\/\/www.wellogi.com\/cursos\/#organization","name":"Wellogi Academy","url":"https:\/\/www.wellogi.com\/cursos\/","logo":{"@type":"ImageObject","inLanguage":"es","@id":"https:\/\/www.wellogi.com\/cursos\/#\/schema\/logo\/image\/","url":"https:\/\/www.wellogi.com\/cursos\/wp-content\/uploads\/2021\/11\/Logo-y-Slogan-transparente-final-.png","contentUrl":"https:\/\/www.wellogi.com\/cursos\/wp-content\/uploads\/2021\/11\/Logo-y-Slogan-transparente-final-.png","width":5042,"height":4883,"caption":"Wellogi Academy"},"image":{"@id":"https:\/\/www.wellogi.com\/cursos\/#\/schema\/logo\/image\/"},"sameAs":["https:\/\/www.facebook.com\/WellogiApp","https:\/\/x.com\/Wellogi_App","https:\/\/www.instagram.com\/wellogi_app\/","https:\/\/www.linkedin.com\/in\/luis-gomez-wellogi\/","https:\/\/www.youtube.com\/c\/Wellogi\/videos"]}]}},"_links":{"self":[{"href":"https:\/\/www.wellogi.com\/cursos\/wp-json\/wp\/v2\/pages\/101804","targetHints":{"allow":["GET"]}}],"collection":[{"href":"https:\/\/www.wellogi.com\/cursos\/wp-json\/wp\/v2\/pages"}],"about":[{"href":"https:\/\/www.wellogi.com\/cursos\/wp-json\/wp\/v2\/types\/page"}],"author":[{"embeddable":true,"href":"https:\/\/www.wellogi.com\/cursos\/wp-json\/wp\/v2\/users\/3"}],"replies":[{"embeddable":true,"href":"https:\/\/www.wellogi.com\/cursos\/wp-json\/wp\/v2\/comments?post=101804"}],"version-history":[{"count":6,"href":"https:\/\/www.wellogi.com\/cursos\/wp-json\/wp\/v2\/pages\/101804\/revisions"}],"predecessor-version":[{"id":102230,"href":"https:\/\/www.wellogi.com\/cursos\/wp-json\/wp\/v2\/pages\/101804\/revisions\/102230"}],"wp:attachment":[{"href":"https:\/\/www.wellogi.com\/cursos\/wp-json\/wp\/v2\/media?parent=101804"}],"curies":[{"name":"wp","href":"https:\/\/api.w.org\/{rel}","templated":true}]}}